{"id":923,"date":"2022-03-29T15:55:14","date_gmt":"2022-03-29T13:55:14","guid":{"rendered":"https:\/\/nowymodel.org\/?page_id=923"},"modified":"2022-05-12T14:37:39","modified_gmt":"2022-05-12T12:37:39","slug":"meesh-2","status":"publish","type":"page","link":"https:\/\/nowymodel.org\/en\/meesh-2\/","title":{"rendered":"MEESH"},"content":{"rendered":"<div class=\"wp-block-cover alignfull\" style=\"min-height:445px;aspect-ratio:unset;\"><span aria-hidden=\"true\" class=\"has-background-dim-20 wp-block-cover__gradient-background has-background-dim\" style=\"background-color:#000000\"><\/span><img fetchpriority=\"high\" decoding=\"async\" width=\"2048\" height=\"1365\" class=\"wp-block-cover__image-background wp-image-924\" alt=\"\" src=\"https:\/\/nowymodel.org\/wp-content\/uploads\/2022\/03\/18814916_651737301691901_3074465982761364437_o.jpg\" style=\"object-position:54% 62%\" data-object-fit=\"cover\" data-object-position=\"54% 62%\" srcset=\"https:\/\/nowymodel.org\/wp-content\/uploads\/2022\/03\/18814916_651737301691901_3074465982761364437_o.jpg 2048w, https:\/\/nowymodel.org\/wp-content\/uploads\/2022\/03\/18814916_651737301691901_3074465982761364437_o-300x200.jpg 300w, https:\/\/nowymodel.org\/wp-content\/uploads\/2022\/03\/18814916_651737301691901_3074465982761364437_o-1024x683.jpg 1024w, https:\/\/nowymodel.org\/wp-content\/uploads\/2022\/03\/18814916_651737301691901_3074465982761364437_o-768x512.jpg 768w, https:\/\/nowymodel.org\/wp-content\/uploads\/2022\/03\/18814916_651737301691901_3074465982761364437_o-1536x1024.jpg 1536w, https:\/\/nowymodel.org\/wp-content\/uploads\/2022\/03\/18814916_651737301691901_3074465982761364437_o-18x12.jpg 18w, https:\/\/nowymodel.org\/wp-content\/uploads\/2022\/03\/18814916_651737301691901_3074465982761364437_o-1320x880.jpg 1320w, https:\/\/nowymodel.org\/wp-content\/uploads\/2022\/03\/18814916_651737301691901_3074465982761364437_o-416x277.jpg 416w\" sizes=\"(max-width: 2048px) 100vw, 2048px\" \/><div class=\"wp-block-cover__inner-container is-layout-flow wp-block-cover-is-layout-flow\">\n<div class=\"wp-block-columns is-layout-flex wp-container-core-columns-is-layout-9d6595d7 wp-block-columns-is-layout-flex\">\n<div class=\"wp-block-column is-layout-flow wp-block-column-is-layout-flow\">\n<h2 class=\"alignwide has-text-align-center has-white-color has-text-color wp-block-heading\" id=\"we-re-a-studio-in-berlin-with-an-international-practice-in-architecture-urban-planning-and-interior-design-we-believe-in-sharing-knowledge-and-promoting-dialogue-to-increase-the-creative-potential-of-collaboration\" style=\"font-size:48px;line-height:1.1\"><strong>MEESH<\/strong><\/h2>\n\n\n\n<p class=\"has-text-align-center has-luminous-vivid-amber-color has-text-color\" style=\"text-transform:lowercase\">design<\/p>\n<\/div>\n<\/div>\n<\/div><\/div>\n\n\n\n<div style=\"height:100px\" aria-hidden=\"true\" class=\"wp-block-spacer\"><\/div>\n\n\n\n<div class=\"wp-block-columns is-layout-flex wp-container-core-columns-is-layout-9d6595d7 wp-block-columns-is-layout-flex\">\n<div class=\"wp-block-column is-layout-flow wp-block-column-is-layout-flow\">\n<blockquote class=\"wp-block-quote is-layout-flow wp-block-quote-is-layout-flow\"><p><\/p><\/blockquote>\n\n\n\n<p><\/p>\n\n\n\n<p>MEESH is a Polish brand. Created from the belief in the idea of sustainable design. It builds a collection of everyday objects based on local values. It creates solutions which are functionally complex and at the same time maintain the universal language of simple forms. Objects indifferent to fashions. Simple, functional, sincere and open to the user.<\/p>\n\n\n\n<p>We believe in quality, functionality and timeless values. We are inspired by Polish tradition and material culture. Our items are made of high quality raw materials. As a rule we cooperate with Polish craftsmen and manufacturers. We are interested in creating conscious objects, which will become friends of everyday life.<\/p>\n\n\n\n<p>MEESH is socially responsible design. Conscious and prudent use of materials. Environmentally friendly. Functionality. Simplicity of forms. Openness to inspiration.<\/p>\n\n\n\n<p>The owner and originator of the MEESH brand is Katarzyna Lewandowska, a graduate of the Academy of Fine Arts in Warsaw.<\/p>\n\n\n\n<p><\/p>\n\n\n\n<p><\/p>\n<\/div>\n\n\n\n<div class=\"wp-block-column is-layout-flow wp-block-column-is-layout-flow\">\n<figure class=\"wp-block-image size-full\"><img decoding=\"async\" width=\"960\" height=\"960\" src=\"https:\/\/nowymodel.org\/wp-content\/uploads\/2022\/03\/15350472_566016563597309_5440890174494557340_n.jpg\" alt=\"\" class=\"wp-image-925\" srcset=\"https:\/\/nowymodel.org\/wp-content\/uploads\/2022\/03\/15350472_566016563597309_5440890174494557340_n.jpg 960w, https:\/\/nowymodel.org\/wp-content\/uploads\/2022\/03\/15350472_566016563597309_5440890174494557340_n-300x300.jpg 300w, https:\/\/nowymodel.org\/wp-content\/uploads\/2022\/03\/15350472_566016563597309_5440890174494557340_n-150x150.jpg 150w, https:\/\/nowymodel.org\/wp-content\/uploads\/2022\/03\/15350472_566016563597309_5440890174494557340_n-768x768.jpg 768w, https:\/\/nowymodel.org\/wp-content\/uploads\/2022\/03\/15350472_566016563597309_5440890174494557340_n-12x12.jpg 12w, https:\/\/nowymodel.org\/wp-content\/uploads\/2022\/03\/15350472_566016563597309_5440890174494557340_n-324x324.jpg 324w, https:\/\/nowymodel.org\/wp-content\/uploads\/2022\/03\/15350472_566016563597309_5440890174494557340_n-416x416.jpg 416w, https:\/\/nowymodel.org\/wp-content\/uploads\/2022\/03\/15350472_566016563597309_5440890174494557340_n-100x100.jpg 100w\" sizes=\"(max-width: 960px) 100vw, 960px\" \/><\/figure>\n<\/div>\n<\/div>\n\n\n\n<ul class=\"wp-block-social-links is-style-default is-layout-flex wp-block-social-links-is-layout-flex\"><li class=\"wp-social-link wp-social-link-instagram  wp-block-social-link\"><a href=\"https:\/\/www.instagram.com\/meeshdesign\/\" class=\"wp-block-social-link-anchor\"><svg width=\"24\" height=\"24\" viewbox=\"0 0 24 24\" version=\"1.1\" xmlns=\"http:\/\/www.w3.org\/2000\/svg\" aria-hidden=\"true\" focusable=\"false\"><path d=\"M12,4.622c2.403,0,2.688,0.009,3.637,0.052c0.877,0.04,1.354,0.187,1.671,0.31c0.42,0.163,0.72,0.358,1.035,0.673 c0.315,0.315,0.51,0.615,0.673,1.035c0.123,0.317,0.27,0.794,0.31,1.671c0.043,0.949,0.052,1.234,0.052,3.637 s-0.009,2.688-0.052,3.637c-0.04,0.877-0.187,1.354-0.31,1.671c-0.163,0.42-0.358,0.72-0.673,1.035 c-0.315,0.315-0.615,0.51-1.035,0.673c-0.317,0.123-0.794,0.27-1.671,0.31c-0.949,0.043-1.233,0.052-3.637,0.052 s-2.688-0.009-3.637-0.052c-0.877-0.04-1.354-0.187-1.671-0.31c-0.42-0.163-0.72-0.358-1.035-0.673 c-0.315-0.315-0.51-0.615-0.673-1.035c-0.123-0.317-0.27-0.794-0.31-1.671C4.631,14.688,4.622,14.403,4.622,12 s0.009-2.688,0.052-3.637c0.04-0.877,0.187-1.354,0.31-1.671c0.163-0.42,0.358-0.72,0.673-1.035 c0.315-0.315,0.615-0.51,1.035-0.673c0.317-0.123,0.794-0.27,1.671-0.31C9.312,4.631,9.597,4.622,12,4.622 M12,3 C9.556,3,9.249,3.01,8.289,3.054C7.331,3.098,6.677,3.25,6.105,3.472C5.513,3.702,5.011,4.01,4.511,4.511 c-0.5,0.5-0.808,1.002-1.038,1.594C3.25,6.677,3.098,7.331,3.054,8.289C3.01,9.249,3,9.556,3,12c0,2.444,0.01,2.751,0.054,3.711 c0.044,0.958,0.196,1.612,0.418,2.185c0.23,0.592,0.538,1.094,1.038,1.594c0.5,0.5,1.002,0.808,1.594,1.038 c0.572,0.222,1.227,0.375,2.185,0.418C9.249,20.99,9.556,21,12,21s2.751-0.01,3.711-0.054c0.958-0.044,1.612-0.196,2.185-0.418 c0.592-0.23,1.094-0.538,1.594-1.038c0.5-0.5,0.808-1.002,1.038-1.594c0.222-0.572,0.375-1.227,0.418-2.185 C20.99,14.751,21,14.444,21,12s-0.01-2.751-0.054-3.711c-0.044-0.958-0.196-1.612-0.418-2.185c-0.23-0.592-0.538-1.094-1.038-1.594 c-0.5-0.5-1.002-0.808-1.594-1.038c-0.572-0.222-1.227-0.375-2.185-0.418C14.751,3.01,14.444,3,12,3L12,3z M12,7.378 c-2.552,0-4.622,2.069-4.622,4.622S9.448,16.622,12,16.622s4.622-2.069,4.622-4.622S14.552,7.378,12,7.378z M12,15 c-1.657,0-3-1.343-3-3s1.343-3,3-3s3,1.343,3,3S13.657,15,12,15z M16.804,6.116c-0.596,0-1.08,0.484-1.08,1.08 s0.484,1.08,1.08,1.08c0.596,0,1.08-0.484,1.08-1.08S17.401,6.116,16.804,6.116z\"><\/path><\/svg><span class=\"wp-block-social-link-label screen-reader-text\">Instagram<\/span><\/a><\/li>\n\n<li class=\"wp-social-link wp-social-link-facebook  wp-block-social-link\"><a href=\"https:\/\/www.facebook.com\/meesh.design\/photos\/?ref=page_internal\" class=\"wp-block-social-link-anchor\"><svg width=\"24\" height=\"24\" viewbox=\"0 0 24 24\" version=\"1.1\" xmlns=\"http:\/\/www.w3.org\/2000\/svg\" aria-hidden=\"true\" focusable=\"false\"><path d=\"M12 2C6.5 2 2 6.5 2 12c0 5 3.7 9.1 8.4 9.9v-7H7.9V12h2.5V9.8c0-2.5 1.5-3.9 3.8-3.9 1.1 0 2.2.2 2.2.2v2.5h-1.3c-1.2 0-1.6.8-1.6 1.6V12h2.8l-.4 2.9h-2.3v7C18.3 21.1 22 17 22 12c0-5.5-4.5-10-10-10z\"><\/path><\/svg><span class=\"wp-block-social-link-label screen-reader-text\">Facebook<\/span><\/a><\/li><\/ul>\n\n\n\n<div style=\"height:100px\" aria-hidden=\"true\" class=\"wp-block-spacer\"><\/div>\n\n\n\n<div style=\"height:0px\" aria-hidden=\"true\" class=\"wp-block-spacer\"><\/div>\n\n\n\n<div class=\"wp-block-group alignfull has-black-color has-text-color has-background has-link-color wp-elements-393b7e4d8217c160a836a20cabe519f6\" style=\"background-color:#d2cdc7\"><div class=\"wp-block-group__inner-container is-layout-flow wp-block-group-is-layout-flow\">\n<h2 class=\"alignwide has-text-align-center has-white-color has-text-color wp-block-heading\" style=\"font-size:46px;font-weight:400;line-height:1.1\">Designer products<\/h2>\n<\/div><\/div>\n\n\n\n<div style=\"height:100px\" aria-hidden=\"true\" class=\"wp-block-spacer\"><\/div>\n\n\n\n<p><\/p>","protected":false},"excerpt":{"rendered":"<p>MEESH to polska marka. Stworzona z&nbsp;wiary w&nbsp;ide\u0119 designu zr\u00f3wnowa\u017conego. Buduj\u0105ca kolekcj\u0119 przedmiot\u00f3w codziennego u\u017cytku w&nbsp;oparciu o&nbsp;lokalne warto\u015bci. Tworz\u0105ca rozwi\u0105zania rozbudowane funkcjonalnie i&nbsp;jednocze\u015bnie utrzymane w&nbsp;uniwersalnym j\u0119zyku prostych form. Przedmioty oboj\u0119tne na mody. Przedmioty proste, funkcjonalne, szczere, otwarte na u\u017cytkownika. Wierzymy w&nbsp;jako\u015b\u0107, funkcjonalno\u015b\u0107, ponadczasowe warto\u015bci. Inspirujemy si\u0119 polsk\u0105 tradycj\u0105 i&nbsp;kultur\u0105 materialn\u0105. Nasze przedmioty wytwarzamy z&nbsp;wysokiej jako\u015bci surowc\u00f3w [&hellip;]<\/p>\n","protected":false},"author":2,"featured_media":0,"parent":0,"menu_order":0,"comment_status":"closed","ping_status":"closed","template":"template-fullwidth.php","meta":{"footnotes":""},"class_list":["post-923","page","type-page","status-publish","hentry"],"yoast_head":"<!-- This site is optimized with the Yoast SEO plugin v22.4 - https:\/\/yoast.com\/wordpress\/plugins\/seo\/ -->\n<title>MEESH - nowymodel.org<\/title>\n<meta name=\"description\" content=\"MEESH to polska marka. Stworzona z\u00a0wiary w\u00a0ide\u0119 designu zr\u00f3wnowa\u017conego. Buduj\u0105ca kolekcj\u0119 przedmiot\u00f3w codziennego u\u017cytku.\" \/>\n<meta name=\"robots\" content=\"index, follow, max-snippet:-1, max-image-preview:large, max-video-preview:-1\" \/>\n<link rel=\"canonical\" href=\"https:\/\/nowymodel.org\/en\/meesh-2\/\" \/>\n<meta property=\"og:locale\" content=\"en_GB\" \/>\n<meta property=\"og:type\" content=\"article\" \/>\n<meta property=\"og:title\" content=\"MEESH - nowymodel.org\" \/>\n<meta property=\"og:description\" content=\"MEESH to polska marka. Stworzona z\u00a0wiary w\u00a0ide\u0119 designu zr\u00f3wnowa\u017conego. Buduj\u0105ca kolekcj\u0119 przedmiot\u00f3w codziennego u\u017cytku.\" \/>\n<meta property=\"og:url\" content=\"https:\/\/nowymodel.org\/en\/meesh-2\/\" \/>\n<meta property=\"og:site_name\" content=\"nowymodel.org\" \/>\n<meta property=\"article:modified_time\" content=\"2022-05-12T12:37:39+00:00\" \/>\n<meta property=\"og:image\" content=\"https:\/\/nowymodel.org\/wp-content\/uploads\/2022\/03\/18814916_651737301691901_3074465982761364437_o.jpg\" \/>\n<meta name=\"twitter:card\" content=\"summary_large_image\" \/>\n<meta name=\"twitter:label1\" content=\"Estimated reading time\" \/>\n\t<meta name=\"twitter:data1\" content=\"2 minutes\" \/>\n<script type=\"application\/ld+json\" class=\"yoast-schema-graph\">{\"@context\":\"https:\/\/schema.org\",\"@graph\":[{\"@type\":\"WebPage\",\"@id\":\"https:\/\/nowymodel.org\/meesh-2\/\",\"url\":\"https:\/\/nowymodel.org\/meesh-2\/\",\"name\":\"MEESH - nowymodel.org\",\"isPartOf\":{\"@id\":\"https:\/\/nowymodel.org\/#website\"},\"primaryImageOfPage\":{\"@id\":\"https:\/\/nowymodel.org\/meesh-2\/#primaryimage\"},\"image\":{\"@id\":\"https:\/\/nowymodel.org\/meesh-2\/#primaryimage\"},\"thumbnailUrl\":\"https:\/\/nowymodel.org\/wp-content\/uploads\/2022\/03\/18814916_651737301691901_3074465982761364437_o.jpg\",\"datePublished\":\"2022-03-29T13:55:14+00:00\",\"dateModified\":\"2022-05-12T12:37:39+00:00\",\"description\":\"MEESH to polska marka. Stworzona z\u00a0wiary w\u00a0ide\u0119 designu zr\u00f3wnowa\u017conego. Buduj\u0105ca kolekcj\u0119 przedmiot\u00f3w codziennego u\u017cytku.\",\"inLanguage\":\"en-GB\",\"potentialAction\":[{\"@type\":\"ReadAction\",\"target\":[\"https:\/\/nowymodel.org\/meesh-2\/\"]}]},{\"@type\":\"ImageObject\",\"inLanguage\":\"en-GB\",\"@id\":\"https:\/\/nowymodel.org\/meesh-2\/#primaryimage\",\"url\":\"https:\/\/nowymodel.org\/wp-content\/uploads\/2022\/03\/18814916_651737301691901_3074465982761364437_o.jpg\",\"contentUrl\":\"https:\/\/nowymodel.org\/wp-content\/uploads\/2022\/03\/18814916_651737301691901_3074465982761364437_o.jpg\"},{\"@type\":\"WebSite\",\"@id\":\"https:\/\/nowymodel.org\/#website\",\"url\":\"https:\/\/nowymodel.org\/\",\"name\":\"nowymodel.org\",\"description\":\"\",\"potentialAction\":[{\"@type\":\"SearchAction\",\"target\":{\"@type\":\"EntryPoint\",\"urlTemplate\":\"https:\/\/nowymodel.org\/?s={search_term_string}\"},\"query-input\":\"required name=search_term_string\"}],\"inLanguage\":\"en-GB\"}]}<\/script>\n<!-- \/ Yoast SEO plugin. -->","yoast_head_json":{"title":"MEESH - nowymodel.org","description":"MEESH to polska marka. Stworzona z\u00a0wiary w\u00a0ide\u0119 designu zr\u00f3wnowa\u017conego. Buduj\u0105ca kolekcj\u0119 przedmiot\u00f3w codziennego u\u017cytku.","robots":{"index":"index","follow":"follow","max-snippet":"max-snippet:-1","max-image-preview":"max-image-preview:large","max-video-preview":"max-video-preview:-1"},"canonical":"https:\/\/nowymodel.org\/en\/meesh-2\/","og_locale":"en_GB","og_type":"article","og_title":"MEESH - nowymodel.org","og_description":"MEESH to polska marka. Stworzona z\u00a0wiary w\u00a0ide\u0119 designu zr\u00f3wnowa\u017conego. Buduj\u0105ca kolekcj\u0119 przedmiot\u00f3w codziennego u\u017cytku.","og_url":"https:\/\/nowymodel.org\/en\/meesh-2\/","og_site_name":"nowymodel.org","article_modified_time":"2022-05-12T12:37:39+00:00","og_image":[{"url":"https:\/\/nowymodel.org\/wp-content\/uploads\/2022\/03\/18814916_651737301691901_3074465982761364437_o.jpg"}],"twitter_card":"summary_large_image","twitter_misc":{"Estimated reading time":"2 minutes"},"schema":{"@context":"https:\/\/schema.org","@graph":[{"@type":"WebPage","@id":"https:\/\/nowymodel.org\/meesh-2\/","url":"https:\/\/nowymodel.org\/meesh-2\/","name":"MEESH - nowymodel.org","isPartOf":{"@id":"https:\/\/nowymodel.org\/#website"},"primaryImageOfPage":{"@id":"https:\/\/nowymodel.org\/meesh-2\/#primaryimage"},"image":{"@id":"https:\/\/nowymodel.org\/meesh-2\/#primaryimage"},"thumbnailUrl":"https:\/\/nowymodel.org\/wp-content\/uploads\/2022\/03\/18814916_651737301691901_3074465982761364437_o.jpg","datePublished":"2022-03-29T13:55:14+00:00","dateModified":"2022-05-12T12:37:39+00:00","description":"MEESH to polska marka. Stworzona z\u00a0wiary w\u00a0ide\u0119 designu zr\u00f3wnowa\u017conego. Buduj\u0105ca kolekcj\u0119 przedmiot\u00f3w codziennego u\u017cytku.","inLanguage":"en-GB","potentialAction":[{"@type":"ReadAction","target":["https:\/\/nowymodel.org\/meesh-2\/"]}]},{"@type":"ImageObject","inLanguage":"en-GB","@id":"https:\/\/nowymodel.org\/meesh-2\/#primaryimage","url":"https:\/\/nowymodel.org\/wp-content\/uploads\/2022\/03\/18814916_651737301691901_3074465982761364437_o.jpg","contentUrl":"https:\/\/nowymodel.org\/wp-content\/uploads\/2022\/03\/18814916_651737301691901_3074465982761364437_o.jpg"},{"@type":"WebSite","@id":"https:\/\/nowymodel.org\/#website","url":"https:\/\/nowymodel.org\/","name":"nowymodel.org","description":"","potentialAction":[{"@type":"SearchAction","target":{"@type":"EntryPoint","urlTemplate":"https:\/\/nowymodel.org\/?s={search_term_string}"},"query-input":"required name=search_term_string"}],"inLanguage":"en-GB"}]}},"_links":{"self":[{"href":"https:\/\/nowymodel.org\/en\/wp-json\/wp\/v2\/pages\/923","targetHints":{"allow":["GET"]}}],"collection":[{"href":"https:\/\/nowymodel.org\/en\/wp-json\/wp\/v2\/pages"}],"about":[{"href":"https:\/\/nowymodel.org\/en\/wp-json\/wp\/v2\/types\/page"}],"author":[{"embeddable":true,"href":"https:\/\/nowymodel.org\/en\/wp-json\/wp\/v2\/users\/2"}],"replies":[{"embeddable":true,"href":"https:\/\/nowymodel.org\/en\/wp-json\/wp\/v2\/comments?post=923"}],"version-history":[{"count":2,"href":"https:\/\/nowymodel.org\/en\/wp-json\/wp\/v2\/pages\/923\/revisions"}],"predecessor-version":[{"id":942,"href":"https:\/\/nowymodel.org\/en\/wp-json\/wp\/v2\/pages\/923\/revisions\/942"}],"wp:attachment":[{"href":"https:\/\/nowymodel.org\/en\/wp-json\/wp\/v2\/media?parent=923"}],"curies":[{"name":"wp","href":"https:\/\/api.w.org\/{rel}","templated":true}]}}