{"id":918,"date":"2022-03-29T15:53:19","date_gmt":"2022-03-29T13:53:19","guid":{"rendered":"https:\/\/nowymodel.org\/?page_id=918"},"modified":"2023-11-30T12:36:49","modified_gmt":"2023-11-30T11:36:49","slug":"designworks-research-lab","status":"publish","type":"page","link":"https:\/\/nowymodel.org\/en\/designworks-research-lab\/","title":{"rendered":"Designworks &#038; Research LAB"},"content":{"rendered":"<div class=\"wp-block-cover alignfull is-light\" style=\"min-height:445px;aspect-ratio:unset;\"><span aria-hidden=\"true\" class=\"wp-block-cover__background has-background-dim-20 has-background-dim\" style=\"background-color:#000000\"><\/span><img fetchpriority=\"high\" decoding=\"async\" width=\"1500\" height=\"1000\" class=\"wp-block-cover__image-background wp-image-927\" alt=\"\" src=\"https:\/\/nowymodel.org\/wp-content\/uploads\/2022\/03\/1094493_630724933639029_353875845_o.jpg\" style=\"object-position:46% 38%\" data-object-fit=\"cover\" data-object-position=\"46% 38%\" srcset=\"https:\/\/nowymodel.org\/wp-content\/uploads\/2022\/03\/1094493_630724933639029_353875845_o.jpg 1500w, https:\/\/nowymodel.org\/wp-content\/uploads\/2022\/03\/1094493_630724933639029_353875845_o-300x200.jpg 300w, https:\/\/nowymodel.org\/wp-content\/uploads\/2022\/03\/1094493_630724933639029_353875845_o-1024x683.jpg 1024w, https:\/\/nowymodel.org\/wp-content\/uploads\/2022\/03\/1094493_630724933639029_353875845_o-768x512.jpg 768w, https:\/\/nowymodel.org\/wp-content\/uploads\/2022\/03\/1094493_630724933639029_353875845_o-18x12.jpg 18w, https:\/\/nowymodel.org\/wp-content\/uploads\/2022\/03\/1094493_630724933639029_353875845_o-1320x880.jpg 1320w, https:\/\/nowymodel.org\/wp-content\/uploads\/2022\/03\/1094493_630724933639029_353875845_o-416x277.jpg 416w\" sizes=\"(max-width: 1500px) 100vw, 1500px\" \/><div class=\"wp-block-cover__inner-container is-layout-flow wp-block-cover-is-layout-flow\">\n<div class=\"wp-block-columns is-layout-flex wp-container-core-columns-is-layout-9d6595d7 wp-block-columns-is-layout-flex\">\n<div class=\"wp-block-column is-layout-flow wp-block-column-is-layout-flow\">\n<h2 class=\"wp-block-heading alignwide has-text-align-center has-white-color has-text-color\" id=\"we-re-a-studio-in-berlin-with-an-international-practice-in-architecture-urban-planning-and-interior-design-we-believe-in-sharing-knowledge-and-promoting-dialogue-to-increase-the-creative-potential-of-collaboration\" style=\"font-size:48px;line-height:1.1\"><strong>Designworks &amp; Research LAB<\/strong><\/h2>\n\n\n\n<p class=\"has-text-align-center has-luminous-vivid-amber-color has-text-color\" style=\"text-transform:lowercase\">design<\/p>\n<\/div>\n<\/div>\n<\/div><\/div>\n\n\n\n<div style=\"height:100px\" aria-hidden=\"true\" class=\"wp-block-spacer\"><\/div>\n\n\n\n<div class=\"wp-block-columns is-layout-flex wp-container-core-columns-is-layout-9d6595d7 wp-block-columns-is-layout-flex\">\n<div class=\"wp-block-column is-layout-flow wp-block-column-is-layout-flow\">\n<blockquote class=\"wp-block-quote is-layout-flow wp-block-quote-is-layout-flow\">\n<p><\/p>\n<\/blockquote>\n\n\n\n<p style=\"font-style:normal;font-weight:400\"><strong>Pawe\u0142 Buszko i&nbsp;Dawid Korzeniewski<\/strong><\/p>\n\n\n\n<p>Designworks &amp; Research Lab jest studiem projektowym dzia\u0142aj\u0105cym od 2003 roku. Pracujemy nad ca\u0142ym procesem projektowania produktu \u2013 od bada\u0144 i\u00a0rozwoju koncepcji poprzez projektowanie, prototypowanie i\u00a0produkcji. Nasz\u0105 misj\u0105 jest zapewnienie profesjonalnej obs\u0142ugi projektu dla r\u00f3\u017cnych bran\u017c i\u00a0klient\u00f3w.<\/p>\n\n\n\n<p><\/p>\n\n\n\n<p><\/p>\n<\/div>\n\n\n\n<div class=\"wp-block-column is-layout-flow wp-block-column-is-layout-flow\">\n<figure class=\"wp-block-image size-full\"><img decoding=\"async\" width=\"200\" height=\"200\" src=\"https:\/\/nowymodel.org\/wp-content\/uploads\/2022\/03\/1383406_756837561027765_284014090_n.png\" alt=\"\" class=\"wp-image-928\" srcset=\"https:\/\/nowymodel.org\/wp-content\/uploads\/2022\/03\/1383406_756837561027765_284014090_n.png 200w, https:\/\/nowymodel.org\/wp-content\/uploads\/2022\/03\/1383406_756837561027765_284014090_n-150x150.png 150w, https:\/\/nowymodel.org\/wp-content\/uploads\/2022\/03\/1383406_756837561027765_284014090_n-12x12.png 12w, https:\/\/nowymodel.org\/wp-content\/uploads\/2022\/03\/1383406_756837561027765_284014090_n-100x100.png 100w\" sizes=\"(max-width: 200px) 100vw, 200px\" \/><\/figure>\n<\/div>\n<\/div>\n\n\n\n<ul class=\"wp-block-social-links is-style-default is-layout-flex wp-block-social-links-is-layout-flex\"><li class=\"wp-social-link wp-social-link-facebook  wp-block-social-link\"><a href=\"https:\/\/www.facebook.com\/Designworks-Research-LAB-477732262271631\/?ref=page_internal\" class=\"wp-block-social-link-anchor\"><svg width=\"24\" height=\"24\" viewbox=\"0 0 24 24\" version=\"1.1\" xmlns=\"http:\/\/www.w3.org\/2000\/svg\" aria-hidden=\"true\" focusable=\"false\"><path d=\"M12 2C6.5 2 2 6.5 2 12c0 5 3.7 9.1 8.4 9.9v-7H7.9V12h2.5V9.8c0-2.5 1.5-3.9 3.8-3.9 1.1 0 2.2.2 2.2.2v2.5h-1.3c-1.2 0-1.6.8-1.6 1.6V12h2.8l-.4 2.9h-2.3v7C18.3 21.1 22 17 22 12c0-5.5-4.5-10-10-10z\"><\/path><\/svg><span class=\"wp-block-social-link-label screen-reader-text\">Facebook<\/span><\/a><\/li><\/ul>\n\n\n\n<div style=\"height:100px\" aria-hidden=\"true\" class=\"wp-block-spacer\"><\/div>\n\n\n\n<div style=\"height:0px\" aria-hidden=\"true\" class=\"wp-block-spacer\"><\/div>\n\n\n\n<div class=\"wp-block-group alignfull has-black-color has-text-color has-background has-link-color wp-elements-03c3f261f0fe0c1ae70242c3b68ae09b\" style=\"background-color:#d2cdc7\"><div class=\"wp-block-group__inner-container is-layout-flow wp-block-group-is-layout-flow\">\n<h2 class=\"wp-block-heading alignwide has-text-align-center has-white-color has-text-color\" style=\"font-size:46px;font-weight:400;line-height:1.1\">Designer products<\/h2>\n<\/div><\/div>\n\n\n\n<div style=\"height:100px\" aria-hidden=\"true\" class=\"wp-block-spacer\"><\/div>\n\n\n\n\n\n<p><\/p>","protected":false},"excerpt":{"rendered":"<p>Pawe\u0142 Buszko i&nbsp;Dawid Korzeniewski Designworks &amp; Research Lab jest studiem projektowym dzia\u0142aj\u0105cym od 2003 roku. Pracujemy nad ca\u0142ym procesem projektowania produktu \u2013 od bada\u0144 i\u00a0rozwoju koncepcji poprzez projektowanie, prototypowanie i\u00a0produkcji. Nasz\u0105 misj\u0105 jest zapewnienie profesjonalnej obs\u0142ugi projektu dla r\u00f3\u017cnych bran\u017c i\u00a0klient\u00f3w. Produkty projektanta<\/p>","protected":false},"author":2,"featured_media":0,"parent":0,"menu_order":0,"comment_status":"closed","ping_status":"closed","template":"template-fullwidth.php","meta":{"footnotes":""},"class_list":["post-918","page","type-page","status-publish","hentry"],"yoast_head":"<!-- This site is optimized with the Yoast SEO plugin v22.4 - https:\/\/yoast.com\/wordpress\/plugins\/seo\/ -->\n<title>Designworks &amp; Research LAB - nowymodel.org<\/title>\n<meta name=\"description\" content=\"Designworks &amp; Research Lab jest studiem projektowym dzia\u0142ajacym od 2003 roku. Pracujemy nad ca\u0142ym procesem projektowania produktu.\" \/>\n<meta name=\"robots\" content=\"index, follow, max-snippet:-1, max-image-preview:large, max-video-preview:-1\" \/>\n<link rel=\"canonical\" href=\"https:\/\/nowymodel.org\/en\/designworks-research-lab\/\" \/>\n<meta property=\"og:locale\" content=\"en_GB\" \/>\n<meta property=\"og:type\" content=\"article\" \/>\n<meta property=\"og:title\" content=\"Designworks &amp; Research LAB - nowymodel.org\" \/>\n<meta property=\"og:description\" content=\"Designworks &amp; Research Lab jest studiem projektowym dzia\u0142ajacym od 2003 roku. Pracujemy nad ca\u0142ym procesem projektowania produktu.\" \/>\n<meta property=\"og:url\" content=\"https:\/\/nowymodel.org\/en\/designworks-research-lab\/\" \/>\n<meta property=\"og:site_name\" content=\"nowymodel.org\" \/>\n<meta property=\"article:modified_time\" content=\"2023-11-30T11:36:49+00:00\" \/>\n<meta property=\"og:image\" content=\"https:\/\/nowymodel.org\/wp-content\/uploads\/2022\/03\/1094493_630724933639029_353875845_o.jpg\" \/>\n<meta name=\"twitter:card\" content=\"summary_large_image\" \/>\n<meta name=\"twitter:label1\" content=\"Estimated reading time\" \/>\n\t<meta name=\"twitter:data1\" content=\"1 minute\" \/>\n<script type=\"application\/ld+json\" class=\"yoast-schema-graph\">{\"@context\":\"https:\/\/schema.org\",\"@graph\":[{\"@type\":\"WebPage\",\"@id\":\"https:\/\/nowymodel.org\/designworks-research-lab\/\",\"url\":\"https:\/\/nowymodel.org\/designworks-research-lab\/\",\"name\":\"Designworks & Research LAB - nowymodel.org\",\"isPartOf\":{\"@id\":\"https:\/\/nowymodel.org\/#website\"},\"primaryImageOfPage\":{\"@id\":\"https:\/\/nowymodel.org\/designworks-research-lab\/#primaryimage\"},\"image\":{\"@id\":\"https:\/\/nowymodel.org\/designworks-research-lab\/#primaryimage\"},\"thumbnailUrl\":\"https:\/\/nowymodel.org\/wp-content\/uploads\/2022\/03\/1094493_630724933639029_353875845_o.jpg\",\"datePublished\":\"2022-03-29T13:53:19+00:00\",\"dateModified\":\"2023-11-30T11:36:49+00:00\",\"description\":\"Designworks & Research Lab jest studiem projektowym dzia\u0142ajacym od 2003 roku. Pracujemy nad ca\u0142ym procesem projektowania produktu.\",\"inLanguage\":\"en-GB\",\"potentialAction\":[{\"@type\":\"ReadAction\",\"target\":[\"https:\/\/nowymodel.org\/designworks-research-lab\/\"]}]},{\"@type\":\"ImageObject\",\"inLanguage\":\"en-GB\",\"@id\":\"https:\/\/nowymodel.org\/designworks-research-lab\/#primaryimage\",\"url\":\"https:\/\/nowymodel.org\/wp-content\/uploads\/2022\/03\/1094493_630724933639029_353875845_o.jpg\",\"contentUrl\":\"https:\/\/nowymodel.org\/wp-content\/uploads\/2022\/03\/1094493_630724933639029_353875845_o.jpg\"},{\"@type\":\"WebSite\",\"@id\":\"https:\/\/nowymodel.org\/#website\",\"url\":\"https:\/\/nowymodel.org\/\",\"name\":\"nowymodel.org\",\"description\":\"\",\"potentialAction\":[{\"@type\":\"SearchAction\",\"target\":{\"@type\":\"EntryPoint\",\"urlTemplate\":\"https:\/\/nowymodel.org\/?s={search_term_string}\"},\"query-input\":\"required name=search_term_string\"}],\"inLanguage\":\"en-GB\"}]}<\/script>\n<!-- \/ Yoast SEO plugin. -->","yoast_head_json":{"title":"Designworks & Research LAB - nowymodel.org","description":"Designworks & Research Lab jest studiem projektowym dzia\u0142ajacym od 2003 roku. Pracujemy nad ca\u0142ym procesem projektowania produktu.","robots":{"index":"index","follow":"follow","max-snippet":"max-snippet:-1","max-image-preview":"max-image-preview:large","max-video-preview":"max-video-preview:-1"},"canonical":"https:\/\/nowymodel.org\/en\/designworks-research-lab\/","og_locale":"en_GB","og_type":"article","og_title":"Designworks & Research LAB - nowymodel.org","og_description":"Designworks & Research Lab jest studiem projektowym dzia\u0142ajacym od 2003 roku. Pracujemy nad ca\u0142ym procesem projektowania produktu.","og_url":"https:\/\/nowymodel.org\/en\/designworks-research-lab\/","og_site_name":"nowymodel.org","article_modified_time":"2023-11-30T11:36:49+00:00","og_image":[{"url":"https:\/\/nowymodel.org\/wp-content\/uploads\/2022\/03\/1094493_630724933639029_353875845_o.jpg"}],"twitter_card":"summary_large_image","twitter_misc":{"Estimated reading time":"1 minute"},"schema":{"@context":"https:\/\/schema.org","@graph":[{"@type":"WebPage","@id":"https:\/\/nowymodel.org\/designworks-research-lab\/","url":"https:\/\/nowymodel.org\/designworks-research-lab\/","name":"Designworks & Research LAB - nowymodel.org","isPartOf":{"@id":"https:\/\/nowymodel.org\/#website"},"primaryImageOfPage":{"@id":"https:\/\/nowymodel.org\/designworks-research-lab\/#primaryimage"},"image":{"@id":"https:\/\/nowymodel.org\/designworks-research-lab\/#primaryimage"},"thumbnailUrl":"https:\/\/nowymodel.org\/wp-content\/uploads\/2022\/03\/1094493_630724933639029_353875845_o.jpg","datePublished":"2022-03-29T13:53:19+00:00","dateModified":"2023-11-30T11:36:49+00:00","description":"Designworks & Research Lab jest studiem projektowym dzia\u0142ajacym od 2003 roku. Pracujemy nad ca\u0142ym procesem projektowania produktu.","inLanguage":"en-GB","potentialAction":[{"@type":"ReadAction","target":["https:\/\/nowymodel.org\/designworks-research-lab\/"]}]},{"@type":"ImageObject","inLanguage":"en-GB","@id":"https:\/\/nowymodel.org\/designworks-research-lab\/#primaryimage","url":"https:\/\/nowymodel.org\/wp-content\/uploads\/2022\/03\/1094493_630724933639029_353875845_o.jpg","contentUrl":"https:\/\/nowymodel.org\/wp-content\/uploads\/2022\/03\/1094493_630724933639029_353875845_o.jpg"},{"@type":"WebSite","@id":"https:\/\/nowymodel.org\/#website","url":"https:\/\/nowymodel.org\/","name":"nowymodel.org","description":"","potentialAction":[{"@type":"SearchAction","target":{"@type":"EntryPoint","urlTemplate":"https:\/\/nowymodel.org\/?s={search_term_string}"},"query-input":"required name=search_term_string"}],"inLanguage":"en-GB"}]}},"_links":{"self":[{"href":"https:\/\/nowymodel.org\/en\/wp-json\/wp\/v2\/pages\/918","targetHints":{"allow":["GET"]}}],"collection":[{"href":"https:\/\/nowymodel.org\/en\/wp-json\/wp\/v2\/pages"}],"about":[{"href":"https:\/\/nowymodel.org\/en\/wp-json\/wp\/v2\/types\/page"}],"author":[{"embeddable":true,"href":"https:\/\/nowymodel.org\/en\/wp-json\/wp\/v2\/users\/2"}],"replies":[{"embeddable":true,"href":"https:\/\/nowymodel.org\/en\/wp-json\/wp\/v2\/comments?post=918"}],"version-history":[{"count":4,"href":"https:\/\/nowymodel.org\/en\/wp-json\/wp\/v2\/pages\/918\/revisions"}],"predecessor-version":[{"id":24287,"href":"https:\/\/nowymodel.org\/en\/wp-json\/wp\/v2\/pages\/918\/revisions\/24287"}],"wp:attachment":[{"href":"https:\/\/nowymodel.org\/en\/wp-json\/wp\/v2\/media?parent=918"}],"curies":[{"name":"wp","href":"https:\/\/api.w.org\/{rel}","templated":true}]}}