{"id":864,"date":"2022-03-29T15:56:46","date_gmt":"2022-03-29T13:56:46","guid":{"rendered":"https:\/\/nowymodel.org\/?page_id=864"},"modified":"2022-05-12T14:47:31","modified_gmt":"2022-05-12T12:47:31","slug":"prof-wojciech-hora","status":"publish","type":"page","link":"https:\/\/nowymodel.org\/en\/prof-wojciech-hora\/","title":{"rendered":"prof. Wojciech Hora"},"content":{"rendered":"<div class=\"wp-block-cover alignfull\" style=\"min-height:445px;aspect-ratio:unset;\"><span aria-hidden=\"true\" class=\"has-background-dim-20 wp-block-cover__gradient-background has-background-dim\" style=\"background-color:#000000\"><\/span><img fetchpriority=\"high\" decoding=\"async\" width=\"1200\" height=\"900\" class=\"wp-block-cover__image-background wp-image-878\" alt=\"\" src=\"https:\/\/nowymodel.org\/wp-content\/uploads\/2022\/03\/z23369604IBGProf-Wojciech-Hora-rektor-Uniwersytetu-Artystycz.jpg\" style=\"object-position:50% 26%\" data-object-fit=\"cover\" data-object-position=\"50% 26%\" srcset=\"https:\/\/nowymodel.org\/wp-content\/uploads\/2022\/03\/z23369604IBGProf-Wojciech-Hora-rektor-Uniwersytetu-Artystycz.jpg 1200w, https:\/\/nowymodel.org\/wp-content\/uploads\/2022\/03\/z23369604IBGProf-Wojciech-Hora-rektor-Uniwersytetu-Artystycz-300x225.jpg 300w, https:\/\/nowymodel.org\/wp-content\/uploads\/2022\/03\/z23369604IBGProf-Wojciech-Hora-rektor-Uniwersytetu-Artystycz-1024x768.jpg 1024w, https:\/\/nowymodel.org\/wp-content\/uploads\/2022\/03\/z23369604IBGProf-Wojciech-Hora-rektor-Uniwersytetu-Artystycz-768x576.jpg 768w, https:\/\/nowymodel.org\/wp-content\/uploads\/2022\/03\/z23369604IBGProf-Wojciech-Hora-rektor-Uniwersytetu-Artystycz-16x12.jpg 16w, https:\/\/nowymodel.org\/wp-content\/uploads\/2022\/03\/z23369604IBGProf-Wojciech-Hora-rektor-Uniwersytetu-Artystycz-416x312.jpg 416w\" sizes=\"(max-width: 1200px) 100vw, 1200px\" \/><div class=\"wp-block-cover__inner-container is-layout-flow wp-block-cover-is-layout-flow\">\n<div class=\"wp-block-columns is-layout-flex wp-container-core-columns-is-layout-9d6595d7 wp-block-columns-is-layout-flex\">\n<div class=\"wp-block-column is-layout-flow wp-block-column-is-layout-flow\">\n<h2 class=\"alignwide has-text-align-center has-white-color has-text-color wp-block-heading\" id=\"we-re-a-studio-in-berlin-with-an-international-practice-in-architecture-urban-planning-and-interior-design-we-believe-in-sharing-knowledge-and-promoting-dialogue-to-increase-the-creative-potential-of-collaboration\" style=\"font-size:48px;line-height:1.1\"><strong>prof. Wojciech Hora<\/strong><\/h2>\n\n\n\n<p class=\"has-text-align-center has-luminous-vivid-amber-color has-text-color\" style=\"text-transform:lowercase\"> desing <\/p>\n<\/div>\n<\/div>\n<\/div><\/div>\n\n\n\n<div style=\"height:100px\" aria-hidden=\"true\" class=\"wp-block-spacer\"><\/div>\n\n\n\n<div class=\"wp-block-columns is-layout-flex wp-container-core-columns-is-layout-9d6595d7 wp-block-columns-is-layout-flex\">\n<div class=\"wp-block-column is-layout-flow wp-block-column-is-layout-flow\">\n<blockquote class=\"wp-block-quote is-layout-flow wp-block-quote-is-layout-flow\"><p>\"The purpose of art is not to cause a momentary release of adrenaline, but to gradually build, over the course of a lifetime, a state of enchantment and inner peace.\"<\/p><\/blockquote>\n\n\n\n<p>In 1987 he graduated from the Faculty of Interior and Industrial Design at the Poznan State Academy of Fine Arts and since then he has been an employee of the Academy. Since 1991 he has been directing the Bionics Studio at the Faculty of Architecture and Design. In 2007 he started his own Faculty of Design at the Faculty of Mechanical Engineering of University of Technology and Life Sciences in Bydgoszcz.<\/p>\n\n\n\n<p>He had his first encounter with furniture design in 1984, during his first year at the then State Academy of Fine Arts in Pozna\u0144, when he joined Prof. Aleksander Kuczma's modelling workshop. This is how he recalls his teacher: \"He was a sculptor and furniture designer, a master of the synthesis of function, form and material, lovingly stroking a piece of wood until he saw in it what others could not.\" He owes his fascination with bionics - the method of design thinking, the logic of design - to Professor W\u0142odzimierz Dreszer.<\/p>\n\n\n\n<p>His diploma work consisted of a set of 22 pieces of realized furniture, most of which are still in use today. At the exhibition of the best diplomas of art academies at Zach\u0119ta in 1987, he received the First Prize of the Minister of Culture.<\/p>\n\n\n\n<p>Winning the Maria Dokowicz competition at his alma mater enabled him to spend a year in London with an internship at the RCA and work at Workshop 119 - a company designing and making unit and small batch furniture for various companies and individual clients. It was there that he created furniture for Tina Turner and Roger Davies.<\/p>\n\n\n\n<p>Since 2016 rector of the University of Arts in Poznan.<\/p>\n<\/div>\n\n\n\n<div class=\"wp-block-column is-layout-flow wp-block-column-is-layout-flow\">\n<figure class=\"wp-block-image size-large\"><img decoding=\"async\" width=\"682\" height=\"1024\" src=\"https:\/\/nowymodel.org\/wp-content\/uploads\/2022\/03\/z21047882VProf-Wojciech-Hora-rektor-Uniwersytetu-Artystycz-682x1024.jpg\" alt=\"\" class=\"wp-image-880\" srcset=\"https:\/\/nowymodel.org\/wp-content\/uploads\/2022\/03\/z21047882VProf-Wojciech-Hora-rektor-Uniwersytetu-Artystycz-682x1024.jpg 682w, https:\/\/nowymodel.org\/wp-content\/uploads\/2022\/03\/z21047882VProf-Wojciech-Hora-rektor-Uniwersytetu-Artystycz-200x300.jpg 200w, https:\/\/nowymodel.org\/wp-content\/uploads\/2022\/03\/z21047882VProf-Wojciech-Hora-rektor-Uniwersytetu-Artystycz-768x1154.jpg 768w, https:\/\/nowymodel.org\/wp-content\/uploads\/2022\/03\/z21047882VProf-Wojciech-Hora-rektor-Uniwersytetu-Artystycz-8x12.jpg 8w, https:\/\/nowymodel.org\/wp-content\/uploads\/2022\/03\/z21047882VProf-Wojciech-Hora-rektor-Uniwersytetu-Artystycz-416x625.jpg 416w, https:\/\/nowymodel.org\/wp-content\/uploads\/2022\/03\/z21047882VProf-Wojciech-Hora-rektor-Uniwersytetu-Artystycz.jpg 960w\" sizes=\"(max-width: 682px) 100vw, 682px\" \/><\/figure>\n<\/div>\n<\/div>\n\n\n\n<ul class=\"wp-block-social-links is-style-default is-layout-flex wp-block-social-links-is-layout-flex\"><li class=\"wp-social-link wp-social-link-facebook  wp-block-social-link\"><a href=\"https:\/\/www.facebook.com\/people\/Wojciech-Hora\/100011378833703\" class=\"wp-block-social-link-anchor\"><svg width=\"24\" height=\"24\" viewbox=\"0 0 24 24\" version=\"1.1\" xmlns=\"http:\/\/www.w3.org\/2000\/svg\" aria-hidden=\"true\" focusable=\"false\"><path d=\"M12 2C6.5 2 2 6.5 2 12c0 5 3.7 9.1 8.4 9.9v-7H7.9V12h2.5V9.8c0-2.5 1.5-3.9 3.8-3.9 1.1 0 2.2.2 2.2.2v2.5h-1.3c-1.2 0-1.6.8-1.6 1.6V12h2.8l-.4 2.9h-2.3v7C18.3 21.1 22 17 22 12c0-5.5-4.5-10-10-10z\"><\/path><\/svg><span class=\"wp-block-social-link-label screen-reader-text\">Facebook<\/span><\/a><\/li><\/ul>\n\n\n\n<div style=\"height:100px\" aria-hidden=\"true\" class=\"wp-block-spacer\"><\/div>\n\n\n\n<div style=\"height:0px\" aria-hidden=\"true\" class=\"wp-block-spacer\"><\/div>\n\n\n\n<div class=\"wp-block-group alignfull has-black-color has-text-color has-background has-link-color wp-elements-393b7e4d8217c160a836a20cabe519f6\" style=\"background-color:#d2cdc7\"><div class=\"wp-block-group__inner-container is-layout-flow wp-block-group-is-layout-flow\">\n<h2 class=\"alignwide has-text-align-center has-white-color has-text-color wp-block-heading\" style=\"font-size:46px;font-weight:400;line-height:1.1\">Designer products<\/h2>\n<\/div><\/div>\n\n\n\n<div style=\"height:100px\" aria-hidden=\"true\" class=\"wp-block-spacer\"><\/div>\n\n\n\n<p><\/p>","protected":false},"excerpt":{"rendered":"<p>\u201eCelem sztuki nie jest spowodowanie chwilowego wydzielania si\u0119 adrenaliny, ale stopniowe budowanie, na przestrzeni ca\u0142ego \u017cycia, stanu oczarowania i wewn\u0119trznego spokoju\u201d. W&nbsp;1987 roku uko\u0144czy\u0142 studia na Wydziale Architektury Wn\u0119trz i&nbsp;Wzornictwa Przemys\u0142owego Pozna\u0144skiej Pa\u0144stwowej Wy\u017cszej Szko\u0142y Sztuk Plastycznych i&nbsp;od tego roku jest pracownikiem Uczelni. Od 1991 roku kieruje Pracowni\u0105 Bioniki na Wydziale Architektury i&nbsp;Wzornictwa. W&nbsp;2007 roku [&hellip;]<\/p>\n","protected":false},"author":2,"featured_media":0,"parent":0,"menu_order":0,"comment_status":"closed","ping_status":"closed","template":"template-fullwidth.php","meta":{"footnotes":""},"class_list":["post-864","page","type-page","status-publish","hentry"],"yoast_head":"<!-- This site is optimized with the Yoast SEO plugin v22.4 - https:\/\/yoast.com\/wordpress\/plugins\/seo\/ -->\n<title>prof. Wojciech Hora - nowymodel.org<\/title>\n<meta name=\"description\" content=\"Uko\u0144czy\u0142 studia na Wydziale Architektury Wn\u0119trz i\u00a0Wzornictwa Przemys\u0142owego Pozna\u0144skiej Pa\u0144stwowej Wy\u017cszej Szko\u0142y Sztuk Plastycznych i\u00a0od tego roku jest pracownikiem Uczelni.\" \/>\n<meta name=\"robots\" content=\"index, follow, max-snippet:-1, max-image-preview:large, max-video-preview:-1\" \/>\n<link rel=\"canonical\" href=\"https:\/\/nowymodel.org\/en\/prof-wojciech-hora\/\" \/>\n<meta property=\"og:locale\" content=\"en_GB\" \/>\n<meta property=\"og:type\" content=\"article\" \/>\n<meta property=\"og:title\" content=\"prof. Wojciech Hora - nowymodel.org\" \/>\n<meta property=\"og:description\" content=\"Uko\u0144czy\u0142 studia na Wydziale Architektury Wn\u0119trz i\u00a0Wzornictwa Przemys\u0142owego Pozna\u0144skiej Pa\u0144stwowej Wy\u017cszej Szko\u0142y Sztuk Plastycznych i\u00a0od tego roku jest pracownikiem Uczelni.\" \/>\n<meta property=\"og:url\" content=\"https:\/\/nowymodel.org\/en\/prof-wojciech-hora\/\" \/>\n<meta property=\"og:site_name\" content=\"nowymodel.org\" \/>\n<meta property=\"article:modified_time\" content=\"2022-05-12T12:47:31+00:00\" \/>\n<meta property=\"og:image\" content=\"https:\/\/nowymodel.org\/wp-content\/uploads\/2022\/03\/z23369604IBGProf-Wojciech-Hora-rektor-Uniwersytetu-Artystycz.jpg\" \/>\n<meta name=\"twitter:card\" content=\"summary_large_image\" \/>\n<meta name=\"twitter:label1\" content=\"Estimated reading time\" \/>\n\t<meta name=\"twitter:data1\" content=\"2 minutes\" \/>\n<script type=\"application\/ld+json\" class=\"yoast-schema-graph\">{\"@context\":\"https:\/\/schema.org\",\"@graph\":[{\"@type\":\"WebPage\",\"@id\":\"https:\/\/nowymodel.org\/prof-wojciech-hora\/\",\"url\":\"https:\/\/nowymodel.org\/prof-wojciech-hora\/\",\"name\":\"prof. Wojciech Hora - nowymodel.org\",\"isPartOf\":{\"@id\":\"https:\/\/nowymodel.org\/#website\"},\"primaryImageOfPage\":{\"@id\":\"https:\/\/nowymodel.org\/prof-wojciech-hora\/#primaryimage\"},\"image\":{\"@id\":\"https:\/\/nowymodel.org\/prof-wojciech-hora\/#primaryimage\"},\"thumbnailUrl\":\"https:\/\/nowymodel.org\/wp-content\/uploads\/2022\/03\/z23369604IBGProf-Wojciech-Hora-rektor-Uniwersytetu-Artystycz.jpg\",\"datePublished\":\"2022-03-29T13:56:46+00:00\",\"dateModified\":\"2022-05-12T12:47:31+00:00\",\"description\":\"Uko\u0144czy\u0142 studia na Wydziale Architektury Wn\u0119trz i\u00a0Wzornictwa Przemys\u0142owego Pozna\u0144skiej Pa\u0144stwowej Wy\u017cszej Szko\u0142y Sztuk Plastycznych i\u00a0od tego roku jest pracownikiem Uczelni.\",\"inLanguage\":\"en-GB\",\"potentialAction\":[{\"@type\":\"ReadAction\",\"target\":[\"https:\/\/nowymodel.org\/prof-wojciech-hora\/\"]}]},{\"@type\":\"ImageObject\",\"inLanguage\":\"en-GB\",\"@id\":\"https:\/\/nowymodel.org\/prof-wojciech-hora\/#primaryimage\",\"url\":\"https:\/\/nowymodel.org\/wp-content\/uploads\/2022\/03\/z23369604IBGProf-Wojciech-Hora-rektor-Uniwersytetu-Artystycz.jpg\",\"contentUrl\":\"https:\/\/nowymodel.org\/wp-content\/uploads\/2022\/03\/z23369604IBGProf-Wojciech-Hora-rektor-Uniwersytetu-Artystycz.jpg\"},{\"@type\":\"WebSite\",\"@id\":\"https:\/\/nowymodel.org\/#website\",\"url\":\"https:\/\/nowymodel.org\/\",\"name\":\"nowymodel.org\",\"description\":\"\",\"potentialAction\":[{\"@type\":\"SearchAction\",\"target\":{\"@type\":\"EntryPoint\",\"urlTemplate\":\"https:\/\/nowymodel.org\/?s={search_term_string}\"},\"query-input\":\"required name=search_term_string\"}],\"inLanguage\":\"en-GB\"}]}<\/script>\n<!-- \/ Yoast SEO plugin. -->","yoast_head_json":{"title":"prof. Wojciech Hora - nowymodel.org","description":"Uko\u0144czy\u0142 studia na Wydziale Architektury Wn\u0119trz i\u00a0Wzornictwa Przemys\u0142owego Pozna\u0144skiej Pa\u0144stwowej Wy\u017cszej Szko\u0142y Sztuk Plastycznych i\u00a0od tego roku jest pracownikiem Uczelni.","robots":{"index":"index","follow":"follow","max-snippet":"max-snippet:-1","max-image-preview":"max-image-preview:large","max-video-preview":"max-video-preview:-1"},"canonical":"https:\/\/nowymodel.org\/en\/prof-wojciech-hora\/","og_locale":"en_GB","og_type":"article","og_title":"prof. Wojciech Hora - nowymodel.org","og_description":"Uko\u0144czy\u0142 studia na Wydziale Architektury Wn\u0119trz i\u00a0Wzornictwa Przemys\u0142owego Pozna\u0144skiej Pa\u0144stwowej Wy\u017cszej Szko\u0142y Sztuk Plastycznych i\u00a0od tego roku jest pracownikiem Uczelni.","og_url":"https:\/\/nowymodel.org\/en\/prof-wojciech-hora\/","og_site_name":"nowymodel.org","article_modified_time":"2022-05-12T12:47:31+00:00","og_image":[{"url":"https:\/\/nowymodel.org\/wp-content\/uploads\/2022\/03\/z23369604IBGProf-Wojciech-Hora-rektor-Uniwersytetu-Artystycz.jpg"}],"twitter_card":"summary_large_image","twitter_misc":{"Estimated reading time":"2 minutes"},"schema":{"@context":"https:\/\/schema.org","@graph":[{"@type":"WebPage","@id":"https:\/\/nowymodel.org\/prof-wojciech-hora\/","url":"https:\/\/nowymodel.org\/prof-wojciech-hora\/","name":"prof. Wojciech Hora - nowymodel.org","isPartOf":{"@id":"https:\/\/nowymodel.org\/#website"},"primaryImageOfPage":{"@id":"https:\/\/nowymodel.org\/prof-wojciech-hora\/#primaryimage"},"image":{"@id":"https:\/\/nowymodel.org\/prof-wojciech-hora\/#primaryimage"},"thumbnailUrl":"https:\/\/nowymodel.org\/wp-content\/uploads\/2022\/03\/z23369604IBGProf-Wojciech-Hora-rektor-Uniwersytetu-Artystycz.jpg","datePublished":"2022-03-29T13:56:46+00:00","dateModified":"2022-05-12T12:47:31+00:00","description":"Uko\u0144czy\u0142 studia na Wydziale Architektury Wn\u0119trz i\u00a0Wzornictwa Przemys\u0142owego Pozna\u0144skiej Pa\u0144stwowej Wy\u017cszej Szko\u0142y Sztuk Plastycznych i\u00a0od tego roku jest pracownikiem Uczelni.","inLanguage":"en-GB","potentialAction":[{"@type":"ReadAction","target":["https:\/\/nowymodel.org\/prof-wojciech-hora\/"]}]},{"@type":"ImageObject","inLanguage":"en-GB","@id":"https:\/\/nowymodel.org\/prof-wojciech-hora\/#primaryimage","url":"https:\/\/nowymodel.org\/wp-content\/uploads\/2022\/03\/z23369604IBGProf-Wojciech-Hora-rektor-Uniwersytetu-Artystycz.jpg","contentUrl":"https:\/\/nowymodel.org\/wp-content\/uploads\/2022\/03\/z23369604IBGProf-Wojciech-Hora-rektor-Uniwersytetu-Artystycz.jpg"},{"@type":"WebSite","@id":"https:\/\/nowymodel.org\/#website","url":"https:\/\/nowymodel.org\/","name":"nowymodel.org","description":"","potentialAction":[{"@type":"SearchAction","target":{"@type":"EntryPoint","urlTemplate":"https:\/\/nowymodel.org\/?s={search_term_string}"},"query-input":"required name=search_term_string"}],"inLanguage":"en-GB"}]}},"_links":{"self":[{"href":"https:\/\/nowymodel.org\/en\/wp-json\/wp\/v2\/pages\/864","targetHints":{"allow":["GET"]}}],"collection":[{"href":"https:\/\/nowymodel.org\/en\/wp-json\/wp\/v2\/pages"}],"about":[{"href":"https:\/\/nowymodel.org\/en\/wp-json\/wp\/v2\/types\/page"}],"author":[{"embeddable":true,"href":"https:\/\/nowymodel.org\/en\/wp-json\/wp\/v2\/users\/2"}],"replies":[{"embeddable":true,"href":"https:\/\/nowymodel.org\/en\/wp-json\/wp\/v2\/comments?post=864"}],"version-history":[{"count":2,"href":"https:\/\/nowymodel.org\/en\/wp-json\/wp\/v2\/pages\/864\/revisions"}],"predecessor-version":[{"id":945,"href":"https:\/\/nowymodel.org\/en\/wp-json\/wp\/v2\/pages\/864\/revisions\/945"}],"wp:attachment":[{"href":"https:\/\/nowymodel.org\/en\/wp-json\/wp\/v2\/media?parent=864"}],"curies":[{"name":"wp","href":"https:\/\/api.w.org\/{rel}","templated":true}]}}