{"id":862,"date":"2022-03-29T15:57:47","date_gmt":"2022-03-29T13:57:47","guid":{"rendered":"https:\/\/nowymodel.org\/?page_id=862"},"modified":"2022-05-12T14:55:37","modified_gmt":"2022-05-12T12:55:37","slug":"stanislaw-figiel","status":"publish","type":"page","link":"https:\/\/nowymodel.org\/en\/stanislaw-figiel\/","title":{"rendered":"Stanis\u0142aw Figiel"},"content":{"rendered":"<div class=\"wp-block-cover alignfull\" style=\"min-height:445px;aspect-ratio:unset;\"><span aria-hidden=\"true\" class=\"has-background-dim-20 wp-block-cover__gradient-background has-background-dim\" style=\"background-color:#000000\"><\/span><div class=\"wp-block-cover__inner-container is-layout-flow wp-block-cover-is-layout-flow\">\n<div class=\"wp-block-columns is-layout-flex wp-container-core-columns-is-layout-9d6595d7 wp-block-columns-is-layout-flex\">\n<div class=\"wp-block-column is-layout-flow wp-block-column-is-layout-flow\">\n<h2 class=\"alignwide has-text-align-center has-white-color has-text-color wp-block-heading\" id=\"we-re-a-studio-in-berlin-with-an-international-practice-in-architecture-urban-planning-and-interior-design-we-believe-in-sharing-knowledge-and-promoting-dialogue-to-increase-the-creative-potential-of-collaboration\" style=\"font-size:48px;line-height:1.1\"><strong>Stanis\u0142aw Figiel<\/strong><\/h2>\n\n\n\n<p class=\"has-text-align-center has-luminous-vivid-amber-color has-text-color\" style=\"text-transform:lowercase\"> interior design<\/p>\n<\/div>\n<\/div>\n<\/div><\/div>\n\n\n\n<div style=\"height:100px\" aria-hidden=\"true\" class=\"wp-block-spacer\"><\/div>\n\n\n\n<div class=\"wp-block-columns is-layout-flex wp-container-core-columns-is-layout-9d6595d7 wp-block-columns-is-layout-flex\">\n<div class=\"wp-block-column is-layout-flow wp-block-column-is-layout-flow\">\n<blockquote class=\"wp-block-quote is-layout-flow wp-block-quote-is-layout-flow\"><p><\/p><\/blockquote>\n\n\n\n<p>Born in 1956 in Wroclaw. Studied at the Faculty of Interior Design at the State College of Fine Arts (ASP) in Wroclaw. Diploma in 1981 in the Interior Design Studio under Prof. Tadeusz Forowicz, annex in painting under Prof. J\u00f3zef Halas. Works at the Academy of Fine Arts in Wroclaw as a professor, heads the Furniture Design Studio II at the Faculty of Interior Design and Design in the Furniture Department. His creative activity encompasses a number of design studies and realisations in the field of interior architecture, furniture design and pattern-design. He also deals with painting and drawing. He has participated in 16 national and 3 international exhibitions.<\/p>\n<\/div>\n\n\n\n<div class=\"wp-block-column is-layout-flow wp-block-column-is-layout-flow\">\n<figure class=\"wp-block-image size-full\"><img decoding=\"async\" width=\"185\" height=\"182\" src=\"https:\/\/nowymodel.org\/wp-content\/uploads\/2022\/03\/figiel.png\" alt=\"\" class=\"wp-image-897\" srcset=\"https:\/\/nowymodel.org\/wp-content\/uploads\/2022\/03\/figiel.png 185w, https:\/\/nowymodel.org\/wp-content\/uploads\/2022\/03\/figiel-12x12.png 12w\" sizes=\"(max-width: 185px) 100vw, 185px\" \/><\/figure>\n<\/div>\n<\/div>\n\n\n\n<div style=\"height:100px\" aria-hidden=\"true\" class=\"wp-block-spacer\"><\/div>\n\n\n\n<div style=\"height:0px\" aria-hidden=\"true\" class=\"wp-block-spacer\"><\/div>\n\n\n\n<div class=\"wp-block-group alignfull has-black-color has-text-color has-background has-link-color wp-elements-393b7e4d8217c160a836a20cabe519f6\" style=\"background-color:#d2cdc7\"><div class=\"wp-block-group__inner-container is-layout-flow wp-block-group-is-layout-flow\">\n<h2 class=\"alignwide has-text-align-center has-white-color has-text-color wp-block-heading\" style=\"font-size:46px;font-weight:400;line-height:1.1\">Designer products<\/h2>\n<\/div><\/div>\n\n\n\n<div style=\"height:100px\" aria-hidden=\"true\" class=\"wp-block-spacer\"><\/div>\n\n\n\n<p><\/p>","protected":false},"excerpt":{"rendered":"<p>Urodzony w 1956 r. we Wroc\u0142awiu. Studia na Wydziale Projektowania Architektury Wn\u0119trz w PWSSP (ASP) we Wroc\u0142awiu. Dyplom w 1981 roku w Pracowni Projektowania Architektury Wn\u0119trz pod kierunkiem prof. Tadeusza Forowicza, aneks z malarstwa w pracowni prof. J\u00f3zefa Ha\u0142asa. Pracuje w Akademii Sztuk Pi\u0119knych we Wroc\u0142awiu na stanowisku profesora, kieruje Pracowni\u0105 Projektowania Mebli II na [&hellip;]<\/p>\n","protected":false},"author":2,"featured_media":0,"parent":0,"menu_order":0,"comment_status":"closed","ping_status":"closed","template":"template-fullwidth.php","meta":{"footnotes":""},"class_list":["post-862","page","type-page","status-publish","hentry"],"yoast_head":"<!-- This site is optimized with the Yoast SEO plugin v22.4 - https:\/\/yoast.com\/wordpress\/plugins\/seo\/ -->\n<title>Stanis\u0142aw Figiel - nowymodel.org<\/title>\n<meta name=\"description\" content=\"Urodzony w 1956 r. we Wroc\u0142awiu. Studia na Wydziale Projektowania Architektury Wn\u0119trz w PWSSP (ASP) we Wroc\u0142awiu.\" \/>\n<meta name=\"robots\" content=\"index, follow, max-snippet:-1, max-image-preview:large, max-video-preview:-1\" \/>\n<link rel=\"canonical\" href=\"https:\/\/nowymodel.org\/en\/stanislaw-figiel\/\" \/>\n<meta property=\"og:locale\" content=\"en_GB\" \/>\n<meta property=\"og:type\" content=\"article\" \/>\n<meta property=\"og:title\" content=\"Stanis\u0142aw Figiel - nowymodel.org\" \/>\n<meta property=\"og:description\" content=\"Urodzony w 1956 r. we Wroc\u0142awiu. Studia na Wydziale Projektowania Architektury Wn\u0119trz w PWSSP (ASP) we Wroc\u0142awiu.\" \/>\n<meta property=\"og:url\" content=\"https:\/\/nowymodel.org\/en\/stanislaw-figiel\/\" \/>\n<meta property=\"og:site_name\" content=\"nowymodel.org\" \/>\n<meta property=\"article:modified_time\" content=\"2022-05-12T12:55:37+00:00\" \/>\n<meta property=\"og:image\" content=\"https:\/\/nowymodel.org\/wp-content\/uploads\/2022\/03\/figiel.png\" \/>\n<meta name=\"twitter:card\" content=\"summary_large_image\" \/>\n<meta name=\"twitter:label1\" content=\"Estimated reading time\" \/>\n\t<meta name=\"twitter:data1\" content=\"1 minute\" \/>\n<script type=\"application\/ld+json\" class=\"yoast-schema-graph\">{\"@context\":\"https:\/\/schema.org\",\"@graph\":[{\"@type\":\"WebPage\",\"@id\":\"https:\/\/nowymodel.org\/stanislaw-figiel\/\",\"url\":\"https:\/\/nowymodel.org\/stanislaw-figiel\/\",\"name\":\"Stanis\u0142aw Figiel - nowymodel.org\",\"isPartOf\":{\"@id\":\"https:\/\/nowymodel.org\/#website\"},\"primaryImageOfPage\":{\"@id\":\"https:\/\/nowymodel.org\/stanislaw-figiel\/#primaryimage\"},\"image\":{\"@id\":\"https:\/\/nowymodel.org\/stanislaw-figiel\/#primaryimage\"},\"thumbnailUrl\":\"https:\/\/nowymodel.org\/wp-content\/uploads\/2022\/03\/figiel.png\",\"datePublished\":\"2022-03-29T13:57:47+00:00\",\"dateModified\":\"2022-05-12T12:55:37+00:00\",\"description\":\"Urodzony w 1956 r. we Wroc\u0142awiu. Studia na Wydziale Projektowania Architektury Wn\u0119trz w PWSSP (ASP) we Wroc\u0142awiu.\",\"inLanguage\":\"en-GB\",\"potentialAction\":[{\"@type\":\"ReadAction\",\"target\":[\"https:\/\/nowymodel.org\/stanislaw-figiel\/\"]}]},{\"@type\":\"ImageObject\",\"inLanguage\":\"en-GB\",\"@id\":\"https:\/\/nowymodel.org\/stanislaw-figiel\/#primaryimage\",\"url\":\"https:\/\/nowymodel.org\/wp-content\/uploads\/2022\/03\/figiel.png\",\"contentUrl\":\"https:\/\/nowymodel.org\/wp-content\/uploads\/2022\/03\/figiel.png\"},{\"@type\":\"WebSite\",\"@id\":\"https:\/\/nowymodel.org\/#website\",\"url\":\"https:\/\/nowymodel.org\/\",\"name\":\"nowymodel.org\",\"description\":\"\",\"potentialAction\":[{\"@type\":\"SearchAction\",\"target\":{\"@type\":\"EntryPoint\",\"urlTemplate\":\"https:\/\/nowymodel.org\/?s={search_term_string}\"},\"query-input\":\"required name=search_term_string\"}],\"inLanguage\":\"en-GB\"}]}<\/script>\n<!-- \/ Yoast SEO plugin. -->","yoast_head_json":{"title":"Stanis\u0142aw Figiel - nowymodel.org","description":"Urodzony w 1956 r. we Wroc\u0142awiu. Studia na Wydziale Projektowania Architektury Wn\u0119trz w PWSSP (ASP) we Wroc\u0142awiu.","robots":{"index":"index","follow":"follow","max-snippet":"max-snippet:-1","max-image-preview":"max-image-preview:large","max-video-preview":"max-video-preview:-1"},"canonical":"https:\/\/nowymodel.org\/en\/stanislaw-figiel\/","og_locale":"en_GB","og_type":"article","og_title":"Stanis\u0142aw Figiel - nowymodel.org","og_description":"Urodzony w 1956 r. we Wroc\u0142awiu. Studia na Wydziale Projektowania Architektury Wn\u0119trz w PWSSP (ASP) we Wroc\u0142awiu.","og_url":"https:\/\/nowymodel.org\/en\/stanislaw-figiel\/","og_site_name":"nowymodel.org","article_modified_time":"2022-05-12T12:55:37+00:00","og_image":[{"url":"https:\/\/nowymodel.org\/wp-content\/uploads\/2022\/03\/figiel.png"}],"twitter_card":"summary_large_image","twitter_misc":{"Estimated reading time":"1 minute"},"schema":{"@context":"https:\/\/schema.org","@graph":[{"@type":"WebPage","@id":"https:\/\/nowymodel.org\/stanislaw-figiel\/","url":"https:\/\/nowymodel.org\/stanislaw-figiel\/","name":"Stanis\u0142aw Figiel - nowymodel.org","isPartOf":{"@id":"https:\/\/nowymodel.org\/#website"},"primaryImageOfPage":{"@id":"https:\/\/nowymodel.org\/stanislaw-figiel\/#primaryimage"},"image":{"@id":"https:\/\/nowymodel.org\/stanislaw-figiel\/#primaryimage"},"thumbnailUrl":"https:\/\/nowymodel.org\/wp-content\/uploads\/2022\/03\/figiel.png","datePublished":"2022-03-29T13:57:47+00:00","dateModified":"2022-05-12T12:55:37+00:00","description":"Urodzony w 1956 r. we Wroc\u0142awiu. Studia na Wydziale Projektowania Architektury Wn\u0119trz w PWSSP (ASP) we Wroc\u0142awiu.","inLanguage":"en-GB","potentialAction":[{"@type":"ReadAction","target":["https:\/\/nowymodel.org\/stanislaw-figiel\/"]}]},{"@type":"ImageObject","inLanguage":"en-GB","@id":"https:\/\/nowymodel.org\/stanislaw-figiel\/#primaryimage","url":"https:\/\/nowymodel.org\/wp-content\/uploads\/2022\/03\/figiel.png","contentUrl":"https:\/\/nowymodel.org\/wp-content\/uploads\/2022\/03\/figiel.png"},{"@type":"WebSite","@id":"https:\/\/nowymodel.org\/#website","url":"https:\/\/nowymodel.org\/","name":"nowymodel.org","description":"","potentialAction":[{"@type":"SearchAction","target":{"@type":"EntryPoint","urlTemplate":"https:\/\/nowymodel.org\/?s={search_term_string}"},"query-input":"required name=search_term_string"}],"inLanguage":"en-GB"}]}},"_links":{"self":[{"href":"https:\/\/nowymodel.org\/en\/wp-json\/wp\/v2\/pages\/862","targetHints":{"allow":["GET"]}}],"collection":[{"href":"https:\/\/nowymodel.org\/en\/wp-json\/wp\/v2\/pages"}],"about":[{"href":"https:\/\/nowymodel.org\/en\/wp-json\/wp\/v2\/types\/page"}],"author":[{"embeddable":true,"href":"https:\/\/nowymodel.org\/en\/wp-json\/wp\/v2\/users\/2"}],"replies":[{"embeddable":true,"href":"https:\/\/nowymodel.org\/en\/wp-json\/wp\/v2\/comments?post=862"}],"version-history":[{"count":3,"href":"https:\/\/nowymodel.org\/en\/wp-json\/wp\/v2\/pages\/862\/revisions"}],"predecessor-version":[{"id":947,"href":"https:\/\/nowymodel.org\/en\/wp-json\/wp\/v2\/pages\/862\/revisions\/947"}],"wp:attachment":[{"href":"https:\/\/nowymodel.org\/en\/wp-json\/wp\/v2\/media?parent=862"}],"curies":[{"name":"wp","href":"https:\/\/api.w.org\/{rel}","templated":true}]}}