{"id":855,"date":"2022-03-29T15:54:18","date_gmt":"2022-03-29T13:54:18","guid":{"rendered":"https:\/\/nowymodel.org\/?page_id=855"},"modified":"2022-05-19T15:58:04","modified_gmt":"2022-05-19T13:58:04","slug":"marek-cacula","status":"publish","type":"page","link":"https:\/\/nowymodel.org\/en\/marek-cacula\/","title":{"rendered":"Marek Cacu\u0142a"},"content":{"rendered":"<div class=\"wp-block-cover alignfull\" style=\"min-height:445px;aspect-ratio:unset;\"><span aria-hidden=\"true\" class=\"has-background-dim-20 wp-block-cover__gradient-background has-background-dim\" style=\"background-color:#000000\"><\/span><img fetchpriority=\"high\" decoding=\"async\" width=\"1920\" height=\"1280\" class=\"wp-block-cover__image-background wp-image-866\" alt=\"\" src=\"https:\/\/nowymodel.org\/wp-content\/uploads\/2022\/03\/marek_cecula_ag_portret_.jpg\" style=\"object-position:49% 50%\" data-object-fit=\"cover\" data-object-position=\"49% 50%\" srcset=\"https:\/\/nowymodel.org\/wp-content\/uploads\/2022\/03\/marek_cecula_ag_portret_.jpg 1920w, https:\/\/nowymodel.org\/wp-content\/uploads\/2022\/03\/marek_cecula_ag_portret_-300x200.jpg 300w, https:\/\/nowymodel.org\/wp-content\/uploads\/2022\/03\/marek_cecula_ag_portret_-1024x683.jpg 1024w, https:\/\/nowymodel.org\/wp-content\/uploads\/2022\/03\/marek_cecula_ag_portret_-768x512.jpg 768w, https:\/\/nowymodel.org\/wp-content\/uploads\/2022\/03\/marek_cecula_ag_portret_-1536x1024.jpg 1536w, https:\/\/nowymodel.org\/wp-content\/uploads\/2022\/03\/marek_cecula_ag_portret_-18x12.jpg 18w, https:\/\/nowymodel.org\/wp-content\/uploads\/2022\/03\/marek_cecula_ag_portret_-1320x880.jpg 1320w, https:\/\/nowymodel.org\/wp-content\/uploads\/2022\/03\/marek_cecula_ag_portret_-416x277.jpg 416w\" sizes=\"(max-width: 1920px) 100vw, 1920px\" \/><div class=\"wp-block-cover__inner-container is-layout-flow wp-block-cover-is-layout-flow\">\n<div class=\"wp-block-columns is-layout-flex wp-container-core-columns-is-layout-9d6595d7 wp-block-columns-is-layout-flex\">\n<div class=\"wp-block-column is-layout-flow wp-block-column-is-layout-flow\">\n<h2 class=\"alignwide has-text-align-center has-white-color has-text-color wp-block-heading\" id=\"we-re-a-studio-in-berlin-with-an-international-practice-in-architecture-urban-planning-and-interior-design-we-believe-in-sharing-knowledge-and-promoting-dialogue-to-increase-the-creative-potential-of-collaboration\" style=\"font-size:48px;line-height:1.1\"><strong>Marek Cecu\u0142a<\/strong><\/h2>\n\n\n\n<p class=\"has-text-align-center has-luminous-vivid-amber-color has-text-color\" style=\"text-transform:lowercase\">ceramics &amp; design<\/p>\n<\/div>\n<\/div>\n<\/div><\/div>\n\n\n\n<div style=\"height:100px\" aria-hidden=\"true\" class=\"wp-block-spacer\"><\/div>\n\n\n\n<div class=\"wp-block-columns is-layout-flex wp-container-core-columns-is-layout-9d6595d7 wp-block-columns-is-layout-flex\">\n<div class=\"wp-block-column is-layout-flow wp-block-column-is-layout-flow\">\n<blockquote class=\"wp-block-quote is-layout-flow wp-block-quote-is-layout-flow\"><p><em>\"I took up ceramics because as a medium it has the quality of being something utilitarian but also something artistic. A plate can lie on a table and fulfill its utilitarian function, but it can also hang on a wall where it turns into a painting.\"<\/em><\/p><\/blockquote>\n\n\n\n<p>In his work the boundaries between design, craft and sculpture practically do not exist. A meeting with Marek Cecula is an intellectual feast: his numerous experiences, travels, passion with which he treats his work and art, curiosity about the world and joy resulting from getting to know it anew make the conversation last forever. Whether he is talking about his new project, about a material he has suddenly discovered that inspires him, about contemporary theater or ancient music or oriental cuisine - everything becomes a fascinating adventure.<\/p>\n\n\n\n<p>He was born on 23 April 1944 in Cz\u0119stochowa and lived in Kielce. He was 16 years old when he emigrated to Israel. Then there was Brazil, and since 1976, New York. There he founded Modus Design studio and Contemporary Porcelain gallery. He was dean of the Ceramics Department at Parsons School of Design in New York (1985-2004), and guest professor at the National Academy of the Arts in Bergen (2004-2010). He moved his Modus Design to Poland in the late 1990s.<\/p>\n\n\n\n<p>In 2012, he opened Design Centrum Kielce and a year later \u0106miel\u00f3w Design Studio, of which he is the artistic director.<\/p>\n\n\n\n<p>Everything he knows about ceramics (and he knows a lot!), he learned \"on the road\", gathering experience on different continents. Now he shares them with students of prestigious universities. He says about himself that he is self-taught with the title of professor. The story of his life is material for a fascinating film inscribed in the wartime and postwar fate of Polish Jews, but also in the countercultural revolution of the 1960s and the political breakthrough of the 1990s in Eastern Europe. Cecu\u0142a adds his own chapter to them marked with important artistic statements. The list of individual exhibitions, awards, collections in which his works can be found is material for a thick book.<\/p>\n\n\n\n<p>nowymodel.org is honored to have the opportunity to work with a Personality of this format.<\/p>\n<\/div>\n\n\n\n<div class=\"wp-block-column is-layout-flow wp-block-column-is-layout-flow\">\n<figure class=\"wp-block-image size-large\"><img decoding=\"async\" width=\"683\" height=\"1024\" src=\"https:\/\/nowymodel.org\/wp-content\/uploads\/2022\/03\/marek-cecula-porcelana-modus-design-cmielow-design-studiomarek-cecula-porc_212476-683x1024.jpg\" alt=\"\" class=\"wp-image-868\" srcset=\"https:\/\/nowymodel.org\/wp-content\/uploads\/2022\/03\/marek-cecula-porcelana-modus-design-cmielow-design-studiomarek-cecula-porc_212476-683x1024.jpg 683w, https:\/\/nowymodel.org\/wp-content\/uploads\/2022\/03\/marek-cecula-porcelana-modus-design-cmielow-design-studiomarek-cecula-porc_212476-200x300.jpg 200w, https:\/\/nowymodel.org\/wp-content\/uploads\/2022\/03\/marek-cecula-porcelana-modus-design-cmielow-design-studiomarek-cecula-porc_212476-8x12.jpg 8w, https:\/\/nowymodel.org\/wp-content\/uploads\/2022\/03\/marek-cecula-porcelana-modus-design-cmielow-design-studiomarek-cecula-porc_212476-416x623.jpg 416w, https:\/\/nowymodel.org\/wp-content\/uploads\/2022\/03\/marek-cecula-porcelana-modus-design-cmielow-design-studiomarek-cecula-porc_212476.jpg 750w\" sizes=\"(max-width: 683px) 100vw, 683px\" \/><\/figure>\n<\/div>\n<\/div>\n\n\n\n<ul class=\"wp-block-social-links is-style-default is-layout-flex wp-block-social-links-is-layout-flex\"><li class=\"wp-social-link wp-social-link-instagram  wp-block-social-link\"><a href=\"https:\/\/www.instagram.com\/modusdesign_marek_cecula\/\" class=\"wp-block-social-link-anchor\"><svg width=\"24\" height=\"24\" viewbox=\"0 0 24 24\" version=\"1.1\" xmlns=\"http:\/\/www.w3.org\/2000\/svg\" aria-hidden=\"true\" focusable=\"false\"><path d=\"M12,4.622c2.403,0,2.688,0.009,3.637,0.052c0.877,0.04,1.354,0.187,1.671,0.31c0.42,0.163,0.72,0.358,1.035,0.673 c0.315,0.315,0.51,0.615,0.673,1.035c0.123,0.317,0.27,0.794,0.31,1.671c0.043,0.949,0.052,1.234,0.052,3.637 s-0.009,2.688-0.052,3.637c-0.04,0.877-0.187,1.354-0.31,1.671c-0.163,0.42-0.358,0.72-0.673,1.035 c-0.315,0.315-0.615,0.51-1.035,0.673c-0.317,0.123-0.794,0.27-1.671,0.31c-0.949,0.043-1.233,0.052-3.637,0.052 s-2.688-0.009-3.637-0.052c-0.877-0.04-1.354-0.187-1.671-0.31c-0.42-0.163-0.72-0.358-1.035-0.673 c-0.315-0.315-0.51-0.615-0.673-1.035c-0.123-0.317-0.27-0.794-0.31-1.671C4.631,14.688,4.622,14.403,4.622,12 s0.009-2.688,0.052-3.637c0.04-0.877,0.187-1.354,0.31-1.671c0.163-0.42,0.358-0.72,0.673-1.035 c0.315-0.315,0.615-0.51,1.035-0.673c0.317-0.123,0.794-0.27,1.671-0.31C9.312,4.631,9.597,4.622,12,4.622 M12,3 C9.556,3,9.249,3.01,8.289,3.054C7.331,3.098,6.677,3.25,6.105,3.472C5.513,3.702,5.011,4.01,4.511,4.511 c-0.5,0.5-0.808,1.002-1.038,1.594C3.25,6.677,3.098,7.331,3.054,8.289C3.01,9.249,3,9.556,3,12c0,2.444,0.01,2.751,0.054,3.711 c0.044,0.958,0.196,1.612,0.418,2.185c0.23,0.592,0.538,1.094,1.038,1.594c0.5,0.5,1.002,0.808,1.594,1.038 c0.572,0.222,1.227,0.375,2.185,0.418C9.249,20.99,9.556,21,12,21s2.751-0.01,3.711-0.054c0.958-0.044,1.612-0.196,2.185-0.418 c0.592-0.23,1.094-0.538,1.594-1.038c0.5-0.5,0.808-1.002,1.038-1.594c0.222-0.572,0.375-1.227,0.418-2.185 C20.99,14.751,21,14.444,21,12s-0.01-2.751-0.054-3.711c-0.044-0.958-0.196-1.612-0.418-2.185c-0.23-0.592-0.538-1.094-1.038-1.594 c-0.5-0.5-1.002-0.808-1.594-1.038c-0.572-0.222-1.227-0.375-2.185-0.418C14.751,3.01,14.444,3,12,3L12,3z M12,7.378 c-2.552,0-4.622,2.069-4.622,4.622S9.448,16.622,12,16.622s4.622-2.069,4.622-4.622S14.552,7.378,12,7.378z M12,15 c-1.657,0-3-1.343-3-3s1.343-3,3-3s3,1.343,3,3S13.657,15,12,15z M16.804,6.116c-0.596,0-1.08,0.484-1.08,1.08 s0.484,1.08,1.08,1.08c0.596,0,1.08-0.484,1.08-1.08S17.401,6.116,16.804,6.116z\"><\/path><\/svg><span class=\"wp-block-social-link-label screen-reader-text\">Instagram<\/span><\/a><\/li>\n\n<li class=\"wp-social-link wp-social-link-facebook  wp-block-social-link\"><a href=\"https:\/\/www.facebook.com\/marek.cecula\" class=\"wp-block-social-link-anchor\"><svg width=\"24\" height=\"24\" viewbox=\"0 0 24 24\" version=\"1.1\" xmlns=\"http:\/\/www.w3.org\/2000\/svg\" aria-hidden=\"true\" focusable=\"false\"><path d=\"M12 2C6.5 2 2 6.5 2 12c0 5 3.7 9.1 8.4 9.9v-7H7.9V12h2.5V9.8c0-2.5 1.5-3.9 3.8-3.9 1.1 0 2.2.2 2.2.2v2.5h-1.3c-1.2 0-1.6.8-1.6 1.6V12h2.8l-.4 2.9h-2.3v7C18.3 21.1 22 17 22 12c0-5.5-4.5-10-10-10z\"><\/path><\/svg><span class=\"wp-block-social-link-label screen-reader-text\">Facebook<\/span><\/a><\/li><\/ul>\n\n\n\n<div style=\"height:100px\" aria-hidden=\"true\" class=\"wp-block-spacer\"><\/div>\n\n\n\n<div style=\"height:0px\" aria-hidden=\"true\" class=\"wp-block-spacer\"><\/div>\n\n\n\n<div class=\"wp-block-group alignfull has-black-color has-text-color has-background has-link-color wp-elements-393b7e4d8217c160a836a20cabe519f6\" style=\"background-color:#d2cdc7\"><div class=\"wp-block-group__inner-container is-layout-flow wp-block-group-is-layout-flow\">\n<h2 class=\"alignwide has-text-align-center has-white-color has-text-color wp-block-heading\" style=\"font-size:46px;font-weight:400;line-height:1.1\">Designer products<\/h2>\n<\/div><\/div>\n\n\n\n<div style=\"height:100px\" aria-hidden=\"true\" class=\"wp-block-spacer\"><\/div>\n\n\n\n<p><\/p>","protected":false},"excerpt":{"rendered":"<p>&#8222;Zaj\u0105\u0142em si\u0119 ceramik\u0105, bo jako medium posiada t\u0119 cech\u0119, \u017ce mo\u017ce by\u0107 czym\u015b u\u017cytkowym, ale te\u017c czym\u015b artystycznym. Talerz mo\u017ce le\u017ce\u0107 na stole i spe\u0142nia\u0107 swoj\u0105 funkcj\u0119 u\u017cytkow\u0105, ale te\u017c mo\u017ce wisie\u0107 na \u015bcianie, gdzie zamienia si\u0119 w obraz.&#8221; W&nbsp;jego tw\u00f3rczo\u015bci granice mi\u0119dzy wzornictwem, rzemios\u0142em i&nbsp;rze\u017ab\u0105 w\u0142a\u015bciwie nie istniej\u0105. Spotkanie z&nbsp;Markiem Cecu\u0142\u0105 to intelektualna uczta: [&hellip;]<\/p>\n","protected":false},"author":2,"featured_media":0,"parent":0,"menu_order":0,"comment_status":"closed","ping_status":"closed","template":"template-fullwidth.php","meta":{"footnotes":""},"class_list":["post-855","page","type-page","status-publish","hentry"],"yoast_head":"<!-- This site is optimized with the Yoast SEO plugin v22.4 - https:\/\/yoast.com\/wordpress\/plugins\/seo\/ -->\n<title>Marek Cacu\u0142a - nowymodel.org<\/title>\n<meta name=\"description\" content=\"W\u00a0jego tw\u00f3rczo\u015bci granice mi\u0119dzy wzornictwem, rzemios\u0142em i\u00a0rze\u017ab\u0105 w\u0142a\u015bciwie nie istniej\u0105. W\u00a02012 roku otworzy\u0142 Design Centrum Kielce, a\u00a0rok p\u00f3\u017aniej \u0106miel\u00f3w Design Studio\" \/>\n<meta name=\"robots\" content=\"index, follow, max-snippet:-1, max-image-preview:large, max-video-preview:-1\" \/>\n<link rel=\"canonical\" href=\"https:\/\/nowymodel.org\/en\/marek-cacula\/\" \/>\n<meta property=\"og:locale\" content=\"en_GB\" \/>\n<meta property=\"og:type\" content=\"article\" \/>\n<meta property=\"og:title\" content=\"Marek Cacu\u0142a - nowymodel.org\" \/>\n<meta property=\"og:description\" content=\"W\u00a0jego tw\u00f3rczo\u015bci granice mi\u0119dzy wzornictwem, rzemios\u0142em i\u00a0rze\u017ab\u0105 w\u0142a\u015bciwie nie istniej\u0105. W\u00a02012 roku otworzy\u0142 Design Centrum Kielce, a\u00a0rok p\u00f3\u017aniej \u0106miel\u00f3w Design Studio\" \/>\n<meta property=\"og:url\" content=\"https:\/\/nowymodel.org\/en\/marek-cacula\/\" \/>\n<meta property=\"og:site_name\" content=\"nowymodel.org\" \/>\n<meta property=\"article:modified_time\" content=\"2022-05-19T13:58:04+00:00\" \/>\n<meta property=\"og:image\" content=\"https:\/\/nowymodel.org\/wp-content\/uploads\/2022\/03\/marek_cecula_ag_portret_.jpg\" \/>\n<meta name=\"twitter:card\" content=\"summary_large_image\" \/>\n<meta name=\"twitter:label1\" content=\"Estimated reading time\" \/>\n\t<meta name=\"twitter:data1\" content=\"3 minutes\" \/>\n<script type=\"application\/ld+json\" class=\"yoast-schema-graph\">{\"@context\":\"https:\/\/schema.org\",\"@graph\":[{\"@type\":\"WebPage\",\"@id\":\"https:\/\/nowymodel.org\/marek-cacula\/\",\"url\":\"https:\/\/nowymodel.org\/marek-cacula\/\",\"name\":\"Marek Cacu\u0142a - nowymodel.org\",\"isPartOf\":{\"@id\":\"https:\/\/nowymodel.org\/#website\"},\"primaryImageOfPage\":{\"@id\":\"https:\/\/nowymodel.org\/marek-cacula\/#primaryimage\"},\"image\":{\"@id\":\"https:\/\/nowymodel.org\/marek-cacula\/#primaryimage\"},\"thumbnailUrl\":\"https:\/\/nowymodel.org\/wp-content\/uploads\/2022\/03\/marek_cecula_ag_portret_.jpg\",\"datePublished\":\"2022-03-29T13:54:18+00:00\",\"dateModified\":\"2022-05-19T13:58:04+00:00\",\"description\":\"W\u00a0jego tw\u00f3rczo\u015bci granice mi\u0119dzy wzornictwem, rzemios\u0142em i\u00a0rze\u017ab\u0105 w\u0142a\u015bciwie nie istniej\u0105. W\u00a02012 roku otworzy\u0142 Design Centrum Kielce, a\u00a0rok p\u00f3\u017aniej \u0106miel\u00f3w Design Studio\",\"inLanguage\":\"en-GB\",\"potentialAction\":[{\"@type\":\"ReadAction\",\"target\":[\"https:\/\/nowymodel.org\/marek-cacula\/\"]}]},{\"@type\":\"ImageObject\",\"inLanguage\":\"en-GB\",\"@id\":\"https:\/\/nowymodel.org\/marek-cacula\/#primaryimage\",\"url\":\"https:\/\/nowymodel.org\/wp-content\/uploads\/2022\/03\/marek_cecula_ag_portret_.jpg\",\"contentUrl\":\"https:\/\/nowymodel.org\/wp-content\/uploads\/2022\/03\/marek_cecula_ag_portret_.jpg\"},{\"@type\":\"WebSite\",\"@id\":\"https:\/\/nowymodel.org\/#website\",\"url\":\"https:\/\/nowymodel.org\/\",\"name\":\"nowymodel.org\",\"description\":\"\",\"potentialAction\":[{\"@type\":\"SearchAction\",\"target\":{\"@type\":\"EntryPoint\",\"urlTemplate\":\"https:\/\/nowymodel.org\/?s={search_term_string}\"},\"query-input\":\"required name=search_term_string\"}],\"inLanguage\":\"en-GB\"}]}<\/script>\n<!-- \/ Yoast SEO plugin. -->","yoast_head_json":{"title":"Marek Cacu\u0142a - nowymodel.org","description":"W\u00a0jego tw\u00f3rczo\u015bci granice mi\u0119dzy wzornictwem, rzemios\u0142em i\u00a0rze\u017ab\u0105 w\u0142a\u015bciwie nie istniej\u0105. W\u00a02012 roku otworzy\u0142 Design Centrum Kielce, a\u00a0rok p\u00f3\u017aniej \u0106miel\u00f3w Design Studio","robots":{"index":"index","follow":"follow","max-snippet":"max-snippet:-1","max-image-preview":"max-image-preview:large","max-video-preview":"max-video-preview:-1"},"canonical":"https:\/\/nowymodel.org\/en\/marek-cacula\/","og_locale":"en_GB","og_type":"article","og_title":"Marek Cacu\u0142a - nowymodel.org","og_description":"W\u00a0jego tw\u00f3rczo\u015bci granice mi\u0119dzy wzornictwem, rzemios\u0142em i\u00a0rze\u017ab\u0105 w\u0142a\u015bciwie nie istniej\u0105. W\u00a02012 roku otworzy\u0142 Design Centrum Kielce, a\u00a0rok p\u00f3\u017aniej \u0106miel\u00f3w Design Studio","og_url":"https:\/\/nowymodel.org\/en\/marek-cacula\/","og_site_name":"nowymodel.org","article_modified_time":"2022-05-19T13:58:04+00:00","og_image":[{"url":"https:\/\/nowymodel.org\/wp-content\/uploads\/2022\/03\/marek_cecula_ag_portret_.jpg"}],"twitter_card":"summary_large_image","twitter_misc":{"Estimated reading time":"3 minutes"},"schema":{"@context":"https:\/\/schema.org","@graph":[{"@type":"WebPage","@id":"https:\/\/nowymodel.org\/marek-cacula\/","url":"https:\/\/nowymodel.org\/marek-cacula\/","name":"Marek Cacu\u0142a - nowymodel.org","isPartOf":{"@id":"https:\/\/nowymodel.org\/#website"},"primaryImageOfPage":{"@id":"https:\/\/nowymodel.org\/marek-cacula\/#primaryimage"},"image":{"@id":"https:\/\/nowymodel.org\/marek-cacula\/#primaryimage"},"thumbnailUrl":"https:\/\/nowymodel.org\/wp-content\/uploads\/2022\/03\/marek_cecula_ag_portret_.jpg","datePublished":"2022-03-29T13:54:18+00:00","dateModified":"2022-05-19T13:58:04+00:00","description":"W\u00a0jego tw\u00f3rczo\u015bci granice mi\u0119dzy wzornictwem, rzemios\u0142em i\u00a0rze\u017ab\u0105 w\u0142a\u015bciwie nie istniej\u0105. W\u00a02012 roku otworzy\u0142 Design Centrum Kielce, a\u00a0rok p\u00f3\u017aniej \u0106miel\u00f3w Design Studio","inLanguage":"en-GB","potentialAction":[{"@type":"ReadAction","target":["https:\/\/nowymodel.org\/marek-cacula\/"]}]},{"@type":"ImageObject","inLanguage":"en-GB","@id":"https:\/\/nowymodel.org\/marek-cacula\/#primaryimage","url":"https:\/\/nowymodel.org\/wp-content\/uploads\/2022\/03\/marek_cecula_ag_portret_.jpg","contentUrl":"https:\/\/nowymodel.org\/wp-content\/uploads\/2022\/03\/marek_cecula_ag_portret_.jpg"},{"@type":"WebSite","@id":"https:\/\/nowymodel.org\/#website","url":"https:\/\/nowymodel.org\/","name":"nowymodel.org","description":"","potentialAction":[{"@type":"SearchAction","target":{"@type":"EntryPoint","urlTemplate":"https:\/\/nowymodel.org\/?s={search_term_string}"},"query-input":"required name=search_term_string"}],"inLanguage":"en-GB"}]}},"_links":{"self":[{"href":"https:\/\/nowymodel.org\/en\/wp-json\/wp\/v2\/pages\/855","targetHints":{"allow":["GET"]}}],"collection":[{"href":"https:\/\/nowymodel.org\/en\/wp-json\/wp\/v2\/pages"}],"about":[{"href":"https:\/\/nowymodel.org\/en\/wp-json\/wp\/v2\/types\/page"}],"author":[{"embeddable":true,"href":"https:\/\/nowymodel.org\/en\/wp-json\/wp\/v2\/users\/2"}],"replies":[{"embeddable":true,"href":"https:\/\/nowymodel.org\/en\/wp-json\/wp\/v2\/comments?post=855"}],"version-history":[{"count":8,"href":"https:\/\/nowymodel.org\/en\/wp-json\/wp\/v2\/pages\/855\/revisions"}],"predecessor-version":[{"id":13036,"href":"https:\/\/nowymodel.org\/en\/wp-json\/wp\/v2\/pages\/855\/revisions\/13036"}],"wp:attachment":[{"href":"https:\/\/nowymodel.org\/en\/wp-json\/wp\/v2\/media?parent=855"}],"curies":[{"name":"wp","href":"https:\/\/api.w.org\/{rel}","templated":true}]}}