{"id":852,"date":"2022-03-28T13:52:09","date_gmt":"2022-03-28T11:52:09","guid":{"rendered":"https:\/\/nowymodel.org\/?page_id=852"},"modified":"2023-11-30T12:34:30","modified_gmt":"2023-11-30T11:34:30","slug":"tomasz-augustyniak","status":"publish","type":"page","link":"https:\/\/nowymodel.org\/en\/tomasz-augustyniak\/","title":{"rendered":"Tomasz Augustyniak"},"content":{"rendered":"<div class=\"wp-block-cover alignfull\" style=\"min-height:445px;aspect-ratio:unset;\"><span aria-hidden=\"true\" class=\"wp-block-cover__background has-background-dim-20 has-background-dim\" style=\"background-color:#000000\"><\/span><div class=\"wp-block-cover__inner-container is-layout-flow wp-block-cover-is-layout-flow\">\n<div class=\"wp-block-columns is-layout-flex wp-container-core-columns-is-layout-9d6595d7 wp-block-columns-is-layout-flex\">\n<div class=\"wp-block-column is-layout-flow wp-block-column-is-layout-flow\">\n<h2 class=\"wp-block-heading alignwide has-text-align-center has-white-color has-text-color\" id=\"we-re-a-studio-in-berlin-with-an-international-practice-in-architecture-urban-planning-and-interior-design-we-believe-in-sharing-knowledge-and-promoting-dialogue-to-increase-the-creative-potential-of-collaboration\" style=\"font-size:48px;line-height:1.1\"><strong>Tomasz Augustyniak<\/strong><\/h2>\n\n\n\n<p class=\"has-text-align-center has-luminous-vivid-amber-color has-text-color\" style=\"text-transform:lowercase\"> interior design<\/p>\n<\/div>\n<\/div>\n<\/div><\/div>\n\n\n\n<div style=\"height:100px\" aria-hidden=\"true\" class=\"wp-block-spacer\"><\/div>\n\n\n\n<div class=\"wp-block-columns is-layout-flex wp-container-core-columns-is-layout-9d6595d7 wp-block-columns-is-layout-flex\">\n<div class=\"wp-block-column is-layout-flow wp-block-column-is-layout-flow\">\n<blockquote class=\"wp-block-quote is-layout-flow wp-block-quote-is-layout-flow\">\n<p><\/p>\n<\/blockquote>\n\n\n\n<p> Graduate of the Academy of Fine Arts in Poznan, Faculty of Interior Design and Industrial Design.<\/p>\n\n\n\n<p>Since 1993 he has worked as an independent designer. He cooperated with Grupa START,<br> z\u00a0ABP WZORNIK, Marbet Style, Delivie, Instytut Informatyki Politechniki Pozna\u0144skiej, ADE LINE S.A., Leroy Merlin, Fabryka Mebli \u201eNOTI\u201d, Producent Mebli Tapicerowanych \u201eLarsay\u201d, Producent Mebli Tapicerowanych \u201eCOMFORTY Ltd\u201d, Fabryka Krzese\u0142 Biurowych \u201ePROFIm\u201d, Fabryka Krzese\u0142 Biurowych \u201eNowy Styl\u201d, Fabryka Mebli Biurowych \u201eMIKOMAX\u201d, Fabryka Mebli Biurowych \u201eBALMA\u201d, \u201eADRIANA S.A.\u201d,Fabryka Mebli \u201eA i B\u201d, Swarz\u0119dz Meble S.A., Jaroci\u0144skie Fabryki Mebli, Zak\u0142ad Ceramiki Sanitarnej \u201eCersan\u201d, Tascoprojekt, Fabryka Krzese\u0142 Biurowych \u201eHEJS\u201d, Huta Szk\u0142a IRENA SA, Pracownia Kowalstwa Artystycznego \u201eDECO\u201d, ITAL SYSTEM sp. z o.o., Media Solutions sp. z o.o., Stowarzyszenie InterCity.<\/p>\n<\/div>\n\n\n\n<div class=\"wp-block-column is-layout-flow wp-block-column-is-layout-flow\">\n<figure class=\"wp-block-image size-full\"><img fetchpriority=\"high\" decoding=\"async\" width=\"617\" height=\"927\" src=\"https:\/\/nowymodel.org\/wp-content\/uploads\/2022\/03\/Tomek-Augustyniak-fot.-Lidia-Skuza.jpg\" alt=\"\" class=\"wp-image-859\" srcset=\"https:\/\/nowymodel.org\/wp-content\/uploads\/2022\/03\/Tomek-Augustyniak-fot.-Lidia-Skuza.jpg 617w, https:\/\/nowymodel.org\/wp-content\/uploads\/2022\/03\/Tomek-Augustyniak-fot.-Lidia-Skuza-200x300.jpg 200w, https:\/\/nowymodel.org\/wp-content\/uploads\/2022\/03\/Tomek-Augustyniak-fot.-Lidia-Skuza-8x12.jpg 8w, https:\/\/nowymodel.org\/wp-content\/uploads\/2022\/03\/Tomek-Augustyniak-fot.-Lidia-Skuza-416x625.jpg 416w\" sizes=\"(max-width: 617px) 100vw, 617px\" \/><\/figure>\n<\/div>\n<\/div>\n\n\n\n<div style=\"height:100px\" aria-hidden=\"true\" class=\"wp-block-spacer\"><\/div>\n\n\n\n<div style=\"height:0px\" aria-hidden=\"true\" class=\"wp-block-spacer\"><\/div>\n\n\n\n<div class=\"wp-block-group alignfull has-black-color has-text-color has-background has-link-color wp-elements-03c3f261f0fe0c1ae70242c3b68ae09b\" style=\"background-color:#d2cdc7\"><div class=\"wp-block-group__inner-container is-layout-flow wp-block-group-is-layout-flow\">\n<h2 class=\"wp-block-heading alignwide has-text-align-center has-white-color has-text-color\" style=\"font-size:46px;font-weight:400;line-height:1.1\">Designer products<\/h2>\n<\/div><\/div>\n\n\n\n<div style=\"height:100px\" aria-hidden=\"true\" class=\"wp-block-spacer\"><\/div>\n\n\n\n<p><\/p>","protected":false},"excerpt":{"rendered":"<p>Absolwent Pozna\u0144skiego ASP, Wydzia\u0142u Architektury Wn\u0119trz i&nbsp;Wzornictwa Przemys\u0142owego. Od 1993 pracuje jako niezale\u017cny projektant. Wsp\u00f3\u0142pracowa\u0142 w Grupa START, z\u00a0ABP WZORNIK, Marbet Style, Delivie, Instytut Informatyki Politechniki Pozna\u0144skiej, ADE LINE S.A., Leroy Merlin, Fabryka Mebli \u201eNOTI\u201d, Producent Mebli Tapicerowanych \u201eLarsay\u201d, Producent Mebli Tapicerowanych \u201eCOMFORTY Ltd\u201d, Fabryka Krzese\u0142 Biurowych \u201ePROFIm\u201d, Fabryka Krzese\u0142 Biurowych \u201eNowy Styl\u201d, Fabryka Mebli [&hellip;]<\/p>\n","protected":false},"author":2,"featured_media":0,"parent":0,"menu_order":0,"comment_status":"closed","ping_status":"closed","template":"template-fullwidth.php","meta":{"footnotes":""},"class_list":["post-852","page","type-page","status-publish","hentry"],"yoast_head":"<!-- This site is optimized with the Yoast SEO plugin v22.4 - https:\/\/yoast.com\/wordpress\/plugins\/seo\/ -->\n<title>Tomasz Augustyniak - nowymodel.org<\/title>\n<meta name=\"description\" content=\"Absolwent Pozna\u0144skiego ASP, Wydzia\u0142u Architektury Wn\u0119trz i\u00a0Wzornictwa Przemys\u0142owego. Od 1993 pracuje jako niezale\u017cny projektant.\" \/>\n<meta name=\"robots\" content=\"index, follow, max-snippet:-1, max-image-preview:large, max-video-preview:-1\" \/>\n<link rel=\"canonical\" href=\"https:\/\/nowymodel.org\/en\/tomasz-augustyniak\/\" \/>\n<meta property=\"og:locale\" content=\"en_GB\" \/>\n<meta property=\"og:type\" content=\"article\" \/>\n<meta property=\"og:title\" content=\"Tomasz Augustyniak - nowymodel.org\" \/>\n<meta property=\"og:description\" content=\"Absolwent Pozna\u0144skiego ASP, Wydzia\u0142u Architektury Wn\u0119trz i\u00a0Wzornictwa Przemys\u0142owego. Od 1993 pracuje jako niezale\u017cny projektant.\" \/>\n<meta property=\"og:url\" content=\"https:\/\/nowymodel.org\/en\/tomasz-augustyniak\/\" \/>\n<meta property=\"og:site_name\" content=\"nowymodel.org\" \/>\n<meta property=\"article:modified_time\" content=\"2023-11-30T11:34:30+00:00\" \/>\n<meta property=\"og:image\" content=\"https:\/\/nowymodel.org\/wp-content\/uploads\/2022\/03\/Tomek-Augustyniak-fot.-Lidia-Skuza.jpg\" \/>\n<meta name=\"twitter:card\" content=\"summary_large_image\" \/>\n<meta name=\"twitter:label1\" content=\"Estimated reading time\" \/>\n\t<meta name=\"twitter:data1\" content=\"1 minute\" \/>\n<script type=\"application\/ld+json\" class=\"yoast-schema-graph\">{\"@context\":\"https:\/\/schema.org\",\"@graph\":[{\"@type\":\"WebPage\",\"@id\":\"https:\/\/nowymodel.org\/tomasz-augustyniak\/\",\"url\":\"https:\/\/nowymodel.org\/tomasz-augustyniak\/\",\"name\":\"Tomasz Augustyniak - nowymodel.org\",\"isPartOf\":{\"@id\":\"https:\/\/nowymodel.org\/#website\"},\"primaryImageOfPage\":{\"@id\":\"https:\/\/nowymodel.org\/tomasz-augustyniak\/#primaryimage\"},\"image\":{\"@id\":\"https:\/\/nowymodel.org\/tomasz-augustyniak\/#primaryimage\"},\"thumbnailUrl\":\"https:\/\/nowymodel.org\/wp-content\/uploads\/2022\/03\/Tomek-Augustyniak-fot.-Lidia-Skuza.jpg\",\"datePublished\":\"2022-03-28T11:52:09+00:00\",\"dateModified\":\"2023-11-30T11:34:30+00:00\",\"description\":\"Absolwent Pozna\u0144skiego ASP, Wydzia\u0142u Architektury Wn\u0119trz i\u00a0Wzornictwa Przemys\u0142owego. Od 1993 pracuje jako niezale\u017cny projektant.\",\"inLanguage\":\"en-GB\",\"potentialAction\":[{\"@type\":\"ReadAction\",\"target\":[\"https:\/\/nowymodel.org\/tomasz-augustyniak\/\"]}]},{\"@type\":\"ImageObject\",\"inLanguage\":\"en-GB\",\"@id\":\"https:\/\/nowymodel.org\/tomasz-augustyniak\/#primaryimage\",\"url\":\"https:\/\/nowymodel.org\/wp-content\/uploads\/2022\/03\/Tomek-Augustyniak-fot.-Lidia-Skuza.jpg\",\"contentUrl\":\"https:\/\/nowymodel.org\/wp-content\/uploads\/2022\/03\/Tomek-Augustyniak-fot.-Lidia-Skuza.jpg\"},{\"@type\":\"WebSite\",\"@id\":\"https:\/\/nowymodel.org\/#website\",\"url\":\"https:\/\/nowymodel.org\/\",\"name\":\"nowymodel.org\",\"description\":\"\",\"potentialAction\":[{\"@type\":\"SearchAction\",\"target\":{\"@type\":\"EntryPoint\",\"urlTemplate\":\"https:\/\/nowymodel.org\/?s={search_term_string}\"},\"query-input\":\"required name=search_term_string\"}],\"inLanguage\":\"en-GB\"}]}<\/script>\n<!-- \/ Yoast SEO plugin. -->","yoast_head_json":{"title":"Tomasz Augustyniak - nowymodel.org","description":"Absolwent Pozna\u0144skiego ASP, Wydzia\u0142u Architektury Wn\u0119trz i\u00a0Wzornictwa Przemys\u0142owego. Od 1993 pracuje jako niezale\u017cny projektant.","robots":{"index":"index","follow":"follow","max-snippet":"max-snippet:-1","max-image-preview":"max-image-preview:large","max-video-preview":"max-video-preview:-1"},"canonical":"https:\/\/nowymodel.org\/en\/tomasz-augustyniak\/","og_locale":"en_GB","og_type":"article","og_title":"Tomasz Augustyniak - nowymodel.org","og_description":"Absolwent Pozna\u0144skiego ASP, Wydzia\u0142u Architektury Wn\u0119trz i\u00a0Wzornictwa Przemys\u0142owego. Od 1993 pracuje jako niezale\u017cny projektant.","og_url":"https:\/\/nowymodel.org\/en\/tomasz-augustyniak\/","og_site_name":"nowymodel.org","article_modified_time":"2023-11-30T11:34:30+00:00","og_image":[{"url":"https:\/\/nowymodel.org\/wp-content\/uploads\/2022\/03\/Tomek-Augustyniak-fot.-Lidia-Skuza.jpg"}],"twitter_card":"summary_large_image","twitter_misc":{"Estimated reading time":"1 minute"},"schema":{"@context":"https:\/\/schema.org","@graph":[{"@type":"WebPage","@id":"https:\/\/nowymodel.org\/tomasz-augustyniak\/","url":"https:\/\/nowymodel.org\/tomasz-augustyniak\/","name":"Tomasz Augustyniak - nowymodel.org","isPartOf":{"@id":"https:\/\/nowymodel.org\/#website"},"primaryImageOfPage":{"@id":"https:\/\/nowymodel.org\/tomasz-augustyniak\/#primaryimage"},"image":{"@id":"https:\/\/nowymodel.org\/tomasz-augustyniak\/#primaryimage"},"thumbnailUrl":"https:\/\/nowymodel.org\/wp-content\/uploads\/2022\/03\/Tomek-Augustyniak-fot.-Lidia-Skuza.jpg","datePublished":"2022-03-28T11:52:09+00:00","dateModified":"2023-11-30T11:34:30+00:00","description":"Absolwent Pozna\u0144skiego ASP, Wydzia\u0142u Architektury Wn\u0119trz i\u00a0Wzornictwa Przemys\u0142owego. Od 1993 pracuje jako niezale\u017cny projektant.","inLanguage":"en-GB","potentialAction":[{"@type":"ReadAction","target":["https:\/\/nowymodel.org\/tomasz-augustyniak\/"]}]},{"@type":"ImageObject","inLanguage":"en-GB","@id":"https:\/\/nowymodel.org\/tomasz-augustyniak\/#primaryimage","url":"https:\/\/nowymodel.org\/wp-content\/uploads\/2022\/03\/Tomek-Augustyniak-fot.-Lidia-Skuza.jpg","contentUrl":"https:\/\/nowymodel.org\/wp-content\/uploads\/2022\/03\/Tomek-Augustyniak-fot.-Lidia-Skuza.jpg"},{"@type":"WebSite","@id":"https:\/\/nowymodel.org\/#website","url":"https:\/\/nowymodel.org\/","name":"nowymodel.org","description":"","potentialAction":[{"@type":"SearchAction","target":{"@type":"EntryPoint","urlTemplate":"https:\/\/nowymodel.org\/?s={search_term_string}"},"query-input":"required name=search_term_string"}],"inLanguage":"en-GB"}]}},"_links":{"self":[{"href":"https:\/\/nowymodel.org\/en\/wp-json\/wp\/v2\/pages\/852","targetHints":{"allow":["GET"]}}],"collection":[{"href":"https:\/\/nowymodel.org\/en\/wp-json\/wp\/v2\/pages"}],"about":[{"href":"https:\/\/nowymodel.org\/en\/wp-json\/wp\/v2\/types\/page"}],"author":[{"embeddable":true,"href":"https:\/\/nowymodel.org\/en\/wp-json\/wp\/v2\/users\/2"}],"replies":[{"embeddable":true,"href":"https:\/\/nowymodel.org\/en\/wp-json\/wp\/v2\/comments?post=852"}],"version-history":[{"count":8,"href":"https:\/\/nowymodel.org\/en\/wp-json\/wp\/v2\/pages\/852\/revisions"}],"predecessor-version":[{"id":24283,"href":"https:\/\/nowymodel.org\/en\/wp-json\/wp\/v2\/pages\/852\/revisions\/24283"}],"wp:attachment":[{"href":"https:\/\/nowymodel.org\/en\/wp-json\/wp\/v2\/media?parent=852"}],"curies":[{"name":"wp","href":"https:\/\/api.w.org\/{rel}","templated":true}]}}