{"id":847,"date":"2022-03-28T13:44:17","date_gmt":"2022-03-28T11:44:17","guid":{"rendered":"https:\/\/nowymodel.org\/?page_id=847"},"modified":"2023-11-30T12:32:40","modified_gmt":"2023-11-30T11:32:40","slug":"michal-kowalski","status":"publish","type":"page","link":"https:\/\/nowymodel.org\/en\/michal-kowalski\/","title":{"rendered":"Micha\u0142 Kowalski"},"content":{"rendered":"<div class=\"wp-block-cover alignfull\" style=\"min-height:445px;aspect-ratio:unset;\"><span aria-hidden=\"true\" class=\"wp-block-cover__background has-background-dim-20 has-background-dim\" style=\"background-color:#000000\"><\/span><div class=\"wp-block-cover__inner-container is-layout-flow wp-block-cover-is-layout-flow\">\n<div class=\"wp-block-columns is-layout-flex wp-container-core-columns-is-layout-9d6595d7 wp-block-columns-is-layout-flex\">\n<div class=\"wp-block-column is-layout-flow wp-block-column-is-layout-flow\">\n<h2 class=\"wp-block-heading alignwide has-text-align-center has-white-color has-text-color\" id=\"we-re-a-studio-in-berlin-with-an-international-practice-in-architecture-urban-planning-and-interior-design-we-believe-in-sharing-knowledge-and-promoting-dialogue-to-increase-the-creative-potential-of-collaboration\" style=\"font-size:48px;line-height:1.1\"><strong>Micha\u0142 Kowalski<\/strong><\/h2>\n\n\n\n<p class=\"has-text-align-center has-luminous-vivid-amber-color has-text-color\" style=\"text-transform:lowercase\"> design<\/p>\n<\/div>\n<\/div>\n<\/div><\/div>\n\n\n\n<div style=\"height:100px\" aria-hidden=\"true\" class=\"wp-block-spacer\"><\/div>\n\n\n\n<div class=\"wp-block-columns is-layout-flex wp-container-core-columns-is-layout-9d6595d7 wp-block-columns-is-layout-flex\">\n<div class=\"wp-block-column is-layout-flow wp-block-column-is-layout-flow\">\n<blockquote class=\"wp-block-quote is-layout-flow wp-block-quote-is-layout-flow\">\n<p>\"My latest projects are aimed at people who love wind, water and... interesting ideas.<\/p>\n<\/blockquote>\n\n\n\n<p>Designer of furniture, exhibition stands, interiors and graphics. He experiments with textile furniture, organic forms, hi-tech materials, sewing and combining different materials used in sailing, windsurfing, aviation...<\/p>\n\n\n\n<p>He graduated from the Faculty of Interior and Industrial Design of the Academy of Fine Arts in Poznan. For several years he cooperated with the Academy as a lecturer and co-leader of the Computer Aided Design Studio.<\/p>\n\n\n\n<p>He has experience in artistic furniture carpentry, and learned service of professional CNC metalworking machines. He worked as a service engineer at Abplanalp, one of Central Europe's largest suppliers of modern metalworking technology.<\/p>\n\n\n\n<p>Awarded the Acanthus Aureus diploma of the Pozna\u0144 International Fair for his exhibition projects.<\/p>\n\n\n\n<p>Privately an extreme sports enthusiast and windsurfing instructor. From this sport activity he draws inspiration as a designer.<\/p>\n<\/div>\n\n\n\n<div class=\"wp-block-column is-layout-flow wp-block-column-is-layout-flow\">\n<figure class=\"wp-block-image size-full\"><img fetchpriority=\"high\" decoding=\"async\" width=\"622\" height=\"414\" src=\"https:\/\/nowymodel.org\/wp-content\/uploads\/2022\/04\/umysl_filc_2.jpg\" alt=\"\" class=\"wp-image-11872\" srcset=\"https:\/\/nowymodel.org\/wp-content\/uploads\/2022\/04\/umysl_filc_2.jpg 622w, https:\/\/nowymodel.org\/wp-content\/uploads\/2022\/04\/umysl_filc_2-300x200.jpg 300w, https:\/\/nowymodel.org\/wp-content\/uploads\/2022\/04\/umysl_filc_2-18x12.jpg 18w, https:\/\/nowymodel.org\/wp-content\/uploads\/2022\/04\/umysl_filc_2-416x277.jpg 416w\" sizes=\"(max-width: 622px) 100vw, 622px\" \/><\/figure>\n<\/div>\n<\/div>\n\n\n\n<div style=\"height:100px\" aria-hidden=\"true\" class=\"wp-block-spacer\"><\/div>\n\n\n\n<div style=\"height:0px\" aria-hidden=\"true\" class=\"wp-block-spacer\"><\/div>\n\n\n\n<div class=\"wp-block-group alignfull has-black-color has-text-color has-background has-link-color wp-elements-03c3f261f0fe0c1ae70242c3b68ae09b\" style=\"background-color:#d2cdc7\"><div class=\"wp-block-group__inner-container is-layout-flow wp-block-group-is-layout-flow\">\n<h2 class=\"wp-block-heading alignwide has-text-align-center has-white-color has-text-color\" style=\"font-size:46px;font-weight:400;line-height:1.1\">Designer products<\/h2>\n<\/div><\/div>\n\n\n\n<div style=\"height:100px\" aria-hidden=\"true\" class=\"wp-block-spacer\"><\/div>\n\n\n\n<p><\/p>","protected":false},"excerpt":{"rendered":"<p>\u201eMoje najnowsze projekty s\u0105 adresowane do ludzi, kt\u00f3rzy kochaj\u0105 wiatr, wod\u0119 oraz\u2026 ciekawe pomys\u0142y\u201d. Projektant mebli, stoisk targowych, wn\u0119trz i&nbsp;grafiki. Eksperymentuje z&nbsp;meblem tekstylnym, formami organicznymi, materia\u0142ami hi-tech, szyciem i&nbsp;\u0142\u0105czeniem r\u00f3\u017cnych materia\u0142\u00f3w stosowanych w&nbsp;\u017ceglarstwie, windsurfingu, lotnictwie\u2026 Studia uko\u0144czy\u0142 na Wydziale Architektury Wn\u0119trz i&nbsp;Wzornictwa Przemys\u0142owego ASP w&nbsp;Poznaniu. Kilka lat wsp\u00f3\u0142pracowa\u0142 z&nbsp;uczelni\u0105 jako wyk\u0142adowca i&nbsp;wsp\u00f3\u0142prowadz\u0105cy Pracowni\u0119 Komputerowego Wspomagania [&hellip;]<\/p>\n","protected":false},"author":2,"featured_media":0,"parent":0,"menu_order":0,"comment_status":"closed","ping_status":"closed","template":"template-fullwidth.php","meta":{"footnotes":""},"class_list":["post-847","page","type-page","status-publish","hentry"],"yoast_head":"<!-- This site is optimized with the Yoast SEO plugin v22.4 - https:\/\/yoast.com\/wordpress\/plugins\/seo\/ -->\n<title>Micha\u0142 Kowalski - nowymodel.org<\/title>\n<meta name=\"description\" content=\"Projektant mebli, stoisk targowych, wn\u0119trz i\u00a0grafiki. Eksperymentuje z\u00a0meblem tekstylnym czy formami organicznymi.\" \/>\n<meta name=\"robots\" content=\"index, follow, max-snippet:-1, max-image-preview:large, max-video-preview:-1\" \/>\n<link rel=\"canonical\" href=\"https:\/\/nowymodel.org\/en\/michal-kowalski\/\" \/>\n<meta property=\"og:locale\" content=\"en_GB\" \/>\n<meta property=\"og:type\" content=\"article\" \/>\n<meta property=\"og:title\" content=\"Micha\u0142 Kowalski - nowymodel.org\" \/>\n<meta property=\"og:description\" content=\"Projektant mebli, stoisk targowych, wn\u0119trz i\u00a0grafiki. Eksperymentuje z\u00a0meblem tekstylnym czy formami organicznymi.\" \/>\n<meta property=\"og:url\" content=\"https:\/\/nowymodel.org\/en\/michal-kowalski\/\" \/>\n<meta property=\"og:site_name\" content=\"nowymodel.org\" \/>\n<meta property=\"article:modified_time\" content=\"2023-11-30T11:32:40+00:00\" \/>\n<meta property=\"og:image\" content=\"https:\/\/nowymodel.org\/wp-content\/uploads\/2022\/04\/umysl_filc_2.jpg\" \/>\n<meta name=\"twitter:card\" content=\"summary_large_image\" \/>\n<meta name=\"twitter:label1\" content=\"Estimated reading time\" \/>\n\t<meta name=\"twitter:data1\" content=\"1 minute\" \/>\n<script type=\"application\/ld+json\" class=\"yoast-schema-graph\">{\"@context\":\"https:\/\/schema.org\",\"@graph\":[{\"@type\":\"WebPage\",\"@id\":\"https:\/\/nowymodel.org\/michal-kowalski\/\",\"url\":\"https:\/\/nowymodel.org\/michal-kowalski\/\",\"name\":\"Micha\u0142 Kowalski - nowymodel.org\",\"isPartOf\":{\"@id\":\"https:\/\/nowymodel.org\/#website\"},\"primaryImageOfPage\":{\"@id\":\"https:\/\/nowymodel.org\/michal-kowalski\/#primaryimage\"},\"image\":{\"@id\":\"https:\/\/nowymodel.org\/michal-kowalski\/#primaryimage\"},\"thumbnailUrl\":\"https:\/\/nowymodel.org\/wp-content\/uploads\/2022\/04\/umysl_filc_2.jpg\",\"datePublished\":\"2022-03-28T11:44:17+00:00\",\"dateModified\":\"2023-11-30T11:32:40+00:00\",\"description\":\"Projektant mebli, stoisk targowych, wn\u0119trz i\u00a0grafiki. Eksperymentuje z\u00a0meblem tekstylnym czy formami organicznymi.\",\"inLanguage\":\"en-GB\",\"potentialAction\":[{\"@type\":\"ReadAction\",\"target\":[\"https:\/\/nowymodel.org\/michal-kowalski\/\"]}]},{\"@type\":\"ImageObject\",\"inLanguage\":\"en-GB\",\"@id\":\"https:\/\/nowymodel.org\/michal-kowalski\/#primaryimage\",\"url\":\"https:\/\/nowymodel.org\/wp-content\/uploads\/2022\/04\/umysl_filc_2.jpg\",\"contentUrl\":\"https:\/\/nowymodel.org\/wp-content\/uploads\/2022\/04\/umysl_filc_2.jpg\"},{\"@type\":\"WebSite\",\"@id\":\"https:\/\/nowymodel.org\/#website\",\"url\":\"https:\/\/nowymodel.org\/\",\"name\":\"nowymodel.org\",\"description\":\"\",\"potentialAction\":[{\"@type\":\"SearchAction\",\"target\":{\"@type\":\"EntryPoint\",\"urlTemplate\":\"https:\/\/nowymodel.org\/?s={search_term_string}\"},\"query-input\":\"required name=search_term_string\"}],\"inLanguage\":\"en-GB\"}]}<\/script>\n<!-- \/ Yoast SEO plugin. -->","yoast_head_json":{"title":"Micha\u0142 Kowalski - nowymodel.org","description":"Projektant mebli, stoisk targowych, wn\u0119trz i\u00a0grafiki. Eksperymentuje z\u00a0meblem tekstylnym czy formami organicznymi.","robots":{"index":"index","follow":"follow","max-snippet":"max-snippet:-1","max-image-preview":"max-image-preview:large","max-video-preview":"max-video-preview:-1"},"canonical":"https:\/\/nowymodel.org\/en\/michal-kowalski\/","og_locale":"en_GB","og_type":"article","og_title":"Micha\u0142 Kowalski - nowymodel.org","og_description":"Projektant mebli, stoisk targowych, wn\u0119trz i\u00a0grafiki. Eksperymentuje z\u00a0meblem tekstylnym czy formami organicznymi.","og_url":"https:\/\/nowymodel.org\/en\/michal-kowalski\/","og_site_name":"nowymodel.org","article_modified_time":"2023-11-30T11:32:40+00:00","og_image":[{"url":"https:\/\/nowymodel.org\/wp-content\/uploads\/2022\/04\/umysl_filc_2.jpg"}],"twitter_card":"summary_large_image","twitter_misc":{"Estimated reading time":"1 minute"},"schema":{"@context":"https:\/\/schema.org","@graph":[{"@type":"WebPage","@id":"https:\/\/nowymodel.org\/michal-kowalski\/","url":"https:\/\/nowymodel.org\/michal-kowalski\/","name":"Micha\u0142 Kowalski - nowymodel.org","isPartOf":{"@id":"https:\/\/nowymodel.org\/#website"},"primaryImageOfPage":{"@id":"https:\/\/nowymodel.org\/michal-kowalski\/#primaryimage"},"image":{"@id":"https:\/\/nowymodel.org\/michal-kowalski\/#primaryimage"},"thumbnailUrl":"https:\/\/nowymodel.org\/wp-content\/uploads\/2022\/04\/umysl_filc_2.jpg","datePublished":"2022-03-28T11:44:17+00:00","dateModified":"2023-11-30T11:32:40+00:00","description":"Projektant mebli, stoisk targowych, wn\u0119trz i\u00a0grafiki. Eksperymentuje z\u00a0meblem tekstylnym czy formami organicznymi.","inLanguage":"en-GB","potentialAction":[{"@type":"ReadAction","target":["https:\/\/nowymodel.org\/michal-kowalski\/"]}]},{"@type":"ImageObject","inLanguage":"en-GB","@id":"https:\/\/nowymodel.org\/michal-kowalski\/#primaryimage","url":"https:\/\/nowymodel.org\/wp-content\/uploads\/2022\/04\/umysl_filc_2.jpg","contentUrl":"https:\/\/nowymodel.org\/wp-content\/uploads\/2022\/04\/umysl_filc_2.jpg"},{"@type":"WebSite","@id":"https:\/\/nowymodel.org\/#website","url":"https:\/\/nowymodel.org\/","name":"nowymodel.org","description":"","potentialAction":[{"@type":"SearchAction","target":{"@type":"EntryPoint","urlTemplate":"https:\/\/nowymodel.org\/?s={search_term_string}"},"query-input":"required name=search_term_string"}],"inLanguage":"en-GB"}]}},"_links":{"self":[{"href":"https:\/\/nowymodel.org\/en\/wp-json\/wp\/v2\/pages\/847","targetHints":{"allow":["GET"]}}],"collection":[{"href":"https:\/\/nowymodel.org\/en\/wp-json\/wp\/v2\/pages"}],"about":[{"href":"https:\/\/nowymodel.org\/en\/wp-json\/wp\/v2\/types\/page"}],"author":[{"embeddable":true,"href":"https:\/\/nowymodel.org\/en\/wp-json\/wp\/v2\/users\/2"}],"replies":[{"embeddable":true,"href":"https:\/\/nowymodel.org\/en\/wp-json\/wp\/v2\/comments?post=847"}],"version-history":[{"count":6,"href":"https:\/\/nowymodel.org\/en\/wp-json\/wp\/v2\/pages\/847\/revisions"}],"predecessor-version":[{"id":24281,"href":"https:\/\/nowymodel.org\/en\/wp-json\/wp\/v2\/pages\/847\/revisions\/24281"}],"wp:attachment":[{"href":"https:\/\/nowymodel.org\/en\/wp-json\/wp\/v2\/media?parent=847"}],"curies":[{"name":"wp","href":"https:\/\/api.w.org\/{rel}","templated":true}]}}