{"id":838,"date":"2022-03-29T15:53:27","date_gmt":"2022-03-29T13:53:27","guid":{"rendered":"https:\/\/nowymodel.org\/?page_id=838"},"modified":"2022-05-12T14:19:22","modified_gmt":"2022-05-12T12:19:22","slug":"hayka","status":"publish","type":"page","link":"https:\/\/nowymodel.org\/en\/hayka\/","title":{"rendered":"Hayka"},"content":{"rendered":"<div class=\"wp-block-cover alignfull is-light\" style=\"min-height:445px;aspect-ratio:unset;\"><span aria-hidden=\"true\" class=\"has-background-dim-20 wp-block-cover__gradient-background has-background-dim\" style=\"background-color:#000000\"><\/span><img fetchpriority=\"high\" decoding=\"async\" width=\"1440\" height=\"1440\" class=\"wp-block-cover__image-background wp-image-921\" alt=\"\" src=\"https:\/\/nowymodel.org\/wp-content\/uploads\/2022\/03\/96115033_3259919167352831_2691739636006387712_n.jpg\" style=\"object-position:31% 43%\" data-object-fit=\"cover\" data-object-position=\"31% 43%\" srcset=\"https:\/\/nowymodel.org\/wp-content\/uploads\/2022\/03\/96115033_3259919167352831_2691739636006387712_n.jpg 1440w, https:\/\/nowymodel.org\/wp-content\/uploads\/2022\/03\/96115033_3259919167352831_2691739636006387712_n-300x300.jpg 300w, https:\/\/nowymodel.org\/wp-content\/uploads\/2022\/03\/96115033_3259919167352831_2691739636006387712_n-1024x1024.jpg 1024w, https:\/\/nowymodel.org\/wp-content\/uploads\/2022\/03\/96115033_3259919167352831_2691739636006387712_n-150x150.jpg 150w, https:\/\/nowymodel.org\/wp-content\/uploads\/2022\/03\/96115033_3259919167352831_2691739636006387712_n-768x768.jpg 768w, https:\/\/nowymodel.org\/wp-content\/uploads\/2022\/03\/96115033_3259919167352831_2691739636006387712_n-12x12.jpg 12w, https:\/\/nowymodel.org\/wp-content\/uploads\/2022\/03\/96115033_3259919167352831_2691739636006387712_n-1320x1320.jpg 1320w, https:\/\/nowymodel.org\/wp-content\/uploads\/2022\/03\/96115033_3259919167352831_2691739636006387712_n-324x324.jpg 324w, https:\/\/nowymodel.org\/wp-content\/uploads\/2022\/03\/96115033_3259919167352831_2691739636006387712_n-416x416.jpg 416w, https:\/\/nowymodel.org\/wp-content\/uploads\/2022\/03\/96115033_3259919167352831_2691739636006387712_n-100x100.jpg 100w\" sizes=\"(max-width: 1440px) 100vw, 1440px\" \/><div class=\"wp-block-cover__inner-container is-layout-flow wp-block-cover-is-layout-flow\">\n<div class=\"wp-block-columns is-layout-flex wp-container-core-columns-is-layout-9d6595d7 wp-block-columns-is-layout-flex\">\n<div class=\"wp-block-column is-layout-flow wp-block-column-is-layout-flow\">\n<h2 class=\"alignwide has-text-align-center has-white-color has-text-color wp-block-heading\" id=\"we-re-a-studio-in-berlin-with-an-international-practice-in-architecture-urban-planning-and-interior-design-we-believe-in-sharing-knowledge-and-promoting-dialogue-to-increase-the-creative-potential-of-collaboration\" style=\"font-size:48px;line-height:1.1\"><strong>Hayka<\/strong><\/h2>\n\n\n\n<p class=\"has-text-align-center has-luminous-vivid-amber-color has-text-color\" style=\"text-transform:lowercase\">studio projektowe<\/p>\n<\/div>\n<\/div>\n<\/div><\/div>\n\n\n\n<div style=\"height:100px\" aria-hidden=\"true\" class=\"wp-block-spacer\"><\/div>\n\n\n\n<div class=\"wp-block-columns is-layout-flex wp-container-core-columns-is-layout-9d6595d7 wp-block-columns-is-layout-flex\">\n<div class=\"wp-block-column is-layout-flow wp-block-column-is-layout-flow\">\n<blockquote class=\"wp-block-quote is-layout-flow wp-block-quote-is-layout-flow\"><p>\"Design is a way for us to express ourselves. We talk about what amuses us, what we long for, what we fear. We don't design anything by force, just to exist. We hope that our projects will evoke long forgotten emotions and provoke discussion\".<\/p><\/blockquote>\n\n\n\n<p><\/p>\n\n\n\n<p>Ma\u0142gorzata i&nbsp;Marcin Dziembaj<\/p>\n\n\n\n<p>Founders of the Szczecin-based design studio Dizeno and creators of the HAYKA brand.<\/p>\n\n\n\n<p>A married couple, who are a creative collective representing the young generation of Polish designers. They look for inspiration in everyday, ordinary situations and problems. Their designs surprise with ingenuity and their form skillfully taps into the emotions of their audience. This is proved by numerous exhibitions and awards both in Poland and abroad.<\/p>\n\n\n\n<p>Dizeno's designs could be seen, among others, at exhibitions in Milan, Paris, Copenhagen, Stockholm, Berlin, Dresden, \u0141\u00f3d\u017a during the largest fairs and cultural events. OVO biodegradable urn is a finalist of MakeMe! competition during \u0141\u00f3d\u017a Design Festival 2012 and Design for Death organized by Designboom. The urn received an honourable mention from ELLE Decoration, was presented in Milan at the international Meet My Project exhibition during Salone del Mobile 2013 and won the main prize in the Design Open Space competition during the Wroclove Design Festival 2014. The HAYKA haystack bedding is a project which had its premiere during the Wroclove Design Festival 2013 as a finalist in the Design Open Space competition.<\/p>\n\n\n\n<p>Source: dizeno.pl<\/p>\n\n\n\n<p><\/p>\n<\/div>\n\n\n\n<div class=\"wp-block-column is-layout-flow wp-block-column-is-layout-flow\">\n<figure class=\"wp-block-image size-full\"><img decoding=\"async\" width=\"300\" height=\"400\" src=\"https:\/\/nowymodel.org\/wp-content\/uploads\/2022\/03\/300x400_German-DA.jpg\" alt=\"\" class=\"wp-image-911\" srcset=\"https:\/\/nowymodel.org\/wp-content\/uploads\/2022\/03\/300x400_German-DA.jpg 300w, https:\/\/nowymodel.org\/wp-content\/uploads\/2022\/03\/300x400_German-DA-225x300.jpg 225w, https:\/\/nowymodel.org\/wp-content\/uploads\/2022\/03\/300x400_German-DA-9x12.jpg 9w\" sizes=\"(max-width: 300px) 100vw, 300px\" \/><\/figure>\n<\/div>\n<\/div>\n\n\n\n<ul class=\"wp-block-social-links is-style-default is-layout-flex wp-block-social-links-is-layout-flex\"><li class=\"wp-social-link wp-social-link-facebook  wp-block-social-link\"><a href=\"https:\/\/www.facebook.com\/hayka.bedding\/photos\/?ref=page_internal\" class=\"wp-block-social-link-anchor\"><svg width=\"24\" height=\"24\" viewbox=\"0 0 24 24\" version=\"1.1\" xmlns=\"http:\/\/www.w3.org\/2000\/svg\" aria-hidden=\"true\" focusable=\"false\"><path d=\"M12 2C6.5 2 2 6.5 2 12c0 5 3.7 9.1 8.4 9.9v-7H7.9V12h2.5V9.8c0-2.5 1.5-3.9 3.8-3.9 1.1 0 2.2.2 2.2.2v2.5h-1.3c-1.2 0-1.6.8-1.6 1.6V12h2.8l-.4 2.9h-2.3v7C18.3 21.1 22 17 22 12c0-5.5-4.5-10-10-10z\"><\/path><\/svg><span class=\"wp-block-social-link-label screen-reader-text\">Facebook<\/span><\/a><\/li>\n\n<li class=\"wp-social-link wp-social-link-instagram  wp-block-social-link\"><a href=\"https:\/\/www.instagram.com\/hayka.bedding\/\" class=\"wp-block-social-link-anchor\"><svg width=\"24\" height=\"24\" viewbox=\"0 0 24 24\" version=\"1.1\" xmlns=\"http:\/\/www.w3.org\/2000\/svg\" aria-hidden=\"true\" focusable=\"false\"><path d=\"M12,4.622c2.403,0,2.688,0.009,3.637,0.052c0.877,0.04,1.354,0.187,1.671,0.31c0.42,0.163,0.72,0.358,1.035,0.673 c0.315,0.315,0.51,0.615,0.673,1.035c0.123,0.317,0.27,0.794,0.31,1.671c0.043,0.949,0.052,1.234,0.052,3.637 s-0.009,2.688-0.052,3.637c-0.04,0.877-0.187,1.354-0.31,1.671c-0.163,0.42-0.358,0.72-0.673,1.035 c-0.315,0.315-0.615,0.51-1.035,0.673c-0.317,0.123-0.794,0.27-1.671,0.31c-0.949,0.043-1.233,0.052-3.637,0.052 s-2.688-0.009-3.637-0.052c-0.877-0.04-1.354-0.187-1.671-0.31c-0.42-0.163-0.72-0.358-1.035-0.673 c-0.315-0.315-0.51-0.615-0.673-1.035c-0.123-0.317-0.27-0.794-0.31-1.671C4.631,14.688,4.622,14.403,4.622,12 s0.009-2.688,0.052-3.637c0.04-0.877,0.187-1.354,0.31-1.671c0.163-0.42,0.358-0.72,0.673-1.035 c0.315-0.315,0.615-0.51,1.035-0.673c0.317-0.123,0.794-0.27,1.671-0.31C9.312,4.631,9.597,4.622,12,4.622 M12,3 C9.556,3,9.249,3.01,8.289,3.054C7.331,3.098,6.677,3.25,6.105,3.472C5.513,3.702,5.011,4.01,4.511,4.511 c-0.5,0.5-0.808,1.002-1.038,1.594C3.25,6.677,3.098,7.331,3.054,8.289C3.01,9.249,3,9.556,3,12c0,2.444,0.01,2.751,0.054,3.711 c0.044,0.958,0.196,1.612,0.418,2.185c0.23,0.592,0.538,1.094,1.038,1.594c0.5,0.5,1.002,0.808,1.594,1.038 c0.572,0.222,1.227,0.375,2.185,0.418C9.249,20.99,9.556,21,12,21s2.751-0.01,3.711-0.054c0.958-0.044,1.612-0.196,2.185-0.418 c0.592-0.23,1.094-0.538,1.594-1.038c0.5-0.5,0.808-1.002,1.038-1.594c0.222-0.572,0.375-1.227,0.418-2.185 C20.99,14.751,21,14.444,21,12s-0.01-2.751-0.054-3.711c-0.044-0.958-0.196-1.612-0.418-2.185c-0.23-0.592-0.538-1.094-1.038-1.594 c-0.5-0.5-1.002-0.808-1.594-1.038c-0.572-0.222-1.227-0.375-2.185-0.418C14.751,3.01,14.444,3,12,3L12,3z M12,7.378 c-2.552,0-4.622,2.069-4.622,4.622S9.448,16.622,12,16.622s4.622-2.069,4.622-4.622S14.552,7.378,12,7.378z M12,15 c-1.657,0-3-1.343-3-3s1.343-3,3-3s3,1.343,3,3S13.657,15,12,15z M16.804,6.116c-0.596,0-1.08,0.484-1.08,1.08 s0.484,1.08,1.08,1.08c0.596,0,1.08-0.484,1.08-1.08S17.401,6.116,16.804,6.116z\"><\/path><\/svg><span class=\"wp-block-social-link-label screen-reader-text\">Instagram<\/span><\/a><\/li><\/ul>\n\n\n\n<div style=\"height:100px\" aria-hidden=\"true\" class=\"wp-block-spacer\"><\/div>\n\n\n\n<div style=\"height:0px\" aria-hidden=\"true\" class=\"wp-block-spacer\"><\/div>\n\n\n\n<div class=\"wp-block-group alignfull has-black-color has-text-color has-background has-link-color wp-elements-393b7e4d8217c160a836a20cabe519f6\" style=\"background-color:#d2cdc7\"><div class=\"wp-block-group__inner-container is-layout-flow wp-block-group-is-layout-flow\">\n<h2 class=\"alignwide has-text-align-center has-white-color has-text-color wp-block-heading\" style=\"font-size:46px;font-weight:400;line-height:1.1\">Designer products<\/h2>\n<\/div><\/div>\n\n\n\n<div style=\"height:100px\" aria-hidden=\"true\" class=\"wp-block-spacer\"><\/div>\n\n\n\n<p><\/p>","protected":false},"excerpt":{"rendered":"<p>\u201eProjektowanie to dla nas spos\u00f3b wyra\u017cenia siebie. Opowiadamy o&nbsp;tym, co nas bawi, za czym t\u0119sknimy, czego obawiamy. Nie projektujemy nic na si\u0142\u0119, tylko po to, \u017ceby zaistnie\u0107. Liczymy na to, \u017ce nasze projekty wywo\u0142aj\u0105 dawno zapomniane emocje i&nbsp;sprowokuj\u0105 do dyskusji\u201d. Ma\u0142gorzata i&nbsp;Marcin Dziembaj Za\u0142o\u017cyciele szczeci\u0144skiego studia projektowego Dizeno oraz tw\u00f3rcy marki HAYKA. Ma\u0142\u017ce\u0144stwo, b\u0119d\u0105ce kreatywnym [&hellip;]<\/p>\n","protected":false},"author":2,"featured_media":0,"parent":0,"menu_order":0,"comment_status":"closed","ping_status":"closed","template":"template-fullwidth.php","meta":{"footnotes":""},"class_list":["post-838","page","type-page","status-publish","hentry"],"yoast_head":"<!-- This site is optimized with the Yoast SEO plugin v22.4 - https:\/\/yoast.com\/wordpress\/plugins\/seo\/ -->\n<title>Hayka - nowymodel.org<\/title>\n<meta name=\"description\" content=\"Ma\u0142gorzata i\u00a0Marcin Dziembaj to za\u0142o\u017cyciele szczeci\u0144skiego studia projektowego Dizeno oraz tw\u00f3rcy marki HAYKA.\" \/>\n<meta name=\"robots\" content=\"index, follow, max-snippet:-1, max-image-preview:large, max-video-preview:-1\" \/>\n<link rel=\"canonical\" href=\"https:\/\/nowymodel.org\/en\/hayka\/\" \/>\n<meta property=\"og:locale\" content=\"en_GB\" \/>\n<meta property=\"og:type\" content=\"article\" \/>\n<meta property=\"og:title\" content=\"Hayka - nowymodel.org\" \/>\n<meta property=\"og:description\" content=\"Ma\u0142gorzata i\u00a0Marcin Dziembaj to za\u0142o\u017cyciele szczeci\u0144skiego studia projektowego Dizeno oraz tw\u00f3rcy marki HAYKA.\" \/>\n<meta property=\"og:url\" content=\"https:\/\/nowymodel.org\/en\/hayka\/\" \/>\n<meta property=\"og:site_name\" content=\"nowymodel.org\" \/>\n<meta property=\"article:modified_time\" content=\"2022-05-12T12:19:22+00:00\" \/>\n<meta property=\"og:image\" content=\"https:\/\/nowymodel.org\/wp-content\/uploads\/2022\/03\/96115033_3259919167352831_2691739636006387712_n.jpg\" \/>\n<meta name=\"twitter:card\" content=\"summary_large_image\" \/>\n<meta name=\"twitter:label1\" content=\"Estimated reading time\" \/>\n\t<meta name=\"twitter:data1\" content=\"2 minutes\" \/>\n<script type=\"application\/ld+json\" class=\"yoast-schema-graph\">{\"@context\":\"https:\/\/schema.org\",\"@graph\":[{\"@type\":\"WebPage\",\"@id\":\"https:\/\/nowymodel.org\/hayka\/\",\"url\":\"https:\/\/nowymodel.org\/hayka\/\",\"name\":\"Hayka - nowymodel.org\",\"isPartOf\":{\"@id\":\"https:\/\/nowymodel.org\/#website\"},\"primaryImageOfPage\":{\"@id\":\"https:\/\/nowymodel.org\/hayka\/#primaryimage\"},\"image\":{\"@id\":\"https:\/\/nowymodel.org\/hayka\/#primaryimage\"},\"thumbnailUrl\":\"https:\/\/nowymodel.org\/wp-content\/uploads\/2022\/03\/96115033_3259919167352831_2691739636006387712_n.jpg\",\"datePublished\":\"2022-03-29T13:53:27+00:00\",\"dateModified\":\"2022-05-12T12:19:22+00:00\",\"description\":\"Ma\u0142gorzata i\u00a0Marcin Dziembaj to za\u0142o\u017cyciele szczeci\u0144skiego studia projektowego Dizeno oraz tw\u00f3rcy marki HAYKA.\",\"inLanguage\":\"en-GB\",\"potentialAction\":[{\"@type\":\"ReadAction\",\"target\":[\"https:\/\/nowymodel.org\/hayka\/\"]}]},{\"@type\":\"ImageObject\",\"inLanguage\":\"en-GB\",\"@id\":\"https:\/\/nowymodel.org\/hayka\/#primaryimage\",\"url\":\"https:\/\/nowymodel.org\/wp-content\/uploads\/2022\/03\/96115033_3259919167352831_2691739636006387712_n.jpg\",\"contentUrl\":\"https:\/\/nowymodel.org\/wp-content\/uploads\/2022\/03\/96115033_3259919167352831_2691739636006387712_n.jpg\"},{\"@type\":\"WebSite\",\"@id\":\"https:\/\/nowymodel.org\/#website\",\"url\":\"https:\/\/nowymodel.org\/\",\"name\":\"nowymodel.org\",\"description\":\"\",\"potentialAction\":[{\"@type\":\"SearchAction\",\"target\":{\"@type\":\"EntryPoint\",\"urlTemplate\":\"https:\/\/nowymodel.org\/?s={search_term_string}\"},\"query-input\":\"required name=search_term_string\"}],\"inLanguage\":\"en-GB\"}]}<\/script>\n<!-- \/ Yoast SEO plugin. -->","yoast_head_json":{"title":"Hayka - nowymodel.org","description":"Ma\u0142gorzata i\u00a0Marcin Dziembaj to za\u0142o\u017cyciele szczeci\u0144skiego studia projektowego Dizeno oraz tw\u00f3rcy marki HAYKA.","robots":{"index":"index","follow":"follow","max-snippet":"max-snippet:-1","max-image-preview":"max-image-preview:large","max-video-preview":"max-video-preview:-1"},"canonical":"https:\/\/nowymodel.org\/en\/hayka\/","og_locale":"en_GB","og_type":"article","og_title":"Hayka - nowymodel.org","og_description":"Ma\u0142gorzata i\u00a0Marcin Dziembaj to za\u0142o\u017cyciele szczeci\u0144skiego studia projektowego Dizeno oraz tw\u00f3rcy marki HAYKA.","og_url":"https:\/\/nowymodel.org\/en\/hayka\/","og_site_name":"nowymodel.org","article_modified_time":"2022-05-12T12:19:22+00:00","og_image":[{"url":"https:\/\/nowymodel.org\/wp-content\/uploads\/2022\/03\/96115033_3259919167352831_2691739636006387712_n.jpg"}],"twitter_card":"summary_large_image","twitter_misc":{"Estimated reading time":"2 minutes"},"schema":{"@context":"https:\/\/schema.org","@graph":[{"@type":"WebPage","@id":"https:\/\/nowymodel.org\/hayka\/","url":"https:\/\/nowymodel.org\/hayka\/","name":"Hayka - nowymodel.org","isPartOf":{"@id":"https:\/\/nowymodel.org\/#website"},"primaryImageOfPage":{"@id":"https:\/\/nowymodel.org\/hayka\/#primaryimage"},"image":{"@id":"https:\/\/nowymodel.org\/hayka\/#primaryimage"},"thumbnailUrl":"https:\/\/nowymodel.org\/wp-content\/uploads\/2022\/03\/96115033_3259919167352831_2691739636006387712_n.jpg","datePublished":"2022-03-29T13:53:27+00:00","dateModified":"2022-05-12T12:19:22+00:00","description":"Ma\u0142gorzata i\u00a0Marcin Dziembaj to za\u0142o\u017cyciele szczeci\u0144skiego studia projektowego Dizeno oraz tw\u00f3rcy marki HAYKA.","inLanguage":"en-GB","potentialAction":[{"@type":"ReadAction","target":["https:\/\/nowymodel.org\/hayka\/"]}]},{"@type":"ImageObject","inLanguage":"en-GB","@id":"https:\/\/nowymodel.org\/hayka\/#primaryimage","url":"https:\/\/nowymodel.org\/wp-content\/uploads\/2022\/03\/96115033_3259919167352831_2691739636006387712_n.jpg","contentUrl":"https:\/\/nowymodel.org\/wp-content\/uploads\/2022\/03\/96115033_3259919167352831_2691739636006387712_n.jpg"},{"@type":"WebSite","@id":"https:\/\/nowymodel.org\/#website","url":"https:\/\/nowymodel.org\/","name":"nowymodel.org","description":"","potentialAction":[{"@type":"SearchAction","target":{"@type":"EntryPoint","urlTemplate":"https:\/\/nowymodel.org\/?s={search_term_string}"},"query-input":"required name=search_term_string"}],"inLanguage":"en-GB"}]}},"_links":{"self":[{"href":"https:\/\/nowymodel.org\/en\/wp-json\/wp\/v2\/pages\/838","targetHints":{"allow":["GET"]}}],"collection":[{"href":"https:\/\/nowymodel.org\/en\/wp-json\/wp\/v2\/pages"}],"about":[{"href":"https:\/\/nowymodel.org\/en\/wp-json\/wp\/v2\/types\/page"}],"author":[{"embeddable":true,"href":"https:\/\/nowymodel.org\/en\/wp-json\/wp\/v2\/users\/2"}],"replies":[{"embeddable":true,"href":"https:\/\/nowymodel.org\/en\/wp-json\/wp\/v2\/comments?post=838"}],"version-history":[{"count":8,"href":"https:\/\/nowymodel.org\/en\/wp-json\/wp\/v2\/pages\/838\/revisions"}],"predecessor-version":[{"id":937,"href":"https:\/\/nowymodel.org\/en\/wp-json\/wp\/v2\/pages\/838\/revisions\/937"}],"wp:attachment":[{"href":"https:\/\/nowymodel.org\/en\/wp-json\/wp\/v2\/media?parent=838"}],"curies":[{"name":"wp","href":"https:\/\/api.w.org\/{rel}","templated":true}]}}