{"id":835,"date":"2022-03-28T13:09:59","date_gmt":"2022-03-28T11:09:59","guid":{"rendered":"https:\/\/nowymodel.org\/?page_id=835"},"modified":"2022-05-12T14:54:20","modified_gmt":"2022-05-12T12:54:20","slug":"ryszard-manczak","status":"publish","type":"page","link":"https:\/\/nowymodel.org\/en\/ryszard-manczak\/","title":{"rendered":"Ryszard Ma\u0144czak"},"content":{"rendered":"<div class=\"wp-block-cover alignfull is-light\" style=\"min-height:445px;aspect-ratio:unset;\"><span aria-hidden=\"true\" class=\"has-background-dim-20 wp-block-cover__gradient-background has-background-dim\" style=\"background-color:#000000\"><\/span><img fetchpriority=\"high\" decoding=\"async\" width=\"1455\" height=\"866\" class=\"wp-block-cover__image-background wp-image-844\" alt=\"\" src=\"https:\/\/nowymodel.org\/wp-content\/uploads\/2022\/03\/Zrzut-ekranu-2022-03-28-133758.png\" style=\"object-position:69% 50%\" data-object-fit=\"cover\" data-object-position=\"69% 50%\" srcset=\"https:\/\/nowymodel.org\/wp-content\/uploads\/2022\/03\/Zrzut-ekranu-2022-03-28-133758.png 1455w, https:\/\/nowymodel.org\/wp-content\/uploads\/2022\/03\/Zrzut-ekranu-2022-03-28-133758-300x179.png 300w, https:\/\/nowymodel.org\/wp-content\/uploads\/2022\/03\/Zrzut-ekranu-2022-03-28-133758-1024x609.png 1024w, https:\/\/nowymodel.org\/wp-content\/uploads\/2022\/03\/Zrzut-ekranu-2022-03-28-133758-768x457.png 768w, https:\/\/nowymodel.org\/wp-content\/uploads\/2022\/03\/Zrzut-ekranu-2022-03-28-133758-18x12.png 18w, https:\/\/nowymodel.org\/wp-content\/uploads\/2022\/03\/Zrzut-ekranu-2022-03-28-133758-1320x786.png 1320w, https:\/\/nowymodel.org\/wp-content\/uploads\/2022\/03\/Zrzut-ekranu-2022-03-28-133758-416x248.png 416w\" sizes=\"(max-width: 1455px) 100vw, 1455px\" \/><div class=\"wp-block-cover__inner-container is-layout-flow wp-block-cover-is-layout-flow\">\n<div class=\"wp-block-columns is-layout-flex wp-container-core-columns-is-layout-9d6595d7 wp-block-columns-is-layout-flex\">\n<div class=\"wp-block-column is-layout-flow wp-block-column-is-layout-flow\">\n<h2 class=\"alignwide has-text-align-center has-white-color has-text-color wp-block-heading\" id=\"we-re-a-studio-in-berlin-with-an-international-practice-in-architecture-urban-planning-and-interior-design-we-believe-in-sharing-knowledge-and-promoting-dialogue-to-increase-the-creative-potential-of-collaboration\" style=\"font-size:48px;line-height:1.1\"><strong>Ryszard Ma\u0144czak<\/strong><\/h2>\n\n\n\n<p class=\"has-text-align-center has-luminous-vivid-amber-color has-text-color\" style=\"text-transform:lowercase\"> desing<\/p>\n<\/div>\n<\/div>\n<\/div><\/div>\n\n\n\n<div style=\"height:100px\" aria-hidden=\"true\" class=\"wp-block-spacer\"><\/div>\n\n\n\n<div class=\"wp-block-columns is-layout-flex wp-container-core-columns-is-layout-9d6595d7 wp-block-columns-is-layout-flex\">\n<div class=\"wp-block-column is-layout-flow wp-block-column-is-layout-flow\">\n<blockquote class=\"wp-block-quote is-layout-flow wp-block-quote-is-layout-flow\"><p>\"I try to make my designs as much fun for the viewer to use as they are for me to create.<\/p><\/blockquote>\n\n\n\n<p>Graduate of the Faculty of Interior and Industrial Design of the Academy of Fine Arts in Pozna\u0144 (1994). He spread his wings under the guidance of excellent professors - Rajmund Halas in the Inspirational Design Studio and W\u0142odzimierz Dreszer in the Bionics in Design Studio. He spent three years perfecting his skills at the Visual Communication Design Studio of Prof. Henryk Regimowicz.<\/p>\n\n\n\n<p>In 1992, he founded the Studio of Visual Communication \"Prolog\", and two years later, the company \"Prolog Design\" - Visual Information Systems, where he dealt with the design and implementation of directional systems, iconography, unification of coherent image for network clients, implementation of brands, individual design, among others for Lech Browary Wielkopolski, Kulczyk Tradex, Autostrada Wielkopolska, Bank PeKaoSA, PKO BP, Adam Mickiewicz University.<br>He worked on the interior design of the first Multicinema in Poland. In 2003 he created a concept of Directional Information System for the first part of the Art and Business Center Stary Browar 5050, winner of the first prize in the competition for the best shopping center in the world, awarded by ICSC Phoenix Arizona, USA.<\/p>\n\n\n\n<p>He is fascinated by minimalism, simplicity contained in the geometry of interpenetrating lines and complementary shapes. He is inspired by world-famous designers - monumental Alessandro Mendini, minimalist Giulio Cappellini, colorful Pantone with a bit of madness by Karim Rashid or Philippe Starck and a gentle note of Salvador Dali.<\/p>\n\n\n\n<p>The result of these fascinations are furniture projects which he presented, among others, at his own exhibition \"Private Atmosphere\" during Tortona Design Week at the Temporary Museum for New Design in Milan in 2012. Among them were a functional sculpture - the GRAZIA sofa, the multifunctional TANGO pouffes, and the VIS@VIS table.<\/p>\n<\/div>\n\n\n\n<div class=\"wp-block-column is-layout-flow wp-block-column-is-layout-flow\">\n<figure class=\"wp-block-image size-large\"><img decoding=\"async\" width=\"921\" height=\"1024\" src=\"https:\/\/nowymodel.org\/wp-content\/uploads\/2022\/03\/018271_1920-921x1024.jpg\" alt=\"\" class=\"wp-image-842\" srcset=\"https:\/\/nowymodel.org\/wp-content\/uploads\/2022\/03\/018271_1920-921x1024.jpg 921w, https:\/\/nowymodel.org\/wp-content\/uploads\/2022\/03\/018271_1920-270x300.jpg 270w, https:\/\/nowymodel.org\/wp-content\/uploads\/2022\/03\/018271_1920-768x854.jpg 768w, https:\/\/nowymodel.org\/wp-content\/uploads\/2022\/03\/018271_1920-11x12.jpg 11w, https:\/\/nowymodel.org\/wp-content\/uploads\/2022\/03\/018271_1920-416x463.jpg 416w, https:\/\/nowymodel.org\/wp-content\/uploads\/2022\/03\/018271_1920.jpg 971w\" sizes=\"(max-width: 921px) 100vw, 921px\" \/><\/figure>\n<\/div>\n<\/div>\n\n\n\n<ul class=\"wp-block-social-links is-style-default is-layout-flex wp-block-social-links-is-layout-flex\"><li class=\"wp-social-link wp-social-link-facebook  wp-block-social-link\"><a href=\"https:\/\/www.facebook.com\/ryszard.manczak\/about\" class=\"wp-block-social-link-anchor\"><svg width=\"24\" height=\"24\" viewbox=\"0 0 24 24\" version=\"1.1\" xmlns=\"http:\/\/www.w3.org\/2000\/svg\" aria-hidden=\"true\" focusable=\"false\"><path d=\"M12 2C6.5 2 2 6.5 2 12c0 5 3.7 9.1 8.4 9.9v-7H7.9V12h2.5V9.8c0-2.5 1.5-3.9 3.8-3.9 1.1 0 2.2.2 2.2.2v2.5h-1.3c-1.2 0-1.6.8-1.6 1.6V12h2.8l-.4 2.9h-2.3v7C18.3 21.1 22 17 22 12c0-5.5-4.5-10-10-10z\"><\/path><\/svg><span class=\"wp-block-social-link-label screen-reader-text\">Facebook<\/span><\/a><\/li><\/ul>\n\n\n\n<div style=\"height:100px\" aria-hidden=\"true\" class=\"wp-block-spacer\"><\/div>\n\n\n\n<div style=\"height:0px\" aria-hidden=\"true\" class=\"wp-block-spacer\"><\/div>\n\n\n\n<div class=\"wp-block-group alignfull has-black-color has-text-color has-background has-link-color wp-elements-393b7e4d8217c160a836a20cabe519f6\" style=\"background-color:#d2cdc7\"><div class=\"wp-block-group__inner-container is-layout-flow wp-block-group-is-layout-flow\">\n<h2 class=\"alignwide has-text-align-center has-white-color has-text-color wp-block-heading\" style=\"font-size:46px;font-weight:400;line-height:1.1\">Designer products<\/h2>\n<\/div><\/div>\n\n\n\n<div style=\"height:100px\" aria-hidden=\"true\" class=\"wp-block-spacer\"><\/div>\n\n\n\n<p><\/p>","protected":false},"excerpt":{"rendered":"<p>\u201eStaram si\u0119, aby moje projekty sprawia\u0142y odbiorcy tyle\u017c przyjemno\u015bci z&nbsp;u\u017cytkowania, co mnie z&nbsp;ich tworzenia\u201d. Absolwent Wydzia\u0142u Architektury Wn\u0119trz i&nbsp;Wzornictwa Przemys\u0142owego ASP w&nbsp;Poznaniu (1994). Skrzyd\u0142a rozwija\u0142 pod okiem znakomitych profesor\u00f3w \u2013 Rajmunda Ha\u0142asa w&nbsp;Pracowni Designu Inspiruj\u0105cego i&nbsp;W\u0142odzimierza Dreszera w&nbsp;Pracownia Bioniki w&nbsp;Projektowaniu. Trzy lata doskonali\u0142 umiej\u0119tno\u015bci w&nbsp;pracowni Projektowania Komunikacji Wizualnej prof. Henryka Regimowicza. W&nbsp;1992 r. za\u0142o\u017cy\u0142 Studio [&hellip;]<\/p>\n","protected":false},"author":2,"featured_media":0,"parent":0,"menu_order":0,"comment_status":"closed","ping_status":"closed","template":"template-fullwidth.php","meta":{"footnotes":""},"class_list":["post-835","page","type-page","status-publish","hentry"],"yoast_head":"<!-- This site is optimized with the Yoast SEO plugin v22.4 - https:\/\/yoast.com\/wordpress\/plugins\/seo\/ -->\n<title>Ryszard Ma\u0144czak - nowymodel.org<\/title>\n<meta name=\"description\" content=\"Absolwent Wydzia\u0142u Architektury Wn\u0119trz i\u00a0Wzornictwa Przemys\u0142owego ASP w\u00a0Poznaniu. Skrzyd\u0142a rozwija\u0142 pod okiem Rajmunda Ha\u0142asa.\" \/>\n<meta name=\"robots\" content=\"index, follow, max-snippet:-1, max-image-preview:large, max-video-preview:-1\" \/>\n<link rel=\"canonical\" href=\"https:\/\/nowymodel.org\/en\/ryszard-manczak\/\" \/>\n<meta property=\"og:locale\" content=\"en_GB\" \/>\n<meta property=\"og:type\" content=\"article\" \/>\n<meta property=\"og:title\" content=\"Ryszard Ma\u0144czak - nowymodel.org\" \/>\n<meta property=\"og:description\" content=\"Absolwent Wydzia\u0142u Architektury Wn\u0119trz i\u00a0Wzornictwa Przemys\u0142owego ASP w\u00a0Poznaniu. Skrzyd\u0142a rozwija\u0142 pod okiem Rajmunda Ha\u0142asa.\" \/>\n<meta property=\"og:url\" content=\"https:\/\/nowymodel.org\/en\/ryszard-manczak\/\" \/>\n<meta property=\"og:site_name\" content=\"nowymodel.org\" \/>\n<meta property=\"article:modified_time\" content=\"2022-05-12T12:54:20+00:00\" \/>\n<meta property=\"og:image\" content=\"https:\/\/nowymodel.org\/wp-content\/uploads\/2022\/03\/Zrzut-ekranu-2022-03-28-133758.png\" \/>\n<meta name=\"twitter:card\" content=\"summary_large_image\" \/>\n<meta name=\"twitter:label1\" content=\"Estimated reading time\" \/>\n\t<meta name=\"twitter:data1\" content=\"2 minutes\" \/>\n<script type=\"application\/ld+json\" class=\"yoast-schema-graph\">{\"@context\":\"https:\/\/schema.org\",\"@graph\":[{\"@type\":\"WebPage\",\"@id\":\"https:\/\/nowymodel.org\/ryszard-manczak\/\",\"url\":\"https:\/\/nowymodel.org\/ryszard-manczak\/\",\"name\":\"Ryszard Ma\u0144czak - nowymodel.org\",\"isPartOf\":{\"@id\":\"https:\/\/nowymodel.org\/#website\"},\"primaryImageOfPage\":{\"@id\":\"https:\/\/nowymodel.org\/ryszard-manczak\/#primaryimage\"},\"image\":{\"@id\":\"https:\/\/nowymodel.org\/ryszard-manczak\/#primaryimage\"},\"thumbnailUrl\":\"https:\/\/nowymodel.org\/wp-content\/uploads\/2022\/03\/Zrzut-ekranu-2022-03-28-133758.png\",\"datePublished\":\"2022-03-28T11:09:59+00:00\",\"dateModified\":\"2022-05-12T12:54:20+00:00\",\"description\":\"Absolwent Wydzia\u0142u Architektury Wn\u0119trz i\u00a0Wzornictwa Przemys\u0142owego ASP w\u00a0Poznaniu. Skrzyd\u0142a rozwija\u0142 pod okiem Rajmunda Ha\u0142asa.\",\"inLanguage\":\"en-GB\",\"potentialAction\":[{\"@type\":\"ReadAction\",\"target\":[\"https:\/\/nowymodel.org\/ryszard-manczak\/\"]}]},{\"@type\":\"ImageObject\",\"inLanguage\":\"en-GB\",\"@id\":\"https:\/\/nowymodel.org\/ryszard-manczak\/#primaryimage\",\"url\":\"https:\/\/nowymodel.org\/wp-content\/uploads\/2022\/03\/Zrzut-ekranu-2022-03-28-133758.png\",\"contentUrl\":\"https:\/\/nowymodel.org\/wp-content\/uploads\/2022\/03\/Zrzut-ekranu-2022-03-28-133758.png\"},{\"@type\":\"WebSite\",\"@id\":\"https:\/\/nowymodel.org\/#website\",\"url\":\"https:\/\/nowymodel.org\/\",\"name\":\"nowymodel.org\",\"description\":\"\",\"potentialAction\":[{\"@type\":\"SearchAction\",\"target\":{\"@type\":\"EntryPoint\",\"urlTemplate\":\"https:\/\/nowymodel.org\/?s={search_term_string}\"},\"query-input\":\"required name=search_term_string\"}],\"inLanguage\":\"en-GB\"}]}<\/script>\n<!-- \/ Yoast SEO plugin. -->","yoast_head_json":{"title":"Ryszard Ma\u0144czak - nowymodel.org","description":"Absolwent Wydzia\u0142u Architektury Wn\u0119trz i\u00a0Wzornictwa Przemys\u0142owego ASP w\u00a0Poznaniu. Skrzyd\u0142a rozwija\u0142 pod okiem Rajmunda Ha\u0142asa.","robots":{"index":"index","follow":"follow","max-snippet":"max-snippet:-1","max-image-preview":"max-image-preview:large","max-video-preview":"max-video-preview:-1"},"canonical":"https:\/\/nowymodel.org\/en\/ryszard-manczak\/","og_locale":"en_GB","og_type":"article","og_title":"Ryszard Ma\u0144czak - nowymodel.org","og_description":"Absolwent Wydzia\u0142u Architektury Wn\u0119trz i\u00a0Wzornictwa Przemys\u0142owego ASP w\u00a0Poznaniu. Skrzyd\u0142a rozwija\u0142 pod okiem Rajmunda Ha\u0142asa.","og_url":"https:\/\/nowymodel.org\/en\/ryszard-manczak\/","og_site_name":"nowymodel.org","article_modified_time":"2022-05-12T12:54:20+00:00","og_image":[{"url":"https:\/\/nowymodel.org\/wp-content\/uploads\/2022\/03\/Zrzut-ekranu-2022-03-28-133758.png"}],"twitter_card":"summary_large_image","twitter_misc":{"Estimated reading time":"2 minutes"},"schema":{"@context":"https:\/\/schema.org","@graph":[{"@type":"WebPage","@id":"https:\/\/nowymodel.org\/ryszard-manczak\/","url":"https:\/\/nowymodel.org\/ryszard-manczak\/","name":"Ryszard Ma\u0144czak - nowymodel.org","isPartOf":{"@id":"https:\/\/nowymodel.org\/#website"},"primaryImageOfPage":{"@id":"https:\/\/nowymodel.org\/ryszard-manczak\/#primaryimage"},"image":{"@id":"https:\/\/nowymodel.org\/ryszard-manczak\/#primaryimage"},"thumbnailUrl":"https:\/\/nowymodel.org\/wp-content\/uploads\/2022\/03\/Zrzut-ekranu-2022-03-28-133758.png","datePublished":"2022-03-28T11:09:59+00:00","dateModified":"2022-05-12T12:54:20+00:00","description":"Absolwent Wydzia\u0142u Architektury Wn\u0119trz i\u00a0Wzornictwa Przemys\u0142owego ASP w\u00a0Poznaniu. Skrzyd\u0142a rozwija\u0142 pod okiem Rajmunda Ha\u0142asa.","inLanguage":"en-GB","potentialAction":[{"@type":"ReadAction","target":["https:\/\/nowymodel.org\/ryszard-manczak\/"]}]},{"@type":"ImageObject","inLanguage":"en-GB","@id":"https:\/\/nowymodel.org\/ryszard-manczak\/#primaryimage","url":"https:\/\/nowymodel.org\/wp-content\/uploads\/2022\/03\/Zrzut-ekranu-2022-03-28-133758.png","contentUrl":"https:\/\/nowymodel.org\/wp-content\/uploads\/2022\/03\/Zrzut-ekranu-2022-03-28-133758.png"},{"@type":"WebSite","@id":"https:\/\/nowymodel.org\/#website","url":"https:\/\/nowymodel.org\/","name":"nowymodel.org","description":"","potentialAction":[{"@type":"SearchAction","target":{"@type":"EntryPoint","urlTemplate":"https:\/\/nowymodel.org\/?s={search_term_string}"},"query-input":"required name=search_term_string"}],"inLanguage":"en-GB"}]}},"_links":{"self":[{"href":"https:\/\/nowymodel.org\/en\/wp-json\/wp\/v2\/pages\/835","targetHints":{"allow":["GET"]}}],"collection":[{"href":"https:\/\/nowymodel.org\/en\/wp-json\/wp\/v2\/pages"}],"about":[{"href":"https:\/\/nowymodel.org\/en\/wp-json\/wp\/v2\/types\/page"}],"author":[{"embeddable":true,"href":"https:\/\/nowymodel.org\/en\/wp-json\/wp\/v2\/users\/2"}],"replies":[{"embeddable":true,"href":"https:\/\/nowymodel.org\/en\/wp-json\/wp\/v2\/comments?post=835"}],"version-history":[{"count":7,"href":"https:\/\/nowymodel.org\/en\/wp-json\/wp\/v2\/pages\/835\/revisions"}],"predecessor-version":[{"id":1022,"href":"https:\/\/nowymodel.org\/en\/wp-json\/wp\/v2\/pages\/835\/revisions\/1022"}],"wp:attachment":[{"href":"https:\/\/nowymodel.org\/en\/wp-json\/wp\/v2\/media?parent=835"}],"curies":[{"name":"wp","href":"https:\/\/api.w.org\/{rel}","templated":true}]}}