{"id":832,"date":"2022-03-29T15:54:00","date_gmt":"2022-03-29T13:54:00","guid":{"rendered":"https:\/\/nowymodel.org\/?page_id=832"},"modified":"2022-05-12T14:31:07","modified_gmt":"2022-05-12T12:31:07","slug":"maja-uzarowicz","status":"publish","type":"page","link":"https:\/\/nowymodel.org\/en\/maja-uzarowicz\/","title":{"rendered":"Maja Uzarowicz"},"content":{"rendered":"<div class=\"wp-block-cover alignfull is-light\" style=\"min-height:445px;aspect-ratio:unset;\"><span aria-hidden=\"true\" class=\"has-background-dim-20 wp-block-cover__gradient-background has-background-dim\" style=\"background-color:#000000\"><\/span><img fetchpriority=\"high\" decoding=\"async\" width=\"2048\" height=\"1365\" class=\"wp-block-cover__image-background wp-image-934\" alt=\"\" src=\"https:\/\/nowymodel.org\/wp-content\/uploads\/2022\/03\/162112583_417914162742351_3998345183556024053_n.jpg\" style=\"object-position:45% 93%\" data-object-fit=\"cover\" data-object-position=\"45% 93%\" srcset=\"https:\/\/nowymodel.org\/wp-content\/uploads\/2022\/03\/162112583_417914162742351_3998345183556024053_n.jpg 2048w, https:\/\/nowymodel.org\/wp-content\/uploads\/2022\/03\/162112583_417914162742351_3998345183556024053_n-300x200.jpg 300w, https:\/\/nowymodel.org\/wp-content\/uploads\/2022\/03\/162112583_417914162742351_3998345183556024053_n-1024x683.jpg 1024w, https:\/\/nowymodel.org\/wp-content\/uploads\/2022\/03\/162112583_417914162742351_3998345183556024053_n-768x512.jpg 768w, https:\/\/nowymodel.org\/wp-content\/uploads\/2022\/03\/162112583_417914162742351_3998345183556024053_n-1536x1024.jpg 1536w, https:\/\/nowymodel.org\/wp-content\/uploads\/2022\/03\/162112583_417914162742351_3998345183556024053_n-18x12.jpg 18w, https:\/\/nowymodel.org\/wp-content\/uploads\/2022\/03\/162112583_417914162742351_3998345183556024053_n-1320x880.jpg 1320w, https:\/\/nowymodel.org\/wp-content\/uploads\/2022\/03\/162112583_417914162742351_3998345183556024053_n-416x277.jpg 416w\" sizes=\"(max-width: 2048px) 100vw, 2048px\" \/><div class=\"wp-block-cover__inner-container is-layout-flow wp-block-cover-is-layout-flow\">\n<div class=\"wp-block-columns is-layout-flex wp-container-core-columns-is-layout-9d6595d7 wp-block-columns-is-layout-flex\">\n<div class=\"wp-block-column is-layout-flow wp-block-column-is-layout-flow\">\n<h2 class=\"alignwide has-text-align-center has-white-color has-text-color wp-block-heading\" id=\"we-re-a-studio-in-berlin-with-an-international-practice-in-architecture-urban-planning-and-interior-design-we-believe-in-sharing-knowledge-and-promoting-dialogue-to-increase-the-creative-potential-of-collaboration\" style=\"font-size:48px;line-height:1.1\"><strong>Maja Uzarowicz<\/strong><\/h2>\n\n\n\n<p class=\"has-text-align-center has-luminous-vivid-amber-color has-text-color\" style=\"text-transform:lowercase\">interior design <\/p>\n<\/div>\n<\/div>\n<\/div><\/div>\n\n\n\n<div style=\"height:100px\" aria-hidden=\"true\" class=\"wp-block-spacer\"><\/div>\n\n\n\n<div class=\"wp-block-columns is-layout-flex wp-container-core-columns-is-layout-9d6595d7 wp-block-columns-is-layout-flex\">\n<div class=\"wp-block-column is-layout-flow wp-block-column-is-layout-flow\">\n<blockquote class=\"wp-block-quote is-layout-flow wp-block-quote-is-layout-flow\"><p>\"I am inspired by design that treats humans and their living spaces holistically.<\/p><\/blockquote>\n\n\n\n<p>Graduate of the Faculty of Interior and Industrial Design at the Academy of Fine Arts in Pozna\u0144 (2009). The diploma project, developed under the supervision of Dr. Marzena Woli\u0144ska, was nominated for the Maria Dokowicz Competition and presented at the Pozna\u0144 Arsenal Gallery. It was a MOBILE HOME, a house for contemporary nomads, housed in a suitcase of 80\u00d755 cm size.<\/p>\n\n\n\n<p>Currently the domain of her creative activity are also interiors. She cooperates with Adam Pulwicki in \"Pulva\" design studio, with whom she also develops the idea of authorial floral studio \"17\/8\".<\/p>\n\n\n\n<p>Simplicity, functionality, perfect detail and above all harmony and coherence are the most important signposts which guide him in designing furniture, lighting, ceramics, graphics and entire interiors. After several years of working on widely understood human space, he better understands - as he claims - his attitude towards an object and the inseparable bond of a single thing with a place and context in which it is to be placed.<\/p>\n\n\n\n<p>An excellent model for her is Japanese minimalism with its very austere yet sublime bionic design. In particular, the work of the \"Nendo\" studio team, which grapples with many areas of design, motivates her to keep searching.<\/p>\n\n\n\n<p><\/p>\n\n\n\n<p><\/p>\n\n\n\n<p><\/p>\n<\/div>\n\n\n\n<div class=\"wp-block-column is-layout-flow wp-block-column-is-layout-flow\">\n<figure class=\"wp-block-image size-large\"><img decoding=\"async\" width=\"1024\" height=\"1024\" src=\"https:\/\/nowymodel.org\/wp-content\/uploads\/2022\/03\/78394126_10214654111417533_518740012502614016_n-1024x1024.jpg\" alt=\"\" class=\"wp-image-889\" srcset=\"https:\/\/nowymodel.org\/wp-content\/uploads\/2022\/03\/78394126_10214654111417533_518740012502614016_n-1024x1024.jpg 1024w, https:\/\/nowymodel.org\/wp-content\/uploads\/2022\/03\/78394126_10214654111417533_518740012502614016_n-300x300.jpg 300w, https:\/\/nowymodel.org\/wp-content\/uploads\/2022\/03\/78394126_10214654111417533_518740012502614016_n-150x150.jpg 150w, https:\/\/nowymodel.org\/wp-content\/uploads\/2022\/03\/78394126_10214654111417533_518740012502614016_n-768x768.jpg 768w, https:\/\/nowymodel.org\/wp-content\/uploads\/2022\/03\/78394126_10214654111417533_518740012502614016_n-12x12.jpg 12w, https:\/\/nowymodel.org\/wp-content\/uploads\/2022\/03\/78394126_10214654111417533_518740012502614016_n-324x324.jpg 324w, https:\/\/nowymodel.org\/wp-content\/uploads\/2022\/03\/78394126_10214654111417533_518740012502614016_n-416x416.jpg 416w, https:\/\/nowymodel.org\/wp-content\/uploads\/2022\/03\/78394126_10214654111417533_518740012502614016_n-100x100.jpg 100w, https:\/\/nowymodel.org\/wp-content\/uploads\/2022\/03\/78394126_10214654111417533_518740012502614016_n.jpg 1194w\" sizes=\"(max-width: 1024px) 100vw, 1024px\" \/><\/figure>\n<\/div>\n<\/div>\n\n\n\n<ul class=\"wp-block-social-links is-style-default is-layout-flex wp-block-social-links-is-layout-flex\"><li class=\"wp-social-link wp-social-link-facebook  wp-block-social-link\"><a href=\"https:\/\/www.facebook.com\/studio.uzarowicz\" class=\"wp-block-social-link-anchor\"><svg width=\"24\" height=\"24\" viewbox=\"0 0 24 24\" version=\"1.1\" xmlns=\"http:\/\/www.w3.org\/2000\/svg\" aria-hidden=\"true\" focusable=\"false\"><path d=\"M12 2C6.5 2 2 6.5 2 12c0 5 3.7 9.1 8.4 9.9v-7H7.9V12h2.5V9.8c0-2.5 1.5-3.9 3.8-3.9 1.1 0 2.2.2 2.2.2v2.5h-1.3c-1.2 0-1.6.8-1.6 1.6V12h2.8l-.4 2.9h-2.3v7C18.3 21.1 22 17 22 12c0-5.5-4.5-10-10-10z\"><\/path><\/svg><span class=\"wp-block-social-link-label screen-reader-text\">Facebook<\/span><\/a><\/li><\/ul>\n\n\n\n<div style=\"height:100px\" aria-hidden=\"true\" class=\"wp-block-spacer\"><\/div>\n\n\n\n<div style=\"height:0px\" aria-hidden=\"true\" class=\"wp-block-spacer\"><\/div>\n\n\n\n<div class=\"wp-block-group alignfull has-black-color has-text-color has-background has-link-color wp-elements-393b7e4d8217c160a836a20cabe519f6\" style=\"background-color:#d2cdc7\"><div class=\"wp-block-group__inner-container is-layout-flow wp-block-group-is-layout-flow\">\n<h2 class=\"alignwide has-text-align-center has-white-color has-text-color wp-block-heading\" style=\"font-size:46px;font-weight:400;line-height:1.1\">Designer products<\/h2>\n<\/div><\/div>\n\n\n\n<div style=\"height:100px\" aria-hidden=\"true\" class=\"wp-block-spacer\"><\/div>\n\n\n\n<p><\/p>","protected":false},"excerpt":{"rendered":"<p>\u201eInspiruje mnie projektowanie, kt\u00f3re cz\u0142owieka i&nbsp;jego przestrze\u0144 do \u017cycia traktuje holistycznie\u201d. Absolwentka Wydzia\u0142u Architektury Wn\u0119trz i&nbsp;Wzornictwa Przemys\u0142owego ASP w&nbsp;Poznaniu (2009). Dyplomowy projekt, opracowany pod kierunkiem dr Marzeny Woli\u0144skiej, zosta\u0142 nominowany do Konkursu im. Marii Dokowicz i&nbsp;zaprezentowany w&nbsp;Galerii Arsena\u0142 w&nbsp;Poznaniu. By\u0142 to MOBILE HOME, dom dla wsp\u00f3\u0142czesnych nomad\u00f3w, mieszcz\u0105cy si\u0119 w&nbsp;walizce o&nbsp;wymiarach 80&#215;55 cm. Obecnie domen\u0105 [&hellip;]<\/p>\n","protected":false},"author":2,"featured_media":0,"parent":0,"menu_order":0,"comment_status":"closed","ping_status":"closed","template":"template-fullwidth.php","meta":{"footnotes":""},"class_list":["post-832","page","type-page","status-publish","hentry"],"yoast_head":"<!-- This site is optimized with the Yoast SEO plugin v22.4 - https:\/\/yoast.com\/wordpress\/plugins\/seo\/ -->\n<title>Maja Uzarowicz - nowymodel.org<\/title>\n<meta name=\"description\" content=\"Absolwentka Wydzia\u0142u Architektury Wn\u0119trz i\u00a0Wzornictwa Przemys\u0142owego ASP w\u00a0Poznaniu. Obecnie domen\u0105 jej aktywno\u015bci tw\u00f3rczej s\u0105 wn\u0119trza.\" \/>\n<meta name=\"robots\" content=\"index, follow, max-snippet:-1, max-image-preview:large, max-video-preview:-1\" \/>\n<link rel=\"canonical\" href=\"https:\/\/nowymodel.org\/en\/maja-uzarowicz\/\" \/>\n<meta property=\"og:locale\" content=\"en_GB\" \/>\n<meta property=\"og:type\" content=\"article\" \/>\n<meta property=\"og:title\" content=\"Maja Uzarowicz - nowymodel.org\" \/>\n<meta property=\"og:description\" content=\"Absolwentka Wydzia\u0142u Architektury Wn\u0119trz i\u00a0Wzornictwa Przemys\u0142owego ASP w\u00a0Poznaniu. Obecnie domen\u0105 jej aktywno\u015bci tw\u00f3rczej s\u0105 wn\u0119trza.\" \/>\n<meta property=\"og:url\" content=\"https:\/\/nowymodel.org\/en\/maja-uzarowicz\/\" \/>\n<meta property=\"og:site_name\" content=\"nowymodel.org\" \/>\n<meta property=\"article:modified_time\" content=\"2022-05-12T12:31:07+00:00\" \/>\n<meta property=\"og:image\" content=\"https:\/\/nowymodel.org\/wp-content\/uploads\/2022\/03\/162112583_417914162742351_3998345183556024053_n.jpg\" \/>\n<meta name=\"twitter:card\" content=\"summary_large_image\" \/>\n<meta name=\"twitter:label1\" content=\"Estimated reading time\" \/>\n\t<meta name=\"twitter:data1\" content=\"2 minutes\" \/>\n<script type=\"application\/ld+json\" class=\"yoast-schema-graph\">{\"@context\":\"https:\/\/schema.org\",\"@graph\":[{\"@type\":\"WebPage\",\"@id\":\"https:\/\/nowymodel.org\/maja-uzarowicz\/\",\"url\":\"https:\/\/nowymodel.org\/maja-uzarowicz\/\",\"name\":\"Maja Uzarowicz - nowymodel.org\",\"isPartOf\":{\"@id\":\"https:\/\/nowymodel.org\/#website\"},\"primaryImageOfPage\":{\"@id\":\"https:\/\/nowymodel.org\/maja-uzarowicz\/#primaryimage\"},\"image\":{\"@id\":\"https:\/\/nowymodel.org\/maja-uzarowicz\/#primaryimage\"},\"thumbnailUrl\":\"https:\/\/nowymodel.org\/wp-content\/uploads\/2022\/03\/162112583_417914162742351_3998345183556024053_n.jpg\",\"datePublished\":\"2022-03-29T13:54:00+00:00\",\"dateModified\":\"2022-05-12T12:31:07+00:00\",\"description\":\"Absolwentka Wydzia\u0142u Architektury Wn\u0119trz i\u00a0Wzornictwa Przemys\u0142owego ASP w\u00a0Poznaniu. Obecnie domen\u0105 jej aktywno\u015bci tw\u00f3rczej s\u0105 wn\u0119trza.\",\"inLanguage\":\"en-GB\",\"potentialAction\":[{\"@type\":\"ReadAction\",\"target\":[\"https:\/\/nowymodel.org\/maja-uzarowicz\/\"]}]},{\"@type\":\"ImageObject\",\"inLanguage\":\"en-GB\",\"@id\":\"https:\/\/nowymodel.org\/maja-uzarowicz\/#primaryimage\",\"url\":\"https:\/\/nowymodel.org\/wp-content\/uploads\/2022\/03\/162112583_417914162742351_3998345183556024053_n.jpg\",\"contentUrl\":\"https:\/\/nowymodel.org\/wp-content\/uploads\/2022\/03\/162112583_417914162742351_3998345183556024053_n.jpg\"},{\"@type\":\"WebSite\",\"@id\":\"https:\/\/nowymodel.org\/#website\",\"url\":\"https:\/\/nowymodel.org\/\",\"name\":\"nowymodel.org\",\"description\":\"\",\"potentialAction\":[{\"@type\":\"SearchAction\",\"target\":{\"@type\":\"EntryPoint\",\"urlTemplate\":\"https:\/\/nowymodel.org\/?s={search_term_string}\"},\"query-input\":\"required name=search_term_string\"}],\"inLanguage\":\"en-GB\"}]}<\/script>\n<!-- \/ Yoast SEO plugin. -->","yoast_head_json":{"title":"Maja Uzarowicz - nowymodel.org","description":"Absolwentka Wydzia\u0142u Architektury Wn\u0119trz i\u00a0Wzornictwa Przemys\u0142owego ASP w\u00a0Poznaniu. Obecnie domen\u0105 jej aktywno\u015bci tw\u00f3rczej s\u0105 wn\u0119trza.","robots":{"index":"index","follow":"follow","max-snippet":"max-snippet:-1","max-image-preview":"max-image-preview:large","max-video-preview":"max-video-preview:-1"},"canonical":"https:\/\/nowymodel.org\/en\/maja-uzarowicz\/","og_locale":"en_GB","og_type":"article","og_title":"Maja Uzarowicz - nowymodel.org","og_description":"Absolwentka Wydzia\u0142u Architektury Wn\u0119trz i\u00a0Wzornictwa Przemys\u0142owego ASP w\u00a0Poznaniu. Obecnie domen\u0105 jej aktywno\u015bci tw\u00f3rczej s\u0105 wn\u0119trza.","og_url":"https:\/\/nowymodel.org\/en\/maja-uzarowicz\/","og_site_name":"nowymodel.org","article_modified_time":"2022-05-12T12:31:07+00:00","og_image":[{"url":"https:\/\/nowymodel.org\/wp-content\/uploads\/2022\/03\/162112583_417914162742351_3998345183556024053_n.jpg"}],"twitter_card":"summary_large_image","twitter_misc":{"Estimated reading time":"2 minutes"},"schema":{"@context":"https:\/\/schema.org","@graph":[{"@type":"WebPage","@id":"https:\/\/nowymodel.org\/maja-uzarowicz\/","url":"https:\/\/nowymodel.org\/maja-uzarowicz\/","name":"Maja Uzarowicz - nowymodel.org","isPartOf":{"@id":"https:\/\/nowymodel.org\/#website"},"primaryImageOfPage":{"@id":"https:\/\/nowymodel.org\/maja-uzarowicz\/#primaryimage"},"image":{"@id":"https:\/\/nowymodel.org\/maja-uzarowicz\/#primaryimage"},"thumbnailUrl":"https:\/\/nowymodel.org\/wp-content\/uploads\/2022\/03\/162112583_417914162742351_3998345183556024053_n.jpg","datePublished":"2022-03-29T13:54:00+00:00","dateModified":"2022-05-12T12:31:07+00:00","description":"Absolwentka Wydzia\u0142u Architektury Wn\u0119trz i\u00a0Wzornictwa Przemys\u0142owego ASP w\u00a0Poznaniu. Obecnie domen\u0105 jej aktywno\u015bci tw\u00f3rczej s\u0105 wn\u0119trza.","inLanguage":"en-GB","potentialAction":[{"@type":"ReadAction","target":["https:\/\/nowymodel.org\/maja-uzarowicz\/"]}]},{"@type":"ImageObject","inLanguage":"en-GB","@id":"https:\/\/nowymodel.org\/maja-uzarowicz\/#primaryimage","url":"https:\/\/nowymodel.org\/wp-content\/uploads\/2022\/03\/162112583_417914162742351_3998345183556024053_n.jpg","contentUrl":"https:\/\/nowymodel.org\/wp-content\/uploads\/2022\/03\/162112583_417914162742351_3998345183556024053_n.jpg"},{"@type":"WebSite","@id":"https:\/\/nowymodel.org\/#website","url":"https:\/\/nowymodel.org\/","name":"nowymodel.org","description":"","potentialAction":[{"@type":"SearchAction","target":{"@type":"EntryPoint","urlTemplate":"https:\/\/nowymodel.org\/?s={search_term_string}"},"query-input":"required name=search_term_string"}],"inLanguage":"en-GB"}]}},"_links":{"self":[{"href":"https:\/\/nowymodel.org\/en\/wp-json\/wp\/v2\/pages\/832","targetHints":{"allow":["GET"]}}],"collection":[{"href":"https:\/\/nowymodel.org\/en\/wp-json\/wp\/v2\/pages"}],"about":[{"href":"https:\/\/nowymodel.org\/en\/wp-json\/wp\/v2\/types\/page"}],"author":[{"embeddable":true,"href":"https:\/\/nowymodel.org\/en\/wp-json\/wp\/v2\/users\/2"}],"replies":[{"embeddable":true,"href":"https:\/\/nowymodel.org\/en\/wp-json\/wp\/v2\/comments?post=832"}],"version-history":[{"count":4,"href":"https:\/\/nowymodel.org\/en\/wp-json\/wp\/v2\/pages\/832\/revisions"}],"predecessor-version":[{"id":939,"href":"https:\/\/nowymodel.org\/en\/wp-json\/wp\/v2\/pages\/832\/revisions\/939"}],"wp:attachment":[{"href":"https:\/\/nowymodel.org\/en\/wp-json\/wp\/v2\/media?parent=832"}],"curies":[{"name":"wp","href":"https:\/\/api.w.org\/{rel}","templated":true}]}}