{"id":829,"date":"2022-03-29T15:55:20","date_gmt":"2022-03-29T13:55:20","guid":{"rendered":"https:\/\/nowymodel.org\/?page_id=829"},"modified":"2022-05-12T14:38:24","modified_gmt":"2022-05-12T12:38:24","slug":"michal-bartkowiak","status":"publish","type":"page","link":"https:\/\/nowymodel.org\/en\/michal-bartkowiak\/","title":{"rendered":"Micha\u0142 Bartkowiak"},"content":{"rendered":"<div class=\"wp-block-cover alignfull\" style=\"min-height:445px;aspect-ratio:unset;\"><span aria-hidden=\"true\" class=\"has-background-dim-20 wp-block-cover__gradient-background has-background-dim\" style=\"background-color:#000000\"><\/span><div class=\"wp-block-cover__inner-container is-layout-flow wp-block-cover-is-layout-flow\">\n<div class=\"wp-block-columns is-layout-flex wp-container-core-columns-is-layout-9d6595d7 wp-block-columns-is-layout-flex\">\n<div class=\"wp-block-column is-layout-flow wp-block-column-is-layout-flow\">\n<h2 class=\"alignwide has-text-align-center has-white-color has-text-color wp-block-heading\" id=\"we-re-a-studio-in-berlin-with-an-international-practice-in-architecture-urban-planning-and-interior-design-we-believe-in-sharing-knowledge-and-promoting-dialogue-to-increase-the-creative-potential-of-collaboration\" style=\"font-size:48px;line-height:1.1\"><strong>Micha\u0142 Bartkowiak<\/strong><\/h2>\n\n\n\n<p class=\"has-text-align-center has-luminous-vivid-amber-color has-text-color\" style=\"text-transform:lowercase\">interior design <\/p>\n<\/div>\n<\/div>\n<\/div><\/div>\n\n\n\n<div style=\"height:100px\" aria-hidden=\"true\" class=\"wp-block-spacer\"><\/div>\n\n\n\n<div class=\"wp-block-columns is-layout-flex wp-container-core-columns-is-layout-9d6595d7 wp-block-columns-is-layout-flex\">\n<div class=\"wp-block-column is-layout-flow wp-block-column-is-layout-flow\">\n<blockquote class=\"wp-block-quote is-layout-flow wp-block-quote-is-layout-flow\"><p>\"I have made it my goal to improve the quality of life with objects that are original, yet wildly practical.<\/p><\/blockquote>\n\n\n\n<p>Architect and designer. Graduate of the Faculty of Architecture and Industrial Design at the Academy of Fine Arts in Pozna\u0144. Diploma in Prof. Jolanta Usarewicz\u2500Owsian's studio (2010).<\/p>\n\n\n\n<p><\/p>\n\n\n\n<p>In 2010, he defended his master's thesis titled. \"A door in every direction\". After graduation, he participated in the international exchange programme \"Design Innovation &amp; Exchange Programme 2011-2012\" organised by School of Form in Pozna\u0144. Then he completed a training programme \"Design management\" at Pro Design in Pozna\u0144. In parallel to working at the university he gained experience working with the Ette Design Group. Since 2013 he has been designing independently in the field of interior architecture and furniture. In 2018 he defended his doctoral thesis entitled. \"Module as a basis for creating functional forms in urban space\".<\/p>\n\n\n\n<p>Cooperates with design offices and production companies. Currently an assistant at the UAP in Tomasz Bukowski's studio.<\/p>\n<\/div>\n\n\n\n<div class=\"wp-block-column is-layout-flow wp-block-column-is-layout-flow\">\n<figure class=\"wp-block-image size-full\"><img decoding=\"async\" width=\"185\" height=\"182\" src=\"https:\/\/nowymodel.org\/wp-content\/uploads\/2022\/03\/bartkowiak.png\" alt=\"\" class=\"wp-image-893\" srcset=\"https:\/\/nowymodel.org\/wp-content\/uploads\/2022\/03\/bartkowiak.png 185w, https:\/\/nowymodel.org\/wp-content\/uploads\/2022\/03\/bartkowiak-12x12.png 12w\" sizes=\"(max-width: 185px) 100vw, 185px\" \/><\/figure>\n<\/div>\n<\/div>\n\n\n\n<ul class=\"wp-block-social-links is-style-default is-layout-flex wp-block-social-links-is-layout-flex\">\n\n<\/ul>\n\n\n\n<div style=\"height:100px\" aria-hidden=\"true\" class=\"wp-block-spacer\"><\/div>\n\n\n\n<div style=\"height:0px\" aria-hidden=\"true\" class=\"wp-block-spacer\"><\/div>\n\n\n\n<div class=\"wp-block-group alignfull has-black-color has-text-color has-background has-link-color wp-elements-393b7e4d8217c160a836a20cabe519f6\" style=\"background-color:#d2cdc7\"><div class=\"wp-block-group__inner-container is-layout-flow wp-block-group-is-layout-flow\">\n<h2 class=\"alignwide has-text-align-center has-white-color has-text-color wp-block-heading\" style=\"font-size:46px;font-weight:400;line-height:1.1\">Designer products<\/h2>\n<\/div><\/div>\n\n\n\n<div style=\"height:100px\" aria-hidden=\"true\" class=\"wp-block-spacer\"><\/div>\n\n\n\n<p><\/p>","protected":false},"excerpt":{"rendered":"<p>\u201eZa cel obra\u0142em sobie poprawianie jako\u015bci \u017cycia za pomoc\u0105 przedmiot\u00f3w oryginalnych, ale zarazem szalenie praktycznych\u201d. Architekt i&nbsp;projektant. Absolwent Wydzia\u0142u Architektury i&nbsp;Wzornictwa Przemys\u0142owego ASP w&nbsp;Poznaniu. Dyplom w&nbsp;pracowni prof. Jolanty Usarewicz\u2500Owsian (2010). W&nbsp;roku 2010 obroni\u0142 prac\u0119 magistersk\u0105 pt. \u201eDrzwi w&nbsp;ka\u017cd\u0105 stron\u0119\u201d. Po studiach uczestniczy\u0142 w&nbsp;mi\u0119dzynarodowym programie wymiany do\u015bwiadcze\u0144 \u201eDesign Innovation &amp; Exchange Programme 2011\u20132012\u201d organizowanym przez School [&hellip;]<\/p>\n","protected":false},"author":2,"featured_media":0,"parent":0,"menu_order":0,"comment_status":"closed","ping_status":"closed","template":"template-fullwidth.php","meta":{"footnotes":""},"class_list":["post-829","page","type-page","status-publish","hentry"],"yoast_head":"<!-- This site is optimized with the Yoast SEO plugin v22.4 - https:\/\/yoast.com\/wordpress\/plugins\/seo\/ -->\n<title>Micha\u0142 Bartkowiak - nowymodel.org<\/title>\n<meta name=\"description\" content=\"Architekt i\u00a0projektant. Absolwent Wydzia\u0142u Architektury i\u00a0Wzornictwa Przemys\u0142owego ASP w\u00a0Poznaniu.\" \/>\n<meta name=\"robots\" content=\"index, follow, max-snippet:-1, max-image-preview:large, max-video-preview:-1\" \/>\n<link rel=\"canonical\" href=\"https:\/\/nowymodel.org\/en\/michal-bartkowiak\/\" \/>\n<meta property=\"og:locale\" content=\"en_GB\" \/>\n<meta property=\"og:type\" content=\"article\" \/>\n<meta property=\"og:title\" content=\"Micha\u0142 Bartkowiak - nowymodel.org\" \/>\n<meta property=\"og:description\" content=\"Architekt i\u00a0projektant. Absolwent Wydzia\u0142u Architektury i\u00a0Wzornictwa Przemys\u0142owego ASP w\u00a0Poznaniu.\" \/>\n<meta property=\"og:url\" content=\"https:\/\/nowymodel.org\/en\/michal-bartkowiak\/\" \/>\n<meta property=\"og:site_name\" content=\"nowymodel.org\" \/>\n<meta property=\"article:modified_time\" content=\"2022-05-12T12:38:24+00:00\" \/>\n<meta property=\"og:image\" content=\"https:\/\/nowymodel.org\/wp-content\/uploads\/2022\/03\/bartkowiak.png\" \/>\n<meta name=\"twitter:card\" content=\"summary_large_image\" \/>\n<meta name=\"twitter:label1\" content=\"Estimated reading time\" \/>\n\t<meta name=\"twitter:data1\" content=\"1 minute\" \/>\n<script type=\"application\/ld+json\" class=\"yoast-schema-graph\">{\"@context\":\"https:\/\/schema.org\",\"@graph\":[{\"@type\":\"WebPage\",\"@id\":\"https:\/\/nowymodel.org\/michal-bartkowiak\/\",\"url\":\"https:\/\/nowymodel.org\/michal-bartkowiak\/\",\"name\":\"Micha\u0142 Bartkowiak - nowymodel.org\",\"isPartOf\":{\"@id\":\"https:\/\/nowymodel.org\/#website\"},\"primaryImageOfPage\":{\"@id\":\"https:\/\/nowymodel.org\/michal-bartkowiak\/#primaryimage\"},\"image\":{\"@id\":\"https:\/\/nowymodel.org\/michal-bartkowiak\/#primaryimage\"},\"thumbnailUrl\":\"https:\/\/nowymodel.org\/wp-content\/uploads\/2022\/03\/bartkowiak.png\",\"datePublished\":\"2022-03-29T13:55:20+00:00\",\"dateModified\":\"2022-05-12T12:38:24+00:00\",\"description\":\"Architekt i\u00a0projektant. Absolwent Wydzia\u0142u Architektury i\u00a0Wzornictwa Przemys\u0142owego ASP w\u00a0Poznaniu.\",\"inLanguage\":\"en-GB\",\"potentialAction\":[{\"@type\":\"ReadAction\",\"target\":[\"https:\/\/nowymodel.org\/michal-bartkowiak\/\"]}]},{\"@type\":\"ImageObject\",\"inLanguage\":\"en-GB\",\"@id\":\"https:\/\/nowymodel.org\/michal-bartkowiak\/#primaryimage\",\"url\":\"https:\/\/nowymodel.org\/wp-content\/uploads\/2022\/03\/bartkowiak.png\",\"contentUrl\":\"https:\/\/nowymodel.org\/wp-content\/uploads\/2022\/03\/bartkowiak.png\"},{\"@type\":\"WebSite\",\"@id\":\"https:\/\/nowymodel.org\/#website\",\"url\":\"https:\/\/nowymodel.org\/\",\"name\":\"nowymodel.org\",\"description\":\"\",\"potentialAction\":[{\"@type\":\"SearchAction\",\"target\":{\"@type\":\"EntryPoint\",\"urlTemplate\":\"https:\/\/nowymodel.org\/?s={search_term_string}\"},\"query-input\":\"required name=search_term_string\"}],\"inLanguage\":\"en-GB\"}]}<\/script>\n<!-- \/ Yoast SEO plugin. -->","yoast_head_json":{"title":"Micha\u0142 Bartkowiak - nowymodel.org","description":"Architekt i\u00a0projektant. Absolwent Wydzia\u0142u Architektury i\u00a0Wzornictwa Przemys\u0142owego ASP w\u00a0Poznaniu.","robots":{"index":"index","follow":"follow","max-snippet":"max-snippet:-1","max-image-preview":"max-image-preview:large","max-video-preview":"max-video-preview:-1"},"canonical":"https:\/\/nowymodel.org\/en\/michal-bartkowiak\/","og_locale":"en_GB","og_type":"article","og_title":"Micha\u0142 Bartkowiak - nowymodel.org","og_description":"Architekt i\u00a0projektant. Absolwent Wydzia\u0142u Architektury i\u00a0Wzornictwa Przemys\u0142owego ASP w\u00a0Poznaniu.","og_url":"https:\/\/nowymodel.org\/en\/michal-bartkowiak\/","og_site_name":"nowymodel.org","article_modified_time":"2022-05-12T12:38:24+00:00","og_image":[{"url":"https:\/\/nowymodel.org\/wp-content\/uploads\/2022\/03\/bartkowiak.png"}],"twitter_card":"summary_large_image","twitter_misc":{"Estimated reading time":"1 minute"},"schema":{"@context":"https:\/\/schema.org","@graph":[{"@type":"WebPage","@id":"https:\/\/nowymodel.org\/michal-bartkowiak\/","url":"https:\/\/nowymodel.org\/michal-bartkowiak\/","name":"Micha\u0142 Bartkowiak - nowymodel.org","isPartOf":{"@id":"https:\/\/nowymodel.org\/#website"},"primaryImageOfPage":{"@id":"https:\/\/nowymodel.org\/michal-bartkowiak\/#primaryimage"},"image":{"@id":"https:\/\/nowymodel.org\/michal-bartkowiak\/#primaryimage"},"thumbnailUrl":"https:\/\/nowymodel.org\/wp-content\/uploads\/2022\/03\/bartkowiak.png","datePublished":"2022-03-29T13:55:20+00:00","dateModified":"2022-05-12T12:38:24+00:00","description":"Architekt i\u00a0projektant. Absolwent Wydzia\u0142u Architektury i\u00a0Wzornictwa Przemys\u0142owego ASP w\u00a0Poznaniu.","inLanguage":"en-GB","potentialAction":[{"@type":"ReadAction","target":["https:\/\/nowymodel.org\/michal-bartkowiak\/"]}]},{"@type":"ImageObject","inLanguage":"en-GB","@id":"https:\/\/nowymodel.org\/michal-bartkowiak\/#primaryimage","url":"https:\/\/nowymodel.org\/wp-content\/uploads\/2022\/03\/bartkowiak.png","contentUrl":"https:\/\/nowymodel.org\/wp-content\/uploads\/2022\/03\/bartkowiak.png"},{"@type":"WebSite","@id":"https:\/\/nowymodel.org\/#website","url":"https:\/\/nowymodel.org\/","name":"nowymodel.org","description":"","potentialAction":[{"@type":"SearchAction","target":{"@type":"EntryPoint","urlTemplate":"https:\/\/nowymodel.org\/?s={search_term_string}"},"query-input":"required name=search_term_string"}],"inLanguage":"en-GB"}]}},"_links":{"self":[{"href":"https:\/\/nowymodel.org\/en\/wp-json\/wp\/v2\/pages\/829","targetHints":{"allow":["GET"]}}],"collection":[{"href":"https:\/\/nowymodel.org\/en\/wp-json\/wp\/v2\/pages"}],"about":[{"href":"https:\/\/nowymodel.org\/en\/wp-json\/wp\/v2\/types\/page"}],"author":[{"embeddable":true,"href":"https:\/\/nowymodel.org\/en\/wp-json\/wp\/v2\/users\/2"}],"replies":[{"embeddable":true,"href":"https:\/\/nowymodel.org\/en\/wp-json\/wp\/v2\/comments?post=829"}],"version-history":[{"count":2,"href":"https:\/\/nowymodel.org\/en\/wp-json\/wp\/v2\/pages\/829\/revisions"}],"predecessor-version":[{"id":943,"href":"https:\/\/nowymodel.org\/en\/wp-json\/wp\/v2\/pages\/829\/revisions\/943"}],"wp:attachment":[{"href":"https:\/\/nowymodel.org\/en\/wp-json\/wp\/v2\/media?parent=829"}],"curies":[{"name":"wp","href":"https:\/\/api.w.org\/{rel}","templated":true}]}}