{"id":822,"date":"2022-03-28T12:37:54","date_gmt":"2022-03-28T10:37:54","guid":{"rendered":"https:\/\/nowymodel.org\/?page_id=822"},"modified":"2023-11-30T12:35:58","modified_gmt":"2023-11-30T11:35:58","slug":"zofia-zadan-2","status":"publish","type":"page","link":"https:\/\/nowymodel.org\/en\/zofia-zadan-2\/","title":{"rendered":"Zofia \u017badan"},"content":{"rendered":"<div class=\"wp-block-cover alignfull is-light\" style=\"min-height:445px;aspect-ratio:unset;\"><span aria-hidden=\"true\" class=\"wp-block-cover__background has-background-dim-20 has-background-dim\" style=\"background-color:#000000\"><\/span><img fetchpriority=\"high\" decoding=\"async\" width=\"960\" height=\"591\" class=\"wp-block-cover__image-background wp-image-932\" alt=\"\" src=\"https:\/\/nowymodel.org\/wp-content\/uploads\/2022\/03\/10401984_636878519730573_2070423239085558873_n.jpg\" style=\"object-position:59% 50%\" data-object-fit=\"cover\" data-object-position=\"59% 50%\" srcset=\"https:\/\/nowymodel.org\/wp-content\/uploads\/2022\/03\/10401984_636878519730573_2070423239085558873_n.jpg 960w, https:\/\/nowymodel.org\/wp-content\/uploads\/2022\/03\/10401984_636878519730573_2070423239085558873_n-300x185.jpg 300w, https:\/\/nowymodel.org\/wp-content\/uploads\/2022\/03\/10401984_636878519730573_2070423239085558873_n-768x473.jpg 768w, https:\/\/nowymodel.org\/wp-content\/uploads\/2022\/03\/10401984_636878519730573_2070423239085558873_n-18x12.jpg 18w, https:\/\/nowymodel.org\/wp-content\/uploads\/2022\/03\/10401984_636878519730573_2070423239085558873_n-416x256.jpg 416w\" sizes=\"(max-width: 960px) 100vw, 960px\" \/><div class=\"wp-block-cover__inner-container is-layout-flow wp-block-cover-is-layout-flow\">\n<div class=\"wp-block-columns is-layout-flex wp-container-core-columns-is-layout-9d6595d7 wp-block-columns-is-layout-flex\">\n<div class=\"wp-block-column is-layout-flow wp-block-column-is-layout-flow\">\n<h2 class=\"wp-block-heading alignwide has-text-align-center has-white-color has-text-color\" id=\"we-re-a-studio-in-berlin-with-an-international-practice-in-architecture-urban-planning-and-interior-design-we-believe-in-sharing-knowledge-and-promoting-dialogue-to-increase-the-creative-potential-of-collaboration\" style=\"font-size:48px;line-height:1.1\"><strong>Zofia \u017badan<\/strong><\/h2>\n\n\n\n<p class=\"has-text-align-center has-luminous-vivid-amber-color has-text-color\" style=\"text-transform:lowercase\">design <\/p>\n<\/div>\n<\/div>\n<\/div><\/div>\n\n\n\n<div style=\"height:100px\" aria-hidden=\"true\" class=\"wp-block-spacer\"><\/div>\n\n\n\n<div class=\"wp-block-columns is-layout-flex wp-container-core-columns-is-layout-9d6595d7 wp-block-columns-is-layout-flex\">\n<div class=\"wp-block-column is-layout-flow wp-block-column-is-layout-flow\">\n<blockquote class=\"wp-block-quote is-layout-flow wp-block-quote-is-layout-flow\">\n<p>\"Design is more than just 'pretty' things\".<\/p>\n<\/blockquote>\n\n\n\n<p>Graduate of the University of Arts in Poznan at the Faculty of Architecture and Design, just at the beginning of her professional path.<\/p>\n\n\n\n<p>Despite specializing in furniture design, she is interested in the presence of design in every sphere of life. Ergonomics and functionality are as important to her as whether we feel natural with an object. In her opinion, a good design should be attractive, attract attention, and at the same time be so intuitive that it \"disappears\" and becomes a part of our lives.<\/p>\n\n\n\n<p>She has presented her designs in many group exhibitions, including arena DESIGN 2013 and 2014.<\/p>\n<\/div>\n\n\n\n<div class=\"wp-block-column is-layout-flow wp-block-column-is-layout-flow\">\n<figure class=\"wp-block-image size-full\"><img decoding=\"async\" width=\"200\" height=\"200\" src=\"https:\/\/nowymodel.org\/wp-content\/uploads\/2022\/03\/1520298032440.jpg\" alt=\"\" class=\"wp-image-907\" srcset=\"https:\/\/nowymodel.org\/wp-content\/uploads\/2022\/03\/1520298032440.jpg 200w, https:\/\/nowymodel.org\/wp-content\/uploads\/2022\/03\/1520298032440-150x150.jpg 150w, https:\/\/nowymodel.org\/wp-content\/uploads\/2022\/03\/1520298032440-12x12.jpg 12w, https:\/\/nowymodel.org\/wp-content\/uploads\/2022\/03\/1520298032440-100x100.jpg 100w\" sizes=\"(max-width: 200px) 100vw, 200px\" \/><\/figure>\n<\/div>\n<\/div>\n\n\n\n<ul class=\"wp-block-social-links is-style-default is-layout-flex wp-block-social-links-is-layout-flex\"><li class=\"wp-social-link wp-social-link-instagram  wp-block-social-link\"><a href=\"https:\/\/www.instagram.com\/zzadan\/\" class=\"wp-block-social-link-anchor\"><svg width=\"24\" height=\"24\" viewbox=\"0 0 24 24\" version=\"1.1\" xmlns=\"http:\/\/www.w3.org\/2000\/svg\" aria-hidden=\"true\" focusable=\"false\"><path d=\"M12,4.622c2.403,0,2.688,0.009,3.637,0.052c0.877,0.04,1.354,0.187,1.671,0.31c0.42,0.163,0.72,0.358,1.035,0.673 c0.315,0.315,0.51,0.615,0.673,1.035c0.123,0.317,0.27,0.794,0.31,1.671c0.043,0.949,0.052,1.234,0.052,3.637 s-0.009,2.688-0.052,3.637c-0.04,0.877-0.187,1.354-0.31,1.671c-0.163,0.42-0.358,0.72-0.673,1.035 c-0.315,0.315-0.615,0.51-1.035,0.673c-0.317,0.123-0.794,0.27-1.671,0.31c-0.949,0.043-1.233,0.052-3.637,0.052 s-2.688-0.009-3.637-0.052c-0.877-0.04-1.354-0.187-1.671-0.31c-0.42-0.163-0.72-0.358-1.035-0.673 c-0.315-0.315-0.51-0.615-0.673-1.035c-0.123-0.317-0.27-0.794-0.31-1.671C4.631,14.688,4.622,14.403,4.622,12 s0.009-2.688,0.052-3.637c0.04-0.877,0.187-1.354,0.31-1.671c0.163-0.42,0.358-0.72,0.673-1.035 c0.315-0.315,0.615-0.51,1.035-0.673c0.317-0.123,0.794-0.27,1.671-0.31C9.312,4.631,9.597,4.622,12,4.622 M12,3 C9.556,3,9.249,3.01,8.289,3.054C7.331,3.098,6.677,3.25,6.105,3.472C5.513,3.702,5.011,4.01,4.511,4.511 c-0.5,0.5-0.808,1.002-1.038,1.594C3.25,6.677,3.098,7.331,3.054,8.289C3.01,9.249,3,9.556,3,12c0,2.444,0.01,2.751,0.054,3.711 c0.044,0.958,0.196,1.612,0.418,2.185c0.23,0.592,0.538,1.094,1.038,1.594c0.5,0.5,1.002,0.808,1.594,1.038 c0.572,0.222,1.227,0.375,2.185,0.418C9.249,20.99,9.556,21,12,21s2.751-0.01,3.711-0.054c0.958-0.044,1.612-0.196,2.185-0.418 c0.592-0.23,1.094-0.538,1.594-1.038c0.5-0.5,0.808-1.002,1.038-1.594c0.222-0.572,0.375-1.227,0.418-2.185 C20.99,14.751,21,14.444,21,12s-0.01-2.751-0.054-3.711c-0.044-0.958-0.196-1.612-0.418-2.185c-0.23-0.592-0.538-1.094-1.038-1.594 c-0.5-0.5-1.002-0.808-1.594-1.038c-0.572-0.222-1.227-0.375-2.185-0.418C14.751,3.01,14.444,3,12,3L12,3z M12,7.378 c-2.552,0-4.622,2.069-4.622,4.622S9.448,16.622,12,16.622s4.622-2.069,4.622-4.622S14.552,7.378,12,7.378z M12,15 c-1.657,0-3-1.343-3-3s1.343-3,3-3s3,1.343,3,3S13.657,15,12,15z M16.804,6.116c-0.596,0-1.08,0.484-1.08,1.08 s0.484,1.08,1.08,1.08c0.596,0,1.08-0.484,1.08-1.08S17.401,6.116,16.804,6.116z\"><\/path><\/svg><span class=\"wp-block-social-link-label screen-reader-text\">Instagram<\/span><\/a><\/li><\/ul>\n\n\n\n<div style=\"height:100px\" aria-hidden=\"true\" class=\"wp-block-spacer\"><\/div>\n\n\n\n<div style=\"height:0px\" aria-hidden=\"true\" class=\"wp-block-spacer\"><\/div>\n\n\n\n<div class=\"wp-block-group alignfull has-black-color has-text-color has-background has-link-color wp-elements-03c3f261f0fe0c1ae70242c3b68ae09b\" style=\"background-color:#d2cdc7\"><div class=\"wp-block-group__inner-container is-layout-flow wp-block-group-is-layout-flow\">\n<h2 class=\"wp-block-heading alignwide has-text-align-center has-white-color has-text-color\" style=\"font-size:46px;font-weight:400;line-height:1.1\">Designer products<\/h2>\n<\/div><\/div>\n\n\n\n<div style=\"height:100px\" aria-hidden=\"true\" class=\"wp-block-spacer\"><\/div>\n\n\n\n<p><\/p>","protected":false},"excerpt":{"rendered":"<p>\u201eDesign to co\u015b wi\u0119cej ni\u017c \u201e\u0142adne\u201d rzeczy\u201d. Absolwentka Uniwersytetu Artystycznego w&nbsp;Poznaniu na Wydziale Architektury i&nbsp;Wzornictwa, znajduj\u0105ca si\u0119 w\u0142a\u015bnie na pocz\u0105tku swojej drogi zawodowej. Mimo specjalno\u015bci, jak\u0105 jest projektowanie mebla, interesuje j\u0105 obecno\u015b\u0107 designu w&nbsp;ka\u017cdej sferze \u017cycia. Ergonomia i&nbsp;funkcjonalno\u015b\u0107, s\u0105 dla niej r\u00f3wnie wa\u017cne, jak to, czy z&nbsp;przedmiotem czujemy si\u0119 naturalnie. Jej zdaniem dobry projekt powinien [&hellip;]<\/p>\n","protected":false},"author":2,"featured_media":0,"parent":0,"menu_order":0,"comment_status":"closed","ping_status":"closed","template":"template-fullwidth.php","meta":{"footnotes":""},"class_list":["post-822","page","type-page","status-publish","hentry"],"yoast_head":"<!-- This site is optimized with the Yoast SEO plugin v22.4 - https:\/\/yoast.com\/wordpress\/plugins\/seo\/ -->\n<title>Zofia \u017badan - nowymodel.org<\/title>\n<meta name=\"description\" content=\"Absolwentka Uniwersytetu Artystycznego w\u00a0Poznaniu na Wydziale Architektury i\u00a0Wzornictwa. Mimo specjalno\u015bci, jak\u0105 jest projektowanie mebla, interesuje j\u0105 obecno\u015b\u0107 designu w\u00a0ka\u017cdej sferze \u017cycia.\" \/>\n<meta name=\"robots\" content=\"index, follow, max-snippet:-1, max-image-preview:large, max-video-preview:-1\" \/>\n<link rel=\"canonical\" href=\"https:\/\/nowymodel.org\/en\/zofia-zadan-2\/\" \/>\n<meta property=\"og:locale\" content=\"en_GB\" \/>\n<meta property=\"og:type\" content=\"article\" \/>\n<meta property=\"og:title\" content=\"Zofia \u017badan - nowymodel.org\" \/>\n<meta property=\"og:description\" content=\"Absolwentka Uniwersytetu Artystycznego w\u00a0Poznaniu na Wydziale Architektury i\u00a0Wzornictwa. Mimo specjalno\u015bci, jak\u0105 jest projektowanie mebla, interesuje j\u0105 obecno\u015b\u0107 designu w\u00a0ka\u017cdej sferze \u017cycia.\" \/>\n<meta property=\"og:url\" content=\"https:\/\/nowymodel.org\/en\/zofia-zadan-2\/\" \/>\n<meta property=\"og:site_name\" content=\"nowymodel.org\" \/>\n<meta property=\"article:modified_time\" content=\"2023-11-30T11:35:58+00:00\" \/>\n<meta property=\"og:image\" content=\"https:\/\/nowymodel.org\/wp-content\/uploads\/2022\/03\/10401984_636878519730573_2070423239085558873_n.jpg\" \/>\n<meta name=\"twitter:card\" content=\"summary_large_image\" \/>\n<meta name=\"twitter:label1\" content=\"Estimated reading time\" \/>\n\t<meta name=\"twitter:data1\" content=\"1 minute\" \/>\n<script type=\"application\/ld+json\" class=\"yoast-schema-graph\">{\"@context\":\"https:\/\/schema.org\",\"@graph\":[{\"@type\":\"WebPage\",\"@id\":\"https:\/\/nowymodel.org\/zofia-zadan-2\/\",\"url\":\"https:\/\/nowymodel.org\/zofia-zadan-2\/\",\"name\":\"Zofia \u017badan - nowymodel.org\",\"isPartOf\":{\"@id\":\"https:\/\/nowymodel.org\/#website\"},\"primaryImageOfPage\":{\"@id\":\"https:\/\/nowymodel.org\/zofia-zadan-2\/#primaryimage\"},\"image\":{\"@id\":\"https:\/\/nowymodel.org\/zofia-zadan-2\/#primaryimage\"},\"thumbnailUrl\":\"https:\/\/nowymodel.org\/wp-content\/uploads\/2022\/03\/10401984_636878519730573_2070423239085558873_n.jpg\",\"datePublished\":\"2022-03-28T10:37:54+00:00\",\"dateModified\":\"2023-11-30T11:35:58+00:00\",\"description\":\"Absolwentka Uniwersytetu Artystycznego w\u00a0Poznaniu na Wydziale Architektury i\u00a0Wzornictwa. Mimo specjalno\u015bci, jak\u0105 jest projektowanie mebla, interesuje j\u0105 obecno\u015b\u0107 designu w\u00a0ka\u017cdej sferze \u017cycia.\",\"inLanguage\":\"en-GB\",\"potentialAction\":[{\"@type\":\"ReadAction\",\"target\":[\"https:\/\/nowymodel.org\/zofia-zadan-2\/\"]}]},{\"@type\":\"ImageObject\",\"inLanguage\":\"en-GB\",\"@id\":\"https:\/\/nowymodel.org\/zofia-zadan-2\/#primaryimage\",\"url\":\"https:\/\/nowymodel.org\/wp-content\/uploads\/2022\/03\/10401984_636878519730573_2070423239085558873_n.jpg\",\"contentUrl\":\"https:\/\/nowymodel.org\/wp-content\/uploads\/2022\/03\/10401984_636878519730573_2070423239085558873_n.jpg\"},{\"@type\":\"WebSite\",\"@id\":\"https:\/\/nowymodel.org\/#website\",\"url\":\"https:\/\/nowymodel.org\/\",\"name\":\"nowymodel.org\",\"description\":\"\",\"potentialAction\":[{\"@type\":\"SearchAction\",\"target\":{\"@type\":\"EntryPoint\",\"urlTemplate\":\"https:\/\/nowymodel.org\/?s={search_term_string}\"},\"query-input\":\"required name=search_term_string\"}],\"inLanguage\":\"en-GB\"}]}<\/script>\n<!-- \/ Yoast SEO plugin. -->","yoast_head_json":{"title":"Zofia \u017badan - nowymodel.org","description":"Absolwentka Uniwersytetu Artystycznego w\u00a0Poznaniu na Wydziale Architektury i\u00a0Wzornictwa. Mimo specjalno\u015bci, jak\u0105 jest projektowanie mebla, interesuje j\u0105 obecno\u015b\u0107 designu w\u00a0ka\u017cdej sferze \u017cycia.","robots":{"index":"index","follow":"follow","max-snippet":"max-snippet:-1","max-image-preview":"max-image-preview:large","max-video-preview":"max-video-preview:-1"},"canonical":"https:\/\/nowymodel.org\/en\/zofia-zadan-2\/","og_locale":"en_GB","og_type":"article","og_title":"Zofia \u017badan - nowymodel.org","og_description":"Absolwentka Uniwersytetu Artystycznego w\u00a0Poznaniu na Wydziale Architektury i\u00a0Wzornictwa. Mimo specjalno\u015bci, jak\u0105 jest projektowanie mebla, interesuje j\u0105 obecno\u015b\u0107 designu w\u00a0ka\u017cdej sferze \u017cycia.","og_url":"https:\/\/nowymodel.org\/en\/zofia-zadan-2\/","og_site_name":"nowymodel.org","article_modified_time":"2023-11-30T11:35:58+00:00","og_image":[{"url":"https:\/\/nowymodel.org\/wp-content\/uploads\/2022\/03\/10401984_636878519730573_2070423239085558873_n.jpg"}],"twitter_card":"summary_large_image","twitter_misc":{"Estimated reading time":"1 minute"},"schema":{"@context":"https:\/\/schema.org","@graph":[{"@type":"WebPage","@id":"https:\/\/nowymodel.org\/zofia-zadan-2\/","url":"https:\/\/nowymodel.org\/zofia-zadan-2\/","name":"Zofia \u017badan - nowymodel.org","isPartOf":{"@id":"https:\/\/nowymodel.org\/#website"},"primaryImageOfPage":{"@id":"https:\/\/nowymodel.org\/zofia-zadan-2\/#primaryimage"},"image":{"@id":"https:\/\/nowymodel.org\/zofia-zadan-2\/#primaryimage"},"thumbnailUrl":"https:\/\/nowymodel.org\/wp-content\/uploads\/2022\/03\/10401984_636878519730573_2070423239085558873_n.jpg","datePublished":"2022-03-28T10:37:54+00:00","dateModified":"2023-11-30T11:35:58+00:00","description":"Absolwentka Uniwersytetu Artystycznego w\u00a0Poznaniu na Wydziale Architektury i\u00a0Wzornictwa. Mimo specjalno\u015bci, jak\u0105 jest projektowanie mebla, interesuje j\u0105 obecno\u015b\u0107 designu w\u00a0ka\u017cdej sferze \u017cycia.","inLanguage":"en-GB","potentialAction":[{"@type":"ReadAction","target":["https:\/\/nowymodel.org\/zofia-zadan-2\/"]}]},{"@type":"ImageObject","inLanguage":"en-GB","@id":"https:\/\/nowymodel.org\/zofia-zadan-2\/#primaryimage","url":"https:\/\/nowymodel.org\/wp-content\/uploads\/2022\/03\/10401984_636878519730573_2070423239085558873_n.jpg","contentUrl":"https:\/\/nowymodel.org\/wp-content\/uploads\/2022\/03\/10401984_636878519730573_2070423239085558873_n.jpg"},{"@type":"WebSite","@id":"https:\/\/nowymodel.org\/#website","url":"https:\/\/nowymodel.org\/","name":"nowymodel.org","description":"","potentialAction":[{"@type":"SearchAction","target":{"@type":"EntryPoint","urlTemplate":"https:\/\/nowymodel.org\/?s={search_term_string}"},"query-input":"required name=search_term_string"}],"inLanguage":"en-GB"}]}},"_links":{"self":[{"href":"https:\/\/nowymodel.org\/en\/wp-json\/wp\/v2\/pages\/822","targetHints":{"allow":["GET"]}}],"collection":[{"href":"https:\/\/nowymodel.org\/en\/wp-json\/wp\/v2\/pages"}],"about":[{"href":"https:\/\/nowymodel.org\/en\/wp-json\/wp\/v2\/types\/page"}],"author":[{"embeddable":true,"href":"https:\/\/nowymodel.org\/en\/wp-json\/wp\/v2\/users\/2"}],"replies":[{"embeddable":true,"href":"https:\/\/nowymodel.org\/en\/wp-json\/wp\/v2\/comments?post=822"}],"version-history":[{"count":8,"href":"https:\/\/nowymodel.org\/en\/wp-json\/wp\/v2\/pages\/822\/revisions"}],"predecessor-version":[{"id":24285,"href":"https:\/\/nowymodel.org\/en\/wp-json\/wp\/v2\/pages\/822\/revisions\/24285"}],"wp:attachment":[{"href":"https:\/\/nowymodel.org\/en\/wp-json\/wp\/v2\/media?parent=822"}],"curies":[{"name":"wp","href":"https:\/\/api.w.org\/{rel}","templated":true}]}}