{"id":819,"date":"2022-03-28T12:33:56","date_gmt":"2022-03-28T10:33:56","guid":{"rendered":"https:\/\/nowymodel.org\/?page_id=819"},"modified":"2022-05-20T10:54:45","modified_gmt":"2022-05-20T08:54:45","slug":"tomasz-andrzej-rudkiewicz","status":"publish","type":"page","link":"https:\/\/nowymodel.org\/en\/tomasz-andrzej-rudkiewicz\/","title":{"rendered":"Tomasz Andrzej Rudkiewicz"},"content":{"rendered":"<div class=\"wp-block-cover alignfull\" style=\"min-height:445px;aspect-ratio:unset;\"><span aria-hidden=\"true\" class=\"has-background-dim-20 wp-block-cover__gradient-background has-background-dim\" style=\"background-color:#000000\"><\/span><img fetchpriority=\"high\" decoding=\"async\" width=\"886\" height=\"606\" class=\"wp-block-cover__image-background wp-image-903\" alt=\"\" src=\"https:\/\/nowymodel.org\/wp-content\/uploads\/2022\/03\/Q9A0261_s.jpg\" style=\"object-position:44% 36%\" data-object-fit=\"cover\" data-object-position=\"44% 36%\" srcset=\"https:\/\/nowymodel.org\/wp-content\/uploads\/2022\/03\/Q9A0261_s.jpg 886w, https:\/\/nowymodel.org\/wp-content\/uploads\/2022\/03\/Q9A0261_s-300x205.jpg 300w, https:\/\/nowymodel.org\/wp-content\/uploads\/2022\/03\/Q9A0261_s-768x525.jpg 768w, https:\/\/nowymodel.org\/wp-content\/uploads\/2022\/03\/Q9A0261_s-18x12.jpg 18w, https:\/\/nowymodel.org\/wp-content\/uploads\/2022\/03\/Q9A0261_s-416x285.jpg 416w\" sizes=\"(max-width: 886px) 100vw, 886px\" \/><div class=\"wp-block-cover__inner-container is-layout-flow wp-block-cover-is-layout-flow\">\n<div class=\"wp-block-columns is-layout-flex wp-container-core-columns-is-layout-9d6595d7 wp-block-columns-is-layout-flex\">\n<div class=\"wp-block-column is-layout-flow wp-block-column-is-layout-flow\">\n<h2 class=\"alignwide has-text-align-center has-white-color has-text-color wp-block-heading\" id=\"we-re-a-studio-in-berlin-with-an-international-practice-in-architecture-urban-planning-and-interior-design-we-believe-in-sharing-knowledge-and-promoting-dialogue-to-increase-the-creative-potential-of-collaboration\" style=\"font-size:48px;line-height:1.1\"><strong>Tomasz Andrzej Rudkiewicz<\/strong><\/h2>\n\n\n\n<p class=\"has-text-align-center has-luminous-vivid-amber-color has-text-color\" style=\"text-transform:lowercase\">design<\/p>\n<\/div>\n<\/div>\n<\/div><\/div>\n\n\n\n<div style=\"height:100px\" aria-hidden=\"true\" class=\"wp-block-spacer\"><\/div>\n\n\n\n<div class=\"wp-block-columns is-layout-flex wp-container-core-columns-is-layout-9d6595d7 wp-block-columns-is-layout-flex\">\n<div class=\"wp-block-column is-layout-flow wp-block-column-is-layout-flow\">\n<p>Industrial designer, co-founder of NC.ART and the TAR brand.<br>He has lived in Finland since 1986.<\/p>\n\n\n\n<p>From 1986 to 1999 he worked at E&amp;D Design, the largest design studio in Scandinavia at the time.<br>Member of SPPP (Association of Polish Industrial Designers) and ORNAMO (Association of Industrial Designers in Finland).<\/p>\n\n\n\n<p>In 2008 he was nominated Designer of the Year by the Institute of Design.<\/p>\n\n\n\n<p>Lamp design has been Tomek Rudkiewicz's passion since the beginning of his career.<\/p>\n\n\n\n<p>In 1981 in Hanover, he received a prestigious iF award for his design of the POLAM-WILKASY lamp system, which he co-authored with Bartek Pniewski.<\/p>\n\n\n\n<p>In the 1980s, together with his brother Jakub, he ran MASS, a lighting design and manufacturing company in Warsaw. MASS lamps illuminated thousands of Polish homes, offering a colourful and good quality alternative to the grey and empty socialist market.<\/p>\n\n\n\n<p><\/p>\n\n\n\n<p><\/p>\n<\/div>\n\n\n\n<div class=\"wp-block-column is-layout-flow wp-block-column-is-layout-flow\">\n<figure class=\"wp-block-image size-full\"><img decoding=\"async\" width=\"640\" height=\"827\" src=\"https:\/\/nowymodel.org\/wp-content\/uploads\/2022\/03\/d2FjPTY0MHgwLjc3Mw_src_91004-_WIG9934.jpg\" alt=\"\" class=\"wp-image-905\" srcset=\"https:\/\/nowymodel.org\/wp-content\/uploads\/2022\/03\/d2FjPTY0MHgwLjc3Mw_src_91004-_WIG9934.jpg 640w, https:\/\/nowymodel.org\/wp-content\/uploads\/2022\/03\/d2FjPTY0MHgwLjc3Mw_src_91004-_WIG9934-232x300.jpg 232w, https:\/\/nowymodel.org\/wp-content\/uploads\/2022\/03\/d2FjPTY0MHgwLjc3Mw_src_91004-_WIG9934-9x12.jpg 9w, https:\/\/nowymodel.org\/wp-content\/uploads\/2022\/03\/d2FjPTY0MHgwLjc3Mw_src_91004-_WIG9934-416x538.jpg 416w\" sizes=\"(max-width: 640px) 100vw, 640px\" \/><\/figure>\n<\/div>\n<\/div>\n\n\n\n<div style=\"height:100px\" aria-hidden=\"true\" class=\"wp-block-spacer\"><\/div>\n\n\n\n<div style=\"height:0px\" aria-hidden=\"true\" class=\"wp-block-spacer\"><\/div>\n\n\n\n<div class=\"wp-block-group alignfull has-black-color has-text-color has-background has-link-color wp-elements-393b7e4d8217c160a836a20cabe519f6\" style=\"background-color:#d2cdc7\"><div class=\"wp-block-group__inner-container is-layout-flow wp-block-group-is-layout-flow\">\n<h2 class=\"alignwide has-text-align-center has-white-color has-text-color wp-block-heading\" style=\"font-size:46px;font-weight:400;line-height:1.1\">Designer products<\/h2>\n<\/div><\/div>\n\n\n\n<div style=\"height:100px\" aria-hidden=\"true\" class=\"wp-block-spacer\"><\/div>\n\n\n\n<p><\/p>","protected":false},"excerpt":{"rendered":"<p>Projektant przemys\u0142owy, wsp\u00f3\u0142za\u0142o\u017cyciel firmy NC.ART i&nbsp;marki TAR.Od 1986 mieszka w&nbsp;Finlandii. W&nbsp;latach 1986-1999 pracowa\u0142 w&nbsp;E&amp;D Design, najwi\u0119kszym w\u00f3wczas studiu designu w&nbsp;Skandynawii.Cz\u0142onek SPPP (Stowarzyszenia Polskich Projektant\u00f3w Przemys\u0142owych) i&nbsp;ORNAMO (Zwi\u0105zku Projektant\u00f3w Przemys\u0142owych w&nbsp;Finlandii). W&nbsp;2008 mianowany przez Instytut Wzornictwa Projektantem Roku. Projektowanie lamp by\u0142o pasj\u0105 Tomka Rudkiewicza od pocz\u0105tku jego kariery zawodowej. W&nbsp;1981 w&nbsp;Hanowerze uzyska\u0142 presti\u017cowe wyr\u00f3\u017cnienie iF za [&hellip;]<\/p>\n","protected":false},"author":2,"featured_media":0,"parent":0,"menu_order":0,"comment_status":"closed","ping_status":"closed","template":"template-fullwidth.php","meta":{"footnotes":""},"class_list":["post-819","page","type-page","status-publish","hentry"],"yoast_head":"<!-- This site is optimized with the Yoast SEO plugin v22.4 - https:\/\/yoast.com\/wordpress\/plugins\/seo\/ -->\n<title>Tomasz Andrzej Rudkiewicz - nowymodel.org<\/title>\n<meta name=\"description\" content=\"Projektant przemys\u0142owy, wsp\u00f3\u0142za\u0142o\u017cyciel firmy NC.ART i\u00a0marki TAR. Od 1986 mieszka w\u00a0Finlandii.\" \/>\n<meta name=\"robots\" content=\"index, follow, max-snippet:-1, max-image-preview:large, max-video-preview:-1\" \/>\n<link rel=\"canonical\" href=\"https:\/\/nowymodel.org\/en\/tomasz-andrzej-rudkiewicz\/\" \/>\n<meta property=\"og:locale\" content=\"en_GB\" \/>\n<meta property=\"og:type\" content=\"article\" \/>\n<meta property=\"og:title\" content=\"Tomasz Andrzej Rudkiewicz - nowymodel.org\" \/>\n<meta property=\"og:description\" content=\"Projektant przemys\u0142owy, wsp\u00f3\u0142za\u0142o\u017cyciel firmy NC.ART i\u00a0marki TAR. Od 1986 mieszka w\u00a0Finlandii.\" \/>\n<meta property=\"og:url\" content=\"https:\/\/nowymodel.org\/en\/tomasz-andrzej-rudkiewicz\/\" \/>\n<meta property=\"og:site_name\" content=\"nowymodel.org\" \/>\n<meta property=\"article:modified_time\" content=\"2022-05-20T08:54:45+00:00\" \/>\n<meta property=\"og:image\" content=\"https:\/\/nowymodel.org\/wp-content\/uploads\/2022\/03\/Q9A0261_s.jpg\" \/>\n<meta name=\"twitter:card\" content=\"summary_large_image\" \/>\n<meta name=\"twitter:label1\" content=\"Estimated reading time\" \/>\n\t<meta name=\"twitter:data1\" content=\"2 minutes\" \/>\n<script type=\"application\/ld+json\" class=\"yoast-schema-graph\">{\"@context\":\"https:\/\/schema.org\",\"@graph\":[{\"@type\":\"WebPage\",\"@id\":\"https:\/\/nowymodel.org\/tomasz-andrzej-rudkiewicz\/\",\"url\":\"https:\/\/nowymodel.org\/tomasz-andrzej-rudkiewicz\/\",\"name\":\"Tomasz Andrzej Rudkiewicz - nowymodel.org\",\"isPartOf\":{\"@id\":\"https:\/\/nowymodel.org\/#website\"},\"primaryImageOfPage\":{\"@id\":\"https:\/\/nowymodel.org\/tomasz-andrzej-rudkiewicz\/#primaryimage\"},\"image\":{\"@id\":\"https:\/\/nowymodel.org\/tomasz-andrzej-rudkiewicz\/#primaryimage\"},\"thumbnailUrl\":\"https:\/\/nowymodel.org\/wp-content\/uploads\/2022\/03\/Q9A0261_s.jpg\",\"datePublished\":\"2022-03-28T10:33:56+00:00\",\"dateModified\":\"2022-05-20T08:54:45+00:00\",\"description\":\"Projektant przemys\u0142owy, wsp\u00f3\u0142za\u0142o\u017cyciel firmy NC.ART i\u00a0marki TAR. Od 1986 mieszka w\u00a0Finlandii.\",\"inLanguage\":\"en-GB\",\"potentialAction\":[{\"@type\":\"ReadAction\",\"target\":[\"https:\/\/nowymodel.org\/tomasz-andrzej-rudkiewicz\/\"]}]},{\"@type\":\"ImageObject\",\"inLanguage\":\"en-GB\",\"@id\":\"https:\/\/nowymodel.org\/tomasz-andrzej-rudkiewicz\/#primaryimage\",\"url\":\"https:\/\/nowymodel.org\/wp-content\/uploads\/2022\/03\/Q9A0261_s.jpg\",\"contentUrl\":\"https:\/\/nowymodel.org\/wp-content\/uploads\/2022\/03\/Q9A0261_s.jpg\"},{\"@type\":\"WebSite\",\"@id\":\"https:\/\/nowymodel.org\/#website\",\"url\":\"https:\/\/nowymodel.org\/\",\"name\":\"nowymodel.org\",\"description\":\"\",\"potentialAction\":[{\"@type\":\"SearchAction\",\"target\":{\"@type\":\"EntryPoint\",\"urlTemplate\":\"https:\/\/nowymodel.org\/?s={search_term_string}\"},\"query-input\":\"required name=search_term_string\"}],\"inLanguage\":\"en-GB\"}]}<\/script>\n<!-- \/ Yoast SEO plugin. -->","yoast_head_json":{"title":"Tomasz Andrzej Rudkiewicz - nowymodel.org","description":"Projektant przemys\u0142owy, wsp\u00f3\u0142za\u0142o\u017cyciel firmy NC.ART i\u00a0marki TAR. Od 1986 mieszka w\u00a0Finlandii.","robots":{"index":"index","follow":"follow","max-snippet":"max-snippet:-1","max-image-preview":"max-image-preview:large","max-video-preview":"max-video-preview:-1"},"canonical":"https:\/\/nowymodel.org\/en\/tomasz-andrzej-rudkiewicz\/","og_locale":"en_GB","og_type":"article","og_title":"Tomasz Andrzej Rudkiewicz - nowymodel.org","og_description":"Projektant przemys\u0142owy, wsp\u00f3\u0142za\u0142o\u017cyciel firmy NC.ART i\u00a0marki TAR. Od 1986 mieszka w\u00a0Finlandii.","og_url":"https:\/\/nowymodel.org\/en\/tomasz-andrzej-rudkiewicz\/","og_site_name":"nowymodel.org","article_modified_time":"2022-05-20T08:54:45+00:00","og_image":[{"url":"https:\/\/nowymodel.org\/wp-content\/uploads\/2022\/03\/Q9A0261_s.jpg"}],"twitter_card":"summary_large_image","twitter_misc":{"Estimated reading time":"2 minutes"},"schema":{"@context":"https:\/\/schema.org","@graph":[{"@type":"WebPage","@id":"https:\/\/nowymodel.org\/tomasz-andrzej-rudkiewicz\/","url":"https:\/\/nowymodel.org\/tomasz-andrzej-rudkiewicz\/","name":"Tomasz Andrzej Rudkiewicz - nowymodel.org","isPartOf":{"@id":"https:\/\/nowymodel.org\/#website"},"primaryImageOfPage":{"@id":"https:\/\/nowymodel.org\/tomasz-andrzej-rudkiewicz\/#primaryimage"},"image":{"@id":"https:\/\/nowymodel.org\/tomasz-andrzej-rudkiewicz\/#primaryimage"},"thumbnailUrl":"https:\/\/nowymodel.org\/wp-content\/uploads\/2022\/03\/Q9A0261_s.jpg","datePublished":"2022-03-28T10:33:56+00:00","dateModified":"2022-05-20T08:54:45+00:00","description":"Projektant przemys\u0142owy, wsp\u00f3\u0142za\u0142o\u017cyciel firmy NC.ART i\u00a0marki TAR. Od 1986 mieszka w\u00a0Finlandii.","inLanguage":"en-GB","potentialAction":[{"@type":"ReadAction","target":["https:\/\/nowymodel.org\/tomasz-andrzej-rudkiewicz\/"]}]},{"@type":"ImageObject","inLanguage":"en-GB","@id":"https:\/\/nowymodel.org\/tomasz-andrzej-rudkiewicz\/#primaryimage","url":"https:\/\/nowymodel.org\/wp-content\/uploads\/2022\/03\/Q9A0261_s.jpg","contentUrl":"https:\/\/nowymodel.org\/wp-content\/uploads\/2022\/03\/Q9A0261_s.jpg"},{"@type":"WebSite","@id":"https:\/\/nowymodel.org\/#website","url":"https:\/\/nowymodel.org\/","name":"nowymodel.org","description":"","potentialAction":[{"@type":"SearchAction","target":{"@type":"EntryPoint","urlTemplate":"https:\/\/nowymodel.org\/?s={search_term_string}"},"query-input":"required name=search_term_string"}],"inLanguage":"en-GB"}]}},"_links":{"self":[{"href":"https:\/\/nowymodel.org\/en\/wp-json\/wp\/v2\/pages\/819","targetHints":{"allow":["GET"]}}],"collection":[{"href":"https:\/\/nowymodel.org\/en\/wp-json\/wp\/v2\/pages"}],"about":[{"href":"https:\/\/nowymodel.org\/en\/wp-json\/wp\/v2\/types\/page"}],"author":[{"embeddable":true,"href":"https:\/\/nowymodel.org\/en\/wp-json\/wp\/v2\/users\/2"}],"replies":[{"embeddable":true,"href":"https:\/\/nowymodel.org\/en\/wp-json\/wp\/v2\/comments?post=819"}],"version-history":[{"count":8,"href":"https:\/\/nowymodel.org\/en\/wp-json\/wp\/v2\/pages\/819\/revisions"}],"predecessor-version":[{"id":13046,"href":"https:\/\/nowymodel.org\/en\/wp-json\/wp\/v2\/pages\/819\/revisions\/13046"}],"wp:attachment":[{"href":"https:\/\/nowymodel.org\/en\/wp-json\/wp\/v2\/media?parent=819"}],"curies":[{"name":"wp","href":"https:\/\/api.w.org\/{rel}","templated":true}]}}