{"id":815,"date":"2022-03-29T15:58:29","date_gmt":"2022-03-29T13:58:29","guid":{"rendered":"https:\/\/nowymodel.org\/?page_id=815"},"modified":"2022-05-12T14:58:59","modified_gmt":"2022-05-12T12:58:59","slug":"szymon-filoda","status":"publish","type":"page","link":"https:\/\/nowymodel.org\/en\/szymon-filoda\/","title":{"rendered":"Szymon Filoda"},"content":{"rendered":"<div class=\"wp-block-cover alignfull\" style=\"min-height:445px;aspect-ratio:unset;\"><span aria-hidden=\"true\" class=\"has-background-dim-20 wp-block-cover__gradient-background has-background-dim\" style=\"background-color:#000000\"><\/span><div class=\"wp-block-cover__inner-container is-layout-flow wp-block-cover-is-layout-flow\">\n<div class=\"wp-block-columns is-layout-flex wp-container-core-columns-is-layout-9d6595d7 wp-block-columns-is-layout-flex\">\n<div class=\"wp-block-column is-layout-flow wp-block-column-is-layout-flow\">\n<h2 class=\"alignwide has-text-align-center has-white-color has-text-color wp-block-heading\" id=\"we-re-a-studio-in-berlin-with-an-international-practice-in-architecture-urban-planning-and-interior-design-we-believe-in-sharing-knowledge-and-promoting-dialogue-to-increase-the-creative-potential-of-collaboration\" style=\"font-size:48px;line-height:1.1\"><strong>Szymon Filoda<\/strong><\/h2>\n\n\n\n<p class=\"has-text-align-center has-luminous-vivid-amber-color has-text-color\" style=\"text-transform:lowercase\">design <\/p>\n<\/div>\n<\/div>\n<\/div><\/div>\n\n\n\n<div style=\"height:100px\" aria-hidden=\"true\" class=\"wp-block-spacer\"><\/div>\n\n\n\n<div class=\"wp-block-columns is-layout-flex wp-container-core-columns-is-layout-9d6595d7 wp-block-columns-is-layout-flex\">\n<div class=\"wp-block-column is-layout-flow wp-block-column-is-layout-flow\">\n<blockquote class=\"wp-block-quote is-layout-flow wp-block-quote-is-layout-flow\"><p>\"What fascinates me about my design is more than thinking about functionality and ergonomics.<\/p><\/blockquote>\n\n\n\n<p>Designer, craftsman and entrepreneur. Graduate of the Faculty of Architecture and Design at the Academy of Fine Arts in Pozna\u0144 (2008). His graduation project was LIMBE armchair intended for mass production. He made the prototype himself with the support of Abc Forms Seating company.<\/p>\n\n\n\n<p>When he began his art studies, he already had a thorough education and extensive professional experience in carpentry, foundry modeling, wood technology and antique furniture conservation.<\/p>\n\n\n\n<p>He graduated from the Secondary School of Wood Technology and the Secondary School of Arts and Crafts. In 2000 he established Sz. Filoda's Patternmaking workshop, which has cooperated with such companies as Man, Solaris, Schattdecor and Profim.<br>He was a co-founder of the Squid Design Studio, which he now runs independently. In 2009, Squid Design Studio was awarded the title of Academic Entrepreneurship Leader by the Mayor of Pozna\u0144, the President of Pozna\u0144 International Fair, the Starost of Pozna\u0144 and the President of the Wielkopolska Voivodeship Economic Council. In 2010, it took part in the Design.pl exhibition at the National Gallery in Prague, which was the largest presentation of Polish design in the Czech Republic.<\/p>\n\n\n\n<p>He works with nowymodel.org as a designer and technologist.<\/p>\n\n\n\n<p>Privately, he is passionate about diving and underwater photography, interested in ichthyology, hydrology and boatbuilding, practicing road cycling and martial arts.<\/p>\n\n\n\n<p><\/p>\n<\/div>\n\n\n\n<div class=\"wp-block-column is-layout-flow wp-block-column-is-layout-flow\">\n<figure class=\"wp-block-image size-full\"><img fetchpriority=\"high\" decoding=\"async\" width=\"600\" height=\"407\" src=\"https:\/\/nowymodel.org\/wp-content\/uploads\/2022\/03\/394279_131211_Design_21_83.jpg.webp\" alt=\"\" class=\"wp-image-813\"\/><\/figure>\n<\/div>\n<\/div>\n\n\n\n<ul class=\"wp-block-social-links is-style-default is-layout-flex wp-block-social-links-is-layout-flex\">\n\n<\/ul>\n\n\n\n<div style=\"height:100px\" aria-hidden=\"true\" class=\"wp-block-spacer\"><\/div>\n\n\n\n<div style=\"height:0px\" aria-hidden=\"true\" class=\"wp-block-spacer\"><\/div>\n\n\n\n<div class=\"wp-block-group alignfull has-black-color has-text-color has-background has-link-color wp-elements-393b7e4d8217c160a836a20cabe519f6\" style=\"background-color:#d2cdc7\"><div class=\"wp-block-group__inner-container is-layout-flow wp-block-group-is-layout-flow\">\n<h2 class=\"alignwide has-text-align-center has-white-color has-text-color wp-block-heading\" style=\"font-size:46px;font-weight:400;line-height:1.1\">Designer products<\/h2>\n<\/div><\/div>\n\n\n\n<div style=\"height:100px\" aria-hidden=\"true\" class=\"wp-block-spacer\"><\/div>\n\n\n\n<p><\/p>","protected":false},"excerpt":{"rendered":"<p>\u201eW moim projektowaniu fascynuje mnie co\u015b wi\u0119cej ni\u017c my\u015blenie o&nbsp;funkcjonalno\u015bci i&nbsp;ergonomii\u201d. Projektant, rzemie\u015blnik i&nbsp;przedsi\u0119biorca. Absolwent Wydzia\u0142u Architektury i&nbsp;Wzornictwa ASP w&nbsp;Poznaniu (2008). Jego prac\u0105 dyplomow\u0105 by\u0142 fotel LIMBE przeznaczony do seryjnej produkcji. Prototyp wykona\u0142 samodzielnie przy wsparciu firmy Abc Formy Siedzenia. Rozpoczynaj\u0105c studia artystyczne mia\u0142 ju\u017c gruntowne wykszta\u0142cenie i&nbsp;bogat\u0105 praktyk\u0119 zawodow\u0105 w&nbsp;dziedzinach stolarstwa, modelarstwa odlewniczego, technologii [&hellip;]<\/p>\n","protected":false},"author":2,"featured_media":0,"parent":0,"menu_order":0,"comment_status":"closed","ping_status":"closed","template":"template-fullwidth.php","meta":{"footnotes":""},"class_list":["post-815","page","type-page","status-publish","hentry"],"yoast_head":"<!-- This site is optimized with the Yoast SEO plugin v22.4 - https:\/\/yoast.com\/wordpress\/plugins\/seo\/ -->\n<title>Szymon Filoda - nowymodel.org<\/title>\n<meta name=\"description\" content=\"Projektant, rzemie\u015blnik i\u00a0przedsi\u0119biorca. Absolwent Wydzia\u0142u Architektury i\u00a0Wzornictwa ASP w\u00a0Poznaniu. Jego prac\u0105 dyplomow\u0105 by\u0142 fotel LIMBE.\" \/>\n<meta name=\"robots\" content=\"index, follow, max-snippet:-1, max-image-preview:large, max-video-preview:-1\" \/>\n<link rel=\"canonical\" href=\"https:\/\/nowymodel.org\/en\/szymon-filoda\/\" \/>\n<meta property=\"og:locale\" content=\"en_GB\" \/>\n<meta property=\"og:type\" content=\"article\" \/>\n<meta property=\"og:title\" content=\"Szymon Filoda - nowymodel.org\" \/>\n<meta property=\"og:description\" content=\"Projektant, rzemie\u015blnik i\u00a0przedsi\u0119biorca. Absolwent Wydzia\u0142u Architektury i\u00a0Wzornictwa ASP w\u00a0Poznaniu. Jego prac\u0105 dyplomow\u0105 by\u0142 fotel LIMBE.\" \/>\n<meta property=\"og:url\" content=\"https:\/\/nowymodel.org\/en\/szymon-filoda\/\" \/>\n<meta property=\"og:site_name\" content=\"nowymodel.org\" \/>\n<meta property=\"article:modified_time\" content=\"2022-05-12T12:58:59+00:00\" \/>\n<meta property=\"og:image\" content=\"https:\/\/nowymodel.org\/wp-content\/uploads\/2022\/03\/394279_131211_Design_21_83.jpg.webp\" \/>\n<meta name=\"twitter:card\" content=\"summary_large_image\" \/>\n<meta name=\"twitter:label1\" content=\"Estimated reading time\" \/>\n\t<meta name=\"twitter:data1\" content=\"2 minutes\" \/>\n<script type=\"application\/ld+json\" class=\"yoast-schema-graph\">{\"@context\":\"https:\/\/schema.org\",\"@graph\":[{\"@type\":\"WebPage\",\"@id\":\"https:\/\/nowymodel.org\/szymon-filoda\/\",\"url\":\"https:\/\/nowymodel.org\/szymon-filoda\/\",\"name\":\"Szymon Filoda - nowymodel.org\",\"isPartOf\":{\"@id\":\"https:\/\/nowymodel.org\/#website\"},\"primaryImageOfPage\":{\"@id\":\"https:\/\/nowymodel.org\/szymon-filoda\/#primaryimage\"},\"image\":{\"@id\":\"https:\/\/nowymodel.org\/szymon-filoda\/#primaryimage\"},\"thumbnailUrl\":\"https:\/\/nowymodel.org\/wp-content\/uploads\/2022\/03\/394279_131211_Design_21_83.jpg.webp\",\"datePublished\":\"2022-03-29T13:58:29+00:00\",\"dateModified\":\"2022-05-12T12:58:59+00:00\",\"description\":\"Projektant, rzemie\u015blnik i\u00a0przedsi\u0119biorca. Absolwent Wydzia\u0142u Architektury i\u00a0Wzornictwa ASP w\u00a0Poznaniu. Jego prac\u0105 dyplomow\u0105 by\u0142 fotel LIMBE.\",\"inLanguage\":\"en-GB\",\"potentialAction\":[{\"@type\":\"ReadAction\",\"target\":[\"https:\/\/nowymodel.org\/szymon-filoda\/\"]}]},{\"@type\":\"ImageObject\",\"inLanguage\":\"en-GB\",\"@id\":\"https:\/\/nowymodel.org\/szymon-filoda\/#primaryimage\",\"url\":\"https:\/\/nowymodel.org\/wp-content\/uploads\/2022\/03\/394279_131211_Design_21_83.jpg.webp\",\"contentUrl\":\"https:\/\/nowymodel.org\/wp-content\/uploads\/2022\/03\/394279_131211_Design_21_83.jpg.webp\"},{\"@type\":\"WebSite\",\"@id\":\"https:\/\/nowymodel.org\/#website\",\"url\":\"https:\/\/nowymodel.org\/\",\"name\":\"nowymodel.org\",\"description\":\"\",\"potentialAction\":[{\"@type\":\"SearchAction\",\"target\":{\"@type\":\"EntryPoint\",\"urlTemplate\":\"https:\/\/nowymodel.org\/?s={search_term_string}\"},\"query-input\":\"required name=search_term_string\"}],\"inLanguage\":\"en-GB\"}]}<\/script>\n<!-- \/ Yoast SEO plugin. -->","yoast_head_json":{"title":"Szymon Filoda - nowymodel.org","description":"Projektant, rzemie\u015blnik i\u00a0przedsi\u0119biorca. Absolwent Wydzia\u0142u Architektury i\u00a0Wzornictwa ASP w\u00a0Poznaniu. Jego prac\u0105 dyplomow\u0105 by\u0142 fotel LIMBE.","robots":{"index":"index","follow":"follow","max-snippet":"max-snippet:-1","max-image-preview":"max-image-preview:large","max-video-preview":"max-video-preview:-1"},"canonical":"https:\/\/nowymodel.org\/en\/szymon-filoda\/","og_locale":"en_GB","og_type":"article","og_title":"Szymon Filoda - nowymodel.org","og_description":"Projektant, rzemie\u015blnik i\u00a0przedsi\u0119biorca. Absolwent Wydzia\u0142u Architektury i\u00a0Wzornictwa ASP w\u00a0Poznaniu. Jego prac\u0105 dyplomow\u0105 by\u0142 fotel LIMBE.","og_url":"https:\/\/nowymodel.org\/en\/szymon-filoda\/","og_site_name":"nowymodel.org","article_modified_time":"2022-05-12T12:58:59+00:00","og_image":[{"url":"https:\/\/nowymodel.org\/wp-content\/uploads\/2022\/03\/394279_131211_Design_21_83.jpg.webp"}],"twitter_card":"summary_large_image","twitter_misc":{"Estimated reading time":"2 minutes"},"schema":{"@context":"https:\/\/schema.org","@graph":[{"@type":"WebPage","@id":"https:\/\/nowymodel.org\/szymon-filoda\/","url":"https:\/\/nowymodel.org\/szymon-filoda\/","name":"Szymon Filoda - nowymodel.org","isPartOf":{"@id":"https:\/\/nowymodel.org\/#website"},"primaryImageOfPage":{"@id":"https:\/\/nowymodel.org\/szymon-filoda\/#primaryimage"},"image":{"@id":"https:\/\/nowymodel.org\/szymon-filoda\/#primaryimage"},"thumbnailUrl":"https:\/\/nowymodel.org\/wp-content\/uploads\/2022\/03\/394279_131211_Design_21_83.jpg.webp","datePublished":"2022-03-29T13:58:29+00:00","dateModified":"2022-05-12T12:58:59+00:00","description":"Projektant, rzemie\u015blnik i\u00a0przedsi\u0119biorca. Absolwent Wydzia\u0142u Architektury i\u00a0Wzornictwa ASP w\u00a0Poznaniu. Jego prac\u0105 dyplomow\u0105 by\u0142 fotel LIMBE.","inLanguage":"en-GB","potentialAction":[{"@type":"ReadAction","target":["https:\/\/nowymodel.org\/szymon-filoda\/"]}]},{"@type":"ImageObject","inLanguage":"en-GB","@id":"https:\/\/nowymodel.org\/szymon-filoda\/#primaryimage","url":"https:\/\/nowymodel.org\/wp-content\/uploads\/2022\/03\/394279_131211_Design_21_83.jpg.webp","contentUrl":"https:\/\/nowymodel.org\/wp-content\/uploads\/2022\/03\/394279_131211_Design_21_83.jpg.webp"},{"@type":"WebSite","@id":"https:\/\/nowymodel.org\/#website","url":"https:\/\/nowymodel.org\/","name":"nowymodel.org","description":"","potentialAction":[{"@type":"SearchAction","target":{"@type":"EntryPoint","urlTemplate":"https:\/\/nowymodel.org\/?s={search_term_string}"},"query-input":"required name=search_term_string"}],"inLanguage":"en-GB"}]}},"_links":{"self":[{"href":"https:\/\/nowymodel.org\/en\/wp-json\/wp\/v2\/pages\/815","targetHints":{"allow":["GET"]}}],"collection":[{"href":"https:\/\/nowymodel.org\/en\/wp-json\/wp\/v2\/pages"}],"about":[{"href":"https:\/\/nowymodel.org\/en\/wp-json\/wp\/v2\/types\/page"}],"author":[{"embeddable":true,"href":"https:\/\/nowymodel.org\/en\/wp-json\/wp\/v2\/users\/2"}],"replies":[{"embeddable":true,"href":"https:\/\/nowymodel.org\/en\/wp-json\/wp\/v2\/comments?post=815"}],"version-history":[{"count":2,"href":"https:\/\/nowymodel.org\/en\/wp-json\/wp\/v2\/pages\/815\/revisions"}],"predecessor-version":[{"id":948,"href":"https:\/\/nowymodel.org\/en\/wp-json\/wp\/v2\/pages\/815\/revisions\/948"}],"wp:attachment":[{"href":"https:\/\/nowymodel.org\/en\/wp-json\/wp\/v2\/media?parent=815"}],"curies":[{"name":"wp","href":"https:\/\/api.w.org\/{rel}","templated":true}]}}