{"id":702,"date":"2022-03-24T13:38:03","date_gmt":"2022-03-24T12:38:03","guid":{"rendered":"https:\/\/nowymodel.org\/?page_id=702"},"modified":"2023-11-30T12:29:28","modified_gmt":"2023-11-30T11:29:28","slug":"cyryl-zakrzewski","status":"publish","type":"page","link":"https:\/\/nowymodel.org\/en\/cyryl-zakrzewski\/","title":{"rendered":"Cyryl Zakrzewski"},"content":{"rendered":"<div class=\"wp-block-cover alignfull is-light\" style=\"min-height:445px;aspect-ratio:unset;\"><span aria-hidden=\"true\" class=\"wp-block-cover__background has-background-dim-20 has-background-dim\" style=\"background-color:#000000\"><\/span><img fetchpriority=\"high\" decoding=\"async\" width=\"2400\" height=\"1603\" class=\"wp-block-cover__image-background wp-image-559\" alt=\"\" src=\"https:\/\/nowymodel.org\/wp-content\/uploads\/2022\/03\/DSC3624-3.jpg\" style=\"object-position:51% 26%\" data-object-fit=\"cover\" data-object-position=\"51% 26%\" srcset=\"https:\/\/nowymodel.org\/wp-content\/uploads\/2022\/03\/DSC3624-3.jpg 2400w, https:\/\/nowymodel.org\/wp-content\/uploads\/2022\/03\/DSC3624-3-300x200.jpg 300w, https:\/\/nowymodel.org\/wp-content\/uploads\/2022\/03\/DSC3624-3-1024x684.jpg 1024w, https:\/\/nowymodel.org\/wp-content\/uploads\/2022\/03\/DSC3624-3-768x513.jpg 768w, https:\/\/nowymodel.org\/wp-content\/uploads\/2022\/03\/DSC3624-3-1536x1026.jpg 1536w, https:\/\/nowymodel.org\/wp-content\/uploads\/2022\/03\/DSC3624-3-2048x1368.jpg 2048w, https:\/\/nowymodel.org\/wp-content\/uploads\/2022\/03\/DSC3624-3-18x12.jpg 18w, https:\/\/nowymodel.org\/wp-content\/uploads\/2022\/03\/DSC3624-3-1320x882.jpg 1320w, https:\/\/nowymodel.org\/wp-content\/uploads\/2022\/03\/DSC3624-3-416x278.jpg 416w\" sizes=\"(max-width: 2400px) 100vw, 2400px\" \/><div class=\"wp-block-cover__inner-container is-layout-flow wp-block-cover-is-layout-flow\">\n<div class=\"wp-block-columns is-layout-flex wp-container-core-columns-is-layout-9d6595d7 wp-block-columns-is-layout-flex\">\n<div class=\"wp-block-column is-layout-flow wp-block-column-is-layout-flow\">\n<h2 class=\"wp-block-heading alignwide has-text-align-center has-white-color has-text-color\" id=\"we-re-a-studio-in-berlin-with-an-international-practice-in-architecture-urban-planning-and-interior-design-we-believe-in-sharing-knowledge-and-promoting-dialogue-to-increase-the-creative-potential-of-collaboration\" style=\"font-size:48px;line-height:1.1\"><strong>Cyryl Zakrzewski<\/strong><\/h2>\n\n\n\n<p class=\"has-text-align-center has-luminous-vivid-amber-color has-text-color\" style=\"text-transform:lowercase\">design and sculpture<\/p>\n<\/div>\n<\/div>\n<\/div><\/div>\n\n\n\n<div style=\"height:100px\" aria-hidden=\"true\" class=\"wp-block-spacer\"><\/div>\n\n\n\n<div class=\"wp-block-columns is-layout-flex wp-container-core-columns-is-layout-9d6595d7 wp-block-columns-is-layout-flex\">\n<div class=\"wp-block-column is-layout-flow wp-block-column-is-layout-flow\">\n<blockquote class=\"wp-block-quote is-layout-flow wp-block-quote-is-layout-flow\">\n<p>\u201cThe trick for me is to become opposites so that the boundaries between them are blurred. Nature and culture, light and darkness are in fact one\" <\/p>\n<\/blockquote>\n\n\n\n<p>Sculptor, designer, graduate of the Faculty of Sculpture and Spatial Activities of the Poznan University of Arts (year 2011). His diploma was honored in the Maria Dokowicz competition for best diplomas.<\/p>\n\n\n\n<p>Uczestnik licznych wystaw w kraju i za granic\u0105 (Japonia, W\u0142ochy, S\u0142owenia, Austria). Autor sta\u0142ych instalacji w przestrzeni publicznej w Poznaniu (Ogr\u00f3d Botaniczny UAM oraz nad j.Strzeszy\u0144skim) w Japonii (Tokio \u2013 Fukudenkai) oraz w S\u0142owenii (Ptuj). Design traktuje jako form\u0119 estetyczn\u0105 i u\u017cytkow\u0105, jednak niekoniecznie pozbawion\u0105 ukrytej refleksji nad otaczaj\u0105cym nas \u015bwiatem.<\/p>\n\n\n\n<p>Since 2015, he has been working as a designer with Nowymodel.org foundation. He created dozens of original furniture and interior elements, several of which were introduced to the sale under the brand Nowymodel.org.\nBoth of his works, Sculptures and furniture, are closely related to the world of Nature. Design is treated primarily as an aesthetic form, a kind of specific sculpture that is closer to man, the direct contact is established through use.<\/p>\n\n\n\n<p>He has experience in the prototyping of difficult and unconventional constructions, also has a comprehensive knowledge of the machining and finishing techniques of wood and wood-based materials,  castings of aluminum as well as machining of steel. In furniture projects, he works mainly in wood and plywood, often using generative design, CAD and CNC techniques in conjunction with sculptural craft.\nHe pays special attention to make his designs stand out with unique aesthetics while maintaining great functionality.<\/p>\n\n\n\n<p><a href=\"https:\/\/cyrylzakrzewski.com\/\" target=\"_blank\" rel=\"noreferrer noopener\">cyrylzakrzewski.com<\/a><\/p>\n<\/div>\n\n\n\n<div class=\"wp-block-column is-layout-flow wp-block-column-is-layout-flow\">\n<figure class=\"wp-block-image size-full\"><a href=\"https:\/\/nowymodel.org\/en\/?attachment_id=658\"><img decoding=\"async\" width=\"500\" height=\"699\" src=\"https:\/\/nowymodel.org\/wp-content\/uploads\/2022\/03\/9315_artwork_bbc83176951ad02e01285a57958864a2-10.jpg\" alt=\"\" class=\"wp-image-658\" srcset=\"https:\/\/nowymodel.org\/wp-content\/uploads\/2022\/03\/9315_artwork_bbc83176951ad02e01285a57958864a2-10.jpg 500w, https:\/\/nowymodel.org\/wp-content\/uploads\/2022\/03\/9315_artwork_bbc83176951ad02e01285a57958864a2-10-215x300.jpg 215w, https:\/\/nowymodel.org\/wp-content\/uploads\/2022\/03\/9315_artwork_bbc83176951ad02e01285a57958864a2-10-9x12.jpg 9w, https:\/\/nowymodel.org\/wp-content\/uploads\/2022\/03\/9315_artwork_bbc83176951ad02e01285a57958864a2-10-416x582.jpg 416w\" sizes=\"(max-width: 500px) 100vw, 500px\" \/><\/a><\/figure>\n<\/div>\n<\/div>\n\n\n\n<ul class=\"wp-block-social-links is-style-default is-layout-flex wp-block-social-links-is-layout-flex\"><li class=\"wp-social-link wp-social-link-instagram  wp-block-social-link\"><a href=\"https:\/\/www.instagram.com\/cyrylz_design\/\" class=\"wp-block-social-link-anchor\"><svg width=\"24\" height=\"24\" viewbox=\"0 0 24 24\" version=\"1.1\" xmlns=\"http:\/\/www.w3.org\/2000\/svg\" aria-hidden=\"true\" focusable=\"false\"><path d=\"M12,4.622c2.403,0,2.688,0.009,3.637,0.052c0.877,0.04,1.354,0.187,1.671,0.31c0.42,0.163,0.72,0.358,1.035,0.673 c0.315,0.315,0.51,0.615,0.673,1.035c0.123,0.317,0.27,0.794,0.31,1.671c0.043,0.949,0.052,1.234,0.052,3.637 s-0.009,2.688-0.052,3.637c-0.04,0.877-0.187,1.354-0.31,1.671c-0.163,0.42-0.358,0.72-0.673,1.035 c-0.315,0.315-0.615,0.51-1.035,0.673c-0.317,0.123-0.794,0.27-1.671,0.31c-0.949,0.043-1.233,0.052-3.637,0.052 s-2.688-0.009-3.637-0.052c-0.877-0.04-1.354-0.187-1.671-0.31c-0.42-0.163-0.72-0.358-1.035-0.673 c-0.315-0.315-0.51-0.615-0.673-1.035c-0.123-0.317-0.27-0.794-0.31-1.671C4.631,14.688,4.622,14.403,4.622,12 s0.009-2.688,0.052-3.637c0.04-0.877,0.187-1.354,0.31-1.671c0.163-0.42,0.358-0.72,0.673-1.035 c0.315-0.315,0.615-0.51,1.035-0.673c0.317-0.123,0.794-0.27,1.671-0.31C9.312,4.631,9.597,4.622,12,4.622 M12,3 C9.556,3,9.249,3.01,8.289,3.054C7.331,3.098,6.677,3.25,6.105,3.472C5.513,3.702,5.011,4.01,4.511,4.511 c-0.5,0.5-0.808,1.002-1.038,1.594C3.25,6.677,3.098,7.331,3.054,8.289C3.01,9.249,3,9.556,3,12c0,2.444,0.01,2.751,0.054,3.711 c0.044,0.958,0.196,1.612,0.418,2.185c0.23,0.592,0.538,1.094,1.038,1.594c0.5,0.5,1.002,0.808,1.594,1.038 c0.572,0.222,1.227,0.375,2.185,0.418C9.249,20.99,9.556,21,12,21s2.751-0.01,3.711-0.054c0.958-0.044,1.612-0.196,2.185-0.418 c0.592-0.23,1.094-0.538,1.594-1.038c0.5-0.5,0.808-1.002,1.038-1.594c0.222-0.572,0.375-1.227,0.418-2.185 C20.99,14.751,21,14.444,21,12s-0.01-2.751-0.054-3.711c-0.044-0.958-0.196-1.612-0.418-2.185c-0.23-0.592-0.538-1.094-1.038-1.594 c-0.5-0.5-1.002-0.808-1.594-1.038c-0.572-0.222-1.227-0.375-2.185-0.418C14.751,3.01,14.444,3,12,3L12,3z M12,7.378 c-2.552,0-4.622,2.069-4.622,4.622S9.448,16.622,12,16.622s4.622-2.069,4.622-4.622S14.552,7.378,12,7.378z M12,15 c-1.657,0-3-1.343-3-3s1.343-3,3-3s3,1.343,3,3S13.657,15,12,15z M16.804,6.116c-0.596,0-1.08,0.484-1.08,1.08 s0.484,1.08,1.08,1.08c0.596,0,1.08-0.484,1.08-1.08S17.401,6.116,16.804,6.116z\"><\/path><\/svg><span class=\"wp-block-social-link-label screen-reader-text\">Instagram<\/span><\/a><\/li>\n\n<li class=\"wp-social-link wp-social-link-facebook  wp-block-social-link\"><a href=\"https:\/\/www.facebook.com\/cyryl.zakrzewski\" class=\"wp-block-social-link-anchor\"><svg width=\"24\" height=\"24\" viewbox=\"0 0 24 24\" version=\"1.1\" xmlns=\"http:\/\/www.w3.org\/2000\/svg\" aria-hidden=\"true\" focusable=\"false\"><path d=\"M12 2C6.5 2 2 6.5 2 12c0 5 3.7 9.1 8.4 9.9v-7H7.9V12h2.5V9.8c0-2.5 1.5-3.9 3.8-3.9 1.1 0 2.2.2 2.2.2v2.5h-1.3c-1.2 0-1.6.8-1.6 1.6V12h2.8l-.4 2.9h-2.3v7C18.3 21.1 22 17 22 12c0-5.5-4.5-10-10-10z\"><\/path><\/svg><span class=\"wp-block-social-link-label screen-reader-text\">Facebook<\/span><\/a><\/li><\/ul>\n\n\n\n<div style=\"height:100px\" aria-hidden=\"true\" class=\"wp-block-spacer\"><\/div>\n\n\n\n<div style=\"height:0px\" aria-hidden=\"true\" class=\"wp-block-spacer\"><\/div>\n\n\n\n<div class=\"wp-block-group alignfull has-black-color has-text-color has-background has-link-color wp-elements-03c3f261f0fe0c1ae70242c3b68ae09b\" style=\"background-color:#d2cdc7\"><div class=\"wp-block-group__inner-container is-layout-flow wp-block-group-is-layout-flow\">\n<h2 class=\"wp-block-heading alignwide has-text-align-center has-white-color has-text-color\" style=\"font-size:46px;font-weight:400;line-height:1.1\">Designer products<\/h2>\n<\/div><\/div>\n\n\n\n<div style=\"height:100px\" aria-hidden=\"true\" class=\"wp-block-spacer\"><\/div>\n\n\n\n\n\n<p><\/p>","protected":false},"excerpt":{"rendered":"<p>\u201eSztuk\u0105 jest dla mnie zawarcie w formie przeciwie\u0144stw, tak aby zatar\u0142y si\u0119 pomi\u0119dzy nimi granice. Natura i kultura, \u015bwiat\u0142o i ciemno\u015b\u0107 to w rzeczywisto\u015bci jedno\u201d. Urodzony w 1986, artysta dla kt\u00f3rego ka\u017cda forma jest dzie\u0142em sztuki, absolwent Wydzia\u0142u Rze\u017aby i Dzia\u0142a\u0144 Przestrzennych Uniwersytetu Artystycznego w Poznaniu (rok 2011). Jego dyplom zosta\u0142 wyr\u00f3\u017cniony w konkursie im. [&hellip;]<\/p>\n","protected":false},"author":2,"featured_media":0,"parent":0,"menu_order":0,"comment_status":"closed","ping_status":"closed","template":"template-fullwidth.php","meta":{"footnotes":""},"class_list":["post-702","page","type-page","status-publish","hentry"],"yoast_head":"<!-- This site is optimized with the Yoast SEO plugin v22.4 - https:\/\/yoast.com\/wordpress\/plugins\/seo\/ -->\n<title>Cyryl Zakrzewski - nowymodel.org<\/title>\n<meta name=\"description\" content=\"Urodzony w 1986, artysta dla kt\u00f3rego ka\u017cda forma jest dzie\u0142em sztuki, absolwent Wydzia\u0142u Rze\u017aby i Dzia\u0142a\u0144 Przestrzennych Uniwersytetu Artystycznego w Poznaniu.\" \/>\n<meta name=\"robots\" content=\"index, follow, max-snippet:-1, max-image-preview:large, max-video-preview:-1\" \/>\n<link rel=\"canonical\" href=\"https:\/\/nowymodel.org\/en\/cyryl-zakrzewski\/\" \/>\n<meta property=\"og:locale\" content=\"en_GB\" \/>\n<meta property=\"og:type\" content=\"article\" \/>\n<meta property=\"og:title\" content=\"Cyryl Zakrzewski - nowymodel.org\" \/>\n<meta property=\"og:description\" content=\"Urodzony w 1986, artysta dla kt\u00f3rego ka\u017cda forma jest dzie\u0142em sztuki, absolwent Wydzia\u0142u Rze\u017aby i Dzia\u0142a\u0144 Przestrzennych Uniwersytetu Artystycznego w Poznaniu.\" \/>\n<meta property=\"og:url\" content=\"https:\/\/nowymodel.org\/en\/cyryl-zakrzewski\/\" \/>\n<meta property=\"og:site_name\" content=\"nowymodel.org\" \/>\n<meta property=\"article:modified_time\" content=\"2023-11-30T11:29:28+00:00\" \/>\n<meta property=\"og:image\" content=\"https:\/\/nowymodel.org\/wp-content\/uploads\/2022\/03\/DSC3624-3.jpg\" \/>\n<meta name=\"twitter:card\" content=\"summary_large_image\" \/>\n<meta name=\"twitter:label1\" content=\"Estimated reading time\" \/>\n\t<meta name=\"twitter:data1\" content=\"2 minutes\" \/>\n<script type=\"application\/ld+json\" class=\"yoast-schema-graph\">{\"@context\":\"https:\/\/schema.org\",\"@graph\":[{\"@type\":\"WebPage\",\"@id\":\"https:\/\/nowymodel.org\/cyryl-zakrzewski\/\",\"url\":\"https:\/\/nowymodel.org\/cyryl-zakrzewski\/\",\"name\":\"Cyryl Zakrzewski - nowymodel.org\",\"isPartOf\":{\"@id\":\"https:\/\/nowymodel.org\/#website\"},\"primaryImageOfPage\":{\"@id\":\"https:\/\/nowymodel.org\/cyryl-zakrzewski\/#primaryimage\"},\"image\":{\"@id\":\"https:\/\/nowymodel.org\/cyryl-zakrzewski\/#primaryimage\"},\"thumbnailUrl\":\"https:\/\/nowymodel.org\/wp-content\/uploads\/2022\/03\/DSC3624-3.jpg\",\"datePublished\":\"2022-03-24T12:38:03+00:00\",\"dateModified\":\"2023-11-30T11:29:28+00:00\",\"description\":\"Urodzony w 1986, artysta dla kt\u00f3rego ka\u017cda forma jest dzie\u0142em sztuki, absolwent Wydzia\u0142u Rze\u017aby i Dzia\u0142a\u0144 Przestrzennych Uniwersytetu Artystycznego w Poznaniu.\",\"inLanguage\":\"en-GB\",\"potentialAction\":[{\"@type\":\"ReadAction\",\"target\":[\"https:\/\/nowymodel.org\/cyryl-zakrzewski\/\"]}]},{\"@type\":\"ImageObject\",\"inLanguage\":\"en-GB\",\"@id\":\"https:\/\/nowymodel.org\/cyryl-zakrzewski\/#primaryimage\",\"url\":\"https:\/\/nowymodel.org\/wp-content\/uploads\/2022\/03\/DSC3624-3.jpg\",\"contentUrl\":\"https:\/\/nowymodel.org\/wp-content\/uploads\/2022\/03\/DSC3624-3.jpg\"},{\"@type\":\"WebSite\",\"@id\":\"https:\/\/nowymodel.org\/#website\",\"url\":\"https:\/\/nowymodel.org\/\",\"name\":\"nowymodel.org\",\"description\":\"\",\"potentialAction\":[{\"@type\":\"SearchAction\",\"target\":{\"@type\":\"EntryPoint\",\"urlTemplate\":\"https:\/\/nowymodel.org\/?s={search_term_string}\"},\"query-input\":\"required name=search_term_string\"}],\"inLanguage\":\"en-GB\"}]}<\/script>\n<!-- \/ Yoast SEO plugin. -->","yoast_head_json":{"title":"Cyryl Zakrzewski - nowymodel.org","description":"Urodzony w 1986, artysta dla kt\u00f3rego ka\u017cda forma jest dzie\u0142em sztuki, absolwent Wydzia\u0142u Rze\u017aby i Dzia\u0142a\u0144 Przestrzennych Uniwersytetu Artystycznego w Poznaniu.","robots":{"index":"index","follow":"follow","max-snippet":"max-snippet:-1","max-image-preview":"max-image-preview:large","max-video-preview":"max-video-preview:-1"},"canonical":"https:\/\/nowymodel.org\/en\/cyryl-zakrzewski\/","og_locale":"en_GB","og_type":"article","og_title":"Cyryl Zakrzewski - nowymodel.org","og_description":"Urodzony w 1986, artysta dla kt\u00f3rego ka\u017cda forma jest dzie\u0142em sztuki, absolwent Wydzia\u0142u Rze\u017aby i Dzia\u0142a\u0144 Przestrzennych Uniwersytetu Artystycznego w Poznaniu.","og_url":"https:\/\/nowymodel.org\/en\/cyryl-zakrzewski\/","og_site_name":"nowymodel.org","article_modified_time":"2023-11-30T11:29:28+00:00","og_image":[{"url":"https:\/\/nowymodel.org\/wp-content\/uploads\/2022\/03\/DSC3624-3.jpg"}],"twitter_card":"summary_large_image","twitter_misc":{"Estimated reading time":"2 minutes"},"schema":{"@context":"https:\/\/schema.org","@graph":[{"@type":"WebPage","@id":"https:\/\/nowymodel.org\/cyryl-zakrzewski\/","url":"https:\/\/nowymodel.org\/cyryl-zakrzewski\/","name":"Cyryl Zakrzewski - nowymodel.org","isPartOf":{"@id":"https:\/\/nowymodel.org\/#website"},"primaryImageOfPage":{"@id":"https:\/\/nowymodel.org\/cyryl-zakrzewski\/#primaryimage"},"image":{"@id":"https:\/\/nowymodel.org\/cyryl-zakrzewski\/#primaryimage"},"thumbnailUrl":"https:\/\/nowymodel.org\/wp-content\/uploads\/2022\/03\/DSC3624-3.jpg","datePublished":"2022-03-24T12:38:03+00:00","dateModified":"2023-11-30T11:29:28+00:00","description":"Urodzony w 1986, artysta dla kt\u00f3rego ka\u017cda forma jest dzie\u0142em sztuki, absolwent Wydzia\u0142u Rze\u017aby i Dzia\u0142a\u0144 Przestrzennych Uniwersytetu Artystycznego w Poznaniu.","inLanguage":"en-GB","potentialAction":[{"@type":"ReadAction","target":["https:\/\/nowymodel.org\/cyryl-zakrzewski\/"]}]},{"@type":"ImageObject","inLanguage":"en-GB","@id":"https:\/\/nowymodel.org\/cyryl-zakrzewski\/#primaryimage","url":"https:\/\/nowymodel.org\/wp-content\/uploads\/2022\/03\/DSC3624-3.jpg","contentUrl":"https:\/\/nowymodel.org\/wp-content\/uploads\/2022\/03\/DSC3624-3.jpg"},{"@type":"WebSite","@id":"https:\/\/nowymodel.org\/#website","url":"https:\/\/nowymodel.org\/","name":"nowymodel.org","description":"","potentialAction":[{"@type":"SearchAction","target":{"@type":"EntryPoint","urlTemplate":"https:\/\/nowymodel.org\/?s={search_term_string}"},"query-input":"required name=search_term_string"}],"inLanguage":"en-GB"}]}},"_links":{"self":[{"href":"https:\/\/nowymodel.org\/en\/wp-json\/wp\/v2\/pages\/702","targetHints":{"allow":["GET"]}}],"collection":[{"href":"https:\/\/nowymodel.org\/en\/wp-json\/wp\/v2\/pages"}],"about":[{"href":"https:\/\/nowymodel.org\/en\/wp-json\/wp\/v2\/types\/page"}],"author":[{"embeddable":true,"href":"https:\/\/nowymodel.org\/en\/wp-json\/wp\/v2\/users\/2"}],"replies":[{"embeddable":true,"href":"https:\/\/nowymodel.org\/en\/wp-json\/wp\/v2\/comments?post=702"}],"version-history":[{"count":7,"href":"https:\/\/nowymodel.org\/en\/wp-json\/wp\/v2\/pages\/702\/revisions"}],"predecessor-version":[{"id":24280,"href":"https:\/\/nowymodel.org\/en\/wp-json\/wp\/v2\/pages\/702\/revisions\/24280"}],"wp:attachment":[{"href":"https:\/\/nowymodel.org\/en\/wp-json\/wp\/v2\/media?parent=702"}],"curies":[{"name":"wp","href":"https:\/\/api.w.org\/{rel}","templated":true}]}}