{"id":691,"date":"2022-03-23T14:51:30","date_gmt":"2022-03-23T13:51:30","guid":{"rendered":"https:\/\/nowymodel.org\/?page_id=691"},"modified":"2022-05-12T14:52:43","modified_gmt":"2022-05-12T12:52:43","slug":"ronen-kadushin","status":"publish","type":"page","link":"https:\/\/nowymodel.org\/en\/ronen-kadushin\/","title":{"rendered":"Ronen Kadushin"},"content":{"rendered":"<div class=\"wp-block-cover alignfull is-light\" style=\"min-height:445px;aspect-ratio:unset;\"><span aria-hidden=\"true\" class=\"has-background-dim-20 wp-block-cover__gradient-background has-background-dim\" style=\"background-color:#000000\"><\/span><img decoding=\"async\" class=\"wp-block-cover__image-background wp-image-769\" alt=\"\" src=\"https:\/\/nowymodel.org\/wp-content\/uploads\/2022\/03\/Ronen-Kadushin-2021_IMG_1416-scaled.jpg\" style=\"object-position:54% 38%\" data-object-fit=\"cover\" data-object-position=\"54% 38%\"\/><div class=\"wp-block-cover__inner-container is-layout-flow wp-block-cover-is-layout-flow\">\n<div class=\"wp-block-columns is-layout-flex wp-container-core-columns-is-layout-9d6595d7 wp-block-columns-is-layout-flex\">\n<div class=\"wp-block-column is-layout-flow wp-block-column-is-layout-flow\">\n<h2 class=\"alignwide has-text-align-center has-white-color has-text-color wp-block-heading\" id=\"we-re-a-studio-in-berlin-with-an-international-practice-in-architecture-urban-planning-and-interior-design-we-believe-in-sharing-knowledge-and-promoting-dialogue-to-increase-the-creative-potential-of-collaboration\" style=\"font-size:48px;line-height:1.1\"><strong>Ronen Kadushin<\/strong><\/h2>\n\n\n\n<p class=\"has-text-align-center has-luminous-vivid-amber-color has-text-color\" style=\"text-transform:lowercase\">design<\/p>\n<\/div>\n<\/div>\n<\/div><\/div>\n\n\n\n<div style=\"height:100px\" aria-hidden=\"true\" class=\"wp-block-spacer\"><\/div>\n\n\n\n<div class=\"wp-block-columns is-layout-flex wp-container-core-columns-is-layout-9d6595d7 wp-block-columns-is-layout-flex\">\n<div class=\"wp-block-column is-layout-flow wp-block-column-is-layout-flow\">\n<blockquote class=\"wp-block-quote is-layout-flow wp-block-quote-is-layout-flow\"><p><em>\u201e<\/em>I work hard to make my designs appear effortless&#8221;<\/p><\/blockquote>\n\n\n\n<p>Ronen Kadushin (ur. 1964) jest izraelskim projektantem i edukatorem projektowania mieszkaj\u0105cym w Berlinie od 2005 roku. Od 1993 roku prowadzi\u0142 kursy projektowania mebli i kreatywno\u015bci projektowej w wiod\u0105cych izraelskich i europejskich akademiach projektowania. W 2004 roku Kadushin opracowa\u0142 koncepcj\u0119 Open Design, w kt\u00f3rej jego produkty mo\u017cna pobiera\u0107, kopiowa\u0107, modyfikowa\u0107 i wytwarza\u0107, podobnie jak w przypadku oprogramowania Open Source. W oparciu o t\u0119 koncepcj\u0119 za\u0142o\u017cy\u0142 Open Design, firm\u0119 projektowo-produkcyjn\u0105 zajmuj\u0105c\u0105 si\u0119 meblami, o\u015bwietleniem i akcesoriami, kt\u00f3re s\u0105 produkowane w Berlinie i sprzedawane w Europie i USA. Produkty Open Design s\u0105 regularnie prezentowane na wystawach indywidualnych i zbiorowych na ca\u0142ym \u015bwiecie oraz publikowane w literaturze fachowej. Kadushin jest konsultantem kreatywnym w zakresie marketingu i strategii marki, prowadzi kursy Open design na uniwersytetach oraz wyst\u0119puje na konferencjach. W 2019 roku za\u0142o\u017cy\u0142 mark\u0119 i kolekcj\u0119 FIT Furniture. Jest autorem Manifestu Otwartego Projektowania.<\/p>\n\n\n\n<p><\/p>\n<\/div>\n\n\n\n<div class=\"wp-block-column is-layout-flow wp-block-column-is-layout-flow\">\n<figure class=\"wp-block-image size-full\"><img fetchpriority=\"high\" decoding=\"async\" width=\"432\" height=\"459\" src=\"https:\/\/nowymodel.org\/wp-content\/uploads\/2022\/03\/pic1x1x32t468-1.webp\" alt=\"\" class=\"wp-image-708\" srcset=\"https:\/\/nowymodel.org\/wp-content\/uploads\/2022\/03\/pic1x1x32t468-1.webp 432w, https:\/\/nowymodel.org\/wp-content\/uploads\/2022\/03\/pic1x1x32t468-1-282x300.webp 282w, https:\/\/nowymodel.org\/wp-content\/uploads\/2022\/03\/pic1x1x32t468-1-11x12.webp 11w, https:\/\/nowymodel.org\/wp-content\/uploads\/2022\/03\/pic1x1x32t468-1-416x442.webp 416w\" sizes=\"(max-width: 432px) 100vw, 432px\" \/><\/figure>\n<\/div>\n<\/div>\n\n\n\n<ul class=\"wp-block-social-links is-style-default is-layout-flex wp-block-social-links-is-layout-flex\"><li class=\"wp-social-link wp-social-link-instagram  wp-block-social-link\"><a href=\"https:\/\/www.instagram.com\/accounts\/login\/?next=\/fit.furniture\/\" class=\"wp-block-social-link-anchor\"><svg width=\"24\" height=\"24\" viewbox=\"0 0 24 24\" version=\"1.1\" xmlns=\"http:\/\/www.w3.org\/2000\/svg\" aria-hidden=\"true\" focusable=\"false\"><path d=\"M12,4.622c2.403,0,2.688,0.009,3.637,0.052c0.877,0.04,1.354,0.187,1.671,0.31c0.42,0.163,0.72,0.358,1.035,0.673 c0.315,0.315,0.51,0.615,0.673,1.035c0.123,0.317,0.27,0.794,0.31,1.671c0.043,0.949,0.052,1.234,0.052,3.637 s-0.009,2.688-0.052,3.637c-0.04,0.877-0.187,1.354-0.31,1.671c-0.163,0.42-0.358,0.72-0.673,1.035 c-0.315,0.315-0.615,0.51-1.035,0.673c-0.317,0.123-0.794,0.27-1.671,0.31c-0.949,0.043-1.233,0.052-3.637,0.052 s-2.688-0.009-3.637-0.052c-0.877-0.04-1.354-0.187-1.671-0.31c-0.42-0.163-0.72-0.358-1.035-0.673 c-0.315-0.315-0.51-0.615-0.673-1.035c-0.123-0.317-0.27-0.794-0.31-1.671C4.631,14.688,4.622,14.403,4.622,12 s0.009-2.688,0.052-3.637c0.04-0.877,0.187-1.354,0.31-1.671c0.163-0.42,0.358-0.72,0.673-1.035 c0.315-0.315,0.615-0.51,1.035-0.673c0.317-0.123,0.794-0.27,1.671-0.31C9.312,4.631,9.597,4.622,12,4.622 M12,3 C9.556,3,9.249,3.01,8.289,3.054C7.331,3.098,6.677,3.25,6.105,3.472C5.513,3.702,5.011,4.01,4.511,4.511 c-0.5,0.5-0.808,1.002-1.038,1.594C3.25,6.677,3.098,7.331,3.054,8.289C3.01,9.249,3,9.556,3,12c0,2.444,0.01,2.751,0.054,3.711 c0.044,0.958,0.196,1.612,0.418,2.185c0.23,0.592,0.538,1.094,1.038,1.594c0.5,0.5,1.002,0.808,1.594,1.038 c0.572,0.222,1.227,0.375,2.185,0.418C9.249,20.99,9.556,21,12,21s2.751-0.01,3.711-0.054c0.958-0.044,1.612-0.196,2.185-0.418 c0.592-0.23,1.094-0.538,1.594-1.038c0.5-0.5,0.808-1.002,1.038-1.594c0.222-0.572,0.375-1.227,0.418-2.185 C20.99,14.751,21,14.444,21,12s-0.01-2.751-0.054-3.711c-0.044-0.958-0.196-1.612-0.418-2.185c-0.23-0.592-0.538-1.094-1.038-1.594 c-0.5-0.5-1.002-0.808-1.594-1.038c-0.572-0.222-1.227-0.375-2.185-0.418C14.751,3.01,14.444,3,12,3L12,3z M12,7.378 c-2.552,0-4.622,2.069-4.622,4.622S9.448,16.622,12,16.622s4.622-2.069,4.622-4.622S14.552,7.378,12,7.378z M12,15 c-1.657,0-3-1.343-3-3s1.343-3,3-3s3,1.343,3,3S13.657,15,12,15z M16.804,6.116c-0.596,0-1.08,0.484-1.08,1.08 s0.484,1.08,1.08,1.08c0.596,0,1.08-0.484,1.08-1.08S17.401,6.116,16.804,6.116z\"><\/path><\/svg><span class=\"wp-block-social-link-label screen-reader-text\">Instagram<\/span><\/a><\/li>\n\n<li class=\"wp-social-link wp-social-link-facebook  wp-block-social-link\"><a href=\"http:\/\/www.facebook.com\/1424703517542271\" class=\"wp-block-social-link-anchor\"><svg width=\"24\" height=\"24\" viewbox=\"0 0 24 24\" version=\"1.1\" xmlns=\"http:\/\/www.w3.org\/2000\/svg\" aria-hidden=\"true\" focusable=\"false\"><path d=\"M12 2C6.5 2 2 6.5 2 12c0 5 3.7 9.1 8.4 9.9v-7H7.9V12h2.5V9.8c0-2.5 1.5-3.9 3.8-3.9 1.1 0 2.2.2 2.2.2v2.5h-1.3c-1.2 0-1.6.8-1.6 1.6V12h2.8l-.4 2.9h-2.3v7C18.3 21.1 22 17 22 12c0-5.5-4.5-10-10-10z\"><\/path><\/svg><span class=\"wp-block-social-link-label screen-reader-text\">Facebook<\/span><\/a><\/li><\/ul>\n\n\n\n<div style=\"height:100px\" aria-hidden=\"true\" class=\"wp-block-spacer\"><\/div>\n\n\n\n<div style=\"height:0px\" aria-hidden=\"true\" class=\"wp-block-spacer\"><\/div>\n\n\n\n<div class=\"wp-block-group alignfull has-black-color has-text-color has-background has-link-color wp-elements-393b7e4d8217c160a836a20cabe519f6\" style=\"background-color:#d2cdc7\"><div class=\"wp-block-group__inner-container is-layout-flow wp-block-group-is-layout-flow\">\n<h2 class=\"alignwide has-text-align-center has-white-color has-text-color wp-block-heading\" style=\"font-size:46px;font-weight:400;line-height:1.1\">Designer products<\/h2>\n<\/div><\/div>\n\n\n\n<div style=\"height:100px\" aria-hidden=\"true\" class=\"wp-block-spacer\"><\/div>\n\n\n\n\n\n<p><\/p>","protected":false},"excerpt":{"rendered":"<p>\u201eI work hard to make my designs appear effortless&#8221; Ronen Kadushin (ur. 1964) jest izraelskim projektantem i edukatorem projektowania mieszkaj\u0105cym w Berlinie od 2005 roku. Od 1993 roku prowadzi\u0142 kursy projektowania mebli i kreatywno\u015bci projektowej w wiod\u0105cych izraelskich i europejskich akademiach projektowania. W 2004 roku Kadushin opracowa\u0142 koncepcj\u0119 Open Design, w kt\u00f3rej jego produkty mo\u017cna [&hellip;]<\/p>\n","protected":false},"author":2,"featured_media":0,"parent":0,"menu_order":0,"comment_status":"closed","ping_status":"closed","template":"template-fullwidth.php","meta":{"footnotes":""},"class_list":["post-691","page","type-page","status-publish","hentry"],"yoast_head":"<!-- This site is optimized with the Yoast SEO plugin v22.4 - https:\/\/yoast.com\/wordpress\/plugins\/seo\/ -->\n<title>Ronen Kadushin - nowymodel.org<\/title>\n<meta name=\"description\" content=\"Ronen Kadushin est izraelskim projektantem i edukatorem projektowania mieszkaj\u0105cym w Berlinie od 2005 roku.\" \/>\n<meta name=\"robots\" content=\"index, follow, max-snippet:-1, max-image-preview:large, max-video-preview:-1\" \/>\n<link rel=\"canonical\" href=\"https:\/\/nowymodel.org\/en\/ronen-kadushin\/\" \/>\n<meta property=\"og:locale\" content=\"en_GB\" \/>\n<meta property=\"og:type\" content=\"article\" \/>\n<meta property=\"og:title\" content=\"Ronen Kadushin - nowymodel.org\" \/>\n<meta property=\"og:description\" content=\"Ronen Kadushin est izraelskim projektantem i edukatorem projektowania mieszkaj\u0105cym w Berlinie od 2005 roku.\" \/>\n<meta property=\"og:url\" content=\"https:\/\/nowymodel.org\/en\/ronen-kadushin\/\" \/>\n<meta property=\"og:site_name\" content=\"nowymodel.org\" \/>\n<meta property=\"article:modified_time\" content=\"2022-05-12T12:52:43+00:00\" \/>\n<meta property=\"og:image\" content=\"https:\/\/nowymodel.org\/wp-content\/uploads\/2022\/03\/Ronen-Kadushin-2021_IMG_1416-scaled.jpg\" \/>\n<meta name=\"twitter:card\" content=\"summary_large_image\" \/>\n<meta name=\"twitter:label1\" content=\"Estimated reading time\" \/>\n\t<meta name=\"twitter:data1\" content=\"2 minutes\" \/>\n<script type=\"application\/ld+json\" class=\"yoast-schema-graph\">{\"@context\":\"https:\/\/schema.org\",\"@graph\":[{\"@type\":\"WebPage\",\"@id\":\"https:\/\/nowymodel.org\/ronen-kadushin\/\",\"url\":\"https:\/\/nowymodel.org\/ronen-kadushin\/\",\"name\":\"Ronen Kadushin - nowymodel.org\",\"isPartOf\":{\"@id\":\"https:\/\/nowymodel.org\/#website\"},\"primaryImageOfPage\":{\"@id\":\"https:\/\/nowymodel.org\/ronen-kadushin\/#primaryimage\"},\"image\":{\"@id\":\"https:\/\/nowymodel.org\/ronen-kadushin\/#primaryimage\"},\"thumbnailUrl\":\"https:\/\/nowymodel.org\/wp-content\/uploads\/2022\/03\/Ronen-Kadushin-2021_IMG_1416-scaled.jpg\",\"datePublished\":\"2022-03-23T13:51:30+00:00\",\"dateModified\":\"2022-05-12T12:52:43+00:00\",\"description\":\"Ronen Kadushin est izraelskim projektantem i edukatorem projektowania mieszkaj\u0105cym w Berlinie od 2005 roku.\",\"inLanguage\":\"en-GB\",\"potentialAction\":[{\"@type\":\"ReadAction\",\"target\":[\"https:\/\/nowymodel.org\/ronen-kadushin\/\"]}]},{\"@type\":\"ImageObject\",\"inLanguage\":\"en-GB\",\"@id\":\"https:\/\/nowymodel.org\/ronen-kadushin\/#primaryimage\",\"url\":\"https:\/\/nowymodel.org\/wp-content\/uploads\/2022\/03\/Ronen-Kadushin-2021_IMG_1416-scaled.jpg\",\"contentUrl\":\"https:\/\/nowymodel.org\/wp-content\/uploads\/2022\/03\/Ronen-Kadushin-2021_IMG_1416-scaled.jpg\"},{\"@type\":\"WebSite\",\"@id\":\"https:\/\/nowymodel.org\/#website\",\"url\":\"https:\/\/nowymodel.org\/\",\"name\":\"nowymodel.org\",\"description\":\"\",\"potentialAction\":[{\"@type\":\"SearchAction\",\"target\":{\"@type\":\"EntryPoint\",\"urlTemplate\":\"https:\/\/nowymodel.org\/?s={search_term_string}\"},\"query-input\":\"required name=search_term_string\"}],\"inLanguage\":\"en-GB\"}]}<\/script>\n<!-- \/ Yoast SEO plugin. -->","yoast_head_json":{"title":"Ronen Kadushin - nowymodel.org","description":"Ronen Kadushin est izraelskim projektantem i edukatorem projektowania mieszkaj\u0105cym w Berlinie od 2005 roku.","robots":{"index":"index","follow":"follow","max-snippet":"max-snippet:-1","max-image-preview":"max-image-preview:large","max-video-preview":"max-video-preview:-1"},"canonical":"https:\/\/nowymodel.org\/en\/ronen-kadushin\/","og_locale":"en_GB","og_type":"article","og_title":"Ronen Kadushin - nowymodel.org","og_description":"Ronen Kadushin est izraelskim projektantem i edukatorem projektowania mieszkaj\u0105cym w Berlinie od 2005 roku.","og_url":"https:\/\/nowymodel.org\/en\/ronen-kadushin\/","og_site_name":"nowymodel.org","article_modified_time":"2022-05-12T12:52:43+00:00","og_image":[{"url":"https:\/\/nowymodel.org\/wp-content\/uploads\/2022\/03\/Ronen-Kadushin-2021_IMG_1416-scaled.jpg"}],"twitter_card":"summary_large_image","twitter_misc":{"Estimated reading time":"2 minutes"},"schema":{"@context":"https:\/\/schema.org","@graph":[{"@type":"WebPage","@id":"https:\/\/nowymodel.org\/ronen-kadushin\/","url":"https:\/\/nowymodel.org\/ronen-kadushin\/","name":"Ronen Kadushin - nowymodel.org","isPartOf":{"@id":"https:\/\/nowymodel.org\/#website"},"primaryImageOfPage":{"@id":"https:\/\/nowymodel.org\/ronen-kadushin\/#primaryimage"},"image":{"@id":"https:\/\/nowymodel.org\/ronen-kadushin\/#primaryimage"},"thumbnailUrl":"https:\/\/nowymodel.org\/wp-content\/uploads\/2022\/03\/Ronen-Kadushin-2021_IMG_1416-scaled.jpg","datePublished":"2022-03-23T13:51:30+00:00","dateModified":"2022-05-12T12:52:43+00:00","description":"Ronen Kadushin est izraelskim projektantem i edukatorem projektowania mieszkaj\u0105cym w Berlinie od 2005 roku.","inLanguage":"en-GB","potentialAction":[{"@type":"ReadAction","target":["https:\/\/nowymodel.org\/ronen-kadushin\/"]}]},{"@type":"ImageObject","inLanguage":"en-GB","@id":"https:\/\/nowymodel.org\/ronen-kadushin\/#primaryimage","url":"https:\/\/nowymodel.org\/wp-content\/uploads\/2022\/03\/Ronen-Kadushin-2021_IMG_1416-scaled.jpg","contentUrl":"https:\/\/nowymodel.org\/wp-content\/uploads\/2022\/03\/Ronen-Kadushin-2021_IMG_1416-scaled.jpg"},{"@type":"WebSite","@id":"https:\/\/nowymodel.org\/#website","url":"https:\/\/nowymodel.org\/","name":"nowymodel.org","description":"","potentialAction":[{"@type":"SearchAction","target":{"@type":"EntryPoint","urlTemplate":"https:\/\/nowymodel.org\/?s={search_term_string}"},"query-input":"required name=search_term_string"}],"inLanguage":"en-GB"}]}},"_links":{"self":[{"href":"https:\/\/nowymodel.org\/en\/wp-json\/wp\/v2\/pages\/691","targetHints":{"allow":["GET"]}}],"collection":[{"href":"https:\/\/nowymodel.org\/en\/wp-json\/wp\/v2\/pages"}],"about":[{"href":"https:\/\/nowymodel.org\/en\/wp-json\/wp\/v2\/types\/page"}],"author":[{"embeddable":true,"href":"https:\/\/nowymodel.org\/en\/wp-json\/wp\/v2\/users\/2"}],"replies":[{"embeddable":true,"href":"https:\/\/nowymodel.org\/en\/wp-json\/wp\/v2\/comments?post=691"}],"version-history":[{"count":6,"href":"https:\/\/nowymodel.org\/en\/wp-json\/wp\/v2\/pages\/691\/revisions"}],"predecessor-version":[{"id":770,"href":"https:\/\/nowymodel.org\/en\/wp-json\/wp\/v2\/pages\/691\/revisions\/770"}],"wp:attachment":[{"href":"https:\/\/nowymodel.org\/en\/wp-json\/wp\/v2\/media?parent=691"}],"curies":[{"name":"wp","href":"https:\/\/api.w.org\/{rel}","templated":true}]}}