{"id":663,"date":"2022-03-23T12:48:52","date_gmt":"2022-03-23T11:48:52","guid":{"rendered":"https:\/\/nowymodel.org\/?page_id=663"},"modified":"2023-11-30T12:31:17","modified_gmt":"2023-11-30T11:31:17","slug":"karol-starczewski","status":"publish","type":"page","link":"https:\/\/nowymodel.org\/en\/karol-starczewski\/","title":{"rendered":"Karol Starczewski"},"content":{"rendered":"<div class=\"wp-block-cover alignfull\" style=\"min-height:445px;aspect-ratio:unset;\"><span aria-hidden=\"true\" class=\"has-background-dim-20 wp-block-cover__gradient-background has-background-dim\" style=\"background-color:#000000\"><\/span><img fetchpriority=\"high\" decoding=\"async\" width=\"1655\" height=\"1456\" class=\"wp-block-cover__image-background wp-image-667\" alt=\"\" src=\"https:\/\/nowymodel.org\/wp-content\/uploads\/2022\/03\/karol-halas.jpg\" style=\"object-position:77% 30%\" data-object-fit=\"cover\" data-object-position=\"77% 30%\" srcset=\"https:\/\/nowymodel.org\/wp-content\/uploads\/2022\/03\/karol-halas.jpg 1655w, https:\/\/nowymodel.org\/wp-content\/uploads\/2022\/03\/karol-halas-300x264.jpg 300w, https:\/\/nowymodel.org\/wp-content\/uploads\/2022\/03\/karol-halas-1024x901.jpg 1024w, https:\/\/nowymodel.org\/wp-content\/uploads\/2022\/03\/karol-halas-768x676.jpg 768w, https:\/\/nowymodel.org\/wp-content\/uploads\/2022\/03\/karol-halas-1536x1351.jpg 1536w, https:\/\/nowymodel.org\/wp-content\/uploads\/2022\/03\/karol-halas-14x12.jpg 14w, https:\/\/nowymodel.org\/wp-content\/uploads\/2022\/03\/karol-halas-1320x1161.jpg 1320w, https:\/\/nowymodel.org\/wp-content\/uploads\/2022\/03\/karol-halas-416x366.jpg 416w\" sizes=\"(max-width: 1655px) 100vw, 1655px\" \/><div class=\"wp-block-cover__inner-container is-layout-flow wp-block-cover-is-layout-flow\">\n<div class=\"wp-block-columns is-layout-flex wp-container-core-columns-is-layout-9d6595d7 wp-block-columns-is-layout-flex\">\n<div class=\"wp-block-column is-layout-flow wp-block-column-is-layout-flow\">\n<h2 class=\"alignwide has-text-align-center has-white-color has-text-color wp-block-heading\" id=\"we-re-a-studio-in-berlin-with-an-international-practice-in-architecture-urban-planning-and-interior-design-we-believe-in-sharing-knowledge-and-promoting-dialogue-to-increase-the-creative-potential-of-collaboration\" style=\"font-size:48px;line-height:1.1\"><strong>Karol Starczewski<\/strong><\/h2>\n\n\n\n<p class=\"has-text-align-center has-luminous-vivid-amber-color has-text-color\" style=\"text-transform:lowercase\">design &amp; business<\/p>\n<\/div>\n<\/div>\n<\/div><\/div>\n\n\n\n<div style=\"height:100px\" aria-hidden=\"true\" class=\"wp-block-spacer\"><\/div>\n\n\n\n<ul class=\"wp-block-social-links is-style-default is-layout-flex wp-block-social-links-is-layout-flex\"><\/ul>\n\n\n\n<div class=\"wp-block-columns is-layout-flex wp-container-core-columns-is-layout-9d6595d7 wp-block-columns-is-layout-flex\">\n<div class=\"wp-block-column is-layout-flow wp-block-column-is-layout-flow\">\n<blockquote class=\"wp-block-quote is-layout-flow wp-block-quote-is-layout-flow\"><p>\"I want the abilities of Polish designers to find recognition and contribute to the success of Polish entrepreneurs.\"<\/p><\/blockquote>\n\n\n\n<p>A cultural studies and psycholinguist by education. For over 20 years he has run several businesses, including a charter company Tastysailing, a number of software projects, a photography studio DigiTouch, and an advertising agency Zoom design.<\/p>\n\n\n\n<p>He designs innovative solutions in the field of IT, communication, exhibition, interior design and industrial design. He holds a number of patents for systemic design solutions for furniture and exhibitions, as well as original training programs in the field of communication psychology.<\/p>\n\n\n\n<p>He was the creator of the first Polish photo bank created under the name of DigiTouch Collection in 1997. He carried out his own programme of promoting Polish photography by opening the DigiTouch Gallery in Berlin in 2000. He curated a number of exhibitions and expositions, including the first posthumous retrospective exhibition of Edward Hartwig.<\/p>\n\n\n\n<p>Patron of exhibitions of Tadeusz Rolke, Bogdan Dziworski, Piotr Stasik, Jan Bortkiewicz, Micha\u0142 Was\u0105\u017cnik and many other artists. Passionate and an expert in good design, he is involved in the promotion of Polish design and original technical solutions.  He deals with inventiveness and industrial design. He also designs interiors, furniture and exhibition systems.<\/p>\n\n\n\n<p>The organization newodel.org is his idea and latest creation. It is a collaborative workspace of designers, craftsmen, technologists, graphic designers, computer scientists, and promotional and marketing specialists.<\/p>\n\n\n\n<p>Using the latest digital technologies, he prepares prototypes and puts the most interesting designs into production in short series. He entrusts the production of well-designed models to expert craftsmen and reliable manufacturers in the industry.<\/p>\n\n\n\n<p>Privately a sailor and traveler.<\/p>\n<\/div>\n\n\n\n<div class=\"wp-block-column is-layout-flow wp-block-column-is-layout-flow\">\n<figure class=\"wp-block-image size-full\"><img decoding=\"async\" width=\"768\" height=\"1024\" src=\"https:\/\/nowymodel.org\/wp-content\/uploads\/2022\/03\/Karol-Starczewski_3-768x1024-1.jpg\" alt=\"\" class=\"wp-image-674\" srcset=\"https:\/\/nowymodel.org\/wp-content\/uploads\/2022\/03\/Karol-Starczewski_3-768x1024-1.jpg 768w, https:\/\/nowymodel.org\/wp-content\/uploads\/2022\/03\/Karol-Starczewski_3-768x1024-1-225x300.jpg 225w, https:\/\/nowymodel.org\/wp-content\/uploads\/2022\/03\/Karol-Starczewski_3-768x1024-1-9x12.jpg 9w, https:\/\/nowymodel.org\/wp-content\/uploads\/2022\/03\/Karol-Starczewski_3-768x1024-1-416x555.jpg 416w\" sizes=\"(max-width: 768px) 100vw, 768px\" \/><\/figure>\n<\/div>\n<\/div>\n\n\n\n<div style=\"height:100px\" aria-hidden=\"true\" class=\"wp-block-spacer\"><\/div>\n\n\n\n<div style=\"height:0px\" aria-hidden=\"true\" class=\"wp-block-spacer\"><\/div>\n\n\n\n<div class=\"wp-block-group alignfull has-black-color has-text-color has-background has-link-color wp-elements-393b7e4d8217c160a836a20cabe519f6\" style=\"background-color:#d2cdc7\"><div class=\"wp-block-group__inner-container is-layout-flow wp-block-group-is-layout-flow\">\n<h2 class=\"alignwide has-text-align-center has-white-color has-text-color wp-block-heading\" style=\"font-size:46px;font-weight:400;line-height:1.1\">Designer products<\/h2>\n<\/div><\/div>\n\n\n\n<div style=\"height:100px\" aria-hidden=\"true\" class=\"wp-block-spacer\"><\/div>\n\n\n\n\n\n<p><\/p>","protected":false},"excerpt":{"rendered":"<p>\u201eChc\u0119, \u017ceby zdolno\u015bci polskich projektant\u00f3w znajdowa\u0142y uznanie i&nbsp;przyczynia\u0142y si\u0119 do sukcesu polskich przedsi\u0119biorc\u00f3w\u201d Z wykszta\u0142cenia kulturoznawca i psycholingwista. Od ponad 20 lat prowadzi kilka przedsi\u0119wzi\u0119\u0107, mi\u0119dzy innymi firm\u0119 czarterow\u0105 Tastysailing,&nbsp; szereg projekt\u00f3w programistycznych, studio fotograficzne DigiTouch, agencj\u0119 reklamow\u0105 Zoom design. Projektuje innowacyjne rozwi\u0105zania w&nbsp;zakresie informatyki, komunikacji, wystawiennictwa, wystroju wn\u0119trz i wzornictwa przemys\u0142owego. Ma na swoim [&hellip;]<\/p>\n","protected":false},"author":2,"featured_media":0,"parent":0,"menu_order":0,"comment_status":"closed","ping_status":"closed","template":"template-fullwidth.php","meta":{"footnotes":""},"class_list":["post-663","page","type-page","status-publish","hentry"],"yoast_head":"<!-- This site is optimized with the Yoast SEO plugin v22.4 - https:\/\/yoast.com\/wordpress\/plugins\/seo\/ -->\n<title>Karol Starczewski - nowymodel.org<\/title>\n<meta name=\"description\" content=\"Z wykszta\u0142cenia kulturoznawca i psycholingwista. Projektuje innowacyjne rozwi\u0105zania w\u00a0zakresie informatyki, komunikacji, wystawiennictwa, wystroju wn\u0119trz i wzornictwa przemys\u0142owego.\" \/>\n<meta name=\"robots\" content=\"index, follow, max-snippet:-1, max-image-preview:large, max-video-preview:-1\" \/>\n<link rel=\"canonical\" href=\"https:\/\/nowymodel.org\/en\/karol-starczewski\/\" \/>\n<meta property=\"og:locale\" content=\"en_GB\" \/>\n<meta property=\"og:type\" content=\"article\" \/>\n<meta property=\"og:title\" content=\"Karol Starczewski - nowymodel.org\" \/>\n<meta property=\"og:description\" content=\"Z wykszta\u0142cenia kulturoznawca i psycholingwista. Projektuje innowacyjne rozwi\u0105zania w\u00a0zakresie informatyki, komunikacji, wystawiennictwa, wystroju wn\u0119trz i wzornictwa przemys\u0142owego.\" \/>\n<meta property=\"og:url\" content=\"https:\/\/nowymodel.org\/en\/karol-starczewski\/\" \/>\n<meta property=\"og:site_name\" content=\"nowymodel.org\" \/>\n<meta property=\"article:modified_time\" content=\"2023-11-30T11:31:17+00:00\" \/>\n<meta property=\"og:image\" content=\"https:\/\/nowymodel.org\/wp-content\/uploads\/2022\/03\/karol-halas.jpg\" \/>\n<meta name=\"twitter:card\" content=\"summary_large_image\" \/>\n<meta name=\"twitter:label1\" content=\"Estimated reading time\" \/>\n\t<meta name=\"twitter:data1\" content=\"2 minutes\" \/>\n<script type=\"application\/ld+json\" class=\"yoast-schema-graph\">{\"@context\":\"https:\/\/schema.org\",\"@graph\":[{\"@type\":\"WebPage\",\"@id\":\"https:\/\/nowymodel.org\/karol-starczewski\/\",\"url\":\"https:\/\/nowymodel.org\/karol-starczewski\/\",\"name\":\"Karol Starczewski - nowymodel.org\",\"isPartOf\":{\"@id\":\"https:\/\/nowymodel.org\/#website\"},\"primaryImageOfPage\":{\"@id\":\"https:\/\/nowymodel.org\/karol-starczewski\/#primaryimage\"},\"image\":{\"@id\":\"https:\/\/nowymodel.org\/karol-starczewski\/#primaryimage\"},\"thumbnailUrl\":\"https:\/\/nowymodel.org\/wp-content\/uploads\/2022\/03\/karol-halas.jpg\",\"datePublished\":\"2022-03-23T11:48:52+00:00\",\"dateModified\":\"2023-11-30T11:31:17+00:00\",\"description\":\"Z wykszta\u0142cenia kulturoznawca i psycholingwista. Projektuje innowacyjne rozwi\u0105zania w\u00a0zakresie informatyki, komunikacji, wystawiennictwa, wystroju wn\u0119trz i wzornictwa przemys\u0142owego.\",\"inLanguage\":\"en-GB\",\"potentialAction\":[{\"@type\":\"ReadAction\",\"target\":[\"https:\/\/nowymodel.org\/karol-starczewski\/\"]}]},{\"@type\":\"ImageObject\",\"inLanguage\":\"en-GB\",\"@id\":\"https:\/\/nowymodel.org\/karol-starczewski\/#primaryimage\",\"url\":\"https:\/\/nowymodel.org\/wp-content\/uploads\/2022\/03\/karol-halas.jpg\",\"contentUrl\":\"https:\/\/nowymodel.org\/wp-content\/uploads\/2022\/03\/karol-halas.jpg\"},{\"@type\":\"WebSite\",\"@id\":\"https:\/\/nowymodel.org\/#website\",\"url\":\"https:\/\/nowymodel.org\/\",\"name\":\"nowymodel.org\",\"description\":\"\",\"potentialAction\":[{\"@type\":\"SearchAction\",\"target\":{\"@type\":\"EntryPoint\",\"urlTemplate\":\"https:\/\/nowymodel.org\/?s={search_term_string}\"},\"query-input\":\"required name=search_term_string\"}],\"inLanguage\":\"en-GB\"}]}<\/script>\n<!-- \/ Yoast SEO plugin. -->","yoast_head_json":{"title":"Karol Starczewski - nowymodel.org","description":"Z wykszta\u0142cenia kulturoznawca i psycholingwista. Projektuje innowacyjne rozwi\u0105zania w\u00a0zakresie informatyki, komunikacji, wystawiennictwa, wystroju wn\u0119trz i wzornictwa przemys\u0142owego.","robots":{"index":"index","follow":"follow","max-snippet":"max-snippet:-1","max-image-preview":"max-image-preview:large","max-video-preview":"max-video-preview:-1"},"canonical":"https:\/\/nowymodel.org\/en\/karol-starczewski\/","og_locale":"en_GB","og_type":"article","og_title":"Karol Starczewski - nowymodel.org","og_description":"Z wykszta\u0142cenia kulturoznawca i psycholingwista. Projektuje innowacyjne rozwi\u0105zania w\u00a0zakresie informatyki, komunikacji, wystawiennictwa, wystroju wn\u0119trz i wzornictwa przemys\u0142owego.","og_url":"https:\/\/nowymodel.org\/en\/karol-starczewski\/","og_site_name":"nowymodel.org","article_modified_time":"2023-11-30T11:31:17+00:00","og_image":[{"url":"https:\/\/nowymodel.org\/wp-content\/uploads\/2022\/03\/karol-halas.jpg"}],"twitter_card":"summary_large_image","twitter_misc":{"Estimated reading time":"2 minutes"},"schema":{"@context":"https:\/\/schema.org","@graph":[{"@type":"WebPage","@id":"https:\/\/nowymodel.org\/karol-starczewski\/","url":"https:\/\/nowymodel.org\/karol-starczewski\/","name":"Karol Starczewski - nowymodel.org","isPartOf":{"@id":"https:\/\/nowymodel.org\/#website"},"primaryImageOfPage":{"@id":"https:\/\/nowymodel.org\/karol-starczewski\/#primaryimage"},"image":{"@id":"https:\/\/nowymodel.org\/karol-starczewski\/#primaryimage"},"thumbnailUrl":"https:\/\/nowymodel.org\/wp-content\/uploads\/2022\/03\/karol-halas.jpg","datePublished":"2022-03-23T11:48:52+00:00","dateModified":"2023-11-30T11:31:17+00:00","description":"Z wykszta\u0142cenia kulturoznawca i psycholingwista. Projektuje innowacyjne rozwi\u0105zania w\u00a0zakresie informatyki, komunikacji, wystawiennictwa, wystroju wn\u0119trz i wzornictwa przemys\u0142owego.","inLanguage":"en-GB","potentialAction":[{"@type":"ReadAction","target":["https:\/\/nowymodel.org\/karol-starczewski\/"]}]},{"@type":"ImageObject","inLanguage":"en-GB","@id":"https:\/\/nowymodel.org\/karol-starczewski\/#primaryimage","url":"https:\/\/nowymodel.org\/wp-content\/uploads\/2022\/03\/karol-halas.jpg","contentUrl":"https:\/\/nowymodel.org\/wp-content\/uploads\/2022\/03\/karol-halas.jpg"},{"@type":"WebSite","@id":"https:\/\/nowymodel.org\/#website","url":"https:\/\/nowymodel.org\/","name":"nowymodel.org","description":"","potentialAction":[{"@type":"SearchAction","target":{"@type":"EntryPoint","urlTemplate":"https:\/\/nowymodel.org\/?s={search_term_string}"},"query-input":"required name=search_term_string"}],"inLanguage":"en-GB"}]}},"_links":{"self":[{"href":"https:\/\/nowymodel.org\/en\/wp-json\/wp\/v2\/pages\/663","targetHints":{"allow":["GET"]}}],"collection":[{"href":"https:\/\/nowymodel.org\/en\/wp-json\/wp\/v2\/pages"}],"about":[{"href":"https:\/\/nowymodel.org\/en\/wp-json\/wp\/v2\/types\/page"}],"author":[{"embeddable":true,"href":"https:\/\/nowymodel.org\/en\/wp-json\/wp\/v2\/users\/2"}],"replies":[{"embeddable":true,"href":"https:\/\/nowymodel.org\/en\/wp-json\/wp\/v2\/comments?post=663"}],"version-history":[{"count":4,"href":"https:\/\/nowymodel.org\/en\/wp-json\/wp\/v2\/pages\/663\/revisions"}],"predecessor-version":[{"id":12955,"href":"https:\/\/nowymodel.org\/en\/wp-json\/wp\/v2\/pages\/663\/revisions\/12955"}],"wp:attachment":[{"href":"https:\/\/nowymodel.org\/en\/wp-json\/wp\/v2\/media?parent=663"}],"curies":[{"name":"wp","href":"https:\/\/api.w.org\/{rel}","templated":true}]}}