{"id":64,"date":"2021-12-15T09:08:38","date_gmt":"2021-12-15T08:08:38","guid":{"rendered":"https:\/\/nowymodel.org\/?page_id=64"},"modified":"2022-05-12T14:28:11","modified_gmt":"2022-05-12T12:28:11","slug":"koszty-transportu","status":"publish","type":"page","link":"https:\/\/nowymodel.org\/en\/koszty-transportu\/","title":{"rendered":"Delivery pricing"},"content":{"rendered":"<div class=\"wp-block-group\"><div class=\"wp-block-group__inner-container is-layout-flow wp-block-group-is-layout-flow\">\n<div class=\"wp-block-columns is-layout-flex wp-container-core-columns-is-layout-9d6595d7 wp-block-columns-is-layout-flex\">\n<div class=\"wp-block-column is-layout-flow wp-block-column-is-layout-flow\">\n<div style=\"height:10px\" aria-hidden=\"true\" class=\"wp-block-spacer\"><\/div>\n\n\n\n<hr class=\"wp-block-separator is-style-wide\"\/>\n\n\n\n<div style=\"height:10px\" aria-hidden=\"true\" class=\"wp-block-spacer\"><\/div>\n\n\n\n<p>Koszty transportu dla wyrob\u00f3w zakupionych w&nbsp;sklepie internetowym&nbsp;<strong>nowymodel.org<\/strong>&nbsp;obliczane s\u0105 wy\u0142\u0105cznie dla terytorium Rzeczypospolitej Polskiej. W celu ustalenia koszt\u00f3w wysy\u0142ki za granic\u0119 prosimy o kontakt telefoniczny lub e-mailem. Koszt wysy\u0142ki zale\u017cy od wagi przesy\u0142ki i&nbsp;naliczany jest przez system w&nbsp;trakcie sk\u0142adania zam\u00f3wienia w&nbsp;sklepie&nbsp;<strong>nowymodel.org<\/strong><\/p>\n\n\n\n<figure class=\"wp-block-table\"><table><tbody><tr><th>Waga przesy\u0142ki<\/th><th>Cena przesy\u0142ki<\/th><\/tr><tr><td>od 1 do 30 kg<\/td><td>30,00 PLN (brutto)<\/td><\/tr><tr><td>od 31 do 50 kg<\/td><td>90,00 PLN (brutto)<\/td><\/tr><tr><td>od 51 do 70 kg<\/td><td>110,00 PLN (brutto)<\/td><\/tr><tr><td>powy\u017cej 70 kg (paleta)<\/td><td>200,00 PLN (brutto)<\/td><\/tr><\/tbody><\/table><\/figure>\n\n\n\n<p><strong>Przy zakupie powy\u017cej 10.000 PLN \u2013 transport zakupionych towar\u00f3w GRATIS.<\/strong>&nbsp;Dotyczy to wy\u0142\u0105cznie koszt\u00f3w transportu na terenie Polski. Koszty wysy\u0142ek zagranicznych podlegaj\u0105 indywidualnym op\u0142atom wg oddzielnych kalkulacji.<\/p>\n\n\n\n<p><strong>UWAGA \u2013<\/strong>&nbsp;Kurier dostarcza towar pod wskazany adres i&nbsp;wystawia go z&nbsp;pojazdu. Nie ma on obowi\u0105zku wnoszenia go do mieszkania b\u0105d\u017a magazynu.<\/p>\n<\/div>\n<\/div>\n<\/div><\/div>","protected":false},"excerpt":{"rendered":"<p>Koszty transportu dla wyrob\u00f3w zakupionych w&nbsp;sklepie internetowym&nbsp;nowymodel.org&nbsp;obliczane s\u0105 wy\u0142\u0105cznie dla terytorium Rzeczypospolitej Polskiej. W celu ustalenia koszt\u00f3w wysy\u0142ki za granic\u0119 prosimy o kontakt telefoniczny lub e-mailem. Koszt wysy\u0142ki zale\u017cy od wagi przesy\u0142ki i&nbsp;naliczany jest przez system w&nbsp;trakcie sk\u0142adania zam\u00f3wienia w&nbsp;sklepie&nbsp;nowymodel.org Waga przesy\u0142ki Cena przesy\u0142ki od 1 do 30 kg 30,00 PLN (brutto) od 31 do [&hellip;]<\/p>\n","protected":false},"author":1,"featured_media":0,"parent":0,"menu_order":0,"comment_status":"closed","ping_status":"closed","template":"","meta":{"footnotes":""},"class_list":["post-64","page","type-page","status-publish","hentry"],"yoast_head":"<!-- This site is optimized with the Yoast SEO plugin v22.4 - https:\/\/yoast.com\/wordpress\/plugins\/seo\/ -->\n<title>Koszty transportu - nowymodel.org<\/title>\n<meta name=\"description\" content=\"Koszty transportu dla wyrob\u00f3w zakupionych w sklepie internetowym, \u00a0obliczane s\u0105 wy\u0142\u0105cznie dla terytorium Rzeczypospolitej Polskiej.\" \/>\n<meta name=\"robots\" content=\"index, follow, max-snippet:-1, max-image-preview:large, max-video-preview:-1\" \/>\n<link rel=\"canonical\" href=\"https:\/\/nowymodel.org\/en\/koszty-transportu\/\" \/>\n<meta property=\"og:locale\" content=\"en_GB\" \/>\n<meta property=\"og:type\" content=\"article\" \/>\n<meta property=\"og:title\" content=\"Koszty transportu - nowymodel.org\" \/>\n<meta property=\"og:description\" content=\"Koszty transportu dla wyrob\u00f3w zakupionych w sklepie internetowym, \u00a0obliczane s\u0105 wy\u0142\u0105cznie dla terytorium Rzeczypospolitej Polskiej.\" \/>\n<meta property=\"og:url\" content=\"https:\/\/nowymodel.org\/en\/koszty-transportu\/\" \/>\n<meta property=\"og:site_name\" content=\"nowymodel.org\" \/>\n<meta property=\"article:modified_time\" content=\"2022-05-12T12:28:11+00:00\" \/>\n<meta name=\"twitter:card\" content=\"summary_large_image\" \/>\n<meta name=\"twitter:label1\" content=\"Estimated reading time\" \/>\n\t<meta name=\"twitter:data1\" content=\"1 minute\" \/>\n<script type=\"application\/ld+json\" class=\"yoast-schema-graph\">{\"@context\":\"https:\/\/schema.org\",\"@graph\":[{\"@type\":\"WebPage\",\"@id\":\"https:\/\/nowymodel.org\/koszty-transportu\/\",\"url\":\"https:\/\/nowymodel.org\/koszty-transportu\/\",\"name\":\"Koszty transportu - nowymodel.org\",\"isPartOf\":{\"@id\":\"https:\/\/nowymodel.org\/#website\"},\"datePublished\":\"2021-12-15T08:08:38+00:00\",\"dateModified\":\"2022-05-12T12:28:11+00:00\",\"description\":\"Koszty transportu dla wyrob\u00f3w zakupionych w sklepie internetowym, \u00a0obliczane s\u0105 wy\u0142\u0105cznie dla terytorium Rzeczypospolitej Polskiej.\",\"inLanguage\":\"en-GB\",\"potentialAction\":[{\"@type\":\"ReadAction\",\"target\":[\"https:\/\/nowymodel.org\/koszty-transportu\/\"]}]},{\"@type\":\"WebSite\",\"@id\":\"https:\/\/nowymodel.org\/#website\",\"url\":\"https:\/\/nowymodel.org\/\",\"name\":\"nowymodel.org\",\"description\":\"\",\"potentialAction\":[{\"@type\":\"SearchAction\",\"target\":{\"@type\":\"EntryPoint\",\"urlTemplate\":\"https:\/\/nowymodel.org\/?s={search_term_string}\"},\"query-input\":\"required name=search_term_string\"}],\"inLanguage\":\"en-GB\"}]}<\/script>\n<!-- \/ Yoast SEO plugin. -->","yoast_head_json":{"title":"Koszty transportu - nowymodel.org","description":"Koszty transportu dla wyrob\u00f3w zakupionych w sklepie internetowym, \u00a0obliczane s\u0105 wy\u0142\u0105cznie dla terytorium Rzeczypospolitej Polskiej.","robots":{"index":"index","follow":"follow","max-snippet":"max-snippet:-1","max-image-preview":"max-image-preview:large","max-video-preview":"max-video-preview:-1"},"canonical":"https:\/\/nowymodel.org\/en\/koszty-transportu\/","og_locale":"en_GB","og_type":"article","og_title":"Koszty transportu - nowymodel.org","og_description":"Koszty transportu dla wyrob\u00f3w zakupionych w sklepie internetowym, \u00a0obliczane s\u0105 wy\u0142\u0105cznie dla terytorium Rzeczypospolitej Polskiej.","og_url":"https:\/\/nowymodel.org\/en\/koszty-transportu\/","og_site_name":"nowymodel.org","article_modified_time":"2022-05-12T12:28:11+00:00","twitter_card":"summary_large_image","twitter_misc":{"Estimated reading time":"1 minute"},"schema":{"@context":"https:\/\/schema.org","@graph":[{"@type":"WebPage","@id":"https:\/\/nowymodel.org\/koszty-transportu\/","url":"https:\/\/nowymodel.org\/koszty-transportu\/","name":"Koszty transportu - nowymodel.org","isPartOf":{"@id":"https:\/\/nowymodel.org\/#website"},"datePublished":"2021-12-15T08:08:38+00:00","dateModified":"2022-05-12T12:28:11+00:00","description":"Koszty transportu dla wyrob\u00f3w zakupionych w sklepie internetowym, \u00a0obliczane s\u0105 wy\u0142\u0105cznie dla terytorium Rzeczypospolitej Polskiej.","inLanguage":"en-GB","potentialAction":[{"@type":"ReadAction","target":["https:\/\/nowymodel.org\/koszty-transportu\/"]}]},{"@type":"WebSite","@id":"https:\/\/nowymodel.org\/#website","url":"https:\/\/nowymodel.org\/","name":"nowymodel.org","description":"","potentialAction":[{"@type":"SearchAction","target":{"@type":"EntryPoint","urlTemplate":"https:\/\/nowymodel.org\/?s={search_term_string}"},"query-input":"required name=search_term_string"}],"inLanguage":"en-GB"}]}},"_links":{"self":[{"href":"https:\/\/nowymodel.org\/en\/wp-json\/wp\/v2\/pages\/64","targetHints":{"allow":["GET"]}}],"collection":[{"href":"https:\/\/nowymodel.org\/en\/wp-json\/wp\/v2\/pages"}],"about":[{"href":"https:\/\/nowymodel.org\/en\/wp-json\/wp\/v2\/types\/page"}],"author":[{"embeddable":true,"href":"https:\/\/nowymodel.org\/en\/wp-json\/wp\/v2\/users\/1"}],"replies":[{"embeddable":true,"href":"https:\/\/nowymodel.org\/en\/wp-json\/wp\/v2\/comments?post=64"}],"version-history":[{"count":3,"href":"https:\/\/nowymodel.org\/en\/wp-json\/wp\/v2\/pages\/64\/revisions"}],"predecessor-version":[{"id":12959,"href":"https:\/\/nowymodel.org\/en\/wp-json\/wp\/v2\/pages\/64\/revisions\/12959"}],"wp:attachment":[{"href":"https:\/\/nowymodel.org\/en\/wp-json\/wp\/v2\/media?parent=64"}],"curies":[{"name":"wp","href":"https:\/\/api.w.org\/{rel}","templated":true}]}}