{"id":57,"date":"2021-12-15T08:58:43","date_gmt":"2021-12-15T07:58:43","guid":{"rendered":"https:\/\/nowymodel.org\/?page_id=57"},"modified":"2025-03-06T22:14:44","modified_gmt":"2025-03-06T21:14:44","slug":"kontakt","status":"publish","type":"page","link":"https:\/\/nowymodel.org\/en\/kontakt\/","title":{"rendered":"Contact"},"content":{"rendered":"<div style=\"height:35px\" aria-hidden=\"true\" class=\"wp-block-spacer\"><\/div>\n\n\n\n<hr class=\"wp-block-separator has-text-color has-black-color has-css-opacity has-black-background-color has-background is-style-wide\"\/>\n\n\n\n<div style=\"height:42px\" aria-hidden=\"true\" class=\"wp-block-spacer\"><\/div>\n\n\n\n<div class=\"wp-block-group\"><div class=\"wp-block-group__inner-container is-layout-flow wp-block-group-is-layout-flow\">\n<div class=\"wp-block-group\"><div class=\"wp-block-group__inner-container is-layout-flow wp-block-group-is-layout-flow\">\n<div class=\"wp-block-group has-background\" style=\"background-color:#d6d6d6\"><div class=\"wp-block-group__inner-container is-layout-flow wp-block-group-is-layout-flow\">\n<div style=\"height:50px\" aria-hidden=\"true\" class=\"wp-block-spacer\"><\/div>\n\n\n\n<div class=\"wp-block-columns has-white-background-color has-background is-layout-flex wp-container-core-columns-is-layout-9d6595d7 wp-block-columns-is-layout-flex\">\n<div class=\"wp-block-column is-vertically-aligned-top has-white-background-color has-background is-layout-flow wp-block-column-is-layout-flow\" style=\"flex-basis:100%\">\n<div class=\"wp-block-group\"><div class=\"wp-block-group__inner-container is-layout-flow wp-block-group-is-layout-flow\">\n<h2 class=\"wp-block-heading has-text-align-left\" style=\"font-style:normal;font-weight:700\">Skontaktuj si\u0119 z nami: <\/h2>\n\n\n\n<div itemprop=\"location\" itemscope itemtype=\"http:\/\/schema.org\/Organization\" class=\"wp-block-jetpack-contact-info\">\n<div class=\"wp-block-jetpack-email\">e-mail: <a itemprop=\"email\" href=\"mailto:info@nowymodel.org\">info@nowymodel.org<\/a><\/div>\n\n\n\n<div class=\"wp-block-jetpack-phone\"><span class=\"phone-prefix\">tel.:<\/span><span itemprop=\"telephone\"><a href=\"tel:+4861812558648618117005\">+48 61 8125 586 \/  +48 61 8117005<\/a><\/span><\/div>\n\n\n\n<div class=\"wp-block-jetpack-phone\"><span class=\"phone-prefix\">tel. kom:<\/span><span itemprop=\"telephone\"><a href=\"tel:+48601779951\">+48 601 779 951<\/a><\/span><\/div>\n\n\n\n<div itemprop=\"address\" itemscope itemtype=\"http:\/\/schema.org\/PostalAddress\" class=\"wp-block-jetpack-address\" ><div itemprop=\"streetAddress\" class=\"jetpack-address__address jetpack-address__address2\">ul. R\u00f3\u017cana 8<\/div><div itemprop=\"streetAddress\" class=\"jetpack-address__address jetpack-address__address3\">62-002 Suchy Las \/k. Poznania, Polska<\/div><\/div>\n<\/div>\n<\/div><\/div>\n\n\n\n<hr class=\"wp-block-separator has-text-color has-black-color has-css-opacity has-black-background-color has-background is-style-wide\"\/>\n\n\n\n<div class=\"wp-block-group is-layout-flex wp-block-group-is-layout-flex\">\n<div itemprop=\"location\" itemscope itemtype=\"http:\/\/schema.org\/Organization\" class=\"wp-block-jetpack-contact-info\">\n<h2 class=\"wp-block-heading\" style=\"font-style:normal;font-weight:700\">contact with designers<\/h2>\n\n\n\n<p><strong>KAROL STARCZEWSKI<\/strong><\/p>\n\n\n\n<div class=\"wp-block-jetpack-email\">e-mail: <a itemprop=\"email\" href=\"mailto:info@nowymodel.org\">info@nowymodel.org<\/a><\/div>\n\n\n\n<div class=\"wp-block-jetpack-phone\"><span class=\"phone-prefix\">tel. kom.: <\/span><span itemprop=\"telephone\"><a href=\"tel:+48601779950\">+48 601 779 950<\/a><\/span><\/div>\n<\/div>\n<\/div>\n\n\n\n<hr class=\"wp-block-separator has-text-color has-black-color has-css-opacity has-black-background-color has-background is-style-wide\"\/>\n\n\n\n<div class=\"wp-block-group is-layout-flex wp-block-group-is-layout-flex\">\n<div itemprop=\"location\" itemscope itemtype=\"http:\/\/schema.org\/Organization\" class=\"wp-block-jetpack-contact-info\">\n<p><strong>CYRYL ZAKRZEWSKI<\/strong><\/p>\n\n\n\n<div class=\"wp-block-jetpack-email\">e-mail: <a itemprop=\"email\" href=\"mailto:info@nowymodel.org\">info@nowymodel.org<\/a><\/div>\n\n\n\n<div class=\"wp-block-jetpack-phone\"><span class=\"phone-prefix\">tel. kom.: <\/span><span itemprop=\"telephone\"><a href=\"tel:+48600498295\">+48 600 498 295<\/a><\/span><\/div>\n<\/div>\n<\/div>\n<\/div>\n<\/div>\n\n\n\n<div style=\"height:50px\" aria-hidden=\"true\" class=\"wp-block-spacer\"><\/div>\n<\/div><\/div>\n<\/div><\/div>\n<\/div><\/div>\n\n\n\n<p><\/p>","protected":false},"excerpt":{"rendered":"<p>Skontaktuj si\u0119 z nami:<\/p>","protected":false},"author":1,"featured_media":0,"parent":0,"menu_order":0,"comment_status":"closed","ping_status":"closed","template":"template-fullwidth.php","meta":{"footnotes":""},"class_list":["post-57","page","type-page","status-publish","hentry"],"yoast_head":"<!-- This site is optimized with the Yoast SEO plugin v22.4 - https:\/\/yoast.com\/wordpress\/plugins\/seo\/ -->\n<title>Kontakt - nowymodel.org<\/title>\n<meta name=\"description\" content=\"Skontaktuj si\u0119 z nami. Jeste\u015bmy zespo\u0142em pasjonat\u00f3w, kt\u00f3ry pragnie dopisa\u0107 ci\u0105g dalszy wspania\u0142ej historii polskiego wzornictwa.\" \/>\n<meta name=\"robots\" content=\"index, follow, max-snippet:-1, max-image-preview:large, max-video-preview:-1\" \/>\n<link rel=\"canonical\" href=\"https:\/\/nowymodel.org\/en\/kontakt\/\" \/>\n<meta property=\"og:locale\" content=\"en_GB\" \/>\n<meta property=\"og:type\" content=\"article\" \/>\n<meta property=\"og:title\" content=\"Kontakt - nowymodel.org\" \/>\n<meta property=\"og:description\" content=\"Skontaktuj si\u0119 z nami. Jeste\u015bmy zespo\u0142em pasjonat\u00f3w, kt\u00f3ry pragnie dopisa\u0107 ci\u0105g dalszy wspania\u0142ej historii polskiego wzornictwa.\" \/>\n<meta property=\"og:url\" content=\"https:\/\/nowymodel.org\/en\/kontakt\/\" \/>\n<meta property=\"og:site_name\" content=\"nowymodel.org\" \/>\n<meta property=\"article:modified_time\" content=\"2025-03-06T21:14:44+00:00\" \/>\n<meta name=\"twitter:card\" content=\"summary_large_image\" \/>\n<meta name=\"twitter:label1\" content=\"Estimated reading time\" \/>\n\t<meta name=\"twitter:data1\" content=\"1 minute\" \/>\n<script type=\"application\/ld+json\" class=\"yoast-schema-graph\">{\"@context\":\"https:\/\/schema.org\",\"@graph\":[{\"@type\":\"WebPage\",\"@id\":\"https:\/\/nowymodel.org\/kontakt\/\",\"url\":\"https:\/\/nowymodel.org\/kontakt\/\",\"name\":\"Kontakt - nowymodel.org\",\"isPartOf\":{\"@id\":\"https:\/\/nowymodel.org\/#website\"},\"datePublished\":\"2021-12-15T07:58:43+00:00\",\"dateModified\":\"2025-03-06T21:14:44+00:00\",\"description\":\"Skontaktuj si\u0119 z nami. Jeste\u015bmy zespo\u0142em pasjonat\u00f3w, kt\u00f3ry pragnie dopisa\u0107 ci\u0105g dalszy wspania\u0142ej historii polskiego wzornictwa.\",\"inLanguage\":\"en-GB\",\"potentialAction\":[{\"@type\":\"ReadAction\",\"target\":[\"https:\/\/nowymodel.org\/kontakt\/\"]}]},{\"@type\":\"WebSite\",\"@id\":\"https:\/\/nowymodel.org\/#website\",\"url\":\"https:\/\/nowymodel.org\/\",\"name\":\"nowymodel.org\",\"description\":\"\",\"potentialAction\":[{\"@type\":\"SearchAction\",\"target\":{\"@type\":\"EntryPoint\",\"urlTemplate\":\"https:\/\/nowymodel.org\/?s={search_term_string}\"},\"query-input\":\"required name=search_term_string\"}],\"inLanguage\":\"en-GB\"}]}<\/script>\n<!-- \/ Yoast SEO plugin. -->","yoast_head_json":{"title":"Kontakt - nowymodel.org","description":"Skontaktuj si\u0119 z nami. Jeste\u015bmy zespo\u0142em pasjonat\u00f3w, kt\u00f3ry pragnie dopisa\u0107 ci\u0105g dalszy wspania\u0142ej historii polskiego wzornictwa.","robots":{"index":"index","follow":"follow","max-snippet":"max-snippet:-1","max-image-preview":"max-image-preview:large","max-video-preview":"max-video-preview:-1"},"canonical":"https:\/\/nowymodel.org\/en\/kontakt\/","og_locale":"en_GB","og_type":"article","og_title":"Kontakt - nowymodel.org","og_description":"Skontaktuj si\u0119 z nami. Jeste\u015bmy zespo\u0142em pasjonat\u00f3w, kt\u00f3ry pragnie dopisa\u0107 ci\u0105g dalszy wspania\u0142ej historii polskiego wzornictwa.","og_url":"https:\/\/nowymodel.org\/en\/kontakt\/","og_site_name":"nowymodel.org","article_modified_time":"2025-03-06T21:14:44+00:00","twitter_card":"summary_large_image","twitter_misc":{"Estimated reading time":"1 minute"},"schema":{"@context":"https:\/\/schema.org","@graph":[{"@type":"WebPage","@id":"https:\/\/nowymodel.org\/kontakt\/","url":"https:\/\/nowymodel.org\/kontakt\/","name":"Kontakt - nowymodel.org","isPartOf":{"@id":"https:\/\/nowymodel.org\/#website"},"datePublished":"2021-12-15T07:58:43+00:00","dateModified":"2025-03-06T21:14:44+00:00","description":"Skontaktuj si\u0119 z nami. Jeste\u015bmy zespo\u0142em pasjonat\u00f3w, kt\u00f3ry pragnie dopisa\u0107 ci\u0105g dalszy wspania\u0142ej historii polskiego wzornictwa.","inLanguage":"en-GB","potentialAction":[{"@type":"ReadAction","target":["https:\/\/nowymodel.org\/kontakt\/"]}]},{"@type":"WebSite","@id":"https:\/\/nowymodel.org\/#website","url":"https:\/\/nowymodel.org\/","name":"nowymodel.org","description":"","potentialAction":[{"@type":"SearchAction","target":{"@type":"EntryPoint","urlTemplate":"https:\/\/nowymodel.org\/?s={search_term_string}"},"query-input":"required name=search_term_string"}],"inLanguage":"en-GB"}]}},"_links":{"self":[{"href":"https:\/\/nowymodel.org\/en\/wp-json\/wp\/v2\/pages\/57","targetHints":{"allow":["GET"]}}],"collection":[{"href":"https:\/\/nowymodel.org\/en\/wp-json\/wp\/v2\/pages"}],"about":[{"href":"https:\/\/nowymodel.org\/en\/wp-json\/wp\/v2\/types\/page"}],"author":[{"embeddable":true,"href":"https:\/\/nowymodel.org\/en\/wp-json\/wp\/v2\/users\/1"}],"replies":[{"embeddable":true,"href":"https:\/\/nowymodel.org\/en\/wp-json\/wp\/v2\/comments?post=57"}],"version-history":[{"count":17,"href":"https:\/\/nowymodel.org\/en\/wp-json\/wp\/v2\/pages\/57\/revisions"}],"predecessor-version":[{"id":24350,"href":"https:\/\/nowymodel.org\/en\/wp-json\/wp\/v2\/pages\/57\/revisions\/24350"}],"wp:attachment":[{"href":"https:\/\/nowymodel.org\/en\/wp-json\/wp\/v2\/media?parent=57"}],"curies":[{"name":"wp","href":"https:\/\/api.w.org\/{rel}","templated":true}]}}