{"id":42,"date":"2021-12-09T18:08:25","date_gmt":"2021-12-09T17:08:25","guid":{"rendered":"https:\/\/nowymodel.org\/?page_id=42"},"modified":"2022-05-12T14:51:44","modified_gmt":"2022-05-12T12:51:44","slug":"regulamin","status":"publish","type":"page","link":"https:\/\/nowymodel.org\/en\/regulamin\/","title":{"rendered":"Terms of service"},"content":{"rendered":"<div style=\"height:32px\" aria-hidden=\"true\" class=\"wp-block-spacer\"><\/div>\n\n\n\n<hr class=\"wp-block-separator is-style-wide\"\/>\n\n\n\n<div class=\"wp-block-group\"><div class=\"wp-block-group__inner-container is-layout-flow wp-block-group-is-layout-flow\">\n<div class=\"wp-block-columns has-white-background-color has-background is-layout-flex wp-container-core-columns-is-layout-9d6595d7 wp-block-columns-is-layout-flex\">\n<div class=\"wp-block-column has-white-background-color has-background is-layout-flow wp-block-column-is-layout-flow\" style=\"flex-basis:100%\">\n<h2 class=\"wp-block-heading\"><strong>Regulamin zakup\u00f3w<\/strong><\/h2>\n\n\n\n<div style=\"height:26px\" aria-hidden=\"true\" class=\"wp-block-spacer\"><\/div>\n\n\n\n<div class=\"wp-block-group has-white-background-color has-background\"><div class=\"wp-block-group__inner-container is-layout-flow wp-block-group-is-layout-flow\">\n<div class=\"wp-block-columns is-layout-flex wp-container-core-columns-is-layout-9d6595d7 wp-block-columns-is-layout-flex\">\n<div class=\"wp-block-column has-white-background-color has-background is-layout-flow wp-block-column-is-layout-flow\">\n<p>Sklep internetowy:<br><strong>nowymodel.org<\/strong><\/p>\n\n\n\n<p>Prowadzony jest przez:<br>Digitouch sp. z&nbsp;o.o.<\/p>\n\n\n\n<p>Siedziba firmy:<br>62-002 Suchy Las, R\u00f3\u017cana 8, Polska<\/p>\n<\/div>\n\n\n\n<div class=\"wp-block-column has-white-background-color has-background is-layout-flow wp-block-column-is-layout-flow\">\n<p>NIP: 777-26-35-162<\/p>\n\n\n\n<p>Regon: 634293184<\/p>\n\n\n\n<p>Bank: Pekao SA<\/p>\n\n\n\n<p>Numer konta: 83 1240 1763 1111 0000 1816 0204<\/p>\n<\/div>\n<\/div>\n\n\n\n<p>Podstawa prowadzenia dzia\u0142alno\u015bci gospodarczej:<br>Wpis do KRS 0000103375 gdzie S\u0105d Rejonowy Pozna\u0144 \u2013 Nowe Miasto i&nbsp;Wilda w&nbsp;Poznaniu, numer VIII Wydzia\u0142 Gospodarczy Krajowego Rejestru S\u0105dowego, z&nbsp;dnia 08.04.2002<\/p>\n<\/div><\/div>\n\n\n\n<div style=\"height:30px\" aria-hidden=\"true\" class=\"wp-block-spacer\"><\/div>\n\n\n\n<hr class=\"wp-block-separator is-style-wide\"\/>\n\n\n\n<div style=\"height:48px\" aria-hidden=\"true\" class=\"wp-block-spacer\"><\/div>\n\n\n\n<h3 class=\"wp-block-heading\">WARUNKI ZAWARCIA UMOWY<\/h3>\n\n\n\n<ol class=\"wp-block-list\"><li>Sklep internetowy&nbsp;<strong>nowymodel.org<\/strong>&nbsp;prowadzi sprzeda\u017c detaliczn\u0105 za po\u015brednictwem sieci Internet. Zam\u00f3wienia s\u0105 przyjmowane tylko za po\u015brednictwem strony www.<strong>nowymodel.org<\/strong><\/li><li>Aby dokona\u0107 zam\u00f3wienia nale\u017cy posiada\u0107 konto w&nbsp;naszym Sklepie. Konto mo\u017cna za\u0142o\u017cy\u0107 na stronie www.<strong>nowymodel.org<\/strong><\/li><li>Podstawowym warunkiem realizacji zam\u00f3wienia jest prawid\u0142owe wype\u0142nienie formularza adresowego konta oraz dokonanie akceptacji postanowie\u0144 niniejszego Regulaminu.<\/li><li>Informacje znajduj\u0105ce si\u0119 na stronach internetowych sklepu nowymodel.org nie stanowi\u0105 oferty w&nbsp;rozumieniu Kodeksu Cywilnego. Klient sk\u0142adaj\u0105c zam\u00f3wienie za pomoc\u0105 mechanizm\u00f3w dost\u0119pnych na internetowych stronach nowymodel.org, sk\u0142ada ofert\u0119 kupna okre\u015blonego towaru na warunkach podanych w&nbsp;opisie produktu. Moment zawarcia umowy kupna-sprzeda\u017cy nast\u0119puje z&nbsp;momentem potwierdzenia przyj\u0119cia zam\u00f3wienia do realizacji przez sklep&nbsp;<strong>nowymodel.org<\/strong>.<\/li><\/ol>\n\n\n\n<h3 class=\"wp-block-heading\">TOWAR I&nbsp;CENA<\/h3>\n\n\n\n<ol class=\"wp-block-list\"><li>Wszystkie produkty oferowane w&nbsp;sklepie&nbsp;<strong>nowymodel.org<\/strong>&nbsp;s\u0105 wolne od wad fizycznych i&nbsp;prawnych oraz zosta\u0142y legalnie wprowadzone na rynek polski.<\/li><li>Je\u015bli przy produkcie lub dziale produkt\u00f3w nie okre\u015blono inaczej, wszystkie produkty oferowane przez Sklep s\u0105 fabrycznie nowe.<\/li><li>W sklepie&nbsp;<strong>nowymodel.org<\/strong>&nbsp;ceny produkt\u00f3w s\u0105 podawane netto (bez podatku VAT) i&nbsp;brutto (z podatkiem VAT). Je\u015bli przy cenie nie ma okre\u015blenia \u201enetto\u201d lub \u201ePlus \u2026 Vat\u201d, to znaczy, \u017ce chodzi o&nbsp;cen\u0119 brutto.<\/li><li>Wi\u0105\u017c\u0105ca dla stron transakcji jest cena brutto widniej\u0105ca przy produkcie w&nbsp;momencie z\u0142o\u017cenia zam\u00f3wienia przez Kupuj\u0105cego.<\/li><li>Po z\u0142o\u017ceniu zam\u00f3wienia do Klienta zostaje wys\u0142ana wiadomo\u015b\u0107 e-mail z&nbsp;potwierdzeniem wp\u0142yni\u0119cia zam\u00f3wienia do Sklepu. Je\u017celi zam\u00f3wiony towar b\u0119dzie dost\u0119pny, Klient otrzyma potwierdzenie przyj\u0119cia zam\u00f3wienia do realizacji. W&nbsp;tre\u015bci tego potwierdzenia umieszczone zostan\u0105 dane Klienta, lista zam\u00f3wionych towar\u00f3w, termin realizacji, informacje odno\u015bnie odbioru, ceny za towar oraz koszt\u00f3w dostawy jak r\u00f3wnie\u017c informacje o&nbsp;mo\u017cliwych sposobach p\u0142atno\u015bci.<\/li><\/ol>\n\n\n\n<h3 class=\"wp-block-heading\">WARUNKI DOSTAWY I&nbsp;FORMY P\u0141ATNO\u015aCI<\/h3>\n\n\n\n<ol class=\"wp-block-list\"><li>Koszty wysy\u0142ki pokrywa Klient. Zam\u00f3wiony towar dostarczamy za po\u015brednictwem wyspecjalizowanych firm kurierskich. Kupuj\u0105cy jest obci\u0105\u017cany kosztami dostawy okre\u015blonymi w&nbsp;\u201ekoszty transportu\u201d. Koszty wysy\u0142ki s\u0105 uzale\u017cnione od aktualnych cen us\u0142ug firm transportowych, gabaryt\u00f3w, ilo\u015bci oraz wagi zam\u00f3wionych towar\u00f3w.<\/li><li>Mo\u017cliwe s\u0105 nast\u0119puj\u0105ce formy p\u0142atno\u015bci:<ol type=\"a\"><li>Przelewem bankowym \u2013 po zarezerwowaniu zam\u00f3wionego towaru w&nbsp;naszym magazynie, wysy\u0142amy do Kupuj\u0105cego e-mail z&nbsp;numerem rachunku bankowego. Po otrzymaniu przelewu na nasze konto, towar jest pakowany i&nbsp;wysy\u0142any.<\/li><li>P\u0142atno\u015b\u0107 w&nbsp;kanale elektronicznym \u2013 za po\u015brednictwem systemu p\u0142atniczego www.payu.pl.<\/li><li>P\u0142atno\u015b\u0107 przy odbiorze w\u0142asnym w&nbsp;siedzibie firmy DigiTouch, ul. R\u00f3\u017cana 6, 62-002 Suchy Las k\/Poznania<\/li><\/ol><\/li><li>W przypadku niekt\u00f3rych rodzaj\u00f3w asortymentu,&nbsp;<strong>nowymodel.org<\/strong>&nbsp;zastrzega sobie prawo do ograniczenia mo\u017cliwo\u015bci skorzystania z&nbsp;niekt\u00f3rych form p\u0142atno\u015bci oraz do ograniczenia mo\u017cliwo\u015bci wyboru firmy dostarczaj\u0105cej przesy\u0142ki.<\/li><li>Je\u015bli przy produkcie nie podano inaczej, realizacja zam\u00f3wienie trwa do 21 dni roboczych. Je\u017celi czas realizacji okaza\u0142by si\u0119 d\u0142u\u017cszy ni\u017c podany na naszych stronach, kontaktujemy si\u0119 z&nbsp;Kupuj\u0105cym, aby poinformowa\u0107 o&nbsp;op\u00f3\u017anieniu i&nbsp;potwierdzi\u0107 dalsz\u0105 ch\u0119\u0107 realizacji zam\u00f3wienia.<\/li><li>Termin otrzymania przesy\u0142ki = czas realizacji zam\u00f3wienia + czas dostawy.<\/li><li>W przypadku p\u0142atno\u015bci przelewem powy\u017cszy termin wyd\u0142u\u017ca si\u0119 o&nbsp;czas realizacji przelewu. Przesy\u0142ki s\u0105 dostarczane firm\u0105 kuriersk\u0105 zazwyczaj nast\u0119pnego dnia roboczego po dokonaniu wysy\u0142ki z&nbsp;naszego magazynu.<\/li><li>Wszelkie uzgodnienia warunk\u00f3w transakcji b\u0119d\u0105 odbywa\u0142y si\u0119 za po\u015brednictwem poczty elektronicznej \u2013 adresu e-mail: info@nowymodel.org. Kupuj\u0105cy zostanie poinformowany o&nbsp;przyj\u0119ciu zam\u00f3wienia za po\u015brednictwem poczty elektronicznej. Przyj\u0119cie zam\u00f3wienia zostanie potwierdzone w&nbsp;ci\u0105gu 2 dni roboczych licz\u0105c od dnia z\u0142o\u017cenia zam\u00f3wienia.<\/li><li>Wszystkie promocje i&nbsp;wyprzeda\u017ce Sklepu s\u0105 wa\u017cne do wyczerpania zapas\u00f3w magazynowych.<\/li><\/ol>\n\n\n\n<h3 class=\"wp-block-heading\">GWARANCJA I&nbsp;REKLAMACJE<\/h3>\n\n\n\n<ol class=\"wp-block-list\"><li>Produkty posiadaj\u0105 gwarancj\u0119 jako\u015bci producenta, importera lub sprzedawcy, obowi\u0105zuj\u0105c\u0105 na terenie Polski. Je\u015bli przy produkcie nie okre\u015blono inaczej, okres udzielonej gwarancji jako\u015bci sprzedawanego w&nbsp;nowymodel.org produktu to 2 lata. Szczeg\u00f3\u0142owe warunki realizacji gwarancji s\u0105 okre\u015blone w&nbsp;druku gwarancji wystawionej przez gwaranta b\u0105d\u017a w&nbsp;z\u0142o\u017conym przez gwaranta o\u015bwiadczeniu gwarancyjnym.<\/li><li>Sklep odpowiada z&nbsp;tytu\u0142u r\u0119kojmi zgodnie z&nbsp;z zasadami wskazanymi w&nbsp;Kodeksie Cywilnym, je\u017celi wada fizyczna zostanie stwierdzona przed up\u0142ywem dw\u00f3ch lat od daty wydania rzeczy Kupuj\u0105cemu. Kupuj\u0105cy musi zg\u0142osi\u0107 \u017c\u0105danie usuni\u0119cia wady lub wymiany rzeczy sprzedanej na woln\u0105 od wad w&nbsp;ci\u0105gu roku od dnia stwierdzenia wady. W&nbsp;przypadku kupuj\u0105cych, nieb\u0119d\u0105cych konsumentami r\u0119kojmi\u0119 wy\u0142\u0105cza si\u0119. Sklep ponosi odpowiedzialno\u015b\u0107 przez 2 lata od daty zakupu w&nbsp;przypadku niezgodno\u015bci towaru z&nbsp;umow\u0105 zgodnie z&nbsp;Art. 10 Ustawy o&nbsp;szczeg\u00f3lnych warunkach sprzeda\u017cy konsumenckiej z&nbsp;27 lipca 2002 r. Klient traci uprawnienia okre\u015blone w&nbsp;w\/w ustawie, je\u017celi przed up\u0142ywem dw\u00f3ch miesi\u0119cy od stwierdzenia niezgodno\u015bci towaru z&nbsp;umow\u0105 nie zawiadomi sklepu o&nbsp;tym fakcie. W&nbsp;przypadku sprzeda\u017cy niestanowi\u0105cej sprzeda\u017cy konsumenckiej, wy\u0142\u0105cza si\u0119 przepisy zawarte w&nbsp;artyku\u0142ach 556-576 Kodeksu Cywilnego.<\/li><li>Nabywaj\u0105cy towar jako konsument (osoba fizyczna dokonuj\u0105ca z&nbsp;przedsi\u0119biorc\u0105 czynno\u015bci prawnej niezwi\u0105zanej bezpo\u015brednio z&nbsp;jej dzia\u0142alno\u015bci\u0105 gospodarcz\u0105 lub zawodow\u0105) ma prawo odst\u0105pi\u0107 od umowy sprzeda\u017cy w&nbsp;terminie 14 dni kalendarzowych licz\u0105c od:<ol type=\"a\"><li>nast\u0119pnego dnia po dniu, w&nbsp;kt\u00f3rym konsument otrzyma\u0142 rzecz \u2013 w&nbsp;przypadku umowy sprzeda\u017cy pojedynczego towaru;<\/li><li>nast\u0119pnego dnia po dniu, w&nbsp;kt\u00f3rym konsument otrzyma\u0142 ostatni\u0105 rzecz, parti\u0119 lub cz\u0119\u015b\u0107 \u2013 w&nbsp;przypadku umowy sprzeda\u017cy kilku towar\u00f3w dostarczanych osobno, partiami lub w&nbsp;cz\u0119\u015bciach;<\/li><li>nast\u0119pnego dnia po dniu w&nbsp;kt\u00f3rym konsument otrzyma\u0142 pierwsz\u0105 z&nbsp;zam\u00f3wionych rzeczy \u2013 w&nbsp;przypadku umowy polegaj\u0105cej na regularnym dostarczaniu towar\u00f3w przez okre\u015blony czas. Konsument pokrywa wszystkie bezpo\u015brednie koszty zwrotu rzeczy (np. koszty opakowania, zabezpieczenia, nadania).<\/li><\/ol><\/li><li>Odst\u0105pienie od umowy nast\u0119puje poprzez z\u0142o\u017cenie o\u015bwiadczenia. W&nbsp;przypadku woli z\u0142o\u017cenia o\u015bwiadczenia na pi\u015bmie (formularz odst\u0105pienia od umowy poni\u017cej) w&nbsp;formie pisemnego o\u015bwiadczenia nale\u017cy je wys\u0142a\u0107 na adres 62-002 Suchy Las, ul. R\u00f3\u017cana 6, Polska lub z\u0142o\u017cy\u0107 w&nbsp;siedzibie DigiTouch sp. z&nbsp;o. o. Do zachowania terminu wystarczy wys\u0142anie o\u015bwiadczenia przed jego up\u0142ywem.<\/li><li>Konsument ma obowi\u0105zek zwr\u00f3ci\u0107 towar niezw\u0142ocznie, jednak nie p\u00f3\u017aniej ni\u017c w&nbsp;ci\u0105gu 14 dni kalendarzowych od dnia, w&nbsp;kt\u00f3rym z\u0142o\u017cy\u0142 o\u015bwiadczenie o&nbsp;odst\u0105pieniu od umowy, przy czym do zachowania powy\u017cszego terminu wystarczy odes\u0142anie rzeczy przed jego up\u0142ywem. Konsument jest zobowi\u0105zany do starannego zapakowania i&nbsp;zabezpieczenia zwracanego Sprzedawcy towaru. Niezwr\u00f3cenie towaru w&nbsp;powy\u017cszym terminie mo\u017ce powodowa\u0107 odpowiedzialno\u015b\u0107 odszkodowawcz\u0105 konsumenta. Kupuj\u0105cy ponosi odpowiedzialno\u015b\u0107 odszkodowawcz\u0105 za zmniejszenie warto\u015bci towaru b\u0119d\u0105ce nast\u0119pstwem zachowa\u0144, kt\u00f3re wykraczaj\u0105 poza niezb\u0119dne dzia\u0142ania pozwalaj\u0105ce na zapoznanie si\u0119 z&nbsp;z rzecz\u0105.<\/li><li>Sklep ma obowi\u0105zek niezw\u0142ocznie, nie p\u00f3\u017aniej ni\u017c w&nbsp;terminie 14 dni od dnia otrzymania o\u015bwiadczenia o&nbsp;odst\u0105pieniu od umowy, zwr\u00f3ci\u0107 konsumentowi wszystkie dokonane przez niego p\u0142atno\u015bci, w&nbsp;tym koszty dostarczenia rzeczy. Sklep mo\u017ce wstrzyma\u0107 si\u0119 z&nbsp;ze zwrotem pobranej p\u0142atno\u015bci do chwili otrzymania zwracanego towaru lub dostarczenia przez konsumenta dowodu jego nadania. Sprzedawca zwraca koszty najta\u0144szego zwyk\u0142ego sposobu przesy\u0142ki dost\u0119pnego w&nbsp;swojej ofercie, bez wzgl\u0119du na to, jaki \u015brodek transportu zosta\u0142 wybrany w&nbsp;momencie sk\u0142adania zam\u00f3wienia przez konsumenta. Konsument pokrywa koszty bezpo\u015brednio zwi\u0105zane ze zwrotem towaru po z\u0142o\u017ceniu o\u015bwiadczenia o&nbsp;odst\u0105pieniu od umowy (tak\u017ce koszty odes\u0142ania towaru do sklepu).<\/li><li>W przypadku realizowania przez Klienta roszcze\u0144 z&nbsp;tytu\u0142u r\u0119kojmi wymagana jest pisemna reklamacja przes\u0142ana do siedziby DigiTouch Sp. z&nbsp;o.o. w&nbsp;terminie wskazanym w&nbsp;ust.19 powy\u017cej z&nbsp;dok\u0142adnym opisem przyczyn reklamacji. Reklamacja rozpatrzona b\u0119dzie w&nbsp;terminie do 14 dni od dnia otrzymania pisemnego zawiadomienia. Brak odpowiedzi sklepu w&nbsp;powy\u017cszym terminie oznacza akceptacj\u0119 reklamacji.<\/li><li>W przypadku zastrze\u017ce\u0144 co do jako\u015bci dostarczonych towar\u00f3w wymagana jest pisemna reklamacja przes\u0142ana do siedziby DigiTouch Sp. z&nbsp;o.o. w&nbsp;terminie wskazanym w&nbsp;ust. 18 powy\u017cej z&nbsp;dok\u0142adnym opisem przyczyn reklamacji. Reklamacja zostanie rozpatrzona w&nbsp;ci\u0105gu 14 dni od dnia otrzymania pisemnego zawiadomienia.<\/li><li>Okre\u015blaj\u0105c spos\u00f3b realizacji zobowi\u0105za\u0144, Klient ma prawo \u017c\u0105da\u0107 naprawienia towaru, wymiany towaru na wolny od wad, obni\u017cenia ceny, odst\u0105pienia od umowy \u2013 o&nbsp;ile wada jest istotna. Okre\u015blaj\u0105c spos\u00f3b realizacji zobowi\u0105za\u0144 Kupuj\u0105cy ma prawo \u017c\u0105da\u0107 doprowadzenia towaru dos stanu zgodnego z&nbsp;umow\u0105 poprzez nieodp\u0142atn\u0105 napraw\u0119 lub wymian\u0119, chyba, \u017ce naprawa lub wymiana s\u0105 nie mo\u017cliwe lub wymagaj\u0105 nadmiernych koszt\u00f3w. Je\u017celi sklep nie b\u0119dzie w&nbsp;stanie wywi\u0105za\u0107 si\u0119 z&nbsp;okre\u015blonych \u017c\u0105da\u0144, Kupuj\u0105cy ma prawo domaga\u0107 si\u0119 stosownego obni\u017cenia ceny albo mo\u017ce odst\u0105pi\u0107 od umowy.<\/li><\/ol>\n\n\n\n<h3 class=\"wp-block-heading\">POSTANOWIENIA KO\u0143COWE<\/h3>\n\n\n\n<ol class=\"wp-block-list\"><li>Postanowienia Regulaminu stosuje si\u0119 do zam\u00f3wie\u0144 z\u0142o\u017conych od dnia 25 grudnia 2015.<\/li><li>W sprawach nieuregulowanych w&nbsp;niniejszym Regulaminie stosuje si\u0119 przepisy Kodeksu Cywilnego i&nbsp;innych ustaw. Strony Umowy zobowi\u0105zuj\u0105 si\u0119 d\u0105\u017cy\u0107 do polubownego rozstrzygania spor\u00f3w powsta\u0142ych w&nbsp;zwi\u0105zku z&nbsp;wykonywaniem niniejszej Umowy. W&nbsp;przypadku braku polubownego rozwi\u0105zania, spory pomi\u0119dzy Stronami b\u0119d\u0105 podlega\u0142y rozstrzygni\u0119ciu przez s\u0105d w\u0142a\u015bciwy rzeczowo i&nbsp;miejscowo w&nbsp;sprawie.<\/li><\/ol>\n\n\n\n<div style=\"height:39px\" aria-hidden=\"true\" class=\"wp-block-spacer\"><\/div>\n\n\n\n<p><strong><a href=\"https:\/\/nowymodel.org\/wp-content\/uploads\/2022\/04\/formularz-odstapienia-od-umowy-1.pdf\">Pobierz wz\u00f3r formularza odst\u0105pienia od umowy<\/a><\/strong><\/p>\n<\/div>\n<\/div>\n<\/div><\/div>\n\n\n\n<p><\/p>","protected":false},"excerpt":{"rendered":"<p>Regulamin zakup\u00f3w Sklep internetowy:nowymodel.org Prowadzony jest przez:Digitouch sp. z&nbsp;o.o. Siedziba firmy:62-002 Suchy Las, R\u00f3\u017cana 8, Polska NIP: 777-26-35-162 Regon: 634293184 Bank: Pekao SA Numer konta: 83 1240 1763 1111 0000 1816 0204 Podstawa prowadzenia dzia\u0142alno\u015bci gospodarczej:Wpis do KRS 0000103375 gdzie S\u0105d Rejonowy Pozna\u0144 \u2013 Nowe Miasto i&nbsp;Wilda w&nbsp;Poznaniu, numer VIII Wydzia\u0142 Gospodarczy Krajowego Rejestru S\u0105dowego, [&hellip;]<\/p>\n","protected":false},"author":1,"featured_media":0,"parent":0,"menu_order":0,"comment_status":"closed","ping_status":"closed","template":"","meta":{"footnotes":""},"class_list":["post-42","page","type-page","status-publish","hentry"],"yoast_head":"<!-- This site is optimized with the Yoast SEO plugin v22.4 - https:\/\/yoast.com\/wordpress\/plugins\/seo\/ -->\n<title>Regulamin - nowymodel.org<\/title>\n<meta name=\"description\" content=\"Jeste\u015bmy zespo\u0142em pasjonat\u00f3w, kt\u00f3ry pragnie dopisa\u0107 ci\u0105g dalszy wspania\u0142ej historii polskiego wzornictwa i sztuk u\u017cytkowych,\" \/>\n<meta name=\"robots\" content=\"index, follow, max-snippet:-1, max-image-preview:large, max-video-preview:-1\" \/>\n<link rel=\"canonical\" href=\"https:\/\/nowymodel.org\/en\/regulamin\/\" \/>\n<meta property=\"og:locale\" content=\"en_GB\" \/>\n<meta property=\"og:type\" content=\"article\" \/>\n<meta property=\"og:title\" content=\"Regulamin - nowymodel.org\" \/>\n<meta property=\"og:description\" content=\"Jeste\u015bmy zespo\u0142em pasjonat\u00f3w, kt\u00f3ry pragnie dopisa\u0107 ci\u0105g dalszy wspania\u0142ej historii polskiego wzornictwa i sztuk u\u017cytkowych,\" \/>\n<meta property=\"og:url\" content=\"https:\/\/nowymodel.org\/en\/regulamin\/\" \/>\n<meta property=\"og:site_name\" content=\"nowymodel.org\" \/>\n<meta property=\"article:modified_time\" content=\"2022-05-12T12:51:44+00:00\" \/>\n<meta name=\"twitter:card\" content=\"summary_large_image\" \/>\n<meta name=\"twitter:label1\" content=\"Estimated reading time\" \/>\n\t<meta name=\"twitter:data1\" content=\"8 minutes\" \/>\n<script type=\"application\/ld+json\" class=\"yoast-schema-graph\">{\"@context\":\"https:\/\/schema.org\",\"@graph\":[{\"@type\":\"WebPage\",\"@id\":\"https:\/\/nowymodel.org\/regulamin\/\",\"url\":\"https:\/\/nowymodel.org\/regulamin\/\",\"name\":\"Regulamin - nowymodel.org\",\"isPartOf\":{\"@id\":\"https:\/\/nowymodel.org\/#website\"},\"datePublished\":\"2021-12-09T17:08:25+00:00\",\"dateModified\":\"2022-05-12T12:51:44+00:00\",\"description\":\"Jeste\u015bmy zespo\u0142em pasjonat\u00f3w, kt\u00f3ry pragnie dopisa\u0107 ci\u0105g dalszy wspania\u0142ej historii polskiego wzornictwa i sztuk u\u017cytkowych,\",\"inLanguage\":\"en-GB\",\"potentialAction\":[{\"@type\":\"ReadAction\",\"target\":[\"https:\/\/nowymodel.org\/regulamin\/\"]}]},{\"@type\":\"WebSite\",\"@id\":\"https:\/\/nowymodel.org\/#website\",\"url\":\"https:\/\/nowymodel.org\/\",\"name\":\"nowymodel.org\",\"description\":\"\",\"potentialAction\":[{\"@type\":\"SearchAction\",\"target\":{\"@type\":\"EntryPoint\",\"urlTemplate\":\"https:\/\/nowymodel.org\/?s={search_term_string}\"},\"query-input\":\"required name=search_term_string\"}],\"inLanguage\":\"en-GB\"}]}<\/script>\n<!-- \/ Yoast SEO plugin. -->","yoast_head_json":{"title":"Regulamin - nowymodel.org","description":"Jeste\u015bmy zespo\u0142em pasjonat\u00f3w, kt\u00f3ry pragnie dopisa\u0107 ci\u0105g dalszy wspania\u0142ej historii polskiego wzornictwa i sztuk u\u017cytkowych,","robots":{"index":"index","follow":"follow","max-snippet":"max-snippet:-1","max-image-preview":"max-image-preview:large","max-video-preview":"max-video-preview:-1"},"canonical":"https:\/\/nowymodel.org\/en\/regulamin\/","og_locale":"en_GB","og_type":"article","og_title":"Regulamin - nowymodel.org","og_description":"Jeste\u015bmy zespo\u0142em pasjonat\u00f3w, kt\u00f3ry pragnie dopisa\u0107 ci\u0105g dalszy wspania\u0142ej historii polskiego wzornictwa i sztuk u\u017cytkowych,","og_url":"https:\/\/nowymodel.org\/en\/regulamin\/","og_site_name":"nowymodel.org","article_modified_time":"2022-05-12T12:51:44+00:00","twitter_card":"summary_large_image","twitter_misc":{"Estimated reading time":"8 minutes"},"schema":{"@context":"https:\/\/schema.org","@graph":[{"@type":"WebPage","@id":"https:\/\/nowymodel.org\/regulamin\/","url":"https:\/\/nowymodel.org\/regulamin\/","name":"Regulamin - nowymodel.org","isPartOf":{"@id":"https:\/\/nowymodel.org\/#website"},"datePublished":"2021-12-09T17:08:25+00:00","dateModified":"2022-05-12T12:51:44+00:00","description":"Jeste\u015bmy zespo\u0142em pasjonat\u00f3w, kt\u00f3ry pragnie dopisa\u0107 ci\u0105g dalszy wspania\u0142ej historii polskiego wzornictwa i sztuk u\u017cytkowych,","inLanguage":"en-GB","potentialAction":[{"@type":"ReadAction","target":["https:\/\/nowymodel.org\/regulamin\/"]}]},{"@type":"WebSite","@id":"https:\/\/nowymodel.org\/#website","url":"https:\/\/nowymodel.org\/","name":"nowymodel.org","description":"","potentialAction":[{"@type":"SearchAction","target":{"@type":"EntryPoint","urlTemplate":"https:\/\/nowymodel.org\/?s={search_term_string}"},"query-input":"required name=search_term_string"}],"inLanguage":"en-GB"}]}},"_links":{"self":[{"href":"https:\/\/nowymodel.org\/en\/wp-json\/wp\/v2\/pages\/42","targetHints":{"allow":["GET"]}}],"collection":[{"href":"https:\/\/nowymodel.org\/en\/wp-json\/wp\/v2\/pages"}],"about":[{"href":"https:\/\/nowymodel.org\/en\/wp-json\/wp\/v2\/types\/page"}],"author":[{"embeddable":true,"href":"https:\/\/nowymodel.org\/en\/wp-json\/wp\/v2\/users\/1"}],"replies":[{"embeddable":true,"href":"https:\/\/nowymodel.org\/en\/wp-json\/wp\/v2\/comments?post=42"}],"version-history":[{"count":6,"href":"https:\/\/nowymodel.org\/en\/wp-json\/wp\/v2\/pages\/42\/revisions"}],"predecessor-version":[{"id":12897,"href":"https:\/\/nowymodel.org\/en\/wp-json\/wp\/v2\/pages\/42\/revisions\/12897"}],"wp:attachment":[{"href":"https:\/\/nowymodel.org\/en\/wp-json\/wp\/v2\/media?parent=42"}],"curies":[{"name":"wp","href":"https:\/\/api.w.org\/{rel}","templated":true}]}}