{"id":23928,"date":"2023-09-15T15:29:35","date_gmt":"2023-09-15T13:29:35","guid":{"rendered":"https:\/\/nowymodel.org\/?page_id=23928"},"modified":"2023-09-21T12:34:29","modified_gmt":"2023-09-21T10:34:29","slug":"strona-glowna","status":"publish","type":"page","link":"https:\/\/nowymodel.org\/en\/","title":{"rendered":"Strona g\u0142\u00f3wna"},"content":{"rendered":"\t\t<div data-elementor-type=\"wp-post\" data-elementor-id=\"23928\" class=\"elementor elementor-23928\">\n\t\t\t\t\t\t<section class=\"elementor-section elementor-top-section elementor-element elementor-element-41cf99e6 elementor-section-height-full elementor-section-content-middle elementor-reverse-mobile elementor-section-full_width elementor-section-items-stretch elementor-section-stretched elementor-section-height-default\" data-id=\"41cf99e6\" data-element_type=\"section\" data-settings=\"{&quot;background_background&quot;:&quot;classic&quot;,&quot;stretch_section&quot;:&quot;section-stretched&quot;}\">\n\t\t\t\t\t\t<div class=\"elementor-container elementor-column-gap-no\">\n\t\t\t\t\t<div class=\"elementor-column elementor-col-50 elementor-top-column elementor-element elementor-element-4b5a9a25\" data-id=\"4b5a9a25\" data-element_type=\"column\">\n\t\t\t<div class=\"elementor-widget-wrap elementor-element-populated\">\n\t\t\t\t\t\t<div class=\"elementor-element elementor-element-5e1ee5de elementor-widget elementor-widget-heading\" data-id=\"5e1ee5de\" data-element_type=\"widget\" data-widget_type=\"heading.default\">\n\t\t\t\t<div class=\"elementor-widget-container\">\n\t\t\t<style>\/*! elementor - v3.20.0 - 10-04-2024 *\/\n.elementor-heading-title{padding:0;margin:0;line-height:1}.elementor-widget-heading .elementor-heading-title[class*=elementor-size-]>a{color:inherit;font-size:inherit;line-height:inherit}.elementor-widget-heading .elementor-heading-title.elementor-size-small{font-size:15px}.elementor-widget-heading .elementor-heading-title.elementor-size-medium{font-size:19px}.elementor-widget-heading .elementor-heading-title.elementor-size-large{font-size:29px}.elementor-widget-heading .elementor-heading-title.elementor-size-xl{font-size:39px}.elementor-widget-heading .elementor-heading-title.elementor-size-xxl{font-size:59px}<\/style><h2 class=\"elementor-heading-title elementor-size-default\">A natural touch<\/h2>\t\t<\/div>\n\t\t\t\t<\/div>\n\t\t\t\t<div class=\"elementor-element elementor-element-2875f87f elementor-widget elementor-widget-text-editor\" data-id=\"2875f87f\" data-element_type=\"widget\" data-widget_type=\"text-editor.default\">\n\t\t\t\t<div class=\"elementor-widget-container\">\n\t\t\t<style>\/*! elementor - v3.20.0 - 10-04-2024 *\/\n.elementor-widget-text-editor.elementor-drop-cap-view-stacked .elementor-drop-cap{background-color:#69727d;color:#fff}.elementor-widget-text-editor.elementor-drop-cap-view-framed .elementor-drop-cap{color:#69727d;border:3px solid;background-color:transparent}.elementor-widget-text-editor:not(.elementor-drop-cap-view-default) .elementor-drop-cap{margin-top:8px}.elementor-widget-text-editor:not(.elementor-drop-cap-view-default) .elementor-drop-cap-letter{width:1em;height:1em}.elementor-widget-text-editor .elementor-drop-cap{float:left;text-align:center;line-height:1;font-size:50px}.elementor-widget-text-editor .elementor-drop-cap-letter{display:inline-block}<\/style>\t\t\t\t<p>Unikalne meble polskich projektant\u00f3w<br><\/p>\t\t\t\t\t\t<\/div>\n\t\t\t\t<\/div>\n\t\t\t\t<div class=\"elementor-element elementor-element-e87ee71 elementor-button-info elementor-align-right elementor-tablet-align-right elementor-mobile-align-center elementor-widget elementor-widget-button\" data-id=\"e87ee71\" data-element_type=\"widget\" data-settings=\"{&quot;_animation&quot;:&quot;none&quot;}\" data-widget_type=\"button.default\">\n\t\t\t\t<div class=\"elementor-widget-container\">\n\t\t\t\t\t<div class=\"elementor-button-wrapper\">\n\t\t\t<a class=\"elementor-button elementor-button-link elementor-size-md elementor-animation-pulse\" href=\"https:\/\/sklep.nowymodel.org\/\">\n\t\t\t\t\t\t<span class=\"elementor-button-content-wrapper\">\n\t\t\t\t\t\t<span class=\"elementor-button-text\">ZOBACZ WI\u0118CEJ<\/span>\n\t\t<\/span>\n\t\t\t\t\t<\/a>\n\t\t<\/div>\n\t\t\t\t<\/div>\n\t\t\t\t<\/div>\n\t\t\t\t\t<\/div>\n\t\t<\/div>\n\t\t\t\t<div class=\"elementor-column elementor-col-50 elementor-top-column elementor-element elementor-element-11f5bc97\" data-id=\"11f5bc97\" data-element_type=\"column\" data-settings=\"{&quot;background_background&quot;:&quot;classic&quot;}\">\n\t\t\t<div class=\"elementor-widget-wrap elementor-element-populated\">\n\t\t\t\t\t\t<div class=\"elementor-element elementor-element-756232c9 elementor-widget__width-initial elementor-widget elementor-widget-image\" data-id=\"756232c9\" data-element_type=\"widget\" data-widget_type=\"image.default\">\n\t\t\t\t<div class=\"elementor-widget-container\">\n\t\t\t<style>\/*! elementor - v3.20.0 - 10-04-2024 *\/\n.elementor-widget-image{text-align:center}.elementor-widget-image a{display:inline-block}.elementor-widget-image a img[src$=\".svg\"]{width:48px}.elementor-widget-image img{vertical-align:middle;display:inline-block}<\/style>\t\t\t\t\t\t\t\t\t\t<img fetchpriority=\"high\" decoding=\"async\" width=\"974\" height=\"780\" src=\"https:\/\/nowymodel.org\/wp-content\/uploads\/2023\/09\/compilationoffurniture.gif\" class=\"attachment-full size-full wp-image-24244\" alt=\"compilationoffurniture\" \/>\t\t\t\t\t\t\t\t\t\t\t\t\t<\/div>\n\t\t\t\t<\/div>\n\t\t\t\t\t<\/div>\n\t\t<\/div>\n\t\t\t\t\t<\/div>\n\t\t<\/section>\n\t\t\t\t<\/div>\n\t\t","protected":false},"excerpt":{"rendered":"<p>A natural touch Unikalne meble polskich projektant\u00f3w ZOBACZ WI\u0118CEJ<\/p>","protected":false},"author":2,"featured_media":0,"parent":0,"menu_order":0,"comment_status":"closed","ping_status":"closed","template":"elementor_header_footer","meta":{"footnotes":""},"class_list":["post-23928","page","type-page","status-publish","hentry"],"yoast_head":"<!-- This site is optimized with the Yoast SEO plugin v22.4 - https:\/\/yoast.com\/wordpress\/plugins\/seo\/ -->\n<title>Strona g\u0142\u00f3wna - nowymodel.org<\/title>\n<meta name=\"robots\" content=\"index, follow, max-snippet:-1, max-image-preview:large, max-video-preview:-1\" \/>\n<link rel=\"canonical\" href=\"https:\/\/nowymodel.org\/en\/\" \/>\n<meta property=\"og:locale\" content=\"en_GB\" \/>\n<meta property=\"og:type\" content=\"article\" \/>\n<meta property=\"og:title\" content=\"Strona g\u0142\u00f3wna - nowymodel.org\" \/>\n<meta property=\"og:description\" content=\"A natural touch Unikalne meble polskich projektant\u00f3w ZOBACZ WI\u0118CEJ\" \/>\n<meta property=\"og:url\" content=\"https:\/\/nowymodel.org\/en\/\" \/>\n<meta property=\"og:site_name\" content=\"nowymodel.org\" \/>\n<meta property=\"article:modified_time\" content=\"2023-09-21T10:34:29+00:00\" \/>\n<meta property=\"og:image\" content=\"https:\/\/nowymodel.org\/wp-content\/uploads\/2023\/09\/compilationoffurniture.gif\" \/>\n<meta name=\"twitter:card\" content=\"summary_large_image\" \/>\n<meta name=\"twitter:label1\" content=\"Estimated reading time\" \/>\n\t<meta name=\"twitter:data1\" content=\"1 minute\" \/>\n<script type=\"application\/ld+json\" class=\"yoast-schema-graph\">{\"@context\":\"https:\/\/schema.org\",\"@graph\":[{\"@type\":\"WebPage\",\"@id\":\"https:\/\/nowymodel.org\/\",\"url\":\"https:\/\/nowymodel.org\/\",\"name\":\"Strona g\u0142\u00f3wna - nowymodel.org\",\"isPartOf\":{\"@id\":\"https:\/\/nowymodel.org\/#website\"},\"primaryImageOfPage\":{\"@id\":\"https:\/\/nowymodel.org\/#primaryimage\"},\"image\":{\"@id\":\"https:\/\/nowymodel.org\/#primaryimage\"},\"thumbnailUrl\":\"https:\/\/nowymodel.org\/wp-content\/uploads\/2023\/09\/compilationoffurniture.gif\",\"datePublished\":\"2023-09-15T13:29:35+00:00\",\"dateModified\":\"2023-09-21T10:34:29+00:00\",\"inLanguage\":\"en-GB\",\"potentialAction\":[{\"@type\":\"ReadAction\",\"target\":[\"https:\/\/nowymodel.org\/\"]}]},{\"@type\":\"ImageObject\",\"inLanguage\":\"en-GB\",\"@id\":\"https:\/\/nowymodel.org\/#primaryimage\",\"url\":\"https:\/\/nowymodel.org\/wp-content\/uploads\/2023\/09\/compilationoffurniture.gif\",\"contentUrl\":\"https:\/\/nowymodel.org\/wp-content\/uploads\/2023\/09\/compilationoffurniture.gif\"},{\"@type\":\"WebSite\",\"@id\":\"https:\/\/nowymodel.org\/#website\",\"url\":\"https:\/\/nowymodel.org\/\",\"name\":\"nowymodel.org\",\"description\":\"\",\"potentialAction\":[{\"@type\":\"SearchAction\",\"target\":{\"@type\":\"EntryPoint\",\"urlTemplate\":\"https:\/\/nowymodel.org\/?s={search_term_string}\"},\"query-input\":\"required name=search_term_string\"}],\"inLanguage\":\"en-GB\"}]}<\/script>\n<!-- \/ Yoast SEO plugin. -->","yoast_head_json":{"title":"Strona g\u0142\u00f3wna - nowymodel.org","robots":{"index":"index","follow":"follow","max-snippet":"max-snippet:-1","max-image-preview":"max-image-preview:large","max-video-preview":"max-video-preview:-1"},"canonical":"https:\/\/nowymodel.org\/en\/","og_locale":"en_GB","og_type":"article","og_title":"Strona g\u0142\u00f3wna - nowymodel.org","og_description":"A natural touch Unikalne meble polskich projektant\u00f3w ZOBACZ WI\u0118CEJ","og_url":"https:\/\/nowymodel.org\/en\/","og_site_name":"nowymodel.org","article_modified_time":"2023-09-21T10:34:29+00:00","og_image":[{"url":"https:\/\/nowymodel.org\/wp-content\/uploads\/2023\/09\/compilationoffurniture.gif"}],"twitter_card":"summary_large_image","twitter_misc":{"Estimated reading time":"1 minute"},"schema":{"@context":"https:\/\/schema.org","@graph":[{"@type":"WebPage","@id":"https:\/\/nowymodel.org\/","url":"https:\/\/nowymodel.org\/","name":"Strona g\u0142\u00f3wna - nowymodel.org","isPartOf":{"@id":"https:\/\/nowymodel.org\/#website"},"primaryImageOfPage":{"@id":"https:\/\/nowymodel.org\/#primaryimage"},"image":{"@id":"https:\/\/nowymodel.org\/#primaryimage"},"thumbnailUrl":"https:\/\/nowymodel.org\/wp-content\/uploads\/2023\/09\/compilationoffurniture.gif","datePublished":"2023-09-15T13:29:35+00:00","dateModified":"2023-09-21T10:34:29+00:00","inLanguage":"en-GB","potentialAction":[{"@type":"ReadAction","target":["https:\/\/nowymodel.org\/"]}]},{"@type":"ImageObject","inLanguage":"en-GB","@id":"https:\/\/nowymodel.org\/#primaryimage","url":"https:\/\/nowymodel.org\/wp-content\/uploads\/2023\/09\/compilationoffurniture.gif","contentUrl":"https:\/\/nowymodel.org\/wp-content\/uploads\/2023\/09\/compilationoffurniture.gif"},{"@type":"WebSite","@id":"https:\/\/nowymodel.org\/#website","url":"https:\/\/nowymodel.org\/","name":"nowymodel.org","description":"","potentialAction":[{"@type":"SearchAction","target":{"@type":"EntryPoint","urlTemplate":"https:\/\/nowymodel.org\/?s={search_term_string}"},"query-input":"required name=search_term_string"}],"inLanguage":"en-GB"}]}},"_links":{"self":[{"href":"https:\/\/nowymodel.org\/en\/wp-json\/wp\/v2\/pages\/23928","targetHints":{"allow":["GET"]}}],"collection":[{"href":"https:\/\/nowymodel.org\/en\/wp-json\/wp\/v2\/pages"}],"about":[{"href":"https:\/\/nowymodel.org\/en\/wp-json\/wp\/v2\/types\/page"}],"author":[{"embeddable":true,"href":"https:\/\/nowymodel.org\/en\/wp-json\/wp\/v2\/users\/2"}],"replies":[{"embeddable":true,"href":"https:\/\/nowymodel.org\/en\/wp-json\/wp\/v2\/comments?post=23928"}],"version-history":[{"count":198,"href":"https:\/\/nowymodel.org\/en\/wp-json\/wp\/v2\/pages\/23928\/revisions"}],"predecessor-version":[{"id":24247,"href":"https:\/\/nowymodel.org\/en\/wp-json\/wp\/v2\/pages\/23928\/revisions\/24247"}],"wp:attachment":[{"href":"https:\/\/nowymodel.org\/en\/wp-json\/wp\/v2\/media?parent=23928"}],"curies":[{"name":"wp","href":"https:\/\/api.w.org\/{rel}","templated":true}]}}