{"id":1620,"date":"2022-04-07T13:04:11","date_gmt":"2022-04-07T11:04:11","guid":{"rendered":"https:\/\/nowymodel.org\/?page_id=1620"},"modified":"2023-02-27T12:31:48","modified_gmt":"2023-02-27T11:31:48","slug":"wspolpraca","status":"publish","type":"page","link":"https:\/\/nowymodel.org\/en\/wspolpraca\/","title":{"rendered":"Collaboration"},"content":{"rendered":"<div class=\"wp-block-cover alignfull is-light has-custom-content-position is-position-bottom-right\" style=\"min-height:399px;aspect-ratio:unset;\"><span aria-hidden=\"true\" class=\"wp-block-cover__background has-background-dim-0 has-background-dim\"><\/span><img fetchpriority=\"high\" decoding=\"async\" width=\"2000\" height=\"1331\" class=\"wp-block-cover__image-background wp-image-1680\" alt=\"\" src=\"https:\/\/nowymodel.org\/wp-content\/uploads\/2022\/04\/DSC_5120ee.jpg\" style=\"object-position:50% 68%\" data-object-fit=\"cover\" data-object-position=\"50% 68%\" srcset=\"https:\/\/nowymodel.org\/wp-content\/uploads\/2022\/04\/DSC_5120ee.jpg 2000w, https:\/\/nowymodel.org\/wp-content\/uploads\/2022\/04\/DSC_5120ee-300x200.jpg 300w, https:\/\/nowymodel.org\/wp-content\/uploads\/2022\/04\/DSC_5120ee-1024x681.jpg 1024w, https:\/\/nowymodel.org\/wp-content\/uploads\/2022\/04\/DSC_5120ee-768x511.jpg 768w, https:\/\/nowymodel.org\/wp-content\/uploads\/2022\/04\/DSC_5120ee-1536x1022.jpg 1536w, https:\/\/nowymodel.org\/wp-content\/uploads\/2022\/04\/DSC_5120ee-18x12.jpg 18w, https:\/\/nowymodel.org\/wp-content\/uploads\/2022\/04\/DSC_5120ee-1320x878.jpg 1320w, https:\/\/nowymodel.org\/wp-content\/uploads\/2022\/04\/DSC_5120ee-416x277.jpg 416w\" sizes=\"(max-width: 2000px) 100vw, 2000px\" \/><div class=\"wp-block-cover__inner-container is-layout-flow wp-block-cover-is-layout-flow\">\n<h1 class=\"alignfull has-text-align-center has-white-color has-text-color wp-block-heading\" style=\"font-style:normal;font-weight:500\">Cooperation with the organization<br>nowymodel.org<br><\/h1>\n<\/div><\/div>\n\n\n\n<div style=\"height:69px\" aria-hidden=\"true\" class=\"wp-block-spacer\"><\/div>\n\n\n\n<hr class=\"wp-block-separator has-text-color has-black-color has-css-opacity has-black-background-color has-background is-style-wide\"\/>\n\n\n\n<h2 class=\"has-text-align-center wp-block-heading translation-block\" style=\"font-style:normal;font-weight:700\">The organization nowyodel.org brings together designers and craftsmen to create furniture and home furnishings together. Furniture that is too interesting and too solid to be mass-produced.<\/h2>\n\n\n\n<hr class=\"wp-block-separator has-text-color has-black-color has-css-opacity has-black-background-color has-background is-style-wide\"\/>\n\n\n\n<div style=\"height:25px\" aria-hidden=\"true\" class=\"wp-block-spacer\"><\/div>\n\n\n\n<div class=\"wp-block-columns has-white-background-color has-background is-layout-flex wp-container-core-columns-is-layout-9d6595d7 wp-block-columns-is-layout-flex\">\n<div class=\"wp-block-column is-layout-flow wp-block-column-is-layout-flow\">\n<div style=\"height:25px\" aria-hidden=\"true\" class=\"wp-block-spacer\"><\/div>\n\n\n\n<p class=\"has-black-color has-text-color translation-block\">Using the latest <strong>digital technologies<\/strong>, we prepare prototypes and implement the most interesting designs for production in short series.\u00a0We entrust the execution of well-designed and prototyped models to expert craftsmen and reliable manufacturers in the industry.<\/p>\n\n\n\n<p class=\"has-black-color has-text-color\" style=\"font-style:normal;font-weight:700\">Our goal is to support domestic, highly skilled crafts by implementing Polish design.<\/p>\n\n\n\n<p class=\"has-black-color has-text-color\">Every day good Polish factories close down because they cannot find orders in a market controlled by mass, corporate vendors. Every day Polish craftsmen and designers are forced to look for other work abroad.<\/p>\n\n\n\n<p class=\"has-black-color has-text-color\">We want the skills of Polish designers to contribute to the prosperity of Polish entrepreneurs.<\/p>\n\n\n\n<p class=\"has-black-color has-text-color translation-block\">We want domestic manufacturers to supply <strong>Polish homes<\/strong> with modern, solid furniture.<\/p>\n\n\n\n<p class=\"has-black-color has-text-color\" style=\"font-style:normal;font-weight:700\">Yes, we are passionate.<\/p>\n\n\n\n<p class=\"has-black-color has-text-color\">We see sense in protecting the market from unification and flooding with mass products.<\/p>\n\n\n\n<p class=\"has-black-color has-text-color\">We see meaning in supporting our technology traditions.<\/p>\n\n\n\n<p class=\"has-black-color has-text-color\">We see and value the tradition and potential of Polish design.<\/p>\n\n\n\n<p class=\"has-black-color has-text-color\" style=\"font-style:normal;font-weight:700\">If you think like us and understand our ideas - get involved.<\/p>\n\n\n\n<p class=\"has-black-color has-text-color\">Any help is appreciated!<\/p>\n\n\n\n<p class=\"has-black-color has-text-color\">We invite you to contact us and cooperate.<\/p>\n\n\n\n<p class=\"has-black-color has-text-color\">We encourage you to view and review the projects on our website.<\/p>\n\n\n\n<p class=\"has-black-color has-text-color\">Please feel free to recommend and promote us.<\/p>\n\n\n\n<p><\/p>\n\n\n\n<h1 class=\"has-text-align-left wp-block-heading\" style=\"font-size:20px;font-style:normal;font-weight:700\">We invite you to use and enjoy the products that have been created according to our idea.<\/h1>\n\n\n\n<div style=\"height:36px\" aria-hidden=\"true\" class=\"wp-block-spacer\"><\/div>\n\n\n<div class=\"wp-block-image\">\n<figure class=\"aligncenter size-full\"><img decoding=\"async\" width=\"200\" height=\"38\" src=\"https:\/\/nowymodel.org\/wp-content\/uploads\/2022\/04\/logo_podpis.jpg\" alt=\"\" class=\"wp-image-1655\" srcset=\"https:\/\/nowymodel.org\/wp-content\/uploads\/2022\/04\/logo_podpis.jpg 200w, https:\/\/nowymodel.org\/wp-content\/uploads\/2022\/04\/logo_podpis-18x3.jpg 18w\" sizes=\"(max-width: 200px) 100vw, 200px\" \/><\/figure>\n<\/div><\/div>\n<\/div>\n\n\n\n<div style=\"height:65px\" aria-hidden=\"true\" class=\"wp-block-spacer\"><\/div>\n\n\n\n<hr class=\"wp-block-separator has-text-color has-black-color has-css-opacity has-black-background-color has-background is-style-wide\"\/>\n\n\n\n<div style=\"height:100px\" aria-hidden=\"true\" class=\"wp-block-spacer\"><\/div>\n\n\n\n<div class=\"wp-block-cover alignfull has-custom-content-position is-position-top-center\" style=\"min-height:296px;aspect-ratio:unset;\"><span aria-hidden=\"true\" class=\"wp-block-cover__background has-background-dim-70 has-background-dim\" style=\"background-color:#020202\"><\/span><div class=\"wp-block-cover__inner-container is-layout-flow wp-block-cover-is-layout-flow\">\n<h2 class=\"alignfull has-text-align-center has-white-color has-text-color wp-block-heading\">INDIVIDUAL PROJECTS<\/h2>\n<\/div><\/div>\n\n\n\n<div style=\"height:100px\" aria-hidden=\"true\" class=\"wp-block-spacer\"><\/div>\n\n\n\n<div class=\"wp-block-jetpack-tiled-gallery aligncenter is-style-rectangular\"><div class=\"tiled-gallery__gallery\"><div class=\"tiled-gallery__row\"><div class=\"tiled-gallery__col\" style=\"flex-basis:52.77005%\"><figure class=\"tiled-gallery__item\"><img decoding=\"async\" srcset=\"https:\/\/i0.wp.com\/nowymodel.org\/wp-content\/uploads\/2022\/04\/Zrzut-ekranu-2022-04-04-164846.png?strip=info&#038;w=600&#038;ssl=1 600w,https:\/\/i0.wp.com\/nowymodel.org\/wp-content\/uploads\/2022\/04\/Zrzut-ekranu-2022-04-04-164846.png?strip=info&#038;w=900&#038;ssl=1 900w,https:\/\/i0.wp.com\/nowymodel.org\/wp-content\/uploads\/2022\/04\/Zrzut-ekranu-2022-04-04-164846.png?strip=info&#038;w=996&#038;ssl=1 996w\" alt=\"us\u0142ugifoto_\" data-height=\"665\" data-id=\"1530\" data-link=\"https:\/\/nowymodel.org\/?attachment_id=1530\" data-url=\"https:\/\/nowymodel.org\/wp-content\/uploads\/2022\/04\/Zrzut-ekranu-2022-04-04-164846.png\" data-width=\"996\" src=\"https:\/\/i0.wp.com\/nowymodel.org\/wp-content\/uploads\/2022\/04\/Zrzut-ekranu-2022-04-04-164846.png?ssl=1\" data-amp-layout=\"responsive\"\/><\/figure><figure class=\"tiled-gallery__item\"><img decoding=\"async\" srcset=\"https:\/\/i1.wp.com\/nowymodel.org\/wp-content\/uploads\/2022\/04\/REALIZACJA-1024x673.jpg?strip=info&#038;w=600&#038;ssl=1 600w,https:\/\/i1.wp.com\/nowymodel.org\/wp-content\/uploads\/2022\/04\/REALIZACJA-1024x673.jpg?strip=info&#038;w=900&#038;ssl=1 900w,https:\/\/i1.wp.com\/nowymodel.org\/wp-content\/uploads\/2022\/04\/REALIZACJA-1024x673.jpg?strip=info&#038;w=1200&#038;ssl=1 1200w,https:\/\/i1.wp.com\/nowymodel.org\/wp-content\/uploads\/2022\/04\/REALIZACJA-1024x673.jpg?strip=info&#038;w=1236&#038;ssl=1 1236w\" alt=\"us\u0142ugifoto_\" data-height=\"812\" data-id=\"1495\" data-link=\"https:\/\/nowymodel.org\/?attachment_id=1495\" data-url=\"https:\/\/nowymodel.org\/wp-content\/uploads\/2022\/04\/REALIZACJA-1024x673.jpg\" data-width=\"1236\" src=\"https:\/\/i1.wp.com\/nowymodel.org\/wp-content\/uploads\/2022\/04\/REALIZACJA-1024x673.jpg?ssl=1\" data-amp-layout=\"responsive\"\/><\/figure><\/div><div class=\"tiled-gallery__col\" style=\"flex-basis:47.22995%\"><figure class=\"tiled-gallery__item\"><img decoding=\"async\" srcset=\"https:\/\/i2.wp.com\/nowymodel.org\/wp-content\/uploads\/2022\/04\/dom_meble5.jpg?strip=info&#038;w=445&#038;ssl=1 445w\" alt=\"us\u0142ugifoto_\" data-height=\"664\" data-id=\"1494\" data-link=\"https:\/\/nowymodel.org\/?attachment_id=1494\" data-url=\"https:\/\/nowymodel.org\/wp-content\/uploads\/2022\/04\/dom_meble5.jpg\" data-width=\"445\" src=\"https:\/\/i2.wp.com\/nowymodel.org\/wp-content\/uploads\/2022\/04\/dom_meble5.jpg?ssl=1\" data-amp-layout=\"responsive\"\/><\/figure><\/div><\/div><div class=\"tiled-gallery__row\"><div class=\"tiled-gallery__col\" style=\"flex-basis:66.79586%\"><figure class=\"tiled-gallery__item\"><img decoding=\"async\" srcset=\"https:\/\/i1.wp.com\/nowymodel.org\/wp-content\/uploads\/2022\/04\/save-the-planet1.jpg?strip=info&#038;w=600&#038;ssl=1 600w,https:\/\/i1.wp.com\/nowymodel.org\/wp-content\/uploads\/2022\/04\/save-the-planet1.jpg?strip=info&#038;w=900&#038;ssl=1 900w,https:\/\/i1.wp.com\/nowymodel.org\/wp-content\/uploads\/2022\/04\/save-the-planet1.jpg?strip=info&#038;w=992&#038;ssl=1 992w\" alt=\"us\u0142ugifoto_\" data-height=\"661\" data-id=\"1496\" data-link=\"https:\/\/nowymodel.org\/?attachment_id=1496\" data-url=\"https:\/\/nowymodel.org\/wp-content\/uploads\/2022\/04\/save-the-planet1.jpg\" data-width=\"992\" src=\"https:\/\/i1.wp.com\/nowymodel.org\/wp-content\/uploads\/2022\/04\/save-the-planet1.jpg?ssl=1\" data-amp-layout=\"responsive\"\/><\/figure><\/div><div class=\"tiled-gallery__col\" style=\"flex-basis:33.20414%\"><figure class=\"tiled-gallery__item\"><img decoding=\"async\" srcset=\"https:\/\/i2.wp.com\/nowymodel.org\/wp-content\/uploads\/2022\/04\/save-the-planet-1.jpg?strip=info&#038;w=600&#038;ssl=1 600w,https:\/\/i2.wp.com\/nowymodel.org\/wp-content\/uploads\/2022\/04\/save-the-planet-1.jpg?strip=info&#038;w=900&#038;ssl=1 900w,https:\/\/i2.wp.com\/nowymodel.org\/wp-content\/uploads\/2022\/04\/save-the-planet-1.jpg?strip=info&#038;w=992&#038;ssl=1 992w\" alt=\"us\u0142ugifoto_\" data-height=\"661\" data-id=\"1497\" data-link=\"https:\/\/nowymodel.org\/?attachment_id=1497\" data-url=\"https:\/\/nowymodel.org\/wp-content\/uploads\/2022\/04\/save-the-planet-1.jpg\" data-width=\"992\" src=\"https:\/\/i2.wp.com\/nowymodel.org\/wp-content\/uploads\/2022\/04\/save-the-planet-1.jpg?ssl=1\" data-amp-layout=\"responsive\"\/><\/figure><figure class=\"tiled-gallery__item\"><img decoding=\"async\" srcset=\"https:\/\/i1.wp.com\/nowymodel.org\/wp-content\/uploads\/2022\/04\/save-the-planet3.jpg?strip=info&#038;w=600&#038;ssl=1 600w,https:\/\/i1.wp.com\/nowymodel.org\/wp-content\/uploads\/2022\/04\/save-the-planet3.jpg?strip=info&#038;w=900&#038;ssl=1 900w,https:\/\/i1.wp.com\/nowymodel.org\/wp-content\/uploads\/2022\/04\/save-the-planet3.jpg?strip=info&#038;w=992&#038;ssl=1 992w\" alt=\"us\u0142ugifoto_\" data-height=\"661\" data-id=\"1498\" data-link=\"https:\/\/nowymodel.org\/?attachment_id=1498\" data-url=\"https:\/\/nowymodel.org\/wp-content\/uploads\/2022\/04\/save-the-planet3.jpg\" data-width=\"992\" src=\"https:\/\/i1.wp.com\/nowymodel.org\/wp-content\/uploads\/2022\/04\/save-the-planet3.jpg?ssl=1\" data-amp-layout=\"responsive\"\/><\/figure><\/div><\/div><div class=\"tiled-gallery__row\"><div class=\"tiled-gallery__col\" style=\"flex-basis:50.00000%\"><figure class=\"tiled-gallery__item\"><img decoding=\"async\" srcset=\"https:\/\/i1.wp.com\/nowymodel.org\/wp-content\/uploads\/2022\/04\/baner_19-1.jpg?strip=info&#038;w=600&#038;ssl=1 600w,https:\/\/i1.wp.com\/nowymodel.org\/wp-content\/uploads\/2022\/04\/baner_19-1.jpg?strip=info&#038;w=634&#038;ssl=1 634w\" alt=\"us\u0142ugifoto_\" data-height=\"433\" data-id=\"1513\" data-link=\"https:\/\/nowymodel.org\/?attachment_id=1513\" data-url=\"https:\/\/nowymodel.org\/wp-content\/uploads\/2022\/04\/baner_19-1.jpg\" data-width=\"634\" src=\"https:\/\/i1.wp.com\/nowymodel.org\/wp-content\/uploads\/2022\/04\/baner_19-1.jpg?ssl=1\" data-amp-layout=\"responsive\"\/><\/figure><\/div><div class=\"tiled-gallery__col\" style=\"flex-basis:50.00000%\"><figure class=\"tiled-gallery__item\"><img decoding=\"async\" srcset=\"https:\/\/i2.wp.com\/nowymodel.org\/wp-content\/uploads\/2022\/04\/baner_15.jpg?strip=info&#038;w=600&#038;ssl=1 600w,https:\/\/i2.wp.com\/nowymodel.org\/wp-content\/uploads\/2022\/04\/baner_15.jpg?strip=info&#038;w=634&#038;ssl=1 634w\" alt=\"us\u0142ugifoto_\" data-height=\"433\" data-id=\"1512\" data-link=\"https:\/\/nowymodel.org\/?attachment_id=1512\" data-url=\"https:\/\/nowymodel.org\/wp-content\/uploads\/2022\/04\/baner_15.jpg\" data-width=\"634\" src=\"https:\/\/i2.wp.com\/nowymodel.org\/wp-content\/uploads\/2022\/04\/baner_15.jpg?ssl=1\" data-amp-layout=\"responsive\"\/><\/figure><\/div><\/div><\/div><\/div>","protected":false},"excerpt":{"rendered":"<p>Organizacja nowymodel.org zrzesza projektant\u00f3w i rzemie\u015blnik\u00f3w w celu wsp\u00f3lnego tworzenia mebli i wyposa\u017cenia wn\u0119trz. Mebli zbyt ciekawychi zbyt solidnych, aby mog\u0142y powsta\u0107 w seryjnej, masowej produkcji. Wykorzystuj\u0105c najnowsze&nbsp;technologie cyfrowe, przygotowujemy prototypy i&nbsp;wdra\u017camy najciekawsze projekty do produkcji w&nbsp;kr\u00f3tkich seriach.&nbsp;Wykonanie dobrze zaprojektowanych i&nbsp;prototypowanych modeli powierzamy fachowcom-rzemie\u015blnikom i&nbsp;solidnym producentom z&nbsp;bran\u017cy. Naszym celem jest wsparcie rodzimego, wysoko wykwalifikowanego rzemios\u0142a [&hellip;]<\/p>\n","protected":false},"author":2,"featured_media":0,"parent":0,"menu_order":0,"comment_status":"closed","ping_status":"closed","template":"template-fullwidth.php","meta":{"footnotes":""},"class_list":["post-1620","page","type-page","status-publish","hentry"],"yoast_head":"<!-- This site is optimized with the Yoast SEO plugin v22.4 - https:\/\/yoast.com\/wordpress\/plugins\/seo\/ -->\n<title>Wsp\u00f3\u0142praca - nowymodel.org<\/title>\n<meta name=\"description\" content=\"Organizacja nowymodel.org zrzesza projektant\u00f3w i rzemie\u015blnik\u00f3w w celu wsp\u00f3lnego tworzenia mebli i wyposa\u017cenia wn\u0119trz.\" \/>\n<meta name=\"robots\" content=\"index, follow, max-snippet:-1, max-image-preview:large, max-video-preview:-1\" \/>\n<link rel=\"canonical\" href=\"https:\/\/nowymodel.org\/en\/wspolpraca\/\" \/>\n<meta property=\"og:locale\" content=\"en_GB\" \/>\n<meta property=\"og:type\" content=\"article\" \/>\n<meta property=\"og:title\" content=\"Wsp\u00f3\u0142praca - nowymodel.org\" \/>\n<meta property=\"og:description\" content=\"Organizacja nowymodel.org zrzesza projektant\u00f3w i rzemie\u015blnik\u00f3w w celu wsp\u00f3lnego tworzenia mebli i wyposa\u017cenia wn\u0119trz.\" \/>\n<meta property=\"og:url\" content=\"https:\/\/nowymodel.org\/en\/wspolpraca\/\" \/>\n<meta property=\"og:site_name\" content=\"nowymodel.org\" \/>\n<meta property=\"article:modified_time\" content=\"2023-02-27T11:31:48+00:00\" \/>\n<meta property=\"og:image\" content=\"https:\/\/nowymodel.org\/wp-content\/uploads\/2022\/04\/DSC_5120ee.jpg\" \/>\n<meta name=\"twitter:card\" content=\"summary_large_image\" \/>\n<meta name=\"twitter:label1\" content=\"Estimated reading time\" \/>\n\t<meta name=\"twitter:data1\" content=\"4 minutes\" \/>\n<script type=\"application\/ld+json\" class=\"yoast-schema-graph\">{\"@context\":\"https:\/\/schema.org\",\"@graph\":[{\"@type\":\"WebPage\",\"@id\":\"https:\/\/nowymodel.org\/wspolpraca\/\",\"url\":\"https:\/\/nowymodel.org\/wspolpraca\/\",\"name\":\"Wsp\u00f3\u0142praca - nowymodel.org\",\"isPartOf\":{\"@id\":\"https:\/\/nowymodel.org\/#website\"},\"primaryImageOfPage\":{\"@id\":\"https:\/\/nowymodel.org\/wspolpraca\/#primaryimage\"},\"image\":{\"@id\":\"https:\/\/nowymodel.org\/wspolpraca\/#primaryimage\"},\"thumbnailUrl\":\"https:\/\/nowymodel.org\/wp-content\/uploads\/2022\/04\/DSC_5120ee.jpg\",\"datePublished\":\"2022-04-07T11:04:11+00:00\",\"dateModified\":\"2023-02-27T11:31:48+00:00\",\"description\":\"Organizacja nowymodel.org zrzesza projektant\u00f3w i rzemie\u015blnik\u00f3w w celu wsp\u00f3lnego tworzenia mebli i wyposa\u017cenia wn\u0119trz.\",\"inLanguage\":\"en-GB\",\"potentialAction\":[{\"@type\":\"ReadAction\",\"target\":[\"https:\/\/nowymodel.org\/wspolpraca\/\"]}]},{\"@type\":\"ImageObject\",\"inLanguage\":\"en-GB\",\"@id\":\"https:\/\/nowymodel.org\/wspolpraca\/#primaryimage\",\"url\":\"https:\/\/nowymodel.org\/wp-content\/uploads\/2022\/04\/DSC_5120ee.jpg\",\"contentUrl\":\"https:\/\/nowymodel.org\/wp-content\/uploads\/2022\/04\/DSC_5120ee.jpg\"},{\"@type\":\"WebSite\",\"@id\":\"https:\/\/nowymodel.org\/#website\",\"url\":\"https:\/\/nowymodel.org\/\",\"name\":\"nowymodel.org\",\"description\":\"\",\"potentialAction\":[{\"@type\":\"SearchAction\",\"target\":{\"@type\":\"EntryPoint\",\"urlTemplate\":\"https:\/\/nowymodel.org\/?s={search_term_string}\"},\"query-input\":\"required name=search_term_string\"}],\"inLanguage\":\"en-GB\"}]}<\/script>\n<!-- \/ Yoast SEO plugin. -->","yoast_head_json":{"title":"Wsp\u00f3\u0142praca - nowymodel.org","description":"Organizacja nowymodel.org zrzesza projektant\u00f3w i rzemie\u015blnik\u00f3w w celu wsp\u00f3lnego tworzenia mebli i wyposa\u017cenia wn\u0119trz.","robots":{"index":"index","follow":"follow","max-snippet":"max-snippet:-1","max-image-preview":"max-image-preview:large","max-video-preview":"max-video-preview:-1"},"canonical":"https:\/\/nowymodel.org\/en\/wspolpraca\/","og_locale":"en_GB","og_type":"article","og_title":"Wsp\u00f3\u0142praca - nowymodel.org","og_description":"Organizacja nowymodel.org zrzesza projektant\u00f3w i rzemie\u015blnik\u00f3w w celu wsp\u00f3lnego tworzenia mebli i wyposa\u017cenia wn\u0119trz.","og_url":"https:\/\/nowymodel.org\/en\/wspolpraca\/","og_site_name":"nowymodel.org","article_modified_time":"2023-02-27T11:31:48+00:00","og_image":[{"url":"https:\/\/nowymodel.org\/wp-content\/uploads\/2022\/04\/DSC_5120ee.jpg"}],"twitter_card":"summary_large_image","twitter_misc":{"Estimated reading time":"4 minutes"},"schema":{"@context":"https:\/\/schema.org","@graph":[{"@type":"WebPage","@id":"https:\/\/nowymodel.org\/wspolpraca\/","url":"https:\/\/nowymodel.org\/wspolpraca\/","name":"Wsp\u00f3\u0142praca - nowymodel.org","isPartOf":{"@id":"https:\/\/nowymodel.org\/#website"},"primaryImageOfPage":{"@id":"https:\/\/nowymodel.org\/wspolpraca\/#primaryimage"},"image":{"@id":"https:\/\/nowymodel.org\/wspolpraca\/#primaryimage"},"thumbnailUrl":"https:\/\/nowymodel.org\/wp-content\/uploads\/2022\/04\/DSC_5120ee.jpg","datePublished":"2022-04-07T11:04:11+00:00","dateModified":"2023-02-27T11:31:48+00:00","description":"Organizacja nowymodel.org zrzesza projektant\u00f3w i rzemie\u015blnik\u00f3w w celu wsp\u00f3lnego tworzenia mebli i wyposa\u017cenia wn\u0119trz.","inLanguage":"en-GB","potentialAction":[{"@type":"ReadAction","target":["https:\/\/nowymodel.org\/wspolpraca\/"]}]},{"@type":"ImageObject","inLanguage":"en-GB","@id":"https:\/\/nowymodel.org\/wspolpraca\/#primaryimage","url":"https:\/\/nowymodel.org\/wp-content\/uploads\/2022\/04\/DSC_5120ee.jpg","contentUrl":"https:\/\/nowymodel.org\/wp-content\/uploads\/2022\/04\/DSC_5120ee.jpg"},{"@type":"WebSite","@id":"https:\/\/nowymodel.org\/#website","url":"https:\/\/nowymodel.org\/","name":"nowymodel.org","description":"","potentialAction":[{"@type":"SearchAction","target":{"@type":"EntryPoint","urlTemplate":"https:\/\/nowymodel.org\/?s={search_term_string}"},"query-input":"required name=search_term_string"}],"inLanguage":"en-GB"}]}},"_links":{"self":[{"href":"https:\/\/nowymodel.org\/en\/wp-json\/wp\/v2\/pages\/1620","targetHints":{"allow":["GET"]}}],"collection":[{"href":"https:\/\/nowymodel.org\/en\/wp-json\/wp\/v2\/pages"}],"about":[{"href":"https:\/\/nowymodel.org\/en\/wp-json\/wp\/v2\/types\/page"}],"author":[{"embeddable":true,"href":"https:\/\/nowymodel.org\/en\/wp-json\/wp\/v2\/users\/2"}],"replies":[{"embeddable":true,"href":"https:\/\/nowymodel.org\/en\/wp-json\/wp\/v2\/comments?post=1620"}],"version-history":[{"count":62,"href":"https:\/\/nowymodel.org\/en\/wp-json\/wp\/v2\/pages\/1620\/revisions"}],"predecessor-version":[{"id":23832,"href":"https:\/\/nowymodel.org\/en\/wp-json\/wp\/v2\/pages\/1620\/revisions\/23832"}],"wp:attachment":[{"href":"https:\/\/nowymodel.org\/en\/wp-json\/wp\/v2\/media?parent=1620"}],"curies":[{"name":"wp","href":"https:\/\/api.w.org\/{rel}","templated":true}]}}