{"id":1380,"date":"2022-04-04T13:09:44","date_gmt":"2022-04-04T11:09:44","guid":{"rendered":"https:\/\/nowymodel.org\/?page_id=1380"},"modified":"2022-05-30T13:47:48","modified_gmt":"2022-05-30T11:47:48","slug":"dla-prasy","status":"publish","type":"page","link":"https:\/\/nowymodel.org\/en\/dla-prasy\/","title":{"rendered":"For press"},"content":{"rendered":"<div class=\"wp-block-group\"><div class=\"wp-block-group__inner-container is-layout-flow wp-block-group-is-layout-flow\">\n<div style=\"height:30px\" aria-hidden=\"true\" class=\"wp-block-spacer\"><\/div>\n\n\n\n<div class=\"wp-block-cover alignfull is-light has-custom-content-position is-position-top-left\" style=\"min-height:376px;aspect-ratio:unset;\"><span aria-hidden=\"true\" class=\"wp-block-cover__background has-background-dim\"><\/span><img fetchpriority=\"high\" decoding=\"async\" width=\"1554\" height=\"2048\" class=\"wp-block-cover__image-background wp-image-1608\" alt=\"\" src=\"https:\/\/nowymodel.org\/wp-content\/uploads\/2022\/04\/wCig5L0g.png\" style=\"object-position:55% 74%\" data-object-fit=\"cover\" data-object-position=\"55% 74%\" srcset=\"https:\/\/nowymodel.org\/wp-content\/uploads\/2022\/04\/wCig5L0g.png 1554w, https:\/\/nowymodel.org\/wp-content\/uploads\/2022\/04\/wCig5L0g-228x300.png 228w, https:\/\/nowymodel.org\/wp-content\/uploads\/2022\/04\/wCig5L0g-777x1024.png 777w, https:\/\/nowymodel.org\/wp-content\/uploads\/2022\/04\/wCig5L0g-768x1012.png 768w, https:\/\/nowymodel.org\/wp-content\/uploads\/2022\/04\/wCig5L0g-1166x1536.png 1166w, https:\/\/nowymodel.org\/wp-content\/uploads\/2022\/04\/wCig5L0g-9x12.png 9w, https:\/\/nowymodel.org\/wp-content\/uploads\/2022\/04\/wCig5L0g-1320x1740.png 1320w, https:\/\/nowymodel.org\/wp-content\/uploads\/2022\/04\/wCig5L0g-416x548.png 416w\" sizes=\"(max-width: 1554px) 100vw, 1554px\" \/><div class=\"wp-block-cover__inner-container is-layout-flow wp-block-cover-is-layout-flow\">\n<h1 class=\"has-text-align-center has-white-color has-text-color wp-block-heading\" style=\"font-size:60px;font-style:normal;font-weight:400\">Photos and graphic media<br>for the press <\/h1>\n<\/div><\/div>\n\n\n\n<div style=\"height:55px\" aria-hidden=\"true\" class=\"wp-block-spacer\"><\/div>\n\n\n\n<div class=\"wp-block-group has-white-background-color has-background\"><div class=\"wp-block-group__inner-container is-layout-flow wp-block-group-is-layout-flow\">\n<div style=\"height:37px\" aria-hidden=\"true\" class=\"wp-block-spacer\"><\/div>\n\n\n\n<div class=\"wp-block-columns is-layout-flex wp-container-core-columns-is-layout-9d6595d7 wp-block-columns-is-layout-flex\">\n<div class=\"wp-block-column is-layout-flow wp-block-column-is-layout-flow\">\n<div style=\"height:27px\" aria-hidden=\"true\" class=\"wp-block-spacer\"><\/div>\n\n\n<div class=\"wp-block-image\">\n<figure class=\"aligncenter size-full\"><a href=\"https:\/\/www.dropbox.com\/sh\/fui5oyvagqx5m3n\/AAA_XSqVI1fzQIaCM_JUhRNua?dl=0\"><img decoding=\"async\" width=\"108\" height=\"107\" src=\"https:\/\/nowymodel.org\/wp-content\/uploads\/2022\/04\/ikonka_photo.png\" alt=\"\" class=\"wp-image-1381\" srcset=\"https:\/\/nowymodel.org\/wp-content\/uploads\/2022\/04\/ikonka_photo.png 108w, https:\/\/nowymodel.org\/wp-content\/uploads\/2022\/04\/ikonka_photo-12x12.png 12w, https:\/\/nowymodel.org\/wp-content\/uploads\/2022\/04\/ikonka_photo-100x100.png 100w\" sizes=\"(max-width: 108px) 100vw, 108px\" \/><\/a><\/figure>\n<\/div>\n\n\n<h2 class=\"has-text-align-center has-black-color has-text-color wp-block-heading\"><a href=\"https:\/\/www.dropbox.com\/sh\/fui5oyvagqx5m3n\/AAA_XSqVI1fzQIaCM_JUhRNua?dl=0\" data-type=\"URL\" data-id=\"https:\/\/www.dropbox.com\/sh\/fui5oyvagqx5m3n\/AAA_XSqVI1fzQIaCM_JUhRNua?dl=0\">PHOTOS DOWNLOAD<\/a><\/h2>\n<\/div>\n\n\n\n<div class=\"wp-block-column is-vertically-aligned-center is-layout-flow wp-block-column-is-layout-flow\">\n<div style=\"height:27px\" aria-hidden=\"true\" class=\"wp-block-spacer\"><\/div>\n\n\n<div class=\"wp-block-image\">\n<figure class=\"aligncenter size-full\"><a href=\"https:\/\/www.dropbox.com\/sh\/4yoeb7yw4iot230\/AABnSVqgUECbSpvOdCBd26moa?dl=0\"><img decoding=\"async\" width=\"108\" height=\"107\" src=\"https:\/\/nowymodel.org\/wp-content\/uploads\/2022\/04\/logo_nowymodel.png\" alt=\"\" class=\"wp-image-1382\" srcset=\"https:\/\/nowymodel.org\/wp-content\/uploads\/2022\/04\/logo_nowymodel.png 108w, https:\/\/nowymodel.org\/wp-content\/uploads\/2022\/04\/logo_nowymodel-12x12.png 12w, https:\/\/nowymodel.org\/wp-content\/uploads\/2022\/04\/logo_nowymodel-100x100.png 100w\" sizes=\"(max-width: 108px) 100vw, 108px\" \/><\/a><\/figure>\n<\/div>\n\n\n<h2 class=\"has-text-align-center wp-block-heading\"><a href=\"https:\/\/www.dropbox.com\/sh\/4yoeb7yw4iot230\/AABnSVqgUECbSpvOdCBd26moa?dl=0\" data-type=\"URL\" data-id=\"https:\/\/www.dropbox.com\/sh\/4yoeb7yw4iot230\/AABnSVqgUECbSpvOdCBd26moa?dl=0\">LOGO DOWNLOAD<\/a><\/h2>\n<\/div>\n<\/div>\n\n\n\n<h4 class=\"wp-block-heading\">You may use the images provided that you include the name of the project, the designer's name and the fact that the product is branded as newodel.org in the caption. This information can be found in the file name. In the case of publication in electronic media, a link to the website is also required.<strong> https:\/\/www.nowymodel.org.<\/strong><\/h4>\n\n\n\n<div style=\"height:37px\" aria-hidden=\"true\" class=\"wp-block-spacer\"><\/div>\n<\/div><\/div>\n\n\n\n<div style=\"height:100px\" aria-hidden=\"true\" class=\"wp-block-spacer\"><\/div>\n\n\n\n<h1 class=\"wp-block-heading\"><strong>PRESS KIT<\/strong><\/h1>\n\n\n\n<h4 class=\"has-luminous-vivid-orange-color has-text-color wp-block-heading\"><strong><span style=\"text-decoration: underline;\"><a href=\"https:\/\/www.dropbox.com\/sh\/tlge4xlhq0q5n8o\/AACgMso0VqeQ3Vxr7SCtgd8Sa?dl=0\" target=\"_blank\" rel=\"noreferrer noopener\">Kolekcja mebli Cyryla Zakrzewskiego na Targach Salone del Mobile 2022<\/a><\/span><\/strong><\/h4>\n\n\n\n<div style=\"height:42px\" aria-hidden=\"true\" class=\"wp-block-spacer\"><\/div>\n\n\n\n<hr class=\"wp-block-separator has-alpha-channel-opacity is-style-wide\"\/>\n\n\n\n<div class=\"wp-block-group\"><div class=\"wp-block-group__inner-container is-layout-flow wp-block-group-is-layout-flow\">\n<div class=\"wp-block-group has-white-background-color has-background\"><div class=\"wp-block-group__inner-container is-layout-flow wp-block-group-is-layout-flow\">\n<h2 class=\"wp-block-heading\"><strong>Wst\u0119gi nowymodel.org (PDF)<\/strong><\/h2>\n\n\n\n<div class=\"wp-block-columns are-vertically-aligned-center has-black-color has-text-color is-layout-flex wp-container-core-columns-is-layout-9d6595d7 wp-block-columns-is-layout-flex\">\n<div class=\"wp-block-column is-vertically-aligned-center is-layout-flow wp-block-column-is-layout-flow\">\n<ul class=\"has-black-color has-text-color wp-block-list\"><li><a href=\"https:\/\/nowymodel.org\/wp-content\/uploads\/2022\/04\/nowymodel.org_.pdf\" target=\"_blank\" rel=\"noreferrer noopener\">nowymodel.org<\/a><\/li><li><a href=\"https:\/\/nowymodel.org\/wp-content\/uploads\/2022\/04\/K.Starczewski.pdf\" target=\"_blank\" rel=\"noreferrer noopener\">Karol Starczewski<\/a><\/li><li><a href=\"https:\/\/nowymodel.org\/wp-content\/uploads\/2022\/04\/M.Cecula.pdf\" target=\"_blank\" rel=\"noreferrer noopener\">Marek Cecu\u0142a<\/a><\/li><li><a href=\"https:\/\/nowymodel.org\/wp-content\/uploads\/2022\/04\/R.T.Halas_.pdf\" target=\"_blank\" rel=\"noreferrer noopener\">Rajmund Teofil Ha\u0142as<\/a><\/li><li><a href=\"https:\/\/nowymodel.org\/wp-content\/uploads\/2022\/04\/K.Laskowska.pdf\" target=\"_blank\" rel=\"noreferrer noopener\">Katarzyna Laskowska<\/a><\/li><li><a href=\"https:\/\/nowymodel.org\/wp-content\/uploads\/2022\/04\/R.Manczak.pdf\" data-type=\"URL\" data-id=\"https:\/\/nowymodel.org\/wp-content\/uploads\/2022\/04\/R.Manczak.pdf\" target=\"_blank\" rel=\"noreferrer noopener\">Ryszard Ma\u0144czak<\/a><\/li><li><a href=\"https:\/\/nowymodel.org\/wp-content\/uploads\/2022\/04\/Studio_Tkaniny.pdf\" target=\"_blank\" rel=\"noreferrer noopener\">Studio Tkaniany<\/a><\/li><\/ul>\n<\/div>\n\n\n\n<div class=\"wp-block-column is-vertically-aligned-center is-layout-flow wp-block-column-is-layout-flow\">\n<ul class=\"has-black-color has-text-color wp-block-list\"><li><a href=\"https:\/\/nowymodel.org\/wp-content\/uploads\/2022\/04\/M.Bartkowiak.pdf\" target=\"_blank\" rel=\"noreferrer noopener\">Micha\u0142 Bartkowiak<\/a><\/li><li><a href=\"https:\/\/nowymodel.org\/wp-content\/uploads\/2022\/04\/M.Kowalski.pdf\" target=\"_blank\" rel=\"noreferrer noopener\">Micha\u0142 Kowalski<\/a><\/li><li><a href=\"https:\/\/nowymodel.org\/wp-content\/uploads\/2022\/04\/T.A.Rudkiewicz.pdf\" target=\"_blank\" rel=\"noreferrer noopener\">Tomasz Andrzej Rudkiewicz<\/a><\/li><li><a href=\"https:\/\/nowymodel.org\/wp-content\/uploads\/2022\/04\/A.Trafas-Kowalczyk.pdf\" target=\"_blank\" rel=\"noreferrer noopener\">Anna Trafas &#8211; Kowalczyk<\/a><\/li><li><a href=\"https:\/\/nowymodel.org\/wp-content\/uploads\/2022\/04\/J.Weclawski.pdf\" data-type=\"URL\" data-id=\"https:\/\/nowymodel.org\/wp-content\/uploads\/2022\/04\/J.Weclawski.pdf\" target=\"_blank\" rel=\"noreferrer noopener\">Jan W\u0119c\u0142awski<\/a><\/li><li><a href=\"https:\/\/nowymodel.org\/wp-content\/uploads\/2022\/04\/T.Augustyniak.pdf\" target=\"_blank\" rel=\"noreferrer noopener\">Tomasz Augustyniak<\/a><\/li><li><a href=\"https:\/\/nowymodel.org\/wp-content\/uploads\/2022\/04\/M.Uzarowicz.pdf\" data-type=\"URL\" data-id=\"https:\/\/nowymodel.org\/wp-content\/uploads\/2022\/04\/M.Uzarowicz.pdf\" target=\"_blank\" rel=\"noreferrer noopener\">Maja Uzarowicz<\/a><\/li><\/ul>\n<\/div>\n<\/div>\n<\/div><\/div>\n<\/div><\/div>\n\n\n\n<div style=\"height:47px\" aria-hidden=\"true\" class=\"wp-block-spacer\"><\/div>\n\n\n\n<hr class=\"wp-block-separator has-text-color has-black-color has-css-opacity has-black-background-color has-background alignwide is-style-wide\"\/>\n\n\n\n<div style=\"height:23px\" aria-hidden=\"true\" class=\"wp-block-spacer\"><\/div>\n\n\n\n<div class=\"wp-block-group has-white-background-color has-background\"><div class=\"wp-block-group__inner-container is-layout-flow wp-block-group-is-layout-flow\">\n<h4 class=\"wp-block-heading\"><strong>Please direct all questions to:<\/strong><strong><\/strong><\/h4>\n\n\n\n<h4 class=\"wp-block-heading\">Martyna Pieraszewska<\/h4>\n\n\n\n<h4 class=\"wp-block-heading\">e-mail:&nbsp;<a href=\"mailto:agnieszka.ziolkowska@nowymodel.org\">martyna.pietraszewska@nowymodel.org<\/a><\/h4>\n\n\n\n<h4 class=\"wp-block-heading\">tel. kom.: + 48 667 024 533<\/h4>\n<\/div><\/div>\n<\/div><\/div>\n\n\n\n<p><\/p>","protected":false},"excerpt":{"rendered":"<p>ZDJ\u0118CIA DO POBRANIA LOGO DO POBRANIA Zdj\u0119cia udost\u0119pniamy do wykorzystania pod warunkiem umieszczenia w podpisie nazwy projektu, nazwiska projektanta oraz informacji, i\u017c produkt jest sygnowany mark\u0105 nowymodel.org. Dane te znajduj\u0105 si\u0119 w nazwie pliku. W przypadku publikacji w mediach elektronicznych wymagany jest r\u00f3wnie\u017c link do serwisu https:\/\/www.nowymodel.org. PRESS KIT Kolekcja mebli Cyryla Zakrzewskiego na Targach [&hellip;]<\/p>\n","protected":false},"author":2,"featured_media":0,"parent":0,"menu_order":0,"comment_status":"closed","ping_status":"closed","template":"template-fullwidth.php","meta":{"footnotes":""},"class_list":["post-1380","page","type-page","status-publish","hentry"],"yoast_head":"<!-- This site is optimized with the Yoast SEO plugin v22.4 - https:\/\/yoast.com\/wordpress\/plugins\/seo\/ -->\n<title>Dla prasy - nowymodel.org<\/title>\n<meta name=\"description\" content=\"Zdj\u0119cia udost\u0119pniamy do wykorzystania pod warunkiem umieszczenia w podpisie nazwy projektu, nazwiska projektanta oraz informacji.\" \/>\n<meta name=\"robots\" content=\"index, follow, max-snippet:-1, max-image-preview:large, max-video-preview:-1\" \/>\n<link rel=\"canonical\" href=\"https:\/\/nowymodel.org\/en\/dla-prasy\/\" \/>\n<meta property=\"og:locale\" content=\"en_GB\" \/>\n<meta property=\"og:type\" content=\"article\" \/>\n<meta property=\"og:title\" content=\"Dla prasy - nowymodel.org\" \/>\n<meta property=\"og:description\" content=\"Zdj\u0119cia udost\u0119pniamy do wykorzystania pod warunkiem umieszczenia w podpisie nazwy projektu, nazwiska projektanta oraz informacji.\" \/>\n<meta property=\"og:url\" content=\"https:\/\/nowymodel.org\/en\/dla-prasy\/\" \/>\n<meta property=\"og:site_name\" content=\"nowymodel.org\" \/>\n<meta property=\"article:modified_time\" content=\"2022-05-30T11:47:48+00:00\" \/>\n<meta property=\"og:image\" content=\"https:\/\/nowymodel.org\/wp-content\/uploads\/2022\/04\/wCig5L0g.png\" \/>\n<meta name=\"twitter:card\" content=\"summary_large_image\" \/>\n<meta name=\"twitter:label1\" content=\"Estimated reading time\" \/>\n\t<meta name=\"twitter:data1\" content=\"2 minutes\" \/>\n<script type=\"application\/ld+json\" class=\"yoast-schema-graph\">{\"@context\":\"https:\/\/schema.org\",\"@graph\":[{\"@type\":\"WebPage\",\"@id\":\"https:\/\/nowymodel.org\/dla-prasy\/\",\"url\":\"https:\/\/nowymodel.org\/dla-prasy\/\",\"name\":\"Dla prasy - nowymodel.org\",\"isPartOf\":{\"@id\":\"https:\/\/nowymodel.org\/#website\"},\"primaryImageOfPage\":{\"@id\":\"https:\/\/nowymodel.org\/dla-prasy\/#primaryimage\"},\"image\":{\"@id\":\"https:\/\/nowymodel.org\/dla-prasy\/#primaryimage\"},\"thumbnailUrl\":\"https:\/\/nowymodel.org\/wp-content\/uploads\/2022\/04\/wCig5L0g.png\",\"datePublished\":\"2022-04-04T11:09:44+00:00\",\"dateModified\":\"2022-05-30T11:47:48+00:00\",\"description\":\"Zdj\u0119cia udost\u0119pniamy do wykorzystania pod warunkiem umieszczenia w podpisie nazwy projektu, nazwiska projektanta oraz informacji.\",\"inLanguage\":\"en-GB\",\"potentialAction\":[{\"@type\":\"ReadAction\",\"target\":[\"https:\/\/nowymodel.org\/dla-prasy\/\"]}]},{\"@type\":\"ImageObject\",\"inLanguage\":\"en-GB\",\"@id\":\"https:\/\/nowymodel.org\/dla-prasy\/#primaryimage\",\"url\":\"https:\/\/nowymodel.org\/wp-content\/uploads\/2022\/04\/wCig5L0g.png\",\"contentUrl\":\"https:\/\/nowymodel.org\/wp-content\/uploads\/2022\/04\/wCig5L0g.png\"},{\"@type\":\"WebSite\",\"@id\":\"https:\/\/nowymodel.org\/#website\",\"url\":\"https:\/\/nowymodel.org\/\",\"name\":\"nowymodel.org\",\"description\":\"\",\"potentialAction\":[{\"@type\":\"SearchAction\",\"target\":{\"@type\":\"EntryPoint\",\"urlTemplate\":\"https:\/\/nowymodel.org\/?s={search_term_string}\"},\"query-input\":\"required name=search_term_string\"}],\"inLanguage\":\"en-GB\"}]}<\/script>\n<!-- \/ Yoast SEO plugin. -->","yoast_head_json":{"title":"Dla prasy - nowymodel.org","description":"Zdj\u0119cia udost\u0119pniamy do wykorzystania pod warunkiem umieszczenia w podpisie nazwy projektu, nazwiska projektanta oraz informacji.","robots":{"index":"index","follow":"follow","max-snippet":"max-snippet:-1","max-image-preview":"max-image-preview:large","max-video-preview":"max-video-preview:-1"},"canonical":"https:\/\/nowymodel.org\/en\/dla-prasy\/","og_locale":"en_GB","og_type":"article","og_title":"Dla prasy - nowymodel.org","og_description":"Zdj\u0119cia udost\u0119pniamy do wykorzystania pod warunkiem umieszczenia w podpisie nazwy projektu, nazwiska projektanta oraz informacji.","og_url":"https:\/\/nowymodel.org\/en\/dla-prasy\/","og_site_name":"nowymodel.org","article_modified_time":"2022-05-30T11:47:48+00:00","og_image":[{"url":"https:\/\/nowymodel.org\/wp-content\/uploads\/2022\/04\/wCig5L0g.png"}],"twitter_card":"summary_large_image","twitter_misc":{"Estimated reading time":"2 minutes"},"schema":{"@context":"https:\/\/schema.org","@graph":[{"@type":"WebPage","@id":"https:\/\/nowymodel.org\/dla-prasy\/","url":"https:\/\/nowymodel.org\/dla-prasy\/","name":"Dla prasy - nowymodel.org","isPartOf":{"@id":"https:\/\/nowymodel.org\/#website"},"primaryImageOfPage":{"@id":"https:\/\/nowymodel.org\/dla-prasy\/#primaryimage"},"image":{"@id":"https:\/\/nowymodel.org\/dla-prasy\/#primaryimage"},"thumbnailUrl":"https:\/\/nowymodel.org\/wp-content\/uploads\/2022\/04\/wCig5L0g.png","datePublished":"2022-04-04T11:09:44+00:00","dateModified":"2022-05-30T11:47:48+00:00","description":"Zdj\u0119cia udost\u0119pniamy do wykorzystania pod warunkiem umieszczenia w podpisie nazwy projektu, nazwiska projektanta oraz informacji.","inLanguage":"en-GB","potentialAction":[{"@type":"ReadAction","target":["https:\/\/nowymodel.org\/dla-prasy\/"]}]},{"@type":"ImageObject","inLanguage":"en-GB","@id":"https:\/\/nowymodel.org\/dla-prasy\/#primaryimage","url":"https:\/\/nowymodel.org\/wp-content\/uploads\/2022\/04\/wCig5L0g.png","contentUrl":"https:\/\/nowymodel.org\/wp-content\/uploads\/2022\/04\/wCig5L0g.png"},{"@type":"WebSite","@id":"https:\/\/nowymodel.org\/#website","url":"https:\/\/nowymodel.org\/","name":"nowymodel.org","description":"","potentialAction":[{"@type":"SearchAction","target":{"@type":"EntryPoint","urlTemplate":"https:\/\/nowymodel.org\/?s={search_term_string}"},"query-input":"required name=search_term_string"}],"inLanguage":"en-GB"}]}},"_links":{"self":[{"href":"https:\/\/nowymodel.org\/en\/wp-json\/wp\/v2\/pages\/1380","targetHints":{"allow":["GET"]}}],"collection":[{"href":"https:\/\/nowymodel.org\/en\/wp-json\/wp\/v2\/pages"}],"about":[{"href":"https:\/\/nowymodel.org\/en\/wp-json\/wp\/v2\/types\/page"}],"author":[{"embeddable":true,"href":"https:\/\/nowymodel.org\/en\/wp-json\/wp\/v2\/users\/2"}],"replies":[{"embeddable":true,"href":"https:\/\/nowymodel.org\/en\/wp-json\/wp\/v2\/comments?post=1380"}],"version-history":[{"count":36,"href":"https:\/\/nowymodel.org\/en\/wp-json\/wp\/v2\/pages\/1380\/revisions"}],"predecessor-version":[{"id":13223,"href":"https:\/\/nowymodel.org\/en\/wp-json\/wp\/v2\/pages\/1380\/revisions\/13223"}],"wp:attachment":[{"href":"https:\/\/nowymodel.org\/en\/wp-json\/wp\/v2\/media?parent=1380"}],"curies":[{"name":"wp","href":"https:\/\/api.w.org\/{rel}","templated":true}]}}