{"id":1322,"date":"2022-03-31T17:25:10","date_gmt":"2022-03-31T15:25:10","guid":{"rendered":"https:\/\/nowymodel.org\/?page_id=1322"},"modified":"2022-05-12T14:17:51","modified_gmt":"2022-05-12T12:17:51","slug":"genua","status":"publish","type":"page","link":"https:\/\/nowymodel.org\/en\/genua\/","title":{"rendered":"GENUA"},"content":{"rendered":"<div style=\"height:38px\" aria-hidden=\"true\" class=\"wp-block-spacer\"><\/div>\n\n\n\n<hr class=\"wp-block-separator alignwide has-text-color has-background has-black-background-color has-black-color is-style-wide\"\/>\n\n\n\n<h2 class=\"has-text-align-center has-white-background-color has-background wp-block-heading\"><strong>GENUA<\/strong><br>This innovative system remotely adjusts the position of the traveler car in cruising sails.<\/h2>\n\n\n\n<p>The aim of the project is to develop and implement an innovative device for remote adjustment of the position of the genoa sheet carriage in tourist yachts.<\/p>\n\n\n\n<p>European Funds contribution: 2,666,210.75 PLN<\/p>\n\n\n\n<p>Beneficiary: DIGITOUCH SP\u00d3\u0141KA Z OGRANICZON\u0104 ODPOWIEDZIALNO\u015aCI\u0104 (brand owner newodel.org)<\/p>\n\n\n\n<div style=\"height:69px\" aria-hidden=\"true\" class=\"wp-block-spacer\"><\/div>\n\n\n\n<figure class=\"wp-block-image size-large\"><img fetchpriority=\"high\" decoding=\"async\" width=\"1024\" height=\"174\" src=\"https:\/\/nowymodel.org\/wp-content\/uploads\/2022\/03\/loco_system_gora_pl_-1-1024x174.jpg\" alt=\"\" class=\"wp-image-1306\" srcset=\"https:\/\/nowymodel.org\/wp-content\/uploads\/2022\/03\/loco_system_gora_pl_-1-1024x174.jpg 1024w, https:\/\/nowymodel.org\/wp-content\/uploads\/2022\/03\/loco_system_gora_pl_-1-300x51.jpg 300w, https:\/\/nowymodel.org\/wp-content\/uploads\/2022\/03\/loco_system_gora_pl_-1-768x130.jpg 768w, https:\/\/nowymodel.org\/wp-content\/uploads\/2022\/03\/loco_system_gora_pl_-1-18x3.jpg 18w, https:\/\/nowymodel.org\/wp-content\/uploads\/2022\/03\/loco_system_gora_pl_-1-416x71.jpg 416w, https:\/\/nowymodel.org\/wp-content\/uploads\/2022\/03\/loco_system_gora_pl_-1.jpg 1068w\" sizes=\"(max-width: 1024px) 100vw, 1024px\" \/><\/figure>","protected":false},"excerpt":{"rendered":"<p>GENUAto innowacyjny system zdalnej regulacji pozycji w\u00f3zka szotowego w turystycznych \u017caglach jachtowych. Celem projektu jest opracowanie i wdro\u017cenie innowacyjnego urz\u0105dzenia do zdalnej regulacji pozycji w\u00f3zka szota genui w jachtach turystycznych. Wk\u0142ad Funduszy Europejskich:&nbsp;2 666 210,75 PLN Beneficjent: DIGITOUCH SP\u00d3\u0141KA Z OGRANICZON\u0104 ODPOWIEDZIALNO\u015aCI\u0104 (w\u0142a\u015bciciel marki nowymodel.org)<\/p>","protected":false},"author":2,"featured_media":0,"parent":0,"menu_order":0,"comment_status":"closed","ping_status":"closed","template":"","meta":{"footnotes":""},"class_list":["post-1322","page","type-page","status-publish","hentry"],"yoast_head":"<!-- This site is optimized with the Yoast SEO plugin v22.4 - https:\/\/yoast.com\/wordpress\/plugins\/seo\/ -->\n<title>GENUA - nowymodel.org<\/title>\n<meta name=\"description\" content=\"GENUA to innowacyjny system zdalnej regulacji pozycji w\u00f3zka szotowego w turystycznych \u017caglach jachtowych.\" \/>\n<meta name=\"robots\" content=\"index, follow, max-snippet:-1, max-image-preview:large, max-video-preview:-1\" \/>\n<link rel=\"canonical\" href=\"https:\/\/nowymodel.org\/en\/genua\/\" \/>\n<meta property=\"og:locale\" content=\"en_GB\" \/>\n<meta property=\"og:type\" content=\"article\" \/>\n<meta property=\"og:title\" content=\"GENUA - nowymodel.org\" \/>\n<meta property=\"og:description\" content=\"GENUA to innowacyjny system zdalnej regulacji pozycji w\u00f3zka szotowego w turystycznych \u017caglach jachtowych.\" \/>\n<meta property=\"og:url\" content=\"https:\/\/nowymodel.org\/en\/genua\/\" \/>\n<meta property=\"og:site_name\" content=\"nowymodel.org\" \/>\n<meta property=\"article:modified_time\" content=\"2022-05-12T12:17:51+00:00\" \/>\n<meta property=\"og:image\" content=\"https:\/\/nowymodel.org\/wp-content\/uploads\/2022\/03\/loco_system_gora_pl_-1-1024x174.jpg\" \/>\n<meta name=\"twitter:card\" content=\"summary_large_image\" \/>\n<meta name=\"twitter:label1\" content=\"Estimated reading time\" \/>\n\t<meta name=\"twitter:data1\" content=\"1 minute\" \/>\n<script type=\"application\/ld+json\" class=\"yoast-schema-graph\">{\"@context\":\"https:\/\/schema.org\",\"@graph\":[{\"@type\":\"WebPage\",\"@id\":\"https:\/\/nowymodel.org\/genua\/\",\"url\":\"https:\/\/nowymodel.org\/genua\/\",\"name\":\"GENUA - nowymodel.org\",\"isPartOf\":{\"@id\":\"https:\/\/nowymodel.org\/#website\"},\"primaryImageOfPage\":{\"@id\":\"https:\/\/nowymodel.org\/genua\/#primaryimage\"},\"image\":{\"@id\":\"https:\/\/nowymodel.org\/genua\/#primaryimage\"},\"thumbnailUrl\":\"https:\/\/nowymodel.org\/wp-content\/uploads\/2022\/03\/loco_system_gora_pl_-1-1024x174.jpg\",\"datePublished\":\"2022-03-31T15:25:10+00:00\",\"dateModified\":\"2022-05-12T12:17:51+00:00\",\"description\":\"GENUA to innowacyjny system zdalnej regulacji pozycji w\u00f3zka szotowego w turystycznych \u017caglach jachtowych.\",\"inLanguage\":\"en-GB\",\"potentialAction\":[{\"@type\":\"ReadAction\",\"target\":[\"https:\/\/nowymodel.org\/genua\/\"]}]},{\"@type\":\"ImageObject\",\"inLanguage\":\"en-GB\",\"@id\":\"https:\/\/nowymodel.org\/genua\/#primaryimage\",\"url\":\"https:\/\/nowymodel.org\/wp-content\/uploads\/2022\/03\/loco_system_gora_pl_-1-1024x174.jpg\",\"contentUrl\":\"https:\/\/nowymodel.org\/wp-content\/uploads\/2022\/03\/loco_system_gora_pl_-1-1024x174.jpg\"},{\"@type\":\"WebSite\",\"@id\":\"https:\/\/nowymodel.org\/#website\",\"url\":\"https:\/\/nowymodel.org\/\",\"name\":\"nowymodel.org\",\"description\":\"\",\"potentialAction\":[{\"@type\":\"SearchAction\",\"target\":{\"@type\":\"EntryPoint\",\"urlTemplate\":\"https:\/\/nowymodel.org\/?s={search_term_string}\"},\"query-input\":\"required name=search_term_string\"}],\"inLanguage\":\"en-GB\"}]}<\/script>\n<!-- \/ Yoast SEO plugin. -->","yoast_head_json":{"title":"GENUA - nowymodel.org","description":"GENUA to innowacyjny system zdalnej regulacji pozycji w\u00f3zka szotowego w turystycznych \u017caglach jachtowych.","robots":{"index":"index","follow":"follow","max-snippet":"max-snippet:-1","max-image-preview":"max-image-preview:large","max-video-preview":"max-video-preview:-1"},"canonical":"https:\/\/nowymodel.org\/en\/genua\/","og_locale":"en_GB","og_type":"article","og_title":"GENUA - nowymodel.org","og_description":"GENUA to innowacyjny system zdalnej regulacji pozycji w\u00f3zka szotowego w turystycznych \u017caglach jachtowych.","og_url":"https:\/\/nowymodel.org\/en\/genua\/","og_site_name":"nowymodel.org","article_modified_time":"2022-05-12T12:17:51+00:00","og_image":[{"url":"https:\/\/nowymodel.org\/wp-content\/uploads\/2022\/03\/loco_system_gora_pl_-1-1024x174.jpg"}],"twitter_card":"summary_large_image","twitter_misc":{"Estimated reading time":"1 minute"},"schema":{"@context":"https:\/\/schema.org","@graph":[{"@type":"WebPage","@id":"https:\/\/nowymodel.org\/genua\/","url":"https:\/\/nowymodel.org\/genua\/","name":"GENUA - nowymodel.org","isPartOf":{"@id":"https:\/\/nowymodel.org\/#website"},"primaryImageOfPage":{"@id":"https:\/\/nowymodel.org\/genua\/#primaryimage"},"image":{"@id":"https:\/\/nowymodel.org\/genua\/#primaryimage"},"thumbnailUrl":"https:\/\/nowymodel.org\/wp-content\/uploads\/2022\/03\/loco_system_gora_pl_-1-1024x174.jpg","datePublished":"2022-03-31T15:25:10+00:00","dateModified":"2022-05-12T12:17:51+00:00","description":"GENUA to innowacyjny system zdalnej regulacji pozycji w\u00f3zka szotowego w turystycznych \u017caglach jachtowych.","inLanguage":"en-GB","potentialAction":[{"@type":"ReadAction","target":["https:\/\/nowymodel.org\/genua\/"]}]},{"@type":"ImageObject","inLanguage":"en-GB","@id":"https:\/\/nowymodel.org\/genua\/#primaryimage","url":"https:\/\/nowymodel.org\/wp-content\/uploads\/2022\/03\/loco_system_gora_pl_-1-1024x174.jpg","contentUrl":"https:\/\/nowymodel.org\/wp-content\/uploads\/2022\/03\/loco_system_gora_pl_-1-1024x174.jpg"},{"@type":"WebSite","@id":"https:\/\/nowymodel.org\/#website","url":"https:\/\/nowymodel.org\/","name":"nowymodel.org","description":"","potentialAction":[{"@type":"SearchAction","target":{"@type":"EntryPoint","urlTemplate":"https:\/\/nowymodel.org\/?s={search_term_string}"},"query-input":"required name=search_term_string"}],"inLanguage":"en-GB"}]}},"_links":{"self":[{"href":"https:\/\/nowymodel.org\/en\/wp-json\/wp\/v2\/pages\/1322","targetHints":{"allow":["GET"]}}],"collection":[{"href":"https:\/\/nowymodel.org\/en\/wp-json\/wp\/v2\/pages"}],"about":[{"href":"https:\/\/nowymodel.org\/en\/wp-json\/wp\/v2\/types\/page"}],"author":[{"embeddable":true,"href":"https:\/\/nowymodel.org\/en\/wp-json\/wp\/v2\/users\/2"}],"replies":[{"embeddable":true,"href":"https:\/\/nowymodel.org\/en\/wp-json\/wp\/v2\/comments?post=1322"}],"version-history":[{"count":9,"href":"https:\/\/nowymodel.org\/en\/wp-json\/wp\/v2\/pages\/1322\/revisions"}],"predecessor-version":[{"id":11473,"href":"https:\/\/nowymodel.org\/en\/wp-json\/wp\/v2\/pages\/1322\/revisions\/11473"}],"wp:attachment":[{"href":"https:\/\/nowymodel.org\/en\/wp-json\/wp\/v2\/media?parent=1322"}],"curies":[{"name":"wp","href":"https:\/\/api.w.org\/{rel}","templated":true}]}}