{"id":1312,"date":"2022-03-31T17:22:10","date_gmt":"2022-03-31T15:22:10","guid":{"rendered":"https:\/\/nowymodel.org\/?page_id=1312"},"modified":"2022-05-12T14:08:23","modified_gmt":"2022-05-12T12:08:23","slug":"connect2017","status":"publish","type":"page","link":"https:\/\/nowymodel.org\/en\/connect2017\/","title":{"rendered":"CONNECT2017"},"content":{"rendered":"<div style=\"height:38px\" aria-hidden=\"true\" class=\"wp-block-spacer\"><\/div>\n\n\n\n<hr class=\"wp-block-separator alignwide has-text-color has-background has-black-background-color has-black-color is-style-wide\"\/>\n\n\n\n<div class=\"wp-block-columns is-layout-flex wp-container-core-columns-is-layout-9d6595d7 wp-block-columns-is-layout-flex\">\n<div class=\"wp-block-column is-layout-flow wp-block-column-is-layout-flow\" style=\"flex-basis:100%\">\n<h2 class=\"has-text-align-center has-white-background-color has-background wp-block-heading\"><strong>CONNECT2017<br><\/strong>Poland's first innovative universal furniture connector system for joining various wood and wood-based materials in the furniture industry.<\/h2>\n<\/div>\n<\/div>\n\n\n\n<p>The project will involve the development, modeling, prototyping, testing and implementation of a set of innovative furniture connectors for making connections between different materials (wood, wood-based plastics and non-wood furniture materials).<\/p>\n\n\n\n<p>The subject of the project is an innovative universal furniture connector, making it possible to combine materials of different properties. The planned connector is completely embedded in the board, there are no protruding elements reducing usability and aesthetics. The joint constructed with its use will be truly separable, that is, not only in the first assembly, but also in the second and subsequent ones, it will have the same beneficial structural properties. It will ensure: the possibility of adjusting the tension of the connection depending on the needs, high load-bearing capacity and stiffness of the connection, the possibility of making the connections both in the industrial process and at the place of furniture use with the use of simple portable machine tools. Thus, the connector can be used both in industrially manufactured furniture as well as in furniture made or fitted by the manufacturer on the customer's premises. The connector can be used by non-professionals using portable power tools equipped with appropriate attachments.<\/p>\n\n\n\n<p>The result of the project will be the implementation of the following innovative products by the Applicant within its business:<\/p>\n\n\n\n<p>1. a family of innovative furniture connectors together with a portable set of tools - attachments for popular power tools - allowing for easy installation of sockets for connectors,<\/p>\n\n\n\n<p>2. the prototype solution will be applied to a selected group of furniture - built-in closets.<\/p>\n\n\n\n<p>The first Polish family of furniture connectors of this type will make it possible to create modern furniture designs.<\/p>\n\n\n\n<p>\"The project \"First Polish innovative universal furniture connector system for joining various wood and wood-based materials in the furniture industry\" is co-financed from European Funds under Measure 1.2 of the Operational Programme Intelligent Development \"Sectoral R&amp;D Programmes\", Sector Programme: WoodINN.\"<\/p>\n\n\n\n<p>Project value: 5 805 527.77 PLN<\/p>\n\n\n\n<p>European Funds contribution: 4,231,554.29 PLN<\/p>\n\n\n\n<p>Beneficiary: DIGITOUCH SP\u00d3\u0141KA Z OGRANICZON\u0104 ODPOWIEDZIALNO\u015aCI\u0104 (brand owner newodel.org)<\/p>\n\n\n\n<div style=\"height:69px\" aria-hidden=\"true\" class=\"wp-block-spacer\"><\/div>\n\n\n\n<figure class=\"wp-block-image size-large\"><img fetchpriority=\"high\" decoding=\"async\" width=\"1024\" height=\"174\" src=\"https:\/\/nowymodel.org\/wp-content\/uploads\/2022\/03\/loco_system_gora_pl_-1-1024x174.jpg\" alt=\"\" class=\"wp-image-1306\" srcset=\"https:\/\/nowymodel.org\/wp-content\/uploads\/2022\/03\/loco_system_gora_pl_-1-1024x174.jpg 1024w, https:\/\/nowymodel.org\/wp-content\/uploads\/2022\/03\/loco_system_gora_pl_-1-300x51.jpg 300w, https:\/\/nowymodel.org\/wp-content\/uploads\/2022\/03\/loco_system_gora_pl_-1-768x130.jpg 768w, https:\/\/nowymodel.org\/wp-content\/uploads\/2022\/03\/loco_system_gora_pl_-1-18x3.jpg 18w, https:\/\/nowymodel.org\/wp-content\/uploads\/2022\/03\/loco_system_gora_pl_-1-416x71.jpg 416w, https:\/\/nowymodel.org\/wp-content\/uploads\/2022\/03\/loco_system_gora_pl_-1.jpg 1068w\" sizes=\"(max-width: 1024px) 100vw, 1024px\" \/><\/figure>","protected":false},"excerpt":{"rendered":"<p>CONNECT2017pierwszy polski nowatorski uniwersalny system \u0142\u0105cznik\u00f3w meblowych do \u0142\u0105czenia r\u00f3\u017cnych materia\u0142\u00f3w drzewnych i drewnopochodnych w bran\u017cy meblarskiej. Projekt obejmie opracowanie, modelowanie, prototypowanie, przebadanie i implementacj\u0119 zestawu innowacyjnych \u0142\u0105cznik\u00f3w meblowych do wykonywania po\u0142\u0105cze\u0144 r\u00f3\u017cnych materia\u0142\u00f3w (drewna, tworzyw drewnopochodnych i niedrzewnych materia\u0142\u00f3w meblarskich). Przedmiotem projektu jest innowacyjny uniwersalny \u0142\u0105cznik meblowy, umo\u017cliwiaj\u0105cy \u0142\u0105czenie materia\u0142\u00f3w o odmiennych w\u0142a\u015bciwo\u015bciach. Planowany [&hellip;]<\/p>\n","protected":false},"author":2,"featured_media":0,"parent":0,"menu_order":0,"comment_status":"closed","ping_status":"closed","template":"","meta":{"footnotes":""},"class_list":["post-1312","page","type-page","status-publish","hentry"],"yoast_head":"<!-- This site is optimized with the Yoast SEO plugin v22.4 - https:\/\/yoast.com\/wordpress\/plugins\/seo\/ -->\n<title>CONNECT2017 - nowymodel.org<\/title>\n<meta name=\"description\" content=\"Pierwszy polski nowatorski uniwersalny system \u0142\u0105cznik\u00f3w meblowych do \u0142\u0105czenia r\u00f3\u017cnych materia\u0142\u00f3w drzewnych w bran\u017cy meblarskiej.\" \/>\n<meta name=\"robots\" content=\"index, follow, max-snippet:-1, max-image-preview:large, max-video-preview:-1\" \/>\n<link rel=\"canonical\" href=\"https:\/\/nowymodel.org\/en\/connect2017\/\" \/>\n<meta property=\"og:locale\" content=\"en_GB\" \/>\n<meta property=\"og:type\" content=\"article\" \/>\n<meta property=\"og:title\" content=\"CONNECT2017 - nowymodel.org\" \/>\n<meta property=\"og:description\" content=\"Pierwszy polski nowatorski uniwersalny system \u0142\u0105cznik\u00f3w meblowych do \u0142\u0105czenia r\u00f3\u017cnych materia\u0142\u00f3w drzewnych w bran\u017cy meblarskiej.\" \/>\n<meta property=\"og:url\" content=\"https:\/\/nowymodel.org\/en\/connect2017\/\" \/>\n<meta property=\"og:site_name\" content=\"nowymodel.org\" \/>\n<meta property=\"article:modified_time\" content=\"2022-05-12T12:08:23+00:00\" \/>\n<meta property=\"og:image\" content=\"https:\/\/nowymodel.org\/wp-content\/uploads\/2022\/03\/loco_system_gora_pl_-1-1024x174.jpg\" \/>\n<meta name=\"twitter:card\" content=\"summary_large_image\" \/>\n<meta name=\"twitter:label1\" content=\"Estimated reading time\" \/>\n\t<meta name=\"twitter:data1\" content=\"2 minutes\" \/>\n<script type=\"application\/ld+json\" class=\"yoast-schema-graph\">{\"@context\":\"https:\/\/schema.org\",\"@graph\":[{\"@type\":\"WebPage\",\"@id\":\"https:\/\/nowymodel.org\/connect2017\/\",\"url\":\"https:\/\/nowymodel.org\/connect2017\/\",\"name\":\"CONNECT2017 - nowymodel.org\",\"isPartOf\":{\"@id\":\"https:\/\/nowymodel.org\/#website\"},\"primaryImageOfPage\":{\"@id\":\"https:\/\/nowymodel.org\/connect2017\/#primaryimage\"},\"image\":{\"@id\":\"https:\/\/nowymodel.org\/connect2017\/#primaryimage\"},\"thumbnailUrl\":\"https:\/\/nowymodel.org\/wp-content\/uploads\/2022\/03\/loco_system_gora_pl_-1-1024x174.jpg\",\"datePublished\":\"2022-03-31T15:22:10+00:00\",\"dateModified\":\"2022-05-12T12:08:23+00:00\",\"description\":\"Pierwszy polski nowatorski uniwersalny system \u0142\u0105cznik\u00f3w meblowych do \u0142\u0105czenia r\u00f3\u017cnych materia\u0142\u00f3w drzewnych w bran\u017cy meblarskiej.\",\"inLanguage\":\"en-GB\",\"potentialAction\":[{\"@type\":\"ReadAction\",\"target\":[\"https:\/\/nowymodel.org\/connect2017\/\"]}]},{\"@type\":\"ImageObject\",\"inLanguage\":\"en-GB\",\"@id\":\"https:\/\/nowymodel.org\/connect2017\/#primaryimage\",\"url\":\"https:\/\/nowymodel.org\/wp-content\/uploads\/2022\/03\/loco_system_gora_pl_-1-1024x174.jpg\",\"contentUrl\":\"https:\/\/nowymodel.org\/wp-content\/uploads\/2022\/03\/loco_system_gora_pl_-1-1024x174.jpg\"},{\"@type\":\"WebSite\",\"@id\":\"https:\/\/nowymodel.org\/#website\",\"url\":\"https:\/\/nowymodel.org\/\",\"name\":\"nowymodel.org\",\"description\":\"\",\"potentialAction\":[{\"@type\":\"SearchAction\",\"target\":{\"@type\":\"EntryPoint\",\"urlTemplate\":\"https:\/\/nowymodel.org\/?s={search_term_string}\"},\"query-input\":\"required name=search_term_string\"}],\"inLanguage\":\"en-GB\"}]}<\/script>\n<!-- \/ Yoast SEO plugin. -->","yoast_head_json":{"title":"CONNECT2017 - nowymodel.org","description":"Pierwszy polski nowatorski uniwersalny system \u0142\u0105cznik\u00f3w meblowych do \u0142\u0105czenia r\u00f3\u017cnych materia\u0142\u00f3w drzewnych w bran\u017cy meblarskiej.","robots":{"index":"index","follow":"follow","max-snippet":"max-snippet:-1","max-image-preview":"max-image-preview:large","max-video-preview":"max-video-preview:-1"},"canonical":"https:\/\/nowymodel.org\/en\/connect2017\/","og_locale":"en_GB","og_type":"article","og_title":"CONNECT2017 - nowymodel.org","og_description":"Pierwszy polski nowatorski uniwersalny system \u0142\u0105cznik\u00f3w meblowych do \u0142\u0105czenia r\u00f3\u017cnych materia\u0142\u00f3w drzewnych w bran\u017cy meblarskiej.","og_url":"https:\/\/nowymodel.org\/en\/connect2017\/","og_site_name":"nowymodel.org","article_modified_time":"2022-05-12T12:08:23+00:00","og_image":[{"url":"https:\/\/nowymodel.org\/wp-content\/uploads\/2022\/03\/loco_system_gora_pl_-1-1024x174.jpg"}],"twitter_card":"summary_large_image","twitter_misc":{"Estimated reading time":"2 minutes"},"schema":{"@context":"https:\/\/schema.org","@graph":[{"@type":"WebPage","@id":"https:\/\/nowymodel.org\/connect2017\/","url":"https:\/\/nowymodel.org\/connect2017\/","name":"CONNECT2017 - nowymodel.org","isPartOf":{"@id":"https:\/\/nowymodel.org\/#website"},"primaryImageOfPage":{"@id":"https:\/\/nowymodel.org\/connect2017\/#primaryimage"},"image":{"@id":"https:\/\/nowymodel.org\/connect2017\/#primaryimage"},"thumbnailUrl":"https:\/\/nowymodel.org\/wp-content\/uploads\/2022\/03\/loco_system_gora_pl_-1-1024x174.jpg","datePublished":"2022-03-31T15:22:10+00:00","dateModified":"2022-05-12T12:08:23+00:00","description":"Pierwszy polski nowatorski uniwersalny system \u0142\u0105cznik\u00f3w meblowych do \u0142\u0105czenia r\u00f3\u017cnych materia\u0142\u00f3w drzewnych w bran\u017cy meblarskiej.","inLanguage":"en-GB","potentialAction":[{"@type":"ReadAction","target":["https:\/\/nowymodel.org\/connect2017\/"]}]},{"@type":"ImageObject","inLanguage":"en-GB","@id":"https:\/\/nowymodel.org\/connect2017\/#primaryimage","url":"https:\/\/nowymodel.org\/wp-content\/uploads\/2022\/03\/loco_system_gora_pl_-1-1024x174.jpg","contentUrl":"https:\/\/nowymodel.org\/wp-content\/uploads\/2022\/03\/loco_system_gora_pl_-1-1024x174.jpg"},{"@type":"WebSite","@id":"https:\/\/nowymodel.org\/#website","url":"https:\/\/nowymodel.org\/","name":"nowymodel.org","description":"","potentialAction":[{"@type":"SearchAction","target":{"@type":"EntryPoint","urlTemplate":"https:\/\/nowymodel.org\/?s={search_term_string}"},"query-input":"required name=search_term_string"}],"inLanguage":"en-GB"}]}},"_links":{"self":[{"href":"https:\/\/nowymodel.org\/en\/wp-json\/wp\/v2\/pages\/1312","targetHints":{"allow":["GET"]}}],"collection":[{"href":"https:\/\/nowymodel.org\/en\/wp-json\/wp\/v2\/pages"}],"about":[{"href":"https:\/\/nowymodel.org\/en\/wp-json\/wp\/v2\/types\/page"}],"author":[{"embeddable":true,"href":"https:\/\/nowymodel.org\/en\/wp-json\/wp\/v2\/users\/2"}],"replies":[{"embeddable":true,"href":"https:\/\/nowymodel.org\/en\/wp-json\/wp\/v2\/comments?post=1312"}],"version-history":[{"count":21,"href":"https:\/\/nowymodel.org\/en\/wp-json\/wp\/v2\/pages\/1312\/revisions"}],"predecessor-version":[{"id":11469,"href":"https:\/\/nowymodel.org\/en\/wp-json\/wp\/v2\/pages\/1312\/revisions\/11469"}],"wp:attachment":[{"href":"https:\/\/nowymodel.org\/en\/wp-json\/wp\/v2\/media?parent=1312"}],"curies":[{"name":"wp","href":"https:\/\/api.w.org\/{rel}","templated":true}]}}