{"id":1293,"date":"2022-03-31T17:09:32","date_gmt":"2022-03-31T15:09:32","guid":{"rendered":"https:\/\/nowymodel.org\/?page_id=1293"},"modified":"2023-11-30T12:41:38","modified_gmt":"2023-11-30T11:41:38","slug":"locosystem","status":"publish","type":"page","link":"https:\/\/nowymodel.org\/en\/locosystem\/","title":{"rendered":"LOCOSYSTEM"},"content":{"rendered":"<div data-elementor-type=\"wp-page\" data-elementor-id=\"1293\" class=\"elementor elementor-1293\">\n\t\t\t\t\t\t<section class=\"elementor-section elementor-top-section elementor-element elementor-element-438b74b9 elementor-section-boxed elementor-section-height-default elementor-section-height-default\" data-id=\"438b74b9\" data-element_type=\"section\">\n\t\t\t\t\t\t<div class=\"elementor-container elementor-column-gap-default\">\n\t\t\t\t\t<div class=\"elementor-column elementor-col-100 elementor-top-column elementor-element elementor-element-303db97d\" data-id=\"303db97d\" data-element_type=\"column\">\n\t\t\t<div class=\"elementor-widget-wrap elementor-element-populated\">\n\t\t\t\t\t\t<div class=\"elementor-element elementor-element-516d8324 elementor-widget elementor-widget-text-editor\" data-id=\"516d8324\" data-element_type=\"widget\" data-widget_type=\"text-editor.default\">\n\t\t\t\t<div class=\"elementor-widget-container\">\n\t\t\t<style>\/*! elementor - v3.20.0 - 10-04-2024 *\/\n.elementor-widget-text-editor.elementor-drop-cap-view-stacked .elementor-drop-cap{background-color:#69727d;color:#fff}.elementor-widget-text-editor.elementor-drop-cap-view-framed .elementor-drop-cap{color:#69727d;border:3px solid;background-color:transparent}.elementor-widget-text-editor:not(.elementor-drop-cap-view-default) .elementor-drop-cap{margin-top:8px}.elementor-widget-text-editor:not(.elementor-drop-cap-view-default) .elementor-drop-cap-letter{width:1em;height:1em}.elementor-widget-text-editor .elementor-drop-cap{float:left;text-align:center;line-height:1;font-size:50px}.elementor-widget-text-editor .elementor-drop-cap-letter{display:inline-block}<\/style>\t\t\t\t<p><!-- wp:separator {\"color\":\"black\",\"className\":\"is-style-wide\"} --><\/p>\n<hr class=\"wp-block-separator has-text-color has-background has-black-background-color has-black-color is-style-wide\">\n<p><!-- \/wp:separator --><\/p>\n<p><!-- wp:heading {\"textAlign\":\"center\",\"backgroundColor\":\"white\"} --><\/p>\n<h2 class=\"has-text-align-center has-white-background-color has-background\"><strong>LOCOSYSTEM<\/strong><br>polymorphic furniture system<\/h2>\n<p><!-- \/wp:heading --><\/p>\n<p><!-- wp:paragraph --><\/p>\n<p class=\"translation-block\">The aim of the project is to develop an innovative multifunctional furniture construction system intended for domestic space and based on: 1) the patented pin rack - LOCOSYSTEM 2) on very strongly stylized structural elements and 3) the know- how allowing the end user to independently build any desired furniture structure. The planned furniture development will be susceptible to multiple transformations depending on the changing needs.<\/p>\n<p><!-- \/wp:paragraph --><\/p>\n<p><!-- wp:paragraph --><\/p>\n<p>It will also be largely resistant to loss of functionality due to damage and wear. Its implementation will be possible either immediately or gradually in a user-adjustable intensity process. This will extend its lifetime and increase its adaptability to the needs of different users.<\/p>\n<p><!-- \/wp:paragraph --><\/p>\n<p><!-- wp:paragraph --><\/p>\n<p>A very advantageous feature of the concept described in the application is its technological and environmental friendliness. This results, among others, in reduction of energy and material intensity of production.<\/p>\n<p><!-- \/wp:paragraph --><\/p>\n<p><!-- wp:paragraph --><\/p>\n<p>The project has taken care of the high design level of the final product, the use of appropriate research methods and the high construction and technological level of the whole solution.<\/p>\n<p><!-- \/wp:paragraph --><\/p>\n<p><!-- wp:paragraph --><\/p>\n<p>The interdisciplinary design team provides an anthropocentric focus when solving the problem, and is in keeping with the ethos of the \"Poznan School of Furniture\".<\/p>\n<p><!-- \/wp:paragraph --><\/p>\n<p><!-- wp:paragraph --><\/p>\n<p class=\"translation-block\"><strong>Planned R&amp;D work<\/strong> starts from methodical specification of end users' expectations, proceeds through virtual and physical prototyping and laboratory tests, up to launching production of a demonstration batch. The project plans to create and use an original reconfigurable laboratory to verify the adopted detailed solutions.<\/p>\n<p><!-- \/wp:paragraph --><\/p>\n<p><!-- wp:paragraph --><\/p>\n<p>Planowanym&nbsp;<strong>efektem<\/strong>&nbsp;jest innowacyjny system mebli oraz innowacyjna metodyka meblowania uwzgl\u0119dniaj\u0105ca dezyderaty projektowania uniwersalnego, czyli o korzystnych cechach ergonomicznych niezale\u017cnie od cech somatycznych jego u\u017cytkownika.<\/p>\n<p><!-- \/wp:paragraph --><\/p>\n<p><!-- wp:paragraph --><\/p>\n<p>The project \"LOCOSYSTEM - polymorphic furniture system\" is co-financed by European Funds under Measure 1.1 of the Operational Programme Intelligent Development \"R&amp;D projects of enterprises\", Sub-measure 1.1.1 \"Industrial research and development works carried out by enterprises\".<\/p>\n<p><!-- \/wp:paragraph --><\/p>\n<p><!-- wp:paragraph --><\/p>\n<p>Project value: 1,497,392.91 PLN<\/p>\n<p><!-- \/wp:paragraph --><\/p>\n<p><!-- wp:paragraph --><\/p>\n<p>European Funds contribution: 1,134,687.06 PLN<\/p>\n<p><!-- \/wp:paragraph --><\/p>\n<p><!-- wp:paragraph --><\/p>\n<p>Beneficiary: DIGITOUCH SP\u00d3\u0141KA Z OGRANICZON\u0104 ODPOWIEDZIALNO\u015aCI\u0104 (brand owner nowymodell.org)&nbsp;<a href=\"https:\/\/nowymodel.org\/en\/\">nowymodel.org<\/a>)<\/p>\n<p><!-- \/wp:paragraph --><\/p>\n<p><!-- wp:image {\"id\":1306,\"sizeSlug\":\"large\",\"linkDestination\":\"none\"} --><\/p>\n<figure class=\"wp-block-image size-large\"><img fetchpriority=\"high\" decoding=\"async\" width=\"1024\" height=\"174\" src=\"https:\/\/nowymodel.org\/wp-content\/uploads\/2022\/03\/loco_system_gora_pl_-1-1024x174.jpg\" alt=\"\" class=\"wp-image-1306\" srcset=\"https:\/\/nowymodel.org\/wp-content\/uploads\/2022\/03\/loco_system_gora_pl_-1-1024x174.jpg 1024w, https:\/\/nowymodel.org\/wp-content\/uploads\/2022\/03\/loco_system_gora_pl_-1-300x51.jpg 300w, https:\/\/nowymodel.org\/wp-content\/uploads\/2022\/03\/loco_system_gora_pl_-1-768x130.jpg 768w, https:\/\/nowymodel.org\/wp-content\/uploads\/2022\/03\/loco_system_gora_pl_-1-18x3.jpg 18w, https:\/\/nowymodel.org\/wp-content\/uploads\/2022\/03\/loco_system_gora_pl_-1-416x71.jpg 416w, https:\/\/nowymodel.org\/wp-content\/uploads\/2022\/03\/loco_system_gora_pl_-1.jpg 1068w\" sizes=\"(max-width: 1024px) 100vw, 1024px\" \/><\/figure>\n<p><!-- \/wp:image --><\/p>\t\t\t\t\t\t<\/div>\n\t\t\t\t<\/div>\n\t\t\t\t\t<\/div>\n\t\t<\/div>\n\t\t\t\t\t<\/div>\n\t\t<\/section>\n\t\t\t\t<section class=\"elementor-section elementor-top-section elementor-element elementor-element-ea44f33 elementor-section-full_width elementor-section-height-default elementor-section-height-default\" data-id=\"ea44f33\" data-element_type=\"section\">\n\t\t\t\t\t\t<div class=\"elementor-container elementor-column-gap-default\">\n\t\t\t\t\t<div class=\"elementor-column elementor-col-100 elementor-top-column elementor-element elementor-element-57c92e2\" data-id=\"57c92e2\" data-element_type=\"column\">\n\t\t\t<div class=\"elementor-widget-wrap elementor-element-populated\">\n\t\t\t\t\t\t<div class=\"elementor-element elementor-element-7b0c2d7 elementor-align-justify elementor-widget elementor-widget-button\" data-id=\"7b0c2d7\" data-element_type=\"widget\" data-widget_type=\"button.default\">\n\t\t\t\t<div class=\"elementor-widget-container\">\n\t\t\t\t\t<div class=\"elementor-button-wrapper\">\n\t\t\t<a class=\"elementor-button elementor-button-link elementor-size-xl\" href=\"https:\/\/nowymodel.org\/wp-content\/uploads\/2022\/04\/katalog_loco_2018_lowres_optimised.pdf\">\n\t\t\t\t\t\t<span class=\"elementor-button-content-wrapper\">\n\t\t\t\t\t\t<span class=\"elementor-button-text\">Katalog loco system<\/span>\n\t\t<\/span>\n\t\t\t\t\t<\/a>\n\t\t<\/div>\n\t\t\t\t<\/div>\n\t\t\t\t<\/div>\n\t\t\t\t\t<\/div>\n\t\t<\/div>\n\t\t\t\t\t<\/div>\n\t\t<\/section>\n\t\t\t\t<\/div>","protected":false},"excerpt":{"rendered":"<p>LOCOSYSTEMpolimorficzny system meblarski Celem projektu&nbsp;jest opracowanie innowacyjnego systemu wielofunkcyjnej zabudowy meblarskiej przeznaczonej dla przestrzeni domowej i opartego o: 1) opatentowany rega\u0142 szpilkowy \u2013 LOCOSYSTEM 2) o bardzo mocno stypizowane elementy konstrukcyjne oraz 3) know- how umo\u017cliwiaj\u0105cy samodzielne zbudowanie przez u\u017cytkownika ko\u0144cowego dowolnej, po\u017c\u0105danej konstrukcji meblarskiej. Planowana zabudowa meblarska b\u0119dzie podatna na jej wielokrotne przekszta\u0142canie w [&hellip;]<\/p>\n","protected":false},"author":2,"featured_media":0,"parent":0,"menu_order":0,"comment_status":"closed","ping_status":"closed","template":"","meta":{"footnotes":""},"class_list":["post-1293","page","type-page","status-publish","hentry"],"yoast_head":"<!-- This site is optimized with the Yoast SEO plugin v22.4 - https:\/\/yoast.com\/wordpress\/plugins\/seo\/ -->\n<title>LOCOSYSTEM - nowymodel.org<\/title>\n<meta name=\"description\" content=\"LOCOSYSTEM to polimorficzny system meblarski. Celem projektu\u00a0jest opracowanie innowacyjnego systemu wielofunkcyjnej zabudowy meblarskiej.\" \/>\n<meta name=\"robots\" content=\"index, follow, max-snippet:-1, max-image-preview:large, max-video-preview:-1\" \/>\n<link rel=\"canonical\" href=\"https:\/\/nowymodel.org\/en\/locosystem\/\" \/>\n<meta property=\"og:locale\" content=\"en_GB\" \/>\n<meta property=\"og:type\" content=\"article\" \/>\n<meta property=\"og:title\" content=\"LOCOSYSTEM - nowymodel.org\" \/>\n<meta property=\"og:description\" content=\"LOCOSYSTEM to polimorficzny system meblarski. Celem projektu\u00a0jest opracowanie innowacyjnego systemu wielofunkcyjnej zabudowy meblarskiej.\" \/>\n<meta property=\"og:url\" content=\"https:\/\/nowymodel.org\/en\/locosystem\/\" \/>\n<meta property=\"og:site_name\" content=\"nowymodel.org\" \/>\n<meta property=\"article:modified_time\" content=\"2023-11-30T11:41:38+00:00\" \/>\n<meta property=\"og:image\" content=\"https:\/\/nowymodel.org\/wp-content\/uploads\/2022\/03\/loco_system_gora_pl_-1-1024x174.jpg\" \/>\n<meta name=\"twitter:card\" content=\"summary_large_image\" \/>\n<meta name=\"twitter:label1\" content=\"Estimated reading time\" \/>\n\t<meta name=\"twitter:data1\" content=\"2 minutes\" \/>\n<script type=\"application\/ld+json\" class=\"yoast-schema-graph\">{\"@context\":\"https:\/\/schema.org\",\"@graph\":[{\"@type\":\"WebPage\",\"@id\":\"https:\/\/nowymodel.org\/locosystem\/\",\"url\":\"https:\/\/nowymodel.org\/locosystem\/\",\"name\":\"LOCOSYSTEM - nowymodel.org\",\"isPartOf\":{\"@id\":\"https:\/\/nowymodel.org\/#website\"},\"primaryImageOfPage\":{\"@id\":\"https:\/\/nowymodel.org\/locosystem\/#primaryimage\"},\"image\":{\"@id\":\"https:\/\/nowymodel.org\/locosystem\/#primaryimage\"},\"thumbnailUrl\":\"https:\/\/nowymodel.org\/wp-content\/uploads\/2022\/03\/loco_system_gora_pl_-1-1024x174.jpg\",\"datePublished\":\"2022-03-31T15:09:32+00:00\",\"dateModified\":\"2023-11-30T11:41:38+00:00\",\"description\":\"LOCOSYSTEM to polimorficzny system meblarski. Celem projektu\u00a0jest opracowanie innowacyjnego systemu wielofunkcyjnej zabudowy meblarskiej.\",\"inLanguage\":\"en-GB\",\"potentialAction\":[{\"@type\":\"ReadAction\",\"target\":[\"https:\/\/nowymodel.org\/locosystem\/\"]}]},{\"@type\":\"ImageObject\",\"inLanguage\":\"en-GB\",\"@id\":\"https:\/\/nowymodel.org\/locosystem\/#primaryimage\",\"url\":\"https:\/\/nowymodel.org\/wp-content\/uploads\/2022\/03\/loco_system_gora_pl_-1-1024x174.jpg\",\"contentUrl\":\"https:\/\/nowymodel.org\/wp-content\/uploads\/2022\/03\/loco_system_gora_pl_-1-1024x174.jpg\"},{\"@type\":\"WebSite\",\"@id\":\"https:\/\/nowymodel.org\/#website\",\"url\":\"https:\/\/nowymodel.org\/\",\"name\":\"nowymodel.org\",\"description\":\"\",\"potentialAction\":[{\"@type\":\"SearchAction\",\"target\":{\"@type\":\"EntryPoint\",\"urlTemplate\":\"https:\/\/nowymodel.org\/?s={search_term_string}\"},\"query-input\":\"required name=search_term_string\"}],\"inLanguage\":\"en-GB\"}]}<\/script>\n<!-- \/ Yoast SEO plugin. -->","yoast_head_json":{"title":"LOCOSYSTEM - nowymodel.org","description":"LOCOSYSTEM to polimorficzny system meblarski. Celem projektu\u00a0jest opracowanie innowacyjnego systemu wielofunkcyjnej zabudowy meblarskiej.","robots":{"index":"index","follow":"follow","max-snippet":"max-snippet:-1","max-image-preview":"max-image-preview:large","max-video-preview":"max-video-preview:-1"},"canonical":"https:\/\/nowymodel.org\/en\/locosystem\/","og_locale":"en_GB","og_type":"article","og_title":"LOCOSYSTEM - nowymodel.org","og_description":"LOCOSYSTEM to polimorficzny system meblarski. Celem projektu\u00a0jest opracowanie innowacyjnego systemu wielofunkcyjnej zabudowy meblarskiej.","og_url":"https:\/\/nowymodel.org\/en\/locosystem\/","og_site_name":"nowymodel.org","article_modified_time":"2023-11-30T11:41:38+00:00","og_image":[{"url":"https:\/\/nowymodel.org\/wp-content\/uploads\/2022\/03\/loco_system_gora_pl_-1-1024x174.jpg"}],"twitter_card":"summary_large_image","twitter_misc":{"Estimated reading time":"2 minutes"},"schema":{"@context":"https:\/\/schema.org","@graph":[{"@type":"WebPage","@id":"https:\/\/nowymodel.org\/locosystem\/","url":"https:\/\/nowymodel.org\/locosystem\/","name":"LOCOSYSTEM - nowymodel.org","isPartOf":{"@id":"https:\/\/nowymodel.org\/#website"},"primaryImageOfPage":{"@id":"https:\/\/nowymodel.org\/locosystem\/#primaryimage"},"image":{"@id":"https:\/\/nowymodel.org\/locosystem\/#primaryimage"},"thumbnailUrl":"https:\/\/nowymodel.org\/wp-content\/uploads\/2022\/03\/loco_system_gora_pl_-1-1024x174.jpg","datePublished":"2022-03-31T15:09:32+00:00","dateModified":"2023-11-30T11:41:38+00:00","description":"LOCOSYSTEM to polimorficzny system meblarski. Celem projektu\u00a0jest opracowanie innowacyjnego systemu wielofunkcyjnej zabudowy meblarskiej.","inLanguage":"en-GB","potentialAction":[{"@type":"ReadAction","target":["https:\/\/nowymodel.org\/locosystem\/"]}]},{"@type":"ImageObject","inLanguage":"en-GB","@id":"https:\/\/nowymodel.org\/locosystem\/#primaryimage","url":"https:\/\/nowymodel.org\/wp-content\/uploads\/2022\/03\/loco_system_gora_pl_-1-1024x174.jpg","contentUrl":"https:\/\/nowymodel.org\/wp-content\/uploads\/2022\/03\/loco_system_gora_pl_-1-1024x174.jpg"},{"@type":"WebSite","@id":"https:\/\/nowymodel.org\/#website","url":"https:\/\/nowymodel.org\/","name":"nowymodel.org","description":"","potentialAction":[{"@type":"SearchAction","target":{"@type":"EntryPoint","urlTemplate":"https:\/\/nowymodel.org\/?s={search_term_string}"},"query-input":"required name=search_term_string"}],"inLanguage":"en-GB"}]}},"_links":{"self":[{"href":"https:\/\/nowymodel.org\/en\/wp-json\/wp\/v2\/pages\/1293","targetHints":{"allow":["GET"]}}],"collection":[{"href":"https:\/\/nowymodel.org\/en\/wp-json\/wp\/v2\/pages"}],"about":[{"href":"https:\/\/nowymodel.org\/en\/wp-json\/wp\/v2\/types\/page"}],"author":[{"embeddable":true,"href":"https:\/\/nowymodel.org\/en\/wp-json\/wp\/v2\/users\/2"}],"replies":[{"embeddable":true,"href":"https:\/\/nowymodel.org\/en\/wp-json\/wp\/v2\/comments?post=1293"}],"version-history":[{"count":21,"href":"https:\/\/nowymodel.org\/en\/wp-json\/wp\/v2\/pages\/1293\/revisions"}],"predecessor-version":[{"id":24291,"href":"https:\/\/nowymodel.org\/en\/wp-json\/wp\/v2\/pages\/1293\/revisions\/24291"}],"wp:attachment":[{"href":"https:\/\/nowymodel.org\/en\/wp-json\/wp\/v2\/media?parent=1293"}],"curies":[{"name":"wp","href":"https:\/\/api.w.org\/{rel}","templated":true}]}}