{"id":12898,"date":"2022-05-04T13:49:08","date_gmt":"2022-05-04T11:49:08","guid":{"rendered":"https:\/\/nowymodel.org\/?page_id=12898"},"modified":"2022-06-13T12:52:09","modified_gmt":"2022-06-13T10:52:09","slug":"polityka-prywatnosci","status":"publish","type":"page","link":"https:\/\/nowymodel.org\/en\/polityka-prywatnosci\/","title":{"rendered":"Privacy Policy"},"content":{"rendered":"<hr class=\"wp-block-separator has-css-opacity is-style-wide\"\/>\n\n\n\n<div class=\"wp-block-group has-white-background-color has-background\"><div class=\"wp-block-group__inner-container is-layout-flow wp-block-group-is-layout-flow\">\n<div style=\"height:29px\" aria-hidden=\"true\" class=\"wp-block-spacer\"><\/div>\n\n\n\n<p>Z uwagi na rozpocz\u0119cie obowi\u0105zywania od dnia 25 maja 2018 r. Rozporz\u0105dzenia Parlamentu Europejskiego i Rady (UE) 2016\/679 z dnia 27 kwietnia 2016 r. w sprawie ochrony os\u00f3b fizycznych w zwi\u0105zku z przetwarzaniem danych osobowych i w sprawie swobodnego przep\u0142ywu takich danych (RODO), uprzejmie informujemy o zasadach przetwarzania przez nas Pa\u0144stwa danych osobowych:<\/p>\n\n\n\n<ol class=\"wp-block-list\"><li>ADMINISTRATOR DANYCH<br>Administratorem Pa\u0144stwa danych osobowych jest Digitouch sp\u00f3\u0142ka z ograniczon\u0105 odpowiedzialno\u015bci\u0105 (w\u0142a\u015bciciel marki nowymodel.org) z siedzib\u0105 w Suchym Lesie, adres : ul. R\u00f3\u017cana 6, 62-002, Suchy Las, wpisana do rejestru przedsi\u0119biorc\u00f3w Krajowego Rejestru S\u0105dowego, prowadzonego przez S\u0105d Rejonowy Pozna\u0144 \u2013 Nowe Miasto i Wilda w Poznaniu, VIII Wydzia\u0142 Gospodarczy Krajowego Rejestru S\u0105dowego z dnia 08.04.2002 pod numerem KRS: 0000103375, NIP: 777-26-35-162, Regon: 634293184.<\/li><li>RODZAJ PRZETWARZANYCH DANYCH<br>Przetworzeniu mog\u0105 ulec dane takie jak: imi\u0119, nazwisko, adres e-mail, numer telefonu, adres, adres IP oraz dodatkowe informacje niezb\u0119dne w celu obs\u0142ugi zapyta\u0144 i zg\u0142osze\u0144, kt\u00f3re Pa\u0144stwo do nas kieruj\u0105 (np. przez formularz kontaktowy czy rejestracj\u0119 w naszym sklepie internetowym) i kontaktowania si\u0119 z Pa\u0144stwem, w tym w celach zwi\u0105zanych ze \u015bwiadczeniem us\u0142ug.<\/li><li>PODSTAWA PRZETWARZANIA DANYCH<br>Podstaw\u0105 prawn\u0105 przetwarzania Pa\u0144stwa danych osobowych jest niezb\u0119dno\u015b\u0107 tego przetwarzania do wykonania umowy (je\u015bli \u015bwiadczymy Pa\u0144stwu us\u0142ugi), a tak\u017ce nasz uzasadniony interes, w szczeg\u00f3lno\u015bci polegaj\u0105cy na umo\u017cliwieniu dochodzenia ewentualnych roszcze\u0144 oraz na mo\u017cliwo\u015bci zapytania Pa\u0144stwa o zgod\u0119 niezb\u0119dn\u0105 do przedstawienia naszej oferty handlowej.<\/li><li>CEL PRZETWARZANIA DANYCH<br>Podane przez Pa\u0144stwa dane osobowe b\u0119d\u0105 przetwarzane w nast\u0119puj\u0105cych celach:<ol type=\"a\"><li>a) wykonania umowy kupna-sprzeda\u017cy produkt\u00f3w oferowanych przez Digitouch Sp. z o.o. (w\u0142a\u015bciciela marki nowymodel.org) \u2013 na podstawie art. 6 ust. 1 pkt b) RODO \u2013 przetwarzanie jest niezb\u0119dne do wykonania umowy, do czasu zako\u0144czenia umowy;<\/li><li>b) marketingu bezpo\u015bredniego \u2013 na podstawie art. 6 ust. 1 pkt f) RODO \u2013 prawnie uzasadnionego interesu Digitouch Sp. z o.o., do czasu zako\u0144czenia umowy lub z\u0142o\u017cenia sprzeciwu na przetwarzanie danych;<\/li><li>c) finansowo \u2013 ksi\u0119gowych \u2013 na podstawie art. 6 ust. 1 pkt c) RODO \u2013 przetwarzanie jest niezb\u0119dne do wykonania przepis\u00f3w prawa m.in. podatkowych, w tym art.74 Ustawy o Rachunkowo\u015bci, do czasu wymaganego w\u0142a\u015bciwymi przepisami prawa podatkowego;<\/li><li>d) obrony przed roszczeniami i dochodzenia roszcze\u0144 \u2013 na podstawie art. 6 ust. 1 pkt f) RODO \u2013 prawnie uzasadnionego interesu przedsi\u0119biorstwa Digitouch Sp. z o.o., do czasu wyga\u015bni\u0119cia okresu roszcze\u0144 zgodnie z Kodeksem Cywilnym;<\/li><li>e) prowadzenia proces\u00f3w reklamacyjnych \u2013 na podstawie art. 6 ust. 1 pkt f) RODO \u2013 prawnie uzasadnionego interesu przedsi\u0119biorstwa Digitouch Sp. z o.o. , przez okres 5 lat od zako\u0144czenia umowy;<\/li><\/ol><\/li><li>ODBIORCY DANYCH<br>W zwi\u0105zku z celami, o kt\u00f3rych mowa powy\u017cej odbiorc\u0105 Pa\u0144stwa danych osobowych mog\u0105 by\u0107 podmioty po\u015brednicz\u0105ce w wykonywanych przez administratora zobowi\u0105zaniach umownych np. dostawcy us\u0142ug IT, ksi\u0119gowych, kancelarii prawnych oraz firmom dostawczym i kurierskim.<\/li><li>OKRES PRZETWARZANIA DANYCH<br>Pa\u0144stwa dane osobowe przetwarzane s\u0105 na zasadzie dobrowolno\u015bci i b\u0119d\u0105 przetwarzane tylko tak d\u0142ugo, jak d\u0142ugo s\u0105 niezb\u0119dne do realizowania ww. cel\u00f3w lub do momentu, gdy wyra\u017c\u0105 Pa\u0144stwo skuteczny sprzeciw wobec ich przetwarzania. Okres przetwarzania danych osobowych mo\u017ce zosta\u0107 ka\u017cdorazowo przed\u0142u\u017cony o okres przedawnienia roszcze\u0144, je\u017celi przetwarzanie danych osobowych b\u0119dzie niezb\u0119dne dla dochodzenia ewentualnych roszcze\u0144 lub obrony przed takimi roszczeniami.<\/li><li>PRAWA OS\u00d3B, KT\u00d3RYCH DANE DOTYCZ\u0104<br>Dlatego, \u017ce pos\u0142ugujemy si\u0119 Pa\u0144stwa danymi osobowymi, maj\u0105 Pa\u0144stwo:<ul><li>prawo wycofania zgody na przetwarzanie danych,<\/li><li>prawo dost\u0119pu do Pa\u0144stwa danych osobowych,<\/li><li>prawo \u017c\u0105dania sprostowania Pa\u0144stwa danych osobowych,<\/li><li>prawo \u017c\u0105dania usuni\u0119cia Pa\u0144stwa danych osobowych,<\/li><li>prawo \u017c\u0105dania ograniczenia przetwarzania Pa\u0144stwa danych osobowych,<\/li><li>prawo wyra\u017cenia sprzeciwu wobec przetwarzania Pa\u0144stwa danych ze wzgl\u0119du na Pa\u0144stwa szczeg\u00f3ln\u0105 sytuacj\u0119 \u2013 w przypadkach, kiedy pos\u0142ugujemy si\u0119 Pa\u0144stwa danymi na podstawie naszego prawnie uzasadnionego interesu,<\/li><li>prawo do przenoszenia Pa\u0144stwa danych osobowych.<br><br>Aby skorzysta\u0107 z powy\u017cszych praw, mog\u0105 si\u0119 Pa\u0144stwo skontaktowa\u0107 z biurem Digitouch Sp. z o.o. w Suchym Lesie, lub wysy\u0142aj\u0105c maila na adres: ochronadanych@nowymodel.org. Maj\u0105 Pa\u0144stwo prawo wniesienia skargi do organu nadzorczego \u2013 Prezesa Urz\u0119du Ochrony Danych Osobowych, ul. Stawki 2, 00-193 Warszawa<\/li><\/ul><\/li><\/ol>\n\n\n\n<p><\/p>\n<\/div><\/div>","protected":false},"excerpt":{"rendered":"<p>Z uwagi na rozpocz\u0119cie obowi\u0105zywania od dnia 25 maja 2018 r. Rozporz\u0105dzenia Parlamentu Europejskiego i Rady (UE) 2016\/679 z dnia 27 kwietnia 2016 r. w sprawie ochrony os\u00f3b fizycznych w zwi\u0105zku z przetwarzaniem danych osobowych i w sprawie swobodnego przep\u0142ywu takich danych (RODO), uprzejmie informujemy o zasadach przetwarzania przez nas Pa\u0144stwa danych osobowych: ADMINISTRATOR DANYCHAdministratorem [&hellip;]<\/p>\n","protected":false},"author":2,"featured_media":0,"parent":0,"menu_order":0,"comment_status":"closed","ping_status":"closed","template":"","meta":{"footnotes":""},"class_list":["post-12898","page","type-page","status-publish","hentry"],"yoast_head":"<!-- This site is optimized with the Yoast SEO plugin v22.4 - https:\/\/yoast.com\/wordpress\/plugins\/seo\/ -->\n<title>Polityka prywatno\u015bci - nowymodel.org<\/title>\n<meta name=\"description\" content=\"Jeste\u015bmy zespo\u0142em pasjonat\u00f3w, kt\u00f3ry pragnie dopisa\u0107 ci\u0105g dalszy wspania\u0142ej historii polskiego wzornictwa i sztuk u\u017cytkowych.\" \/>\n<meta name=\"robots\" content=\"index, follow, max-snippet:-1, max-image-preview:large, max-video-preview:-1\" \/>\n<link rel=\"canonical\" href=\"https:\/\/nowymodel.org\/en\/polityka-prywatnosci\/\" \/>\n<meta property=\"og:locale\" content=\"en_GB\" \/>\n<meta property=\"og:type\" content=\"article\" \/>\n<meta property=\"og:title\" content=\"Polityka prywatno\u015bci - nowymodel.org\" \/>\n<meta property=\"og:description\" content=\"Jeste\u015bmy zespo\u0142em pasjonat\u00f3w, kt\u00f3ry pragnie dopisa\u0107 ci\u0105g dalszy wspania\u0142ej historii polskiego wzornictwa i sztuk u\u017cytkowych.\" \/>\n<meta property=\"og:url\" content=\"https:\/\/nowymodel.org\/en\/polityka-prywatnosci\/\" \/>\n<meta property=\"og:site_name\" content=\"nowymodel.org\" \/>\n<meta property=\"article:modified_time\" content=\"2022-06-13T10:52:09+00:00\" \/>\n<meta name=\"twitter:card\" content=\"summary_large_image\" \/>\n<meta name=\"twitter:label1\" content=\"Estimated reading time\" \/>\n\t<meta name=\"twitter:data1\" content=\"4 minutes\" \/>\n<script type=\"application\/ld+json\" class=\"yoast-schema-graph\">{\"@context\":\"https:\/\/schema.org\",\"@graph\":[{\"@type\":\"WebPage\",\"@id\":\"https:\/\/nowymodel.org\/polityka-prywatnosci\/\",\"url\":\"https:\/\/nowymodel.org\/polityka-prywatnosci\/\",\"name\":\"Polityka prywatno\u015bci - nowymodel.org\",\"isPartOf\":{\"@id\":\"https:\/\/nowymodel.org\/#website\"},\"datePublished\":\"2022-05-04T11:49:08+00:00\",\"dateModified\":\"2022-06-13T10:52:09+00:00\",\"description\":\"Jeste\u015bmy zespo\u0142em pasjonat\u00f3w, kt\u00f3ry pragnie dopisa\u0107 ci\u0105g dalszy wspania\u0142ej historii polskiego wzornictwa i sztuk u\u017cytkowych.\",\"inLanguage\":\"en-GB\",\"potentialAction\":[{\"@type\":\"ReadAction\",\"target\":[\"https:\/\/nowymodel.org\/polityka-prywatnosci\/\"]}]},{\"@type\":\"WebSite\",\"@id\":\"https:\/\/nowymodel.org\/#website\",\"url\":\"https:\/\/nowymodel.org\/\",\"name\":\"nowymodel.org\",\"description\":\"\",\"potentialAction\":[{\"@type\":\"SearchAction\",\"target\":{\"@type\":\"EntryPoint\",\"urlTemplate\":\"https:\/\/nowymodel.org\/?s={search_term_string}\"},\"query-input\":\"required name=search_term_string\"}],\"inLanguage\":\"en-GB\"}]}<\/script>\n<!-- \/ Yoast SEO plugin. -->","yoast_head_json":{"title":"Polityka prywatno\u015bci - nowymodel.org","description":"Jeste\u015bmy zespo\u0142em pasjonat\u00f3w, kt\u00f3ry pragnie dopisa\u0107 ci\u0105g dalszy wspania\u0142ej historii polskiego wzornictwa i sztuk u\u017cytkowych.","robots":{"index":"index","follow":"follow","max-snippet":"max-snippet:-1","max-image-preview":"max-image-preview:large","max-video-preview":"max-video-preview:-1"},"canonical":"https:\/\/nowymodel.org\/en\/polityka-prywatnosci\/","og_locale":"en_GB","og_type":"article","og_title":"Polityka prywatno\u015bci - nowymodel.org","og_description":"Jeste\u015bmy zespo\u0142em pasjonat\u00f3w, kt\u00f3ry pragnie dopisa\u0107 ci\u0105g dalszy wspania\u0142ej historii polskiego wzornictwa i sztuk u\u017cytkowych.","og_url":"https:\/\/nowymodel.org\/en\/polityka-prywatnosci\/","og_site_name":"nowymodel.org","article_modified_time":"2022-06-13T10:52:09+00:00","twitter_card":"summary_large_image","twitter_misc":{"Estimated reading time":"4 minutes"},"schema":{"@context":"https:\/\/schema.org","@graph":[{"@type":"WebPage","@id":"https:\/\/nowymodel.org\/polityka-prywatnosci\/","url":"https:\/\/nowymodel.org\/polityka-prywatnosci\/","name":"Polityka prywatno\u015bci - nowymodel.org","isPartOf":{"@id":"https:\/\/nowymodel.org\/#website"},"datePublished":"2022-05-04T11:49:08+00:00","dateModified":"2022-06-13T10:52:09+00:00","description":"Jeste\u015bmy zespo\u0142em pasjonat\u00f3w, kt\u00f3ry pragnie dopisa\u0107 ci\u0105g dalszy wspania\u0142ej historii polskiego wzornictwa i sztuk u\u017cytkowych.","inLanguage":"en-GB","potentialAction":[{"@type":"ReadAction","target":["https:\/\/nowymodel.org\/polityka-prywatnosci\/"]}]},{"@type":"WebSite","@id":"https:\/\/nowymodel.org\/#website","url":"https:\/\/nowymodel.org\/","name":"nowymodel.org","description":"","potentialAction":[{"@type":"SearchAction","target":{"@type":"EntryPoint","urlTemplate":"https:\/\/nowymodel.org\/?s={search_term_string}"},"query-input":"required name=search_term_string"}],"inLanguage":"en-GB"}]}},"_links":{"self":[{"href":"https:\/\/nowymodel.org\/en\/wp-json\/wp\/v2\/pages\/12898","targetHints":{"allow":["GET"]}}],"collection":[{"href":"https:\/\/nowymodel.org\/en\/wp-json\/wp\/v2\/pages"}],"about":[{"href":"https:\/\/nowymodel.org\/en\/wp-json\/wp\/v2\/types\/page"}],"author":[{"embeddable":true,"href":"https:\/\/nowymodel.org\/en\/wp-json\/wp\/v2\/users\/2"}],"replies":[{"embeddable":true,"href":"https:\/\/nowymodel.org\/en\/wp-json\/wp\/v2\/comments?post=12898"}],"version-history":[{"count":5,"href":"https:\/\/nowymodel.org\/en\/wp-json\/wp\/v2\/pages\/12898\/revisions"}],"predecessor-version":[{"id":13458,"href":"https:\/\/nowymodel.org\/en\/wp-json\/wp\/v2\/pages\/12898\/revisions\/13458"}],"wp:attachment":[{"href":"https:\/\/nowymodel.org\/en\/wp-json\/wp\/v2\/media?parent=12898"}],"curies":[{"name":"wp","href":"https:\/\/api.w.org\/{rel}","templated":true}]}}