{"id":1289,"date":"2022-03-31T17:14:45","date_gmt":"2022-03-31T15:14:45","guid":{"rendered":"https:\/\/nowymodel.org\/?page_id=1289"},"modified":"2022-05-12T14:48:17","modified_gmt":"2022-05-12T12:48:17","slug":"projekty-unijne","status":"publish","type":"page","link":"https:\/\/nowymodel.org\/en\/projekty-unijne\/","title":{"rendered":"EU Projects"},"content":{"rendered":"<div style=\"height:100px\" aria-hidden=\"true\" class=\"wp-block-spacer\"><\/div>\n\n\n\n<div class=\"wp-block-buttons is-layout-flex wp-block-buttons-is-layout-flex\">\n<div class=\"wp-block-button has-custom-width wp-block-button__width-100 has-custom-font-size is-style-outline has-huge-font-size is-style-outline--1\"><a class=\"wp-block-button__link\" href=\"https:\/\/nowymodel.org\/en\/locosystem\/\" target=\"_blank\" rel=\"noreferrer noopener\">LOCOSYSTEM<\/a><\/div>\n<\/div>\n\n\n\n<div class=\"wp-block-buttons is-layout-flex wp-block-buttons-is-layout-flex\">\n<div class=\"wp-block-button has-custom-width wp-block-button__width-100 has-custom-font-size is-style-outline has-huge-font-size is-style-outline--2\"><a class=\"wp-block-button__link\" href=\"https:\/\/nowymodel.org\/en\/connect2017\/\" target=\"_blank\" rel=\"noreferrer noopener\">CONNECT2017<\/a><\/div>\n<\/div>\n\n\n\n<div class=\"wp-block-buttons is-layout-flex wp-block-buttons-is-layout-flex\">\n<div class=\"wp-block-button has-custom-width wp-block-button__width-100 has-custom-font-size is-style-outline has-huge-font-size is-style-outline--3\"><a class=\"wp-block-button__link\" href=\"https:\/\/nowymodel.org\/en\/genua\/\" target=\"_blank\" rel=\"noreferrer noopener\">GENUA<\/a><\/div>\n<\/div>","protected":false},"excerpt":{"rendered":"","protected":false},"author":2,"featured_media":0,"parent":0,"menu_order":0,"comment_status":"closed","ping_status":"closed","template":"template-fullwidth.php","meta":{"footnotes":""},"class_list":["post-1289","page","type-page","status-publish","hentry"],"yoast_head":"<!-- This site is optimized with the Yoast SEO plugin v22.4 - https:\/\/yoast.com\/wordpress\/plugins\/seo\/ -->\n<title>Projekty unijne - nowymodel.org<\/title>\n<meta name=\"description\" content=\"Jeste\u015bmy zespo\u0142em pasjonat\u00f3w, kt\u00f3ry pragnie dopisa\u0107 ci\u0105g dalszy wspania\u0142ej historii polskiego wzornictwa i sztuk u\u017cytkowych.\" \/>\n<meta name=\"robots\" content=\"index, follow, max-snippet:-1, max-image-preview:large, max-video-preview:-1\" \/>\n<link rel=\"canonical\" href=\"https:\/\/nowymodel.org\/en\/projekty-unijne\/\" \/>\n<meta property=\"og:locale\" content=\"en_GB\" \/>\n<meta property=\"og:type\" content=\"article\" \/>\n<meta property=\"og:title\" content=\"Projekty unijne - nowymodel.org\" \/>\n<meta property=\"og:description\" content=\"Jeste\u015bmy zespo\u0142em pasjonat\u00f3w, kt\u00f3ry pragnie dopisa\u0107 ci\u0105g dalszy wspania\u0142ej historii polskiego wzornictwa i sztuk u\u017cytkowych.\" \/>\n<meta property=\"og:url\" content=\"https:\/\/nowymodel.org\/en\/projekty-unijne\/\" \/>\n<meta property=\"og:site_name\" content=\"nowymodel.org\" \/>\n<meta property=\"article:modified_time\" content=\"2022-05-12T12:48:17+00:00\" \/>\n<meta name=\"twitter:card\" content=\"summary_large_image\" \/>\n<meta name=\"twitter:label1\" content=\"Estimated reading time\" \/>\n\t<meta name=\"twitter:data1\" content=\"1 minute\" \/>\n<script type=\"application\/ld+json\" class=\"yoast-schema-graph\">{\"@context\":\"https:\/\/schema.org\",\"@graph\":[{\"@type\":\"WebPage\",\"@id\":\"https:\/\/nowymodel.org\/projekty-unijne\/\",\"url\":\"https:\/\/nowymodel.org\/projekty-unijne\/\",\"name\":\"Projekty unijne - nowymodel.org\",\"isPartOf\":{\"@id\":\"https:\/\/nowymodel.org\/#website\"},\"datePublished\":\"2022-03-31T15:14:45+00:00\",\"dateModified\":\"2022-05-12T12:48:17+00:00\",\"description\":\"Jeste\u015bmy zespo\u0142em pasjonat\u00f3w, kt\u00f3ry pragnie dopisa\u0107 ci\u0105g dalszy wspania\u0142ej historii polskiego wzornictwa i sztuk u\u017cytkowych.\",\"inLanguage\":\"en-GB\",\"potentialAction\":[{\"@type\":\"ReadAction\",\"target\":[\"https:\/\/nowymodel.org\/projekty-unijne\/\"]}]},{\"@type\":\"WebSite\",\"@id\":\"https:\/\/nowymodel.org\/#website\",\"url\":\"https:\/\/nowymodel.org\/\",\"name\":\"nowymodel.org\",\"description\":\"\",\"potentialAction\":[{\"@type\":\"SearchAction\",\"target\":{\"@type\":\"EntryPoint\",\"urlTemplate\":\"https:\/\/nowymodel.org\/?s={search_term_string}\"},\"query-input\":\"required name=search_term_string\"}],\"inLanguage\":\"en-GB\"}]}<\/script>\n<!-- \/ Yoast SEO plugin. -->","yoast_head_json":{"title":"Projekty unijne - nowymodel.org","description":"Jeste\u015bmy zespo\u0142em pasjonat\u00f3w, kt\u00f3ry pragnie dopisa\u0107 ci\u0105g dalszy wspania\u0142ej historii polskiego wzornictwa i sztuk u\u017cytkowych.","robots":{"index":"index","follow":"follow","max-snippet":"max-snippet:-1","max-image-preview":"max-image-preview:large","max-video-preview":"max-video-preview:-1"},"canonical":"https:\/\/nowymodel.org\/en\/projekty-unijne\/","og_locale":"en_GB","og_type":"article","og_title":"Projekty unijne - nowymodel.org","og_description":"Jeste\u015bmy zespo\u0142em pasjonat\u00f3w, kt\u00f3ry pragnie dopisa\u0107 ci\u0105g dalszy wspania\u0142ej historii polskiego wzornictwa i sztuk u\u017cytkowych.","og_url":"https:\/\/nowymodel.org\/en\/projekty-unijne\/","og_site_name":"nowymodel.org","article_modified_time":"2022-05-12T12:48:17+00:00","twitter_card":"summary_large_image","twitter_misc":{"Estimated reading time":"1 minute"},"schema":{"@context":"https:\/\/schema.org","@graph":[{"@type":"WebPage","@id":"https:\/\/nowymodel.org\/projekty-unijne\/","url":"https:\/\/nowymodel.org\/projekty-unijne\/","name":"Projekty unijne - nowymodel.org","isPartOf":{"@id":"https:\/\/nowymodel.org\/#website"},"datePublished":"2022-03-31T15:14:45+00:00","dateModified":"2022-05-12T12:48:17+00:00","description":"Jeste\u015bmy zespo\u0142em pasjonat\u00f3w, kt\u00f3ry pragnie dopisa\u0107 ci\u0105g dalszy wspania\u0142ej historii polskiego wzornictwa i sztuk u\u017cytkowych.","inLanguage":"en-GB","potentialAction":[{"@type":"ReadAction","target":["https:\/\/nowymodel.org\/projekty-unijne\/"]}]},{"@type":"WebSite","@id":"https:\/\/nowymodel.org\/#website","url":"https:\/\/nowymodel.org\/","name":"nowymodel.org","description":"","potentialAction":[{"@type":"SearchAction","target":{"@type":"EntryPoint","urlTemplate":"https:\/\/nowymodel.org\/?s={search_term_string}"},"query-input":"required name=search_term_string"}],"inLanguage":"en-GB"}]}},"_links":{"self":[{"href":"https:\/\/nowymodel.org\/en\/wp-json\/wp\/v2\/pages\/1289","targetHints":{"allow":["GET"]}}],"collection":[{"href":"https:\/\/nowymodel.org\/en\/wp-json\/wp\/v2\/pages"}],"about":[{"href":"https:\/\/nowymodel.org\/en\/wp-json\/wp\/v2\/types\/page"}],"author":[{"embeddable":true,"href":"https:\/\/nowymodel.org\/en\/wp-json\/wp\/v2\/users\/2"}],"replies":[{"embeddable":true,"href":"https:\/\/nowymodel.org\/en\/wp-json\/wp\/v2\/comments?post=1289"}],"version-history":[{"count":3,"href":"https:\/\/nowymodel.org\/en\/wp-json\/wp\/v2\/pages\/1289\/revisions"}],"predecessor-version":[{"id":1354,"href":"https:\/\/nowymodel.org\/en\/wp-json\/wp\/v2\/pages\/1289\/revisions\/1354"}],"wp:attachment":[{"href":"https:\/\/nowymodel.org\/en\/wp-json\/wp\/v2\/media?parent=1289"}],"curies":[{"name":"wp","href":"https:\/\/api.w.org\/{rel}","templated":true}]}}