{"id":11751,"date":"2022-04-14T14:48:33","date_gmt":"2022-04-14T12:48:33","guid":{"rendered":"https:\/\/nowymodel.org\/?page_id=11751"},"modified":"2023-07-31T16:22:41","modified_gmt":"2023-07-31T14:22:41","slug":"dla-architekta","status":"publish","type":"page","link":"https:\/\/nowymodel.org\/en\/dla-architekta\/","title":{"rendered":"For architects"},"content":{"rendered":"<hr class=\"wp-block-separator has-css-opacity is-style-wide\"\/>\n\n\n\n<h1 class=\"wp-block-heading has-text-align-center has-white-background-color has-background\"><strong>We invite designers, architects and interior designers to cooperate with us.<\/strong><\/h1>\n\n\n\n<h2 class=\"wp-block-heading has-text-align-center\"><a href=\"https:\/\/drive.google.com\/drive\/folders\/14QGMQ9n7xT51nvQ-Xp9Bunxhv0Rs5RNI?usp=drive_link\" target=\"_blank\" rel=\"noreferrer noopener\">Dysponujemy baz\u0105 modeli 3D.<\/a><\/h2>\n\n\n\n<div style=\"height:37px\" aria-hidden=\"true\" class=\"wp-block-spacer\"><\/div>\n\n\n\n<div class=\"wp-block-cover is-light has-normal-font-size\"><span aria-hidden=\"true\" class=\"wp-block-cover__background has-background-dim-0 has-background-dim\"><\/span><img fetchpriority=\"high\" decoding=\"async\" width=\"1920\" height=\"1040\" class=\"wp-block-cover__image-background wp-image-23798\" alt=\"3d_sideboard_nexus\" src=\"https:\/\/nowymodel.org\/wp-content\/uploads\/2023\/02\/3d_sideboard_nexus.gif\" data-object-fit=\"cover\"\/><div class=\"wp-block-cover__inner-container is-layout-flow wp-block-cover-is-layout-flow\">\n<p><\/p>\n<\/div><\/div>\n\n\n\n<p class=\"has-text-align-center has-small-font-size\"><a href=\"https:\/\/www.dropbox.com\/home\/modele%203d\">nexus_sideboard_3D<\/a><\/p>\n\n\n\n<div style=\"height:37px\" aria-hidden=\"true\" class=\"wp-block-spacer\"><\/div>\n\n\n\n<div class=\"wp-block-group\"><div class=\"wp-block-group__inner-container is-layout-flow wp-block-group-is-layout-flow\">\n<div class=\"wp-block-buttons is-layout-flex wp-block-buttons-is-layout-flex\">\n<div class=\"wp-block-button has-custom-width wp-block-button__width-100 has-custom-font-size is-style-outline has-normal-font-size is-style-outline--1\"><a class=\"wp-block-button__link has-white-background-color has-text-color has-background wp-element-button\" href=\"https:\/\/nowymodel.org\/en\/kontakt\/\" style=\"border-radius:0px;color:#0000008c\">Zapraszamy do kontaktu     \u2709<\/a><\/div>\n<\/div>\n<\/div><\/div>\n\n\n\n<div style=\"height:37px\" aria-hidden=\"true\" class=\"wp-block-spacer\"><\/div>\n\n\n\n<ul class=\"wp-block-social-links has-icon-color is-style-logos-only is-content-justification-center is-layout-flex wp-container-core-social-links-is-layout-16018d1d wp-block-social-links-is-layout-flex\"><li style=\"color:#000000b0;\" class=\"wp-social-link wp-social-link-instagram  wp-block-social-link\"><a rel=\"noopener nofollow\" target=\"_blank\" href=\"https:\/\/www.instagram.com\/nowymodel\/\" class=\"wp-block-social-link-anchor\"><svg width=\"24\" height=\"24\" viewbox=\"0 0 24 24\" version=\"1.1\" xmlns=\"http:\/\/www.w3.org\/2000\/svg\" aria-hidden=\"true\" focusable=\"false\"><path d=\"M12,4.622c2.403,0,2.688,0.009,3.637,0.052c0.877,0.04,1.354,0.187,1.671,0.31c0.42,0.163,0.72,0.358,1.035,0.673 c0.315,0.315,0.51,0.615,0.673,1.035c0.123,0.317,0.27,0.794,0.31,1.671c0.043,0.949,0.052,1.234,0.052,3.637 s-0.009,2.688-0.052,3.637c-0.04,0.877-0.187,1.354-0.31,1.671c-0.163,0.42-0.358,0.72-0.673,1.035 c-0.315,0.315-0.615,0.51-1.035,0.673c-0.317,0.123-0.794,0.27-1.671,0.31c-0.949,0.043-1.233,0.052-3.637,0.052 s-2.688-0.009-3.637-0.052c-0.877-0.04-1.354-0.187-1.671-0.31c-0.42-0.163-0.72-0.358-1.035-0.673 c-0.315-0.315-0.51-0.615-0.673-1.035c-0.123-0.317-0.27-0.794-0.31-1.671C4.631,14.688,4.622,14.403,4.622,12 s0.009-2.688,0.052-3.637c0.04-0.877,0.187-1.354,0.31-1.671c0.163-0.42,0.358-0.72,0.673-1.035 c0.315-0.315,0.615-0.51,1.035-0.673c0.317-0.123,0.794-0.27,1.671-0.31C9.312,4.631,9.597,4.622,12,4.622 M12,3 C9.556,3,9.249,3.01,8.289,3.054C7.331,3.098,6.677,3.25,6.105,3.472C5.513,3.702,5.011,4.01,4.511,4.511 c-0.5,0.5-0.808,1.002-1.038,1.594C3.25,6.677,3.098,7.331,3.054,8.289C3.01,9.249,3,9.556,3,12c0,2.444,0.01,2.751,0.054,3.711 c0.044,0.958,0.196,1.612,0.418,2.185c0.23,0.592,0.538,1.094,1.038,1.594c0.5,0.5,1.002,0.808,1.594,1.038 c0.572,0.222,1.227,0.375,2.185,0.418C9.249,20.99,9.556,21,12,21s2.751-0.01,3.711-0.054c0.958-0.044,1.612-0.196,2.185-0.418 c0.592-0.23,1.094-0.538,1.594-1.038c0.5-0.5,0.808-1.002,1.038-1.594c0.222-0.572,0.375-1.227,0.418-2.185 C20.99,14.751,21,14.444,21,12s-0.01-2.751-0.054-3.711c-0.044-0.958-0.196-1.612-0.418-2.185c-0.23-0.592-0.538-1.094-1.038-1.594 c-0.5-0.5-1.002-0.808-1.594-1.038c-0.572-0.222-1.227-0.375-2.185-0.418C14.751,3.01,14.444,3,12,3L12,3z M12,7.378 c-2.552,0-4.622,2.069-4.622,4.622S9.448,16.622,12,16.622s4.622-2.069,4.622-4.622S14.552,7.378,12,7.378z M12,15 c-1.657,0-3-1.343-3-3s1.343-3,3-3s3,1.343,3,3S13.657,15,12,15z M16.804,6.116c-0.596,0-1.08,0.484-1.08,1.08 s0.484,1.08,1.08,1.08c0.596,0,1.08-0.484,1.08-1.08S17.401,6.116,16.804,6.116z\"><\/path><\/svg><span class=\"wp-block-social-link-label screen-reader-text\">Instagram<\/span><\/a><\/li>\n\n<li style=\"color:#000000b0;\" class=\"wp-social-link wp-social-link-facebook  wp-block-social-link\"><a rel=\"noopener nofollow\" target=\"_blank\" href=\"https:\/\/www.facebook.com\/nowymodel.org\/?locale=pl_PL\" class=\"wp-block-social-link-anchor\"><svg width=\"24\" height=\"24\" viewbox=\"0 0 24 24\" version=\"1.1\" xmlns=\"http:\/\/www.w3.org\/2000\/svg\" aria-hidden=\"true\" focusable=\"false\"><path d=\"M12 2C6.5 2 2 6.5 2 12c0 5 3.7 9.1 8.4 9.9v-7H7.9V12h2.5V9.8c0-2.5 1.5-3.9 3.8-3.9 1.1 0 2.2.2 2.2.2v2.5h-1.3c-1.2 0-1.6.8-1.6 1.6V12h2.8l-.4 2.9h-2.3v7C18.3 21.1 22 17 22 12c0-5.5-4.5-10-10-10z\"><\/path><\/svg><span class=\"wp-block-social-link-label screen-reader-text\">Facebook<\/span><\/a><\/li><\/ul>\n\n\n\n<div style=\"height:42px\" aria-hidden=\"true\" class=\"wp-block-spacer\"><\/div>","protected":false},"excerpt":{"rendered":"<p>Zapraszamy do wsp\u00f3\u0142pracy designerer\u00f3w, architekt\u00f3w i projektant\u00f3w wn\u0119trz. Dysponujemy baz\u0105 modeli 3D. nexus_sideboard_3D<\/p>","protected":false},"author":2,"featured_media":0,"parent":0,"menu_order":0,"comment_status":"closed","ping_status":"closed","template":"template-fullwidth.php","meta":{"footnotes":""},"class_list":["post-11751","page","type-page","status-publish","hentry"],"yoast_head":"<!-- This site is optimized with the Yoast SEO plugin v22.4 - https:\/\/yoast.com\/wordpress\/plugins\/seo\/ -->\n<title>Dla architekta - nowymodel.org<\/title>\n<meta name=\"description\" content=\"Zapraszamy do wsp\u00f3\u0142pracy designerer\u00f3w, architekt\u00f3w i projektant\u00f3w wn\u0119trz. Dysponujemy baz\u0105 modeli 3D. Zapraszamy do kontaktu.\" \/>\n<meta name=\"robots\" content=\"index, follow, max-snippet:-1, max-image-preview:large, max-video-preview:-1\" \/>\n<link rel=\"canonical\" href=\"https:\/\/nowymodel.org\/en\/dla-architekta\/\" \/>\n<meta property=\"og:locale\" content=\"en_GB\" \/>\n<meta property=\"og:type\" content=\"article\" \/>\n<meta property=\"og:title\" content=\"Dla architekta - nowymodel.org\" \/>\n<meta property=\"og:description\" content=\"Zapraszamy do wsp\u00f3\u0142pracy designerer\u00f3w, architekt\u00f3w i projektant\u00f3w wn\u0119trz. Dysponujemy baz\u0105 modeli 3D. Zapraszamy do kontaktu.\" \/>\n<meta property=\"og:url\" content=\"https:\/\/nowymodel.org\/en\/dla-architekta\/\" \/>\n<meta property=\"og:site_name\" content=\"nowymodel.org\" \/>\n<meta property=\"article:modified_time\" content=\"2023-07-31T14:22:41+00:00\" \/>\n<meta property=\"og:image\" content=\"https:\/\/nowymodel.org\/wp-content\/uploads\/2023\/02\/3d_sideboard_nexus.gif\" \/>\n<meta name=\"twitter:card\" content=\"summary_large_image\" \/>\n<meta name=\"twitter:label1\" content=\"Estimated reading time\" \/>\n\t<meta name=\"twitter:data1\" content=\"1 minute\" \/>\n<script type=\"application\/ld+json\" class=\"yoast-schema-graph\">{\"@context\":\"https:\/\/schema.org\",\"@graph\":[{\"@type\":\"WebPage\",\"@id\":\"https:\/\/nowymodel.org\/dla-architekta\/\",\"url\":\"https:\/\/nowymodel.org\/dla-architekta\/\",\"name\":\"Dla architekta - nowymodel.org\",\"isPartOf\":{\"@id\":\"https:\/\/nowymodel.org\/#website\"},\"primaryImageOfPage\":{\"@id\":\"https:\/\/nowymodel.org\/dla-architekta\/#primaryimage\"},\"image\":{\"@id\":\"https:\/\/nowymodel.org\/dla-architekta\/#primaryimage\"},\"thumbnailUrl\":\"https:\/\/nowymodel.org\/wp-content\/uploads\/2023\/02\/3d_sideboard_nexus.gif\",\"datePublished\":\"2022-04-14T12:48:33+00:00\",\"dateModified\":\"2023-07-31T14:22:41+00:00\",\"description\":\"Zapraszamy do wsp\u00f3\u0142pracy designerer\u00f3w, architekt\u00f3w i projektant\u00f3w wn\u0119trz. Dysponujemy baz\u0105 modeli 3D. Zapraszamy do kontaktu.\",\"inLanguage\":\"en-GB\",\"potentialAction\":[{\"@type\":\"ReadAction\",\"target\":[\"https:\/\/nowymodel.org\/dla-architekta\/\"]}]},{\"@type\":\"ImageObject\",\"inLanguage\":\"en-GB\",\"@id\":\"https:\/\/nowymodel.org\/dla-architekta\/#primaryimage\",\"url\":\"https:\/\/nowymodel.org\/wp-content\/uploads\/2023\/02\/3d_sideboard_nexus.gif\",\"contentUrl\":\"https:\/\/nowymodel.org\/wp-content\/uploads\/2023\/02\/3d_sideboard_nexus.gif\"},{\"@type\":\"WebSite\",\"@id\":\"https:\/\/nowymodel.org\/#website\",\"url\":\"https:\/\/nowymodel.org\/\",\"name\":\"nowymodel.org\",\"description\":\"\",\"potentialAction\":[{\"@type\":\"SearchAction\",\"target\":{\"@type\":\"EntryPoint\",\"urlTemplate\":\"https:\/\/nowymodel.org\/?s={search_term_string}\"},\"query-input\":\"required name=search_term_string\"}],\"inLanguage\":\"en-GB\"}]}<\/script>\n<!-- \/ Yoast SEO plugin. -->","yoast_head_json":{"title":"Dla architekta - nowymodel.org","description":"Zapraszamy do wsp\u00f3\u0142pracy designerer\u00f3w, architekt\u00f3w i projektant\u00f3w wn\u0119trz. Dysponujemy baz\u0105 modeli 3D. Zapraszamy do kontaktu.","robots":{"index":"index","follow":"follow","max-snippet":"max-snippet:-1","max-image-preview":"max-image-preview:large","max-video-preview":"max-video-preview:-1"},"canonical":"https:\/\/nowymodel.org\/en\/dla-architekta\/","og_locale":"en_GB","og_type":"article","og_title":"Dla architekta - nowymodel.org","og_description":"Zapraszamy do wsp\u00f3\u0142pracy designerer\u00f3w, architekt\u00f3w i projektant\u00f3w wn\u0119trz. Dysponujemy baz\u0105 modeli 3D. Zapraszamy do kontaktu.","og_url":"https:\/\/nowymodel.org\/en\/dla-architekta\/","og_site_name":"nowymodel.org","article_modified_time":"2023-07-31T14:22:41+00:00","og_image":[{"url":"https:\/\/nowymodel.org\/wp-content\/uploads\/2023\/02\/3d_sideboard_nexus.gif"}],"twitter_card":"summary_large_image","twitter_misc":{"Estimated reading time":"1 minute"},"schema":{"@context":"https:\/\/schema.org","@graph":[{"@type":"WebPage","@id":"https:\/\/nowymodel.org\/dla-architekta\/","url":"https:\/\/nowymodel.org\/dla-architekta\/","name":"Dla architekta - nowymodel.org","isPartOf":{"@id":"https:\/\/nowymodel.org\/#website"},"primaryImageOfPage":{"@id":"https:\/\/nowymodel.org\/dla-architekta\/#primaryimage"},"image":{"@id":"https:\/\/nowymodel.org\/dla-architekta\/#primaryimage"},"thumbnailUrl":"https:\/\/nowymodel.org\/wp-content\/uploads\/2023\/02\/3d_sideboard_nexus.gif","datePublished":"2022-04-14T12:48:33+00:00","dateModified":"2023-07-31T14:22:41+00:00","description":"Zapraszamy do wsp\u00f3\u0142pracy designerer\u00f3w, architekt\u00f3w i projektant\u00f3w wn\u0119trz. Dysponujemy baz\u0105 modeli 3D. Zapraszamy do kontaktu.","inLanguage":"en-GB","potentialAction":[{"@type":"ReadAction","target":["https:\/\/nowymodel.org\/dla-architekta\/"]}]},{"@type":"ImageObject","inLanguage":"en-GB","@id":"https:\/\/nowymodel.org\/dla-architekta\/#primaryimage","url":"https:\/\/nowymodel.org\/wp-content\/uploads\/2023\/02\/3d_sideboard_nexus.gif","contentUrl":"https:\/\/nowymodel.org\/wp-content\/uploads\/2023\/02\/3d_sideboard_nexus.gif"},{"@type":"WebSite","@id":"https:\/\/nowymodel.org\/#website","url":"https:\/\/nowymodel.org\/","name":"nowymodel.org","description":"","potentialAction":[{"@type":"SearchAction","target":{"@type":"EntryPoint","urlTemplate":"https:\/\/nowymodel.org\/?s={search_term_string}"},"query-input":"required name=search_term_string"}],"inLanguage":"en-GB"}]}},"_links":{"self":[{"href":"https:\/\/nowymodel.org\/en\/wp-json\/wp\/v2\/pages\/11751","targetHints":{"allow":["GET"]}}],"collection":[{"href":"https:\/\/nowymodel.org\/en\/wp-json\/wp\/v2\/pages"}],"about":[{"href":"https:\/\/nowymodel.org\/en\/wp-json\/wp\/v2\/types\/page"}],"author":[{"embeddable":true,"href":"https:\/\/nowymodel.org\/en\/wp-json\/wp\/v2\/users\/2"}],"replies":[{"embeddable":true,"href":"https:\/\/nowymodel.org\/en\/wp-json\/wp\/v2\/comments?post=11751"}],"version-history":[{"count":36,"href":"https:\/\/nowymodel.org\/en\/wp-json\/wp\/v2\/pages\/11751\/revisions"}],"predecessor-version":[{"id":23960,"href":"https:\/\/nowymodel.org\/en\/wp-json\/wp\/v2\/pages\/11751\/revisions\/23960"}],"wp:attachment":[{"href":"https:\/\/nowymodel.org\/en\/wp-json\/wp\/v2\/media?parent=11751"}],"curies":[{"name":"wp","href":"https:\/\/api.w.org\/{rel}","templated":true}]}}